{"id":1846,"date":"2025-02-13T09:27:43","date_gmt":"2025-02-13T09:27:43","guid":{"rendered":"https:\/\/theperfumebottles.com\/?post_type=product&#038;p=1846"},"modified":"2025-05-29T16:07:24","modified_gmt":"2025-05-29T08:07:24","slug":"roller-bottles-for-essential-oils","status":"publish","type":"product","link":"https:\/\/theperfumebottles.com\/es\/product\/roller-bottles-for-essential-oils\/","title":{"rendered":"Exquisitas botellas de vidrio octogonales con forma de roll-on para aceites esenciales."},"content":{"rendered":"<p>Estas botellas de rodillo de vidrio PB-OC312 destacan con su forma octagonal inspirada en los bordes arquitect\u00f3nicos, combinando geometr\u00eda moderna con dise\u00f1o funcional para aplicaciones de aceites esenciales. El vidrio transparente refleja una luz delicada bajo la luz, haciendo que el momento de usar el rodillo de aceites esenciales, perfumes o cuidado de la piel sea lleno de ritual. Ya sea llenada con aceites esenciales curativos, perfumes personalizados o mezclas de f\u00f3rmulas de cuidado de la piel exclusivas, puede proteger cada gota de l\u00edquido precioso con un dise\u00f1o de sellado sin costuras. Como socio enfocado en el embalaje cosm\u00e9tico, proporcionamos soluciones de suministro en gran volumen de bajo costo, haciendo que esta botella de vidrio estilosa y pr\u00e1ctica sea una estrella sorprendente \u201cen silencio\u201d en tu l\u00ednea de productos.<\/p>\n<h2>Especificaciones Clave de Estas Botellas de Rodillo<\/h2>\n<table style=\"border-collapse: collapse;margin-left: auto;margin-right: auto;width: 522.02pt\" border=\"0\" width=\"696\" cellspacing=\"0\" cellpadding=\"0\">\n<tbody>\n<tr style=\"height: 13.50pt\">\n<td style=\"height: 13.50pt;width: 111.00pt\" width=\"148\" height=\"18\">N\u00famero de modelo<\/td>\n<td style=\"width: 411.00pt\" width=\"548\">PB-OC312<\/td>\n<\/tr>\n<tr style=\"height: 13.50pt\">\n<td style=\"height: 13.50pt\" height=\"18\">Capacidad<\/td>\n<td>3ml, 6ml, 9ml, 12ml. (personalizable)<\/td>\n<\/tr>\n<tr style=\"height: 13.50pt\">\n<td style=\"height: 13.50pt\" height=\"18\">Color<\/td>\n<td>Transparente, rosa (personalizable)<\/td>\n<\/tr>\n<tr style=\"height: 13.50pt\">\n<td style=\"height: 13.50pt\" height=\"18\">Forma<\/td>\n<td>Octagonal<\/td>\n<\/tr>\n<tr style=\"height: 13.50pt\">\n<td style=\"height: 13.50pt\" height=\"18\">Materiales<\/td>\n<td>Cuerpo de vidrio, tapa de aluminio anodizado, esfera de vidrio, base de pl\u00e1stico<\/td>\n<\/tr>\n<tr style=\"height: 13.50pt\">\n<td style=\"height: 13.50pt\" height=\"18\">Tratamiento de Superficie<\/td>\n<td>Impresi\u00f3n serigr\u00e1fica, mate, vinilo, pintura en color, etiqueta, etc.<\/td>\n<\/tr>\n<\/tbody>\n<\/table>\n<h2>Vers\u00e1til<\/h2>\n<p>Estas exquisitez de botellas de vidrio son adecuadas para una variedad de aplicaciones, incluyendo:<\/p>\n<ul>\n<li><strong>Rodillos de aceites esenciales:<\/strong> Aplicar directamente a la piel, y la f\u00f3rmula curativa est\u00e1 a tu alcance.<\/li>\n<li><strong>Compuestos de aromaterapia:<\/strong> Desde perfumer\u00eda hasta embalaje, protege la pureza del aroma.<\/li>\n<li><strong>Perfume\/labial:<\/strong> Rodillo de maquillaje preciso, ritual de cuidado diario de nivel superior.<\/li>\n<\/ul>\n<p>Ya sea que necesites una botella de rodillo de aceite esencial u otros contenedores cosm\u00e9ticos, somos tu soluci\u00f3n todo en uno \u2013 cont\u00e1ctanos ahora y deja que la botella elegante a\u00f1ada atractivo de mercado a tus productos!<\/p>","protected":false},"excerpt":{"rendered":"<p>Nuestra botella de rodillo de vidrio octagonal est\u00e1 dise\u00f1ada con est\u00e9tica y funcionalidad en mente.<\/p>","protected":false},"featured_media":1849,"comment_status":"open","ping_status":"closed","template":"","meta":{"_acf_changed":false,"site-sidebar-layout":"default","site-content-layout":"","ast-site-content-layout":"default","site-content-style":"default","site-sidebar-style":"default","ast-global-header-display":"","ast-banner-title-visibility":"","ast-main-header-display":"","ast-hfb-above-header-display":"","ast-hfb-below-header-display":"","ast-hfb-mobile-header-display":"","site-post-title":"","ast-breadcrumbs-content":"","ast-featured-img":"","footer-sml-layout":"","ast-disable-related-posts":"","theme-transparent-header-meta":"default","adv-header-id-meta":"","stick-header-meta":"","header-above-stick-meta":"","header-main-stick-meta":"","header-below-stick-meta":"","astra-migrate-meta-layouts":"set","ast-page-background-enabled":"default","ast-page-background-meta":{"desktop":{"background-color":"var(--ast-global-color-5)","background-image":"","background-repeat":"repeat","background-position":"center center","background-size":"auto","background-attachment":"scroll","background-type":"","background-media":"","overlay-type":"","overlay-color":"","overlay-opacity":"","overlay-gradient":""},"tablet":{"background-color":"","background-image":"","background-repeat":"repeat","background-position":"center center","background-size":"auto","background-attachment":"scroll","background-type":"","background-media":"","overlay-type":"","overlay-color":"","overlay-opacity":"","overlay-gradient":""},"mobile":{"background-color":"","background-image":"","background-repeat":"repeat","background-position":"center center","background-size":"auto","background-attachment":"scroll","background-type":"","background-media":"","overlay-type":"","overlay-color":"","overlay-opacity":"","overlay-gradient":""}},"ast-content-background-meta":{"desktop":{"background-color":"var(--ast-global-color-4)","background-image":"","background-repeat":"repeat","background-position":"center center","background-size":"auto","background-attachment":"scroll","background-type":"","background-media":"","overlay-type":"","overlay-color":"","overlay-opacity":"","overlay-gradient":""},"tablet":{"background-color":"var(--ast-global-color-4)","background-image":"","background-repeat":"repeat","background-position":"center center","background-size":"auto","background-attachment":"scroll","background-type":"","background-media":"","overlay-type":"","overlay-color":"","overlay-opacity":"","overlay-gradient":""},"mobile":{"background-color":"var(--ast-global-color-4)","background-image":"","background-repeat":"repeat","background-position":"center center","background-size":"auto","background-attachment":"scroll","background-type":"","background-media":"","overlay-type":"","overlay-color":"","overlay-opacity":"","overlay-gradient":""}}},"product_brand":[],"product_cat":[60,72,62,57],"product_tag":[88],"class_list":{"0":"post-1846","1":"product","2":"type-product","3":"status-publish","4":"has-post-thumbnail","6":"product_cat-roller-bottles","7":"product_cat-cosmetic-packaging","8":"product_cat-cosmetic-containers","9":"product_cat-essential-oil-bottles","10":"product_tag-roller-bottles","11":"desktop-align-left","12":"tablet-align-left","13":"mobile-align-left","15":"first","16":"instock","17":"shipping-taxable","18":"product-type-simple"},"acf":[],"jetpack_sharing_enabled":true,"_links":{"self":[{"href":"https:\/\/theperfumebottles.com\/es\/wp-json\/wp\/v2\/product\/1846","targetHints":{"allow":["GET"]}}],"collection":[{"href":"https:\/\/theperfumebottles.com\/es\/wp-json\/wp\/v2\/product"}],"about":[{"href":"https:\/\/theperfumebottles.com\/es\/wp-json\/wp\/v2\/types\/product"}],"replies":[{"embeddable":true,"href":"https:\/\/theperfumebottles.com\/es\/wp-json\/wp\/v2\/comments?post=1846"}],"wp:featuredmedia":[{"embeddable":true,"href":"https:\/\/theperfumebottles.com\/es\/wp-json\/wp\/v2\/media\/1849"}],"wp:attachment":[{"href":"https:\/\/theperfumebottles.com\/es\/wp-json\/wp\/v2\/media?parent=1846"}],"wp:term":[{"taxonomy":"product_brand","embeddable":true,"href":"https:\/\/theperfumebottles.com\/es\/wp-json\/wp\/v2\/product_brand?post=1846"},{"taxonomy":"product_cat","embeddable":true,"href":"https:\/\/theperfumebottles.com\/es\/wp-json\/wp\/v2\/product_cat?post=1846"},{"taxonomy":"product_tag","embeddable":true,"href":"https:\/\/theperfumebottles.com\/es\/wp-json\/wp\/v2\/product_tag?post=1846"}],"curies":[{"name":"wp","href":"https:\/\/api.w.org\/{rel}","templated":true}]}}