{"id":1904,"date":"2025-02-17T03:43:41","date_gmt":"2025-02-17T03:43:41","guid":{"rendered":"https:\/\/theperfumebottles.com\/?post_type=product&#038;p=1904"},"modified":"2025-05-29T09:03:10","modified_gmt":"2025-05-29T01:03:10","slug":"wholesale-custom-100ml-luxury-perfume-bottles","status":"publish","type":"product","link":"https:\/\/theperfumebottles.com\/es\/product\/wholesale-custom-100ml-luxury-perfume-bottles\/","title":{"rendered":"Botellas de perfume de lujo personalizadas de 100 ml al por mayor"},"content":{"rendered":"<p>Estas botellas de perfume de vidrio cuadradas de 100ml tienen un dise\u00f1o simple y moderno, material transparente, alta reconocimiento, y es inolvidable a la primera vista. El cuerpo de la botella utiliza un proceso de te\u00f1ido \u00fanico para presentar un tono azul-negro en capas. Tiene una textura destacada bajo la luz y un efecto visual prominente, lo que ayuda a mejorar la impresi\u00f3n y el punto de memoria de la marca. Dise\u00f1ado espec\u00edficamente para el perfume de hombres modernos, tiene en cuenta tanto la belleza aparente como el rendimiento pr\u00e1ctico, ayudando a la marca a transmitir con precisi\u00f3n una imagen de marca refinada, contenida y estilosa.<\/p>\n<h2>Especificaciones clave de nuestras botellas de perfume de lujo<\/h2>\n<table style=\"border-collapse: collapse;margin-left: auto;margin-right: auto;width: 354.02pt\" border=\"0\" width=\"472\" cellspacing=\"0\" cellpadding=\"0\">\n<tbody>\n<tr style=\"height: 13.50pt\">\n<td style=\"height: 13.50pt;margin-left: auto;margin-right: auto;width: 130.50pt\" width=\"174\" height=\"18\">N\u00famero de modelo<\/td>\n<td style=\"width: 223.50pt\" width=\"298\">PB-BF05<\/td>\n<\/tr>\n<tr style=\"height: 13.50pt\">\n<td style=\"height: 13.50pt\" height=\"18\">Capacidad<\/td>\n<td>100 ml (3,4 oz)<\/td>\n<\/tr>\n<tr style=\"height: 13.50pt\">\n<td style=\"height: 13.50pt\" height=\"18\">Di\u00e1metro<\/td>\n<td>15mm<\/td>\n<\/tr>\n<tr style=\"height: 13.50pt\">\n<td style=\"height: 13.50pt\" height=\"18\">Color<\/td>\n<td>Vidrio claro con tapa azul\/negra<\/td>\n<\/tr>\n<tr style=\"height: 13.50pt\">\n<td style=\"height: 13.50pt\" height=\"18\">Tama\u00f1o de vidrio<\/td>\n<td>68mm * 36mm * 100mm<\/td>\n<\/tr>\n<tr style=\"height: 13.50pt\">\n<td style=\"height: 13.50pt\" height=\"18\">Forma<\/td>\n<td>Rectangular<\/td>\n<\/tr>\n<tr style=\"height: 13.50pt\">\n<td style=\"height: 13.50pt\" height=\"18\">Material<\/td>\n<td>Cristal de alta calidad<\/td>\n<\/tr>\n<\/tbody>\n<\/table>\n<h2>Escenarios de uso<\/h2>\n<p>Esta botella de perfume azul de 100 ml est\u00e1 dise\u00f1ada para perfumes de hombres, ya sea cologne, after shave o eau de toilette, se puede controlar f\u00e1cilmente. Ya sea que sea un fabricante de perfume que necesite embalaje a gran escala o una marca que est\u00e9 creando perfumes exclusivos. Incluso para marcas de nicho o perfumistas artesanos que buscan expresi\u00f3n individual, tambi\u00e9n es una opci\u00f3n muy atractiva.<\/p>\n<h2>\u00bfPor qu\u00e9 elegirnos?<\/h2>\n<p>Como socio centrado en botellas de perfume de alta gama, sabemos que cada botella de perfume lleva la historia de la marca. El dise\u00f1o de esta botella de spray no se centra solo en el aspecto, sino que tambi\u00e9n presta atenci\u00f3n a un ajuste profundo con el tono de la marca \u2013 desde la textura pura del vidrio hasta el arco suave del cuerpo de la botella, cada detalle ha sido pulido repetidamente, solo para transmitir su b\u00fasqueda de calidad y belleza. Ya sea el toque delicado o la facilidad de uso, esperamos que se convierta en la extensi\u00f3n perfecta de sus productos de perfume. Ya sea que necesite comprar en gran cantidad o quiera personalizar un dise\u00f1o \u00fanico, p\u00f3ngase en contacto con nosotros ahora para hablar de sus ideas \u2013 d\u00e9mosle un toque de embalaje exquisito para darle a su perfume una historia m\u00e1s conmovedora y hacer que su marca destaque en el mercado.<\/p>","protected":false},"excerpt":{"rendered":"<p>Nuestra botella de perfume de vidrio de 100ml de lujo es una prueba de un dise\u00f1o sofisticado y calidad premium. En el mundo de los perfumes, la presentaci\u00f3n adecuada puede marcar la diferencia.<\/p>","protected":false},"featured_media":2335,"comment_status":"open","ping_status":"closed","template":"","meta":{"_acf_changed":false,"site-sidebar-layout":"default","site-content-layout":"","ast-site-content-layout":"default","site-content-style":"default","site-sidebar-style":"default","ast-global-header-display":"","ast-banner-title-visibility":"","ast-main-header-display":"","ast-hfb-above-header-display":"","ast-hfb-below-header-display":"","ast-hfb-mobile-header-display":"","site-post-title":"","ast-breadcrumbs-content":"","ast-featured-img":"","footer-sml-layout":"","ast-disable-related-posts":"","theme-transparent-header-meta":"default","adv-header-id-meta":"","stick-header-meta":"","header-above-stick-meta":"","header-main-stick-meta":"","header-below-stick-meta":"","astra-migrate-meta-layouts":"set","ast-page-background-enabled":"default","ast-page-background-meta":{"desktop":{"background-color":"var(--ast-global-color-5)","background-image":"","background-repeat":"repeat","background-position":"center center","background-size":"auto","background-attachment":"scroll","background-type":"","background-media":"","overlay-type":"","overlay-color":"","overlay-opacity":"","overlay-gradient":""},"tablet":{"background-color":"","background-image":"","background-repeat":"repeat","background-position":"center center","background-size":"auto","background-attachment":"scroll","background-type":"","background-media":"","overlay-type":"","overlay-color":"","overlay-opacity":"","overlay-gradient":""},"mobile":{"background-color":"","background-image":"","background-repeat":"repeat","background-position":"center center","background-size":"auto","background-attachment":"scroll","background-type":"","background-media":"","overlay-type":"","overlay-color":"","overlay-opacity":"","overlay-gradient":""}},"ast-content-background-meta":{"desktop":{"background-color":"var(--ast-global-color-4)","background-image":"","background-repeat":"repeat","background-position":"center center","background-size":"auto","background-attachment":"scroll","background-type":"","background-media":"","overlay-type":"","overlay-color":"","overlay-opacity":"","overlay-gradient":""},"tablet":{"background-color":"var(--ast-global-color-4)","background-image":"","background-repeat":"repeat","background-position":"center center","background-size":"auto","background-attachment":"scroll","background-type":"","background-media":"","overlay-type":"","overlay-color":"","overlay-opacity":"","overlay-gradient":""},"mobile":{"background-color":"var(--ast-global-color-4)","background-image":"","background-repeat":"repeat","background-position":"center center","background-size":"auto","background-attachment":"scroll","background-type":"","background-media":"","overlay-type":"","overlay-color":"","overlay-opacity":"","overlay-gradient":""}}},"product_brand":[],"product_cat":[41,72],"product_tag":[],"class_list":{"0":"post-1904","1":"product","2":"type-product","3":"status-publish","4":"has-post-thumbnail","6":"product_cat-perfume-bottles","7":"product_cat-cosmetic-packaging","8":"desktop-align-left","9":"tablet-align-left","10":"mobile-align-left","12":"first","13":"instock","14":"shipping-taxable","15":"product-type-simple"},"acf":[],"jetpack_sharing_enabled":true,"_links":{"self":[{"href":"https:\/\/theperfumebottles.com\/es\/wp-json\/wp\/v2\/product\/1904","targetHints":{"allow":["GET"]}}],"collection":[{"href":"https:\/\/theperfumebottles.com\/es\/wp-json\/wp\/v2\/product"}],"about":[{"href":"https:\/\/theperfumebottles.com\/es\/wp-json\/wp\/v2\/types\/product"}],"replies":[{"embeddable":true,"href":"https:\/\/theperfumebottles.com\/es\/wp-json\/wp\/v2\/comments?post=1904"}],"wp:featuredmedia":[{"embeddable":true,"href":"https:\/\/theperfumebottles.com\/es\/wp-json\/wp\/v2\/media\/2335"}],"wp:attachment":[{"href":"https:\/\/theperfumebottles.com\/es\/wp-json\/wp\/v2\/media?parent=1904"}],"wp:term":[{"taxonomy":"product_brand","embeddable":true,"href":"https:\/\/theperfumebottles.com\/es\/wp-json\/wp\/v2\/product_brand?post=1904"},{"taxonomy":"product_cat","embeddable":true,"href":"https:\/\/theperfumebottles.com\/es\/wp-json\/wp\/v2\/product_cat?post=1904"},{"taxonomy":"product_tag","embeddable":true,"href":"https:\/\/theperfumebottles.com\/es\/wp-json\/wp\/v2\/product_tag?post=1904"}],"curies":[{"name":"wp","href":"https:\/\/api.w.org\/{rel}","templated":true}]}}