{"id":2550,"date":"2025-03-06T08:49:54","date_gmt":"2025-03-06T08:49:54","guid":{"rendered":"https:\/\/theperfumebottles.com\/?post_type=product&#038;p=2550"},"modified":"2025-05-29T09:15:02","modified_gmt":"2025-05-29T01:15:02","slug":"glass-perfume-bottle-50ml-with-pump","status":"publish","type":"product","link":"https:\/\/theperfumebottles.com\/es\/product\/glass-perfume-bottle-50ml-with-pump\/","title":{"rendered":"Botella de perfume de vidrio de 50 ml con bomba"},"content":{"rendered":"<h2>Botella de Perfume Premium 50ml<\/h2>\n<p>Hecho para la sofisticaci\u00f3n, nuestra botella de perfume de 50ml de vidrio tiene una elegante forma rectangular con l\u00edneas geom\u00e9tricas agudas y bordes suaves. Esta botella de perfume de 50ml de vidrio perfectamente muestra el color puro del perfume con material de vidrio transparente, y la tapa de metal plateado est\u00e1 cuidadosamente pulida, presentando un sentimiento moderno bajo y brillante. La boca de la botella adopta un dise\u00f1o de pulverizador suave, que puede liberar el perfume de manera uniforme con cada presi\u00f3n, y se siente suave y no se atasca. Dise\u00f1amos la botella para que sea estanca, as\u00ed que t\u00fa y tus clientes pueden usarla con confianza, independientemente de los baches o los cambios de temperatura.<\/p>\n<h2>Vers\u00e1til adaptaci\u00f3n para satisfacer diversas necesidades<\/h2>\n<p>Sea perfume de alta gama, tama\u00f1o de viaje, edici\u00f3n limitada o aceite esencial de aromaterapia, esta botella puede manejarlo f\u00e1cilmente. La peque\u00f1a capacidad es conveniente para almacenar en la mesa de belleza, estantes de retail o cajas de regalos, haciendo que tu producto destaque en cualquier escena.<\/p>\n<h2>Especificaciones clave<\/h2>\n<table>\n<thead>\n<tr>\n<th><strong>Atributo<\/strong><\/th>\n<th><strong>Detalles<\/strong><\/th>\n<\/tr>\n<\/thead>\n<tbody>\n<tr>\n<td>Modelo<\/td>\n<td>PB-BF07<\/td>\n<\/tr>\n<tr>\n<td>Capacidad<\/td>\n<td>50 ml<\/td>\n<\/tr>\n<tr>\n<td>Material<\/td>\n<td>Vidrio Cristalino + Metal + PE<\/td>\n<\/tr>\n<tr>\n<td>Dimensiones<\/td>\n<td>41 * <em>30 * <\/em>107 mm<\/td>\n<\/tr>\n<tr>\n<td>Tipo de sellado<\/td>\n<td>Cabezal de Spray (atomizador)<\/td>\n<\/tr>\n<tr>\n<td>Opciones de color<\/td>\n<td>Vidrio Transparente con Tapa Plateada<\/td>\n<\/tr>\n<tr>\n<td>Personalizaci\u00f3n<\/td>\n<td>Grabaciones, impresi\u00f3n UV, mate, etc.<\/td>\n<\/tr>\n<\/tbody>\n<\/table>\n<h2>Eleva tu Embalaje de Perfume<\/h2>\n<p>Crea una impresi\u00f3n duradera con esta botella de perfume de 50ml. No busques m\u00e1s \u2013 nuestra f\u00e1brica ofrece suministro estable, embalaje seguro y soluciones personalizadas. Elige nuestras botellas de perfume para cumplir con la necesidad de lujo de tus clientes. Cont\u00e1ctanos hoy para crear tu cuenta y solicitar una cotizaci\u00f3n escalonada!<\/p>","protected":false},"excerpt":{"rendered":"<p>Hecho para la sofisticaci\u00f3n, nuestra <strong>Botella de Perfume de Vidrio 50ml<\/strong>\u00a0tiene una elegante forma rectangular con l\u00edneas geom\u00e9tricas agudas y bordes suaves.<\/p>","protected":false},"featured_media":2551,"comment_status":"open","ping_status":"closed","template":"","meta":{"_acf_changed":false,"site-sidebar-layout":"default","site-content-layout":"","ast-site-content-layout":"default","site-content-style":"default","site-sidebar-style":"default","ast-global-header-display":"","ast-banner-title-visibility":"","ast-main-header-display":"","ast-hfb-above-header-display":"","ast-hfb-below-header-display":"","ast-hfb-mobile-header-display":"","site-post-title":"","ast-breadcrumbs-content":"","ast-featured-img":"","footer-sml-layout":"","ast-disable-related-posts":"","theme-transparent-header-meta":"default","adv-header-id-meta":"","stick-header-meta":"","header-above-stick-meta":"","header-main-stick-meta":"","header-below-stick-meta":"","astra-migrate-meta-layouts":"set","ast-page-background-enabled":"default","ast-page-background-meta":{"desktop":{"background-color":"var(--ast-global-color-5)","background-image":"","background-repeat":"repeat","background-position":"center center","background-size":"auto","background-attachment":"scroll","background-type":"","background-media":"","overlay-type":"","overlay-color":"","overlay-opacity":"","overlay-gradient":""},"tablet":{"background-color":"","background-image":"","background-repeat":"repeat","background-position":"center center","background-size":"auto","background-attachment":"scroll","background-type":"","background-media":"","overlay-type":"","overlay-color":"","overlay-opacity":"","overlay-gradient":""},"mobile":{"background-color":"","background-image":"","background-repeat":"repeat","background-position":"center center","background-size":"auto","background-attachment":"scroll","background-type":"","background-media":"","overlay-type":"","overlay-color":"","overlay-opacity":"","overlay-gradient":""}},"ast-content-background-meta":{"desktop":{"background-color":"var(--ast-global-color-4)","background-image":"","background-repeat":"repeat","background-position":"center center","background-size":"auto","background-attachment":"scroll","background-type":"","background-media":"","overlay-type":"","overlay-color":"","overlay-opacity":"","overlay-gradient":""},"tablet":{"background-color":"var(--ast-global-color-4)","background-image":"","background-repeat":"repeat","background-position":"center center","background-size":"auto","background-attachment":"scroll","background-type":"","background-media":"","overlay-type":"","overlay-color":"","overlay-opacity":"","overlay-gradient":""},"mobile":{"background-color":"var(--ast-global-color-4)","background-image":"","background-repeat":"repeat","background-position":"center center","background-size":"auto","background-attachment":"scroll","background-type":"","background-media":"","overlay-type":"","overlay-color":"","overlay-opacity":"","overlay-gradient":""}}},"product_brand":[],"product_cat":[72,41],"product_tag":[89],"class_list":{"0":"post-2550","1":"product","2":"type-product","3":"status-publish","4":"has-post-thumbnail","6":"product_cat-cosmetic-packaging","7":"product_cat-perfume-bottles","8":"product_tag-perfume-bottle","9":"desktop-align-left","10":"tablet-align-left","11":"mobile-align-left","13":"first","14":"instock","15":"shipping-taxable","16":"product-type-simple"},"acf":[],"jetpack_sharing_enabled":true,"_links":{"self":[{"href":"https:\/\/theperfumebottles.com\/es\/wp-json\/wp\/v2\/product\/2550","targetHints":{"allow":["GET"]}}],"collection":[{"href":"https:\/\/theperfumebottles.com\/es\/wp-json\/wp\/v2\/product"}],"about":[{"href":"https:\/\/theperfumebottles.com\/es\/wp-json\/wp\/v2\/types\/product"}],"replies":[{"embeddable":true,"href":"https:\/\/theperfumebottles.com\/es\/wp-json\/wp\/v2\/comments?post=2550"}],"wp:featuredmedia":[{"embeddable":true,"href":"https:\/\/theperfumebottles.com\/es\/wp-json\/wp\/v2\/media\/2551"}],"wp:attachment":[{"href":"https:\/\/theperfumebottles.com\/es\/wp-json\/wp\/v2\/media?parent=2550"}],"wp:term":[{"taxonomy":"product_brand","embeddable":true,"href":"https:\/\/theperfumebottles.com\/es\/wp-json\/wp\/v2\/product_brand?post=2550"},{"taxonomy":"product_cat","embeddable":true,"href":"https:\/\/theperfumebottles.com\/es\/wp-json\/wp\/v2\/product_cat?post=2550"},{"taxonomy":"product_tag","embeddable":true,"href":"https:\/\/theperfumebottles.com\/es\/wp-json\/wp\/v2\/product_tag?post=2550"}],"curies":[{"name":"wp","href":"https:\/\/api.w.org\/{rel}","templated":true}]}}