{"id":2588,"date":"2025-03-10T09:12:01","date_gmt":"2025-03-10T09:12:01","guid":{"rendered":"https:\/\/theperfumebottles.com\/?post_type=product&#038;p=2588"},"modified":"2025-05-28T18:09:05","modified_gmt":"2025-05-28T10:09:05","slug":"cologne-bottles-wholesale-custom-fragrance-packaging","status":"publish","type":"product","link":"https:\/\/theperfumebottles.com\/es\/product\/cologne-bottles-wholesale-custom-fragrance-packaging\/","title":{"rendered":"Botellas de colonia de 60 ml, 80 ml y 100 ml al por mayor"},"content":{"rendered":"<p>Ideal para botellas de colonia al mayoreo, nuestra botella de perfume de cristal PB-BF13 est\u00e1 dise\u00f1ada para marcas de perfume de lujo. Tiene una forma rectangular refinada con cristal claro grueso y una tapa rectangular negra audaz. Medidas 53x35x116mm, esta botella de perfume combina estabilidad (a trav\u00e9s de una base s\u00f3lida) con un estilo moderno. La estructura curva concava especialmente dise\u00f1ada en la pared interna de la botella no solo permite que el l\u00edquido fluya m\u00e1s naturalmente, sino que tambi\u00e9n le da a la botella un nivel visual profundo. Disponible en tres capacidades de 60ml\/80ml\/100ml, es adecuado para uso diario, tama\u00f1o de viaje y edici\u00f3n limitada para satisfacer tus diversas necesidades.<\/p>\n<h2>Especificaciones clave<\/h2>\n<table style=\"border-collapse: collapse;margin-left: auto;margin-right: auto;width: 384.77pt\" border=\"0\" width=\"513\" cellspacing=\"0\" cellpadding=\"0\">\n<tbody>\n<tr style=\"height: 13.50pt\">\n<td style=\"height: 13.50pt;width: 127.50pt\" width=\"170\" height=\"18\">Atributo<\/td>\n<td style=\"width: 257.25pt\" width=\"343\">Detalles<\/td>\n<\/tr>\n<tr style=\"height: 13.50pt\">\n<td style=\"height: 13.50pt\" height=\"18\">Modelo<\/td>\n<td>PB-BF13<\/td>\n<\/tr>\n<tr style=\"height: 13.50pt\">\n<td style=\"height: 13.50pt\" height=\"18\">Opciones de capacidad<\/td>\n<td>60ml, 80ml, 100ml (botella de colonia de 2 oz)<\/td>\n<\/tr>\n<tr style=\"height: 13.50pt\">\n<td style=\"height: 13.50pt\" height=\"18\">Dimensiones<\/td>\n<td>53 x 35 x 116 mm<\/td>\n<\/tr>\n<tr style=\"height: 13.50pt\">\n<td style=\"height: 13.50pt\" height=\"18\">Material<\/td>\n<td>Cristal, tapa de spray negra<\/td>\n<\/tr>\n<tr style=\"height: 13.50pt\">\n<td style=\"height: 13.50pt\" height=\"18\">Color<\/td>\n<td>Vidrio transparente, tapa negra mate<\/td>\n<\/tr>\n<tr style=\"height: 13.50pt\">\n<td style=\"height: 13.50pt\" height=\"18\">Tipo de sellado<\/td>\n<td>Tapa de spray<\/td>\n<\/tr>\n<\/tbody>\n<\/table>\n<h2>Aplicaciones Vers\u00e1tiles para la Marca de Fragancia<\/h2>\n<p>Estas botellas de perfume vac\u00edas est\u00e1n dise\u00f1adas para el embalaje de colonia de lujo, perfume o n\u00e9ctar de fragancia. Adecuadas para fragancia de viaje, serie de colecci\u00f3n limitada o conjuntos de regalos de vacaciones. El dise\u00f1o universal de fragancias masculinas y femeninas no solo puede realzar la suavidad de las notas florales femeninas, sino tambi\u00e9n llevar la profundidad de la colonia masculina. Es especialmente adecuado para marcas de perfume de alta gama que buscan un sentido de l\u00edmites de g\u00e9nero libres, logrando una soluci\u00f3n elegante de una botella para m\u00faltiples escenarios.<\/p>\n<h2>Colabora con un Fabricante de Confianza<\/h2>\n<p>Eleva tu l\u00ednea de fragancia con estas botellas de perfume de cristal de alta calidad. Ya sea que necesites botellas de colonia al mayoreo, marca personalizada o pedidos en gran volumen de botellas de spray de 100ml, nuestra f\u00e1brica garantiza un plazo de entrega r\u00e1pido, embalaje seguro y cumplimiento de exportaci\u00f3n. Cont\u00e1ctanos hoy para crear embalaje personalizado para perfume que cautive a tus clientes!<\/p>","protected":false},"excerpt":{"rendered":"<p>Creado para la marca de fragancia de lujo, nuestro Model PB-BF13 de botella de perfume de cristal tiene una forma rectangular refinada con cristal claro grueso y una tapa rectangular negra audaz.<\/p>","protected":false},"featured_media":2592,"comment_status":"open","ping_status":"closed","template":"","meta":{"_acf_changed":false,"site-sidebar-layout":"default","site-content-layout":"","ast-site-content-layout":"default","site-content-style":"default","site-sidebar-style":"default","ast-global-header-display":"","ast-banner-title-visibility":"","ast-main-header-display":"","ast-hfb-above-header-display":"","ast-hfb-below-header-display":"","ast-hfb-mobile-header-display":"","site-post-title":"","ast-breadcrumbs-content":"","ast-featured-img":"","footer-sml-layout":"","ast-disable-related-posts":"","theme-transparent-header-meta":"default","adv-header-id-meta":"","stick-header-meta":"","header-above-stick-meta":"","header-main-stick-meta":"","header-below-stick-meta":"","astra-migrate-meta-layouts":"set","ast-page-background-enabled":"default","ast-page-background-meta":{"desktop":{"background-color":"var(--ast-global-color-5)","background-image":"","background-repeat":"repeat","background-position":"center center","background-size":"auto","background-attachment":"scroll","background-type":"","background-media":"","overlay-type":"","overlay-color":"","overlay-opacity":"","overlay-gradient":""},"tablet":{"background-color":"","background-image":"","background-repeat":"repeat","background-position":"center center","background-size":"auto","background-attachment":"scroll","background-type":"","background-media":"","overlay-type":"","overlay-color":"","overlay-opacity":"","overlay-gradient":""},"mobile":{"background-color":"","background-image":"","background-repeat":"repeat","background-position":"center center","background-size":"auto","background-attachment":"scroll","background-type":"","background-media":"","overlay-type":"","overlay-color":"","overlay-opacity":"","overlay-gradient":""}},"ast-content-background-meta":{"desktop":{"background-color":"var(--ast-global-color-4)","background-image":"","background-repeat":"repeat","background-position":"center center","background-size":"auto","background-attachment":"scroll","background-type":"","background-media":"","overlay-type":"","overlay-color":"","overlay-opacity":"","overlay-gradient":""},"tablet":{"background-color":"var(--ast-global-color-4)","background-image":"","background-repeat":"repeat","background-position":"center center","background-size":"auto","background-attachment":"scroll","background-type":"","background-media":"","overlay-type":"","overlay-color":"","overlay-opacity":"","overlay-gradient":""},"mobile":{"background-color":"var(--ast-global-color-4)","background-image":"","background-repeat":"repeat","background-position":"center center","background-size":"auto","background-attachment":"scroll","background-type":"","background-media":"","overlay-type":"","overlay-color":"","overlay-opacity":"","overlay-gradient":""}}},"product_brand":[],"product_cat":[41,72],"product_tag":[],"class_list":{"0":"post-2588","1":"product","2":"type-product","3":"status-publish","4":"has-post-thumbnail","6":"product_cat-perfume-bottles","7":"product_cat-cosmetic-packaging","8":"desktop-align-left","9":"tablet-align-left","10":"mobile-align-left","12":"first","13":"instock","14":"shipping-taxable","15":"product-type-simple"},"acf":[],"jetpack_sharing_enabled":true,"_links":{"self":[{"href":"https:\/\/theperfumebottles.com\/es\/wp-json\/wp\/v2\/product\/2588","targetHints":{"allow":["GET"]}}],"collection":[{"href":"https:\/\/theperfumebottles.com\/es\/wp-json\/wp\/v2\/product"}],"about":[{"href":"https:\/\/theperfumebottles.com\/es\/wp-json\/wp\/v2\/types\/product"}],"replies":[{"embeddable":true,"href":"https:\/\/theperfumebottles.com\/es\/wp-json\/wp\/v2\/comments?post=2588"}],"wp:featuredmedia":[{"embeddable":true,"href":"https:\/\/theperfumebottles.com\/es\/wp-json\/wp\/v2\/media\/2592"}],"wp:attachment":[{"href":"https:\/\/theperfumebottles.com\/es\/wp-json\/wp\/v2\/media?parent=2588"}],"wp:term":[{"taxonomy":"product_brand","embeddable":true,"href":"https:\/\/theperfumebottles.com\/es\/wp-json\/wp\/v2\/product_brand?post=2588"},{"taxonomy":"product_cat","embeddable":true,"href":"https:\/\/theperfumebottles.com\/es\/wp-json\/wp\/v2\/product_cat?post=2588"},{"taxonomy":"product_tag","embeddable":true,"href":"https:\/\/theperfumebottles.com\/es\/wp-json\/wp\/v2\/product_tag?post=2588"}],"curies":[{"name":"wp","href":"https:\/\/api.w.org\/{rel}","templated":true}]}}