{"id":2622,"date":"2025-03-12T06:50:06","date_gmt":"2025-03-12T06:50:06","guid":{"rendered":"https:\/\/theperfumebottles.com\/?post_type=product&#038;p=2622"},"modified":"2025-05-30T09:44:39","modified_gmt":"2025-05-30T01:44:39","slug":"25ml-silver-topped-mini-fragrance-bottles","status":"publish","type":"product","link":"https:\/\/theperfumebottles.com\/es\/product\/25ml-silver-topped-mini-fragrance-bottles\/","title":{"rendered":"Mini frascos de fragancia de 25 ml con tapa plateada"},"content":{"rendered":"<p>Este frasco de perfume rectangular de vidrio de 25 ml presenta un dise\u00f1o elegante y una excelente mano de obra, especialmente dise\u00f1ado para marcas modernas de alta gama. El cristal transparente con bordes biselados ofrece una apariencia sencilla y elegante, adem\u00e1s de una agradable sensaci\u00f3n al tacto. El tap\u00f3n de pulverizaci\u00f3n, negro o transparente, y el tap\u00f3n plateado son sencillos y elegantes. El peque\u00f1o cuerpo del frasco y el cuello de 13 mm lo hacen f\u00e1cil de transportar y de integrar en diversos envases de alta gama. Ideal para perfumes, colonias o fragancias personalizadas, tanto para hombres como para mujeres.<\/p>\n<h2>Una elecci\u00f3n elegante para viajar, un socio de calidad para las marcas.<\/h2>\n<p>Este mini frasco de perfume es compacto y port\u00e1til, perfecto para viajes, sets de prueba o colonias personalizadas. Su sofisticada apariencia realzar\u00e1 sets de regalo, cajas de suscripci\u00f3n y expositores, y tambi\u00e9n es ideal para regalos de fragancias personalizadas para promociones, bodas o eventos.<\/p>\n<h2>Especificaciones clave<\/h2>\n<div class=\"hyc-common-markdown__table-wrapper\">\n<table>\n<thead>\n<tr>\n<th>Par\u00e1metro<\/th>\n<th>Detalle<\/th>\n<\/tr>\n<\/thead>\n<tbody>\n<tr>\n<td>Modelo<\/td>\n<td>PB-BF1801<\/td>\n<\/tr>\n<tr>\n<td>Capacidad<\/td>\n<td>25 ml<\/td>\n<\/tr>\n<tr>\n<td>Dimensiones<\/td>\n<td>52 x 21 x 68 mm<\/td>\n<\/tr>\n<tr>\n<td>Material<\/td>\n<td>Cristal de alta calidad<\/td>\n<\/tr>\n<tr>\n<td>Opciones de tapa<\/td>\n<td>Negro, transparente, parte superior plateada<\/td>\n<\/tr>\n<tr>\n<td>Tipo de sellado<\/td>\n<td>Parte superior en aerosol<\/td>\n<\/tr>\n<tr>\n<td>Forma<\/td>\n<td>Rectangular con bordes biselados<\/td>\n<\/tr>\n<\/tbody>\n<\/table>\n<\/div>\n<h2>Trabaje con proveedores de confianza<\/h2>\n<p>Como fabricante profesional de frascos de perfume, nos comprometemos a brindar una gama completa de servicios de soporte a mayoristas y marcas:<\/p>\n<ul>\n<li><strong>Suministro listo para almacenar:<\/strong> Admite pedidos de gran volumen y entrega r\u00e1pida.<\/li>\n<li><strong>Personalizaci\u00f3n personalizada:<\/strong> Forma de botella personalizable, color, m\u00e9todo de sellado y proceso de glaseado.<\/li>\n<li><strong>Soporte de embalaje:<\/strong> \u00a1Tambi\u00e9n podemos ayudarte con el dise\u00f1o de empaques! Nos complace crear una soluci\u00f3n de empaque \u00fanica para ti.<\/li>\n<\/ul>\n<p>\u00bfQuieres personalizar un frasco de perfume \u00fanico? \u00a1Cont\u00e1ctanos! El\u00edgenos para darle a tu perfume un toque de estilo.<\/p>","protected":false},"excerpt":{"rendered":"<p>Descubra elegantes mini frascos de fragancia de 25 ml con tapa plateada: envases de vidrio premium para perfumes de marca. Pedidos al por mayor y dise\u00f1os personalizados disponibles.<\/p>","protected":false},"featured_media":2625,"comment_status":"open","ping_status":"closed","template":"","meta":{"_acf_changed":false,"site-sidebar-layout":"default","site-content-layout":"","ast-site-content-layout":"default","site-content-style":"default","site-sidebar-style":"default","ast-global-header-display":"","ast-banner-title-visibility":"","ast-main-header-display":"","ast-hfb-above-header-display":"","ast-hfb-below-header-display":"","ast-hfb-mobile-header-display":"","site-post-title":"","ast-breadcrumbs-content":"","ast-featured-img":"","footer-sml-layout":"","ast-disable-related-posts":"","theme-transparent-header-meta":"default","adv-header-id-meta":"","stick-header-meta":"","header-above-stick-meta":"","header-main-stick-meta":"","header-below-stick-meta":"","astra-migrate-meta-layouts":"set","ast-page-background-enabled":"default","ast-page-background-meta":{"desktop":{"background-color":"var(--ast-global-color-5)","background-image":"","background-repeat":"repeat","background-position":"center center","background-size":"auto","background-attachment":"scroll","background-type":"","background-media":"","overlay-type":"","overlay-color":"","overlay-opacity":"","overlay-gradient":""},"tablet":{"background-color":"","background-image":"","background-repeat":"repeat","background-position":"center center","background-size":"auto","background-attachment":"scroll","background-type":"","background-media":"","overlay-type":"","overlay-color":"","overlay-opacity":"","overlay-gradient":""},"mobile":{"background-color":"","background-image":"","background-repeat":"repeat","background-position":"center center","background-size":"auto","background-attachment":"scroll","background-type":"","background-media":"","overlay-type":"","overlay-color":"","overlay-opacity":"","overlay-gradient":""}},"ast-content-background-meta":{"desktop":{"background-color":"var(--ast-global-color-4)","background-image":"","background-repeat":"repeat","background-position":"center center","background-size":"auto","background-attachment":"scroll","background-type":"","background-media":"","overlay-type":"","overlay-color":"","overlay-opacity":"","overlay-gradient":""},"tablet":{"background-color":"var(--ast-global-color-4)","background-image":"","background-repeat":"repeat","background-position":"center center","background-size":"auto","background-attachment":"scroll","background-type":"","background-media":"","overlay-type":"","overlay-color":"","overlay-opacity":"","overlay-gradient":""},"mobile":{"background-color":"var(--ast-global-color-4)","background-image":"","background-repeat":"repeat","background-position":"center center","background-size":"auto","background-attachment":"scroll","background-type":"","background-media":"","overlay-type":"","overlay-color":"","overlay-opacity":"","overlay-gradient":""}}},"product_brand":[],"product_cat":[41,72,74],"product_tag":[84],"class_list":{"0":"post-2622","1":"product","2":"type-product","3":"status-publish","4":"has-post-thumbnail","6":"product_cat-perfume-bottles","7":"product_cat-cosmetic-packaging","8":"product_cat-mini-perfume-bottles","9":"product_tag-fragrance-bottles","10":"desktop-align-left","11":"tablet-align-left","12":"mobile-align-left","14":"first","15":"instock","16":"shipping-taxable","17":"product-type-simple"},"acf":[],"jetpack_sharing_enabled":true,"_links":{"self":[{"href":"https:\/\/theperfumebottles.com\/es\/wp-json\/wp\/v2\/product\/2622","targetHints":{"allow":["GET"]}}],"collection":[{"href":"https:\/\/theperfumebottles.com\/es\/wp-json\/wp\/v2\/product"}],"about":[{"href":"https:\/\/theperfumebottles.com\/es\/wp-json\/wp\/v2\/types\/product"}],"replies":[{"embeddable":true,"href":"https:\/\/theperfumebottles.com\/es\/wp-json\/wp\/v2\/comments?post=2622"}],"wp:featuredmedia":[{"embeddable":true,"href":"https:\/\/theperfumebottles.com\/es\/wp-json\/wp\/v2\/media\/2625"}],"wp:attachment":[{"href":"https:\/\/theperfumebottles.com\/es\/wp-json\/wp\/v2\/media?parent=2622"}],"wp:term":[{"taxonomy":"product_brand","embeddable":true,"href":"https:\/\/theperfumebottles.com\/es\/wp-json\/wp\/v2\/product_brand?post=2622"},{"taxonomy":"product_cat","embeddable":true,"href":"https:\/\/theperfumebottles.com\/es\/wp-json\/wp\/v2\/product_cat?post=2622"},{"taxonomy":"product_tag","embeddable":true,"href":"https:\/\/theperfumebottles.com\/es\/wp-json\/wp\/v2\/product_tag?post=2622"}],"curies":[{"name":"wp","href":"https:\/\/api.w.org\/{rel}","templated":true}]}}