{"id":2696,"date":"2025-03-14T09:32:49","date_gmt":"2025-03-14T09:32:49","guid":{"rendered":"https:\/\/theperfumebottles.com\/?post_type=product&#038;p=2696"},"modified":"2025-05-27T10:50:16","modified_gmt":"2025-05-27T02:50:16","slug":"50ml-100ml-empty-perfume-spray-bottles","status":"publish","type":"product","link":"https:\/\/theperfumebottles.com\/es\/product\/50ml-100ml-empty-perfume-spray-bottles\/","title":{"rendered":"Frascos de perfume en spray vac\u00edos de 50 ml y 100 ml"},"content":{"rendered":"<p>Estas botellas de perfume vac\u00edas est\u00e1n especialmente dise\u00f1adas para marcas que buscan alta calidad. Fabricadas de cristal de alta calidad, la botella adopta un dise\u00f1o rectangular ligeramente inclinado con l\u00edneas limpias. La apariencia general es simple y generosa, y transmite elegancia y sensaci\u00f3n de lujo de manera discreta. La botella transparente puede perfectamente mostrar el encanto de color del perfume o colonia, haciendo que cada gota de fragancia est\u00e9 llena de atractivo visual. Con una tapa met\u00e1lica azul o una tapa negra mate, no solo es vers\u00e1til en estilo, sino que tambi\u00e9n tiene un temperamento \u00fanico. La base de la botella de vidrio grueso es estable y s\u00f3lida, y se siente calmada y lujosa en la mano, lo que es muy adecuado para series de perfume de alta gama o nicho.<\/p>\n<h2>Opci\u00f3n ideal para crear perfumes exclusivos<\/h2>\n<p>Ya sea que est\u00e9s creando una nueva marca o lanzando una serie de fragancia limitada, estas botellas vac\u00edas son compa\u00f1eros de embalaje ideales. La superficie suave de la botella admite diversos m\u00e9todos de personalizaci\u00f3n como impresi\u00f3n, grabado o etiquetado, ayud\u00e1ndote a presentar f\u00e1cilmente tu personalidad de marca.<\/p>\n<h2>Especificaciones clave: Precisi\u00f3n y Calidad<\/h2>\n<div class=\"hyc-common-markdown__table-wrapper\">\n<table>\n<thead>\n<tr>\n<th>\u200b<strong>Especificaci\u00f3n<\/strong><\/th>\n<th>\u200b<strong>Detalles<\/strong><\/th>\n<\/tr>\n<\/thead>\n<tbody>\n<tr>\n<td>\u200b<strong>Modelos<\/strong><\/td>\n<td>PB-BF1802 (50ml), PB-BF1803 (100ml)<\/td>\n<\/tr>\n<tr>\n<td>\u200b<strong>Dimensiones<\/strong><\/td>\n<td>70 * 27 * 84 mm (50ml), 95 * 30 * 109 mm (100ml)<\/td>\n<\/tr>\n<tr>\n<td>\u200b<strong>Opciones de tapa<\/strong><\/td>\n<td>Tapa met\u00e1lica azul, tapa PE negra mate<\/td>\n<\/tr>\n<tr>\n<td>\u200b<strong>Forma<\/strong><\/td>\n<td>Rectangular con bordes ligeramente inclinados<\/td>\n<\/tr>\n<tr>\n<td>\u200b<strong>Material<\/strong><\/td>\n<td>Cristal de alta calidad<\/td>\n<\/tr>\n<tr>\n<td>\u200b<strong>Tipo de sellado<\/strong><\/td>\n<td>Tapa de spray<\/td>\n<\/tr>\n<\/tbody>\n<\/table>\n<\/div>\n<h2>Eleva tu marca con Embalaje Premium<\/h2>\n<p>\u00bfQuieres inyectar m\u00e1s estilo en tu serie de perfume? Proporcionamos dos capacidades de 50 ml y 100 ml, y el color de la tapa de la botella puede elegirse libremente seg\u00fan el estilo de la marca. Apoyamos pedidos a granel, suministro estable, y ayudamos al crecimiento de la marca.<\/p>\n<p>Bienvenido a contactarnos en cualquier momento para crear juntos tu propio embalaje exclusivo de perfume \u2013 comenzando con una botella, haciendo que la marca sea m\u00e1s c\u00e1lida.<\/p>","protected":false},"excerpt":{"rendered":"<p>Nuestra botella de perfume vac\u00eda est\u00e1n dise\u00f1adas para elevar el embalaje de tu fragancia con una est\u00e9tica moderna y refinada.<\/p>","protected":false},"featured_media":2697,"comment_status":"open","ping_status":"closed","template":"","meta":{"_acf_changed":false,"site-sidebar-layout":"default","site-content-layout":"","ast-site-content-layout":"default","site-content-style":"default","site-sidebar-style":"default","ast-global-header-display":"","ast-banner-title-visibility":"","ast-main-header-display":"","ast-hfb-above-header-display":"","ast-hfb-below-header-display":"","ast-hfb-mobile-header-display":"","site-post-title":"","ast-breadcrumbs-content":"","ast-featured-img":"","footer-sml-layout":"","ast-disable-related-posts":"","theme-transparent-header-meta":"default","adv-header-id-meta":"","stick-header-meta":"","header-above-stick-meta":"","header-main-stick-meta":"","header-below-stick-meta":"","astra-migrate-meta-layouts":"set","ast-page-background-enabled":"default","ast-page-background-meta":{"desktop":{"background-color":"var(--ast-global-color-5)","background-image":"","background-repeat":"repeat","background-position":"center center","background-size":"auto","background-attachment":"scroll","background-type":"","background-media":"","overlay-type":"","overlay-color":"","overlay-opacity":"","overlay-gradient":""},"tablet":{"background-color":"","background-image":"","background-repeat":"repeat","background-position":"center center","background-size":"auto","background-attachment":"scroll","background-type":"","background-media":"","overlay-type":"","overlay-color":"","overlay-opacity":"","overlay-gradient":""},"mobile":{"background-color":"","background-image":"","background-repeat":"repeat","background-position":"center center","background-size":"auto","background-attachment":"scroll","background-type":"","background-media":"","overlay-type":"","overlay-color":"","overlay-opacity":"","overlay-gradient":""}},"ast-content-background-meta":{"desktop":{"background-color":"var(--ast-global-color-4)","background-image":"","background-repeat":"repeat","background-position":"center center","background-size":"auto","background-attachment":"scroll","background-type":"","background-media":"","overlay-type":"","overlay-color":"","overlay-opacity":"","overlay-gradient":""},"tablet":{"background-color":"var(--ast-global-color-4)","background-image":"","background-repeat":"repeat","background-position":"center center","background-size":"auto","background-attachment":"scroll","background-type":"","background-media":"","overlay-type":"","overlay-color":"","overlay-opacity":"","overlay-gradient":""},"mobile":{"background-color":"var(--ast-global-color-4)","background-image":"","background-repeat":"repeat","background-position":"center center","background-size":"auto","background-attachment":"scroll","background-type":"","background-media":"","overlay-type":"","overlay-color":"","overlay-opacity":"","overlay-gradient":""}}},"product_brand":[],"product_cat":[72,41],"product_tag":[],"class_list":{"0":"post-2696","1":"product","2":"type-product","3":"status-publish","4":"has-post-thumbnail","6":"product_cat-cosmetic-packaging","7":"product_cat-perfume-bottles","8":"desktop-align-left","9":"tablet-align-left","10":"mobile-align-left","12":"first","13":"instock","14":"shipping-taxable","15":"product-type-simple"},"acf":[],"jetpack_sharing_enabled":true,"_links":{"self":[{"href":"https:\/\/theperfumebottles.com\/es\/wp-json\/wp\/v2\/product\/2696","targetHints":{"allow":["GET"]}}],"collection":[{"href":"https:\/\/theperfumebottles.com\/es\/wp-json\/wp\/v2\/product"}],"about":[{"href":"https:\/\/theperfumebottles.com\/es\/wp-json\/wp\/v2\/types\/product"}],"replies":[{"embeddable":true,"href":"https:\/\/theperfumebottles.com\/es\/wp-json\/wp\/v2\/comments?post=2696"}],"wp:featuredmedia":[{"embeddable":true,"href":"https:\/\/theperfumebottles.com\/es\/wp-json\/wp\/v2\/media\/2697"}],"wp:attachment":[{"href":"https:\/\/theperfumebottles.com\/es\/wp-json\/wp\/v2\/media?parent=2696"}],"wp:term":[{"taxonomy":"product_brand","embeddable":true,"href":"https:\/\/theperfumebottles.com\/es\/wp-json\/wp\/v2\/product_brand?post=2696"},{"taxonomy":"product_cat","embeddable":true,"href":"https:\/\/theperfumebottles.com\/es\/wp-json\/wp\/v2\/product_cat?post=2696"},{"taxonomy":"product_tag","embeddable":true,"href":"https:\/\/theperfumebottles.com\/es\/wp-json\/wp\/v2\/product_tag?post=2696"}],"curies":[{"name":"wp","href":"https:\/\/api.w.org\/{rel}","templated":true}]}}