{"id":2729,"date":"2025-03-17T06:08:29","date_gmt":"2025-03-17T06:08:29","guid":{"rendered":"https:\/\/theperfumebottles.com\/?post_type=product&#038;p=2729"},"modified":"2025-05-30T10:04:54","modified_gmt":"2025-05-30T02:04:54","slug":"little-perfume-bottles-empty-mini-containers-wholesale","status":"publish","type":"product","link":"https:\/\/theperfumebottles.com\/es\/product\/little-perfume-bottles-empty-mini-containers-wholesale\/","title":{"rendered":"Frascos de perfume peque\u00f1os de 25 ml: minienvases vac\u00edos al por mayor"},"content":{"rendered":"<p>Este mini frasco de perfume de 25 ml est\u00e1 dise\u00f1ado para marcas que buscan la calidad. Es moderno y pr\u00e1ctico, y desprende una textura lujosa y sencilla. Disponible con tres tapones: dorado champ\u00e1n, plateado espejo y negro mate, ideal para diferentes estilos de marca. El cuerpo transparente del frasco muestra claramente el color del perfume, y el innovador dise\u00f1o de la boquilla permite una pulverizaci\u00f3n delicada y uniforme, f\u00e1cil de usar con una sola mano. Su dise\u00f1o moderno, ligero y lujoso, junto con detalles exquisitos, es ideal para la personalizaci\u00f3n de marcas y compras al por mayor.<\/p>\n<h2>Aplicaciones vers\u00e1tiles: desde muestras hasta colecciones de lujo<\/h2>\n<p>Este mini frasco de perfume es como un perfume personal de bolsillo: ya sea un perfume de viaje, una colonia de edici\u00f3n limitada o un set de perfumes de alta gama, es perfecto. Con un tama\u00f1o de tan solo la palma de la mano (41 x 25 x 77 mm), puede contener f\u00e1cilmente la delicada fragancia de una mujer o la calma de un hombre. Es ideal como el toque final de una caja de regalo de boda o un set de perfumes de marca.<\/p>\n<h2>Especificaciones clave<\/h2>\n<div class=\"hyc-common-markdown__table-wrapper\">\n<table>\n<thead>\n<tr>\n<th>Par\u00e1metro<\/th>\n<th>Detalle<\/th>\n<\/tr>\n<\/thead>\n<tbody>\n<tr>\n<td>Modelo<\/td>\n<td>PB-BF1901<\/td>\n<\/tr>\n<tr>\n<td>Capacidad<\/td>\n<td>25 ml<\/td>\n<\/tr>\n<tr>\n<td>Dimensiones<\/td>\n<td>41 mm x 25 mm x 77 mm<\/td>\n<\/tr>\n<tr>\n<td>Colores de gorra<\/td>\n<td>Oro pulido, plata, negro mate<\/td>\n<\/tr>\n<tr>\n<td>Material<\/td>\n<td>Cristal de alta calidad<\/td>\n<\/tr>\n<tr>\n<td>Tipo de cierre<\/td>\n<td>Parte superior en aerosol<\/td>\n<\/tr>\n<tr>\n<td>Opciones personalizadas<\/td>\n<td>Grabado, etiquetas, acabado esmerilado<\/td>\n<\/tr>\n<\/tbody>\n<\/table>\n<\/div>\n<h2>Soluciones completas para su marca<\/h2>\n<p>Como fabricante confiable de frascos de perfume, ofrecemos flexibilidad para pedidos al por mayor y art\u00edculos en stock para un suministro r\u00e1pido. Ya sea que necesite frascos de perfume vac\u00edos al por mayor o envases de perfume personalizados, nuestra f\u00e1brica le ofrece soluciones integrales, desde formas y colores hasta cierres y accesorios.<\/p>\n<h2>Tome acci\u00f3n hoy:<\/h2>\n<ul>\n<li>Solicitar muestras gratis<\/li>\n<li>Explora opciones de acabados personalizados<\/li>\n<li>Compre grandes cantidades con envases de marca.<\/li>\n<\/ul>\n<p>Realza tu l\u00ednea de fragancias con un envase premium que refleje la sofisticaci\u00f3n de tu marca. \u00a1Cont\u00e1ctanos ahora para crear una colecci\u00f3n atemporal de frascos de perfume con atomizador!<\/p>","protected":false},"excerpt":{"rendered":"<p>Dise\u00f1ados para marcas exigentes, estos peque\u00f1os frascos de perfume de 25 ml combinan un dise\u00f1o elegante con una funcionalidad superior.<\/p>","protected":false},"featured_media":2733,"comment_status":"open","ping_status":"closed","template":"","meta":{"_acf_changed":false,"site-sidebar-layout":"default","site-content-layout":"","ast-site-content-layout":"default","site-content-style":"default","site-sidebar-style":"default","ast-global-header-display":"","ast-banner-title-visibility":"","ast-main-header-display":"","ast-hfb-above-header-display":"","ast-hfb-below-header-display":"","ast-hfb-mobile-header-display":"","site-post-title":"","ast-breadcrumbs-content":"","ast-featured-img":"","footer-sml-layout":"","ast-disable-related-posts":"","theme-transparent-header-meta":"default","adv-header-id-meta":"","stick-header-meta":"","header-above-stick-meta":"","header-main-stick-meta":"","header-below-stick-meta":"","astra-migrate-meta-layouts":"set","ast-page-background-enabled":"default","ast-page-background-meta":{"desktop":{"background-color":"var(--ast-global-color-5)","background-image":"","background-repeat":"repeat","background-position":"center center","background-size":"auto","background-attachment":"scroll","background-type":"","background-media":"","overlay-type":"","overlay-color":"","overlay-opacity":"","overlay-gradient":""},"tablet":{"background-color":"","background-image":"","background-repeat":"repeat","background-position":"center center","background-size":"auto","background-attachment":"scroll","background-type":"","background-media":"","overlay-type":"","overlay-color":"","overlay-opacity":"","overlay-gradient":""},"mobile":{"background-color":"","background-image":"","background-repeat":"repeat","background-position":"center center","background-size":"auto","background-attachment":"scroll","background-type":"","background-media":"","overlay-type":"","overlay-color":"","overlay-opacity":"","overlay-gradient":""}},"ast-content-background-meta":{"desktop":{"background-color":"var(--ast-global-color-4)","background-image":"","background-repeat":"repeat","background-position":"center center","background-size":"auto","background-attachment":"scroll","background-type":"","background-media":"","overlay-type":"","overlay-color":"","overlay-opacity":"","overlay-gradient":""},"tablet":{"background-color":"var(--ast-global-color-4)","background-image":"","background-repeat":"repeat","background-position":"center center","background-size":"auto","background-attachment":"scroll","background-type":"","background-media":"","overlay-type":"","overlay-color":"","overlay-opacity":"","overlay-gradient":""},"mobile":{"background-color":"var(--ast-global-color-4)","background-image":"","background-repeat":"repeat","background-position":"center center","background-size":"auto","background-attachment":"scroll","background-type":"","background-media":"","overlay-type":"","overlay-color":"","overlay-opacity":"","overlay-gradient":""}}},"product_brand":[],"product_cat":[72,74,41],"product_tag":[],"class_list":{"0":"post-2729","1":"product","2":"type-product","3":"status-publish","4":"has-post-thumbnail","6":"product_cat-cosmetic-packaging","7":"product_cat-mini-perfume-bottles","8":"product_cat-perfume-bottles","9":"desktop-align-left","10":"tablet-align-left","11":"mobile-align-left","13":"first","14":"instock","15":"shipping-taxable","16":"product-type-simple"},"acf":[],"jetpack_sharing_enabled":true,"_links":{"self":[{"href":"https:\/\/theperfumebottles.com\/es\/wp-json\/wp\/v2\/product\/2729","targetHints":{"allow":["GET"]}}],"collection":[{"href":"https:\/\/theperfumebottles.com\/es\/wp-json\/wp\/v2\/product"}],"about":[{"href":"https:\/\/theperfumebottles.com\/es\/wp-json\/wp\/v2\/types\/product"}],"replies":[{"embeddable":true,"href":"https:\/\/theperfumebottles.com\/es\/wp-json\/wp\/v2\/comments?post=2729"}],"wp:featuredmedia":[{"embeddable":true,"href":"https:\/\/theperfumebottles.com\/es\/wp-json\/wp\/v2\/media\/2733"}],"wp:attachment":[{"href":"https:\/\/theperfumebottles.com\/es\/wp-json\/wp\/v2\/media?parent=2729"}],"wp:term":[{"taxonomy":"product_brand","embeddable":true,"href":"https:\/\/theperfumebottles.com\/es\/wp-json\/wp\/v2\/product_brand?post=2729"},{"taxonomy":"product_cat","embeddable":true,"href":"https:\/\/theperfumebottles.com\/es\/wp-json\/wp\/v2\/product_cat?post=2729"},{"taxonomy":"product_tag","embeddable":true,"href":"https:\/\/theperfumebottles.com\/es\/wp-json\/wp\/v2\/product_tag?post=2729"}],"curies":[{"name":"wp","href":"https:\/\/api.w.org\/{rel}","templated":true}]}}