{"id":2734,"date":"2025-03-17T06:43:29","date_gmt":"2025-03-17T06:43:29","guid":{"rendered":"https:\/\/theperfumebottles.com\/?post_type=product&#038;p=2734"},"modified":"2026-04-08T15:31:41","modified_gmt":"2026-04-08T07:31:41","slug":"best-perfume-bottles-glass-perfume-bottles-wholesale","status":"publish","type":"product","link":"https:\/\/theperfumebottles.com\/es\/product\/best-perfume-bottles-glass-perfume-bottles-wholesale\/","title":{"rendered":"Frascos de perfume de vidrio de 50 ml y 100 ml de la mejor calidad \u2013 Venta al por mayor de frascos de perfume de vidrio"},"content":{"rendered":"<h2>Infunde a tu marca una sensaci\u00f3n de lujo.<\/h2>\n<p>Disponible en tama\u00f1os de 50 ml y 100 ml, ideal para perfumes de vidrio de muestra, edici\u00f3n completa o limitada, al por mayor. El frasco rectangular redondeado, combinado con un grueso cristal, le otorga un brillo transparente y una sensaci\u00f3n de lujo, integr\u00e1ndose a la perfecci\u00f3n con la l\u00ednea de fragancias para hombre y mujer, creando una visi\u00f3n de marca unificada. El tap\u00f3n est\u00e1 disponible en oro pulido, plata y negro mate, que combina f\u00e1cilmente con la paleta de colores de la marca. El frasco transparente muestra claramente el color del perfume, el dise\u00f1o de pulverizaci\u00f3n es preciso y uniforme, y su funcionamiento es suave, lo que mejora la experiencia del usuario final.<\/p>\n<h2>Aplicaciones vers\u00e1tiles: desde muestras hasta aromas exclusivos<\/h2>\n<p>Estos frascos de perfume de primera calidad son perfectos para colecciones de 100 ml, viales de viaje o frascos de perfume de edici\u00f3n limitada. Su elegante dise\u00f1o se adapta a l\u00edneas de fragancias de nicho, expositores o sets de regalo personalizados. Ya sea para colonia o perfume, ofrecen un toque de lujo en todas sus aplicaciones.<\/p>\n<h2>Especificaciones clave: Frascos de perfume de vidrio de primera calidad<\/h2>\n<div class=\"hyc-common-markdown__table-wrapper\">\n<table>\n<thead>\n<tr>\n<th>Modelo<\/th>\n<th>Capacidad<\/th>\n<th>Dimensiones (mm)<\/th>\n<th>Colores de gorra<\/th>\n<th>Material<\/th>\n<th>Cierre<\/th>\n<\/tr>\n<\/thead>\n<tbody>\n<tr>\n<td>PB-BF1902<\/td>\n<td>50ml<\/td>\n<td>53x31x73<\/td>\n<td>Oro, plata, negro mate<\/td>\n<td>Cristal de alta calidad<\/td>\n<td>Parte superior en aerosol<\/td>\n<\/tr>\n<tr>\n<td>PB-BF1903<\/td>\n<td>50ml<\/td>\n<td>43x30x88<\/td>\n<td>Oro, plata, negro mate<\/td>\n<td>Cristal de alta calidad<\/td>\n<td>Parte superior en aerosol<\/td>\n<\/tr>\n<tr>\n<td>PB-BF1904<\/td>\n<td>100 ml<\/td>\n<td>57x38x107<\/td>\n<td>Oro, plata, negro mate<\/td>\n<td>Cristal de alta calidad<\/td>\n<td>Parte superior en aerosol<\/td>\n<\/tr>\n<\/tbody>\n<\/table>\n<\/div>\n<h2>Caso de \u00e9xito: Pedido personalizado de una marca de fragancias de nicho de Nueva York.<\/h2>\n<p>Una exclusiva marca de perfumes neoyorquina seleccion\u00f3 nuestro servicio de venta al por mayor de frascos de vidrio para crear productos personalizados utilizando frascos de vidrio gris ahumado. Los frascos personalizados obtuvieron resultados extraordinarios: el 40 % de las rese\u00f1as positivas de los clientes destacaron su tacto consistente y su dise\u00f1o minimalista. Su atractivo visual gener\u00f3 un aumento del 300 % en la interacci\u00f3n con influencers en redes sociales. La empresa decidi\u00f3 adquirir 650 000 frascos adicionales debido al \u00e9xito de su primera l\u00ednea de productos, con fragancias concentradas y colaboraciones art\u00edsticas de edici\u00f3n limitada.<\/p>\n<h2><strong>Act\u00fae ahora para elevar su marca:<\/strong><\/h2>\n<ul>\n<li>Solicite muestras gratuitas de nuestros mejores frascos de perfume<\/li>\n<li>Explora opciones de grabado y acabado personalizados<\/li>\n<li>Compre grandes cantidades con envases de marca.<\/li>\n<\/ul>\n<p>Transforma tu l\u00ednea de fragancias con frascos de perfume de vidrio de lujo al por mayor: donde el dise\u00f1o se fusiona con la artesan\u00eda. \u00a1Cont\u00e1ctanos hoy mismo para crear una colecci\u00f3n atemporal!<\/p>","protected":false},"excerpt":{"rendered":"<p>Frascos de perfume de vidrio premium al por mayor para marcas de lujo. Frascos de perfume de alta calidad personalizables de 50 ml y 100 ml con tapas pulidas en dorado, plateado o negro mate.<\/p>","protected":false},"featured_media":2736,"comment_status":"open","ping_status":"closed","template":"","meta":{"_acf_changed":false,"site-sidebar-layout":"default","site-content-layout":"","ast-site-content-layout":"default","site-content-style":"default","site-sidebar-style":"default","ast-global-header-display":"","ast-banner-title-visibility":"","ast-main-header-display":"","ast-hfb-above-header-display":"","ast-hfb-below-header-display":"","ast-hfb-mobile-header-display":"","site-post-title":"","ast-breadcrumbs-content":"","ast-featured-img":"","footer-sml-layout":"","ast-disable-related-posts":"","theme-transparent-header-meta":"default","adv-header-id-meta":"","stick-header-meta":"","header-above-stick-meta":"","header-main-stick-meta":"","header-below-stick-meta":"","astra-migrate-meta-layouts":"set","ast-page-background-enabled":"default","ast-page-background-meta":{"desktop":{"background-color":"var(--ast-global-color-5)","background-image":"","background-repeat":"repeat","background-position":"center center","background-size":"auto","background-attachment":"scroll","background-type":"","background-media":"","overlay-type":"","overlay-color":"","overlay-opacity":"","overlay-gradient":""},"tablet":{"background-color":"","background-image":"","background-repeat":"repeat","background-position":"center center","background-size":"auto","background-attachment":"scroll","background-type":"","background-media":"","overlay-type":"","overlay-color":"","overlay-opacity":"","overlay-gradient":""},"mobile":{"background-color":"","background-image":"","background-repeat":"repeat","background-position":"center center","background-size":"auto","background-attachment":"scroll","background-type":"","background-media":"","overlay-type":"","overlay-color":"","overlay-opacity":"","overlay-gradient":""}},"ast-content-background-meta":{"desktop":{"background-color":"var(--ast-global-color-4)","background-image":"","background-repeat":"repeat","background-position":"center center","background-size":"auto","background-attachment":"scroll","background-type":"","background-media":"","overlay-type":"","overlay-color":"","overlay-opacity":"","overlay-gradient":""},"tablet":{"background-color":"var(--ast-global-color-4)","background-image":"","background-repeat":"repeat","background-position":"center center","background-size":"auto","background-attachment":"scroll","background-type":"","background-media":"","overlay-type":"","overlay-color":"","overlay-opacity":"","overlay-gradient":""},"mobile":{"background-color":"var(--ast-global-color-4)","background-image":"","background-repeat":"repeat","background-position":"center center","background-size":"auto","background-attachment":"scroll","background-type":"","background-media":"","overlay-type":"","overlay-color":"","overlay-opacity":"","overlay-gradient":""}}},"product_brand":[],"product_cat":[91,72,41],"product_tag":[],"class_list":{"0":"post-2734","1":"product","2":"type-product","3":"status-publish","4":"has-post-thumbnail","6":"product_cat-custom-perfume-bottles","7":"product_cat-cosmetic-packaging","8":"product_cat-perfume-bottles","9":"desktop-align-left","10":"tablet-align-left","11":"mobile-align-left","13":"first","14":"instock","15":"shipping-taxable","16":"product-type-simple"},"acf":[],"jetpack_sharing_enabled":true,"_links":{"self":[{"href":"https:\/\/theperfumebottles.com\/es\/wp-json\/wp\/v2\/product\/2734","targetHints":{"allow":["GET"]}}],"collection":[{"href":"https:\/\/theperfumebottles.com\/es\/wp-json\/wp\/v2\/product"}],"about":[{"href":"https:\/\/theperfumebottles.com\/es\/wp-json\/wp\/v2\/types\/product"}],"replies":[{"embeddable":true,"href":"https:\/\/theperfumebottles.com\/es\/wp-json\/wp\/v2\/comments?post=2734"}],"wp:featuredmedia":[{"embeddable":true,"href":"https:\/\/theperfumebottles.com\/es\/wp-json\/wp\/v2\/media\/2736"}],"wp:attachment":[{"href":"https:\/\/theperfumebottles.com\/es\/wp-json\/wp\/v2\/media?parent=2734"}],"wp:term":[{"taxonomy":"product_brand","embeddable":true,"href":"https:\/\/theperfumebottles.com\/es\/wp-json\/wp\/v2\/product_brand?post=2734"},{"taxonomy":"product_cat","embeddable":true,"href":"https:\/\/theperfumebottles.com\/es\/wp-json\/wp\/v2\/product_cat?post=2734"},{"taxonomy":"product_tag","embeddable":true,"href":"https:\/\/theperfumebottles.com\/es\/wp-json\/wp\/v2\/product_tag?post=2734"}],"curies":[{"name":"wp","href":"https:\/\/api.w.org\/{rel}","templated":true}]}}