{"id":2787,"date":"2025-03-19T09:25:42","date_gmt":"2025-03-19T09:25:42","guid":{"rendered":"https:\/\/theperfumebottles.com\/?post_type=product&#038;p=2787"},"modified":"2025-05-30T15:39:08","modified_gmt":"2025-05-30T07:39:08","slug":"luxury-mens-cologne-black-bottles","status":"publish","type":"product","link":"https:\/\/theperfumebottles.com\/es\/product\/luxury-mens-cologne-black-bottles\/","title":{"rendered":"Colonia de lujo para hombre, frascos negros de 30 ml, 50 ml y 100 ml"},"content":{"rendered":"<h2>Botellas de colonia negras premium: Elegancia atemporal para marcas modernas<\/h2>\n<p>Este frasco de perfume de vidrio negro mate evoca la noche helada, y sus l\u00edneas se combinan con la textura del tiempo, creando un misterioso envase para colonia masculina. Su profundo color transl\u00facido hace que la fragancia se alce, como un traje negro puro en el guardarropa de un caballero, imperecedero, con un perfil bajo y un toque discreto. Ya sea en un fr\u00edo tono madera o en una c\u00e1lida fragancia oriental, rompe las barreras de g\u00e9nero y encuentra resonancia espiritual en la profundidad del negro mate. La boquilla de cuello de cisne personalizable y la insignia grabada a l\u00e1ser convierten cada detalle en una nota al pie de la narrativa de la marca: cuando las tres capacidades de 30\/50\/100 ml se unen al tap\u00f3n con dise\u00f1o geom\u00e9trico, cada botella en el estante es una silenciosa declaraci\u00f3n de calidad, que permite a la marca destacar en el bullicioso mercado.<\/p>\n<h2>Detaljer<\/h2>\n<p><strong>Estos frascos de perfume negros est\u00e1n dise\u00f1ados para marcas que se dirigen a mercados de lujo y nichos:<\/strong><\/p>\n<ul>\n<li>\u200b<strong>Colonia para hombre:<\/strong> El vidrio negro mate y la forma rectangular evocan masculinidad, ideal para colecciones de botellas de colonia para hombres negros.<\/li>\n<li><strong>Perfume de mujer:<\/strong> Comb\u00ednalo con detalles dorados para las l\u00edneas de perfumes de mujer en botellas negras.<\/li>\n<li><strong>Ediciones limitadas:<\/strong> Utilice el grabado personalizado para lanzamientos de temporada o exclusivos.<\/li>\n<li>\u200b<strong>Regalos corporativos:<\/strong> Los pedidos al por mayor con envases de perfume de marca elevan los obsequios B2B.<\/li>\n<\/ul>\n<h2>Especificaciones t\u00e9cnicas<\/h2>\n<div class=\"hyc-common-markdown__table-wrapper\">\n<table>\n<thead>\n<tr>\n<th>\u200b<strong>Modelo<\/strong><\/th>\n<th>Capacidad<\/th>\n<th>Dimensiones (mm)<\/th>\n<th>Color del vidrio<\/th>\n<th>Estilo de gorra<\/th>\n<th>Material<\/th>\n<\/tr>\n<\/thead>\n<tbody>\n<tr>\n<td>PB-BM0601<\/td>\n<td>30 ml<\/td>\n<td>42x29x76<\/td>\n<td>Negro mate<\/td>\n<td>Negro pulido<\/td>\n<td>Cristal<\/td>\n<\/tr>\n<tr>\n<td>PB-BM0602<\/td>\n<td>50ml<\/td>\n<td>51x28x91<\/td>\n<td>Negro mate<\/td>\n<td>Negro pulido<\/td>\n<td>Cristal<\/td>\n<\/tr>\n<tr>\n<td>PB-BM0603<\/td>\n<td>100 ml<\/td>\n<td>53x36x116<\/td>\n<td>Negro mate<\/td>\n<td>Negro pulido<\/td>\n<td>Cristal<\/td>\n<\/tr>\n<\/tbody>\n<\/table>\n<\/div>\n<h2>Soluciones de personalizaci\u00f3n y venta al por mayor<\/h2>\n<p>Nos especializamos en \u200b<strong>soluciones completas<\/strong>\u00a0para marcas:<\/p>\n<ul>\n<li>\u200b<strong>Cantidad m\u00ednima de pedido<\/strong>:Pedidos al por mayor flexibles a partir de 500 unidades.<\/li>\n<li>\u200b<strong>Herrada<\/strong>: Elija entre impresi\u00f3n, grabado o logotipos en relieve.<\/li>\n<li>\u200b<strong>Cierres<\/strong>:Tapas doradas\/plateadas, tapas magn\u00e9ticas o cierres personalizados.<\/li>\n<li>\u200b<strong>Embalaje<\/strong>:Comb\u00ednalo con cajas de lujo o fundas ecol\u00f3gicas.<\/li>\n<\/ul>\n<h2>Eleve su marca de fragancias con botellas negras<\/h2>\n<p>Desde colonias masculinas en frascos negros hasta perfumes negros para mujer, nuestros dise\u00f1os combinan est\u00e9tica elegante con practicidad. Con pedidos m\u00ednimos bajos, empaques personalizados y frascos de perfume de vidrio duraderos, empoderamos a las marcas para crear fragancias \u00fanicas y premium que cautivan a los consumidores.<br \/>\n\u00a1Cont\u00e1ctenos hoy para discutir precios al por mayor y soluciones de botellas de spray de perfume personalizadas!<\/p>","protected":false},"excerpt":{"rendered":"<p>Para las marcas que elaboran colecciones de frascos de colonia negros para hombres o frascos de perfume negros, nuestros dise\u00f1os de vidrio negro mate redefinen la sofisticaci\u00f3n.<\/p>","protected":false},"featured_media":2792,"comment_status":"open","ping_status":"closed","template":"","meta":{"_acf_changed":false,"site-sidebar-layout":"default","site-content-layout":"","ast-site-content-layout":"default","site-content-style":"default","site-sidebar-style":"default","ast-global-header-display":"","ast-banner-title-visibility":"","ast-main-header-display":"","ast-hfb-above-header-display":"","ast-hfb-below-header-display":"","ast-hfb-mobile-header-display":"","site-post-title":"","ast-breadcrumbs-content":"","ast-featured-img":"","footer-sml-layout":"","ast-disable-related-posts":"","theme-transparent-header-meta":"default","adv-header-id-meta":"","stick-header-meta":"","header-above-stick-meta":"","header-main-stick-meta":"","header-below-stick-meta":"","astra-migrate-meta-layouts":"set","ast-page-background-enabled":"default","ast-page-background-meta":{"desktop":{"background-color":"var(--ast-global-color-5)","background-image":"","background-repeat":"repeat","background-position":"center center","background-size":"auto","background-attachment":"scroll","background-type":"","background-media":"","overlay-type":"","overlay-color":"","overlay-opacity":"","overlay-gradient":""},"tablet":{"background-color":"","background-image":"","background-repeat":"repeat","background-position":"center center","background-size":"auto","background-attachment":"scroll","background-type":"","background-media":"","overlay-type":"","overlay-color":"","overlay-opacity":"","overlay-gradient":""},"mobile":{"background-color":"","background-image":"","background-repeat":"repeat","background-position":"center center","background-size":"auto","background-attachment":"scroll","background-type":"","background-media":"","overlay-type":"","overlay-color":"","overlay-opacity":"","overlay-gradient":""}},"ast-content-background-meta":{"desktop":{"background-color":"var(--ast-global-color-4)","background-image":"","background-repeat":"repeat","background-position":"center center","background-size":"auto","background-attachment":"scroll","background-type":"","background-media":"","overlay-type":"","overlay-color":"","overlay-opacity":"","overlay-gradient":""},"tablet":{"background-color":"var(--ast-global-color-4)","background-image":"","background-repeat":"repeat","background-position":"center center","background-size":"auto","background-attachment":"scroll","background-type":"","background-media":"","overlay-type":"","overlay-color":"","overlay-opacity":"","overlay-gradient":""},"mobile":{"background-color":"var(--ast-global-color-4)","background-image":"","background-repeat":"repeat","background-position":"center center","background-size":"auto","background-attachment":"scroll","background-type":"","background-media":"","overlay-type":"","overlay-color":"","overlay-opacity":"","overlay-gradient":""}}},"product_brand":[],"product_cat":[79,72,91,41],"product_tag":[],"class_list":{"0":"post-2787","1":"product","2":"type-product","3":"status-publish","4":"has-post-thumbnail","6":"product_cat-black-perfume-bottles","7":"product_cat-cosmetic-packaging","8":"product_cat-custom-perfume-bottles","9":"product_cat-perfume-bottles","10":"desktop-align-left","11":"tablet-align-left","12":"mobile-align-left","14":"first","15":"instock","16":"shipping-taxable","17":"product-type-simple"},"acf":[],"jetpack_sharing_enabled":true,"_links":{"self":[{"href":"https:\/\/theperfumebottles.com\/es\/wp-json\/wp\/v2\/product\/2787","targetHints":{"allow":["GET"]}}],"collection":[{"href":"https:\/\/theperfumebottles.com\/es\/wp-json\/wp\/v2\/product"}],"about":[{"href":"https:\/\/theperfumebottles.com\/es\/wp-json\/wp\/v2\/types\/product"}],"replies":[{"embeddable":true,"href":"https:\/\/theperfumebottles.com\/es\/wp-json\/wp\/v2\/comments?post=2787"}],"wp:featuredmedia":[{"embeddable":true,"href":"https:\/\/theperfumebottles.com\/es\/wp-json\/wp\/v2\/media\/2792"}],"wp:attachment":[{"href":"https:\/\/theperfumebottles.com\/es\/wp-json\/wp\/v2\/media?parent=2787"}],"wp:term":[{"taxonomy":"product_brand","embeddable":true,"href":"https:\/\/theperfumebottles.com\/es\/wp-json\/wp\/v2\/product_brand?post=2787"},{"taxonomy":"product_cat","embeddable":true,"href":"https:\/\/theperfumebottles.com\/es\/wp-json\/wp\/v2\/product_cat?post=2787"},{"taxonomy":"product_tag","embeddable":true,"href":"https:\/\/theperfumebottles.com\/es\/wp-json\/wp\/v2\/product_tag?post=2787"}],"curies":[{"name":"wp","href":"https:\/\/api.w.org\/{rel}","templated":true}]}}