{"id":2795,"date":"2025-03-20T08:59:46","date_gmt":"2025-03-20T08:59:46","guid":{"rendered":"https:\/\/theperfumebottles.com\/?post_type=product&#038;p=2795"},"modified":"2026-04-07T16:06:36","modified_gmt":"2026-04-07T08:06:36","slug":"custom-luxury-crystal-perfume-bottle-wholesale","status":"publish","type":"product","link":"https:\/\/theperfumebottles.com\/es\/product\/custom-luxury-crystal-perfume-bottle-wholesale\/","title":{"rendered":"Botella de perfume de cristal de lujo personalizada de 100 ml al por mayor"},"content":{"rendered":"<p>El frasco de perfume de cristal exhibe su estructura c\u00fabica gracias a su dise\u00f1o, que utiliza vidrio transparente. El tap\u00f3n consta de dos partes diferenciadas: un anillo met\u00e1lico con acabado cromado brillante que contiene el pulverizador y una tapa de cristal tallado independiente.<\/p>\n<h2>Presupuesto<\/h2>\n<div>\n<table class=\"aligncenter\" style=\"border-collapse: collapse; width: 300.77pt;\" border=\"0\" width=\"401\" cellspacing=\"0\" cellpadding=\"0\">\n<tbody>\n<tr style=\"height: 13.50pt;\">\n<td style=\"height: 13.50pt; width: 88.50pt;\" width=\"118\" height=\"18\">Caracter\u00edstica<\/td>\n<td style=\"width: 212.25pt;\" width=\"283\">Detalles<\/td>\n<\/tr>\n<tr style=\"height: 13.50pt;\">\n<td style=\"height: 13.50pt;\" height=\"18\">Capacidad<\/td>\n<td>100 ml (3,4 oz)<\/td>\n<\/tr>\n<tr style=\"height: 13.50pt;\">\n<td style=\"height: 13.50pt;\" height=\"18\">Material<\/td>\n<td>Cristal, tapa acr\u00edlica plateada<\/td>\n<\/tr>\n<tr style=\"height: 13.50pt;\">\n<td style=\"height: 13.50pt;\" height=\"18\">Dimensiones<\/td>\n<td>57\u00d757\u00d769 mm (forma cuadrada)<\/td>\n<\/tr>\n<tr style=\"height: 13.50pt;\">\n<td style=\"height: 13.50pt;\" height=\"18\">Personalizaci\u00f3n<\/td>\n<td>Grabado, esmerilado, impresi\u00f3n UV<\/td>\n<\/tr>\n<tr style=\"height: 13.50pt;\">\n<td style=\"height: 13.50pt;\" height=\"18\">Cantidad m\u00ednima de pedido<\/td>\n<td>Precios competitivos para compras al por mayor disponibles<\/td>\n<\/tr>\n<tr style=\"height: 13.50pt;\">\n<td style=\"height: 13.50pt;\" height=\"18\">Env\u00edo<\/td>\n<td>Soporte log\u00edstico global<\/td>\n<\/tr>\n<\/tbody>\n<\/table>\n<\/div>\n<h2>Historia de \u00e9xito<\/h2>\n<p>Esta marca francesa de perfumes seleccion\u00f3 un frasco de cristal antiguo y encarg\u00f3 un frasco de vidrio gris ahumado de dise\u00f1o personalizado con un interior dorado. El frasco personalizado tuvo un gran \u00e9xito, ya que su dise\u00f1o vintage de cristal cautiv\u00f3 a los clientes, lo que provoc\u00f3 un aumento del 300 % en los pedidos anticipados de clientes habituales. Los materiales de alta calidad y el peso tambi\u00e9n contribuyeron a un incremento del 120 % en el precio de este perfume de lujo. Tras este \u00e9xito, la marca encarg\u00f3 580 000 frascos de perfume para el lanzamiento de su pr\u00f3xima colecci\u00f3n de fragancias vintage.<\/p>\n<h2>Sugerencias para personalizar frascos de perfume de cristal antiguo<\/h2>\n<ul>\n<li>La vitrina superior ofrece m\u00faltiples opciones, entre las que se incluyen diversos tipos de piedras preciosas, cristales de colores y decoraciones de vidrio personalizadas que siguen el patr\u00f3n de dise\u00f1o exclusivo de la marca.<\/li>\n<li>Las opciones de acabado met\u00e1lico para el anillo de la bomba incluyen cuatro acabados elaborados que presentan ba\u00f1o de oro de 24 quilates, oro rosa, rodio negro y plata antigua.<\/li>\n<li>El adorno superior magn\u00e9tico cuenta con una pieza superior de cristal que se adhiere a las superficies mediante un mecanismo seguro y c\u00f3modo.<\/li>\n<\/ul>","protected":false},"excerpt":{"rendered":"<p>Para los propietarios de marcas y mayoristas que buscan cautivar a los clientes m\u00e1s exigentes, el frasco de perfume de cristal de 96 ml (3,4 oz) combina la elegancia atemporal con la funcionalidad moderna.<\/p>","protected":false},"featured_media":2798,"comment_status":"open","ping_status":"closed","template":"","meta":{"_acf_changed":false,"site-sidebar-layout":"default","site-content-layout":"","ast-site-content-layout":"default","site-content-style":"default","site-sidebar-style":"default","ast-global-header-display":"","ast-banner-title-visibility":"","ast-main-header-display":"","ast-hfb-above-header-display":"","ast-hfb-below-header-display":"","ast-hfb-mobile-header-display":"","site-post-title":"","ast-breadcrumbs-content":"","ast-featured-img":"","footer-sml-layout":"","ast-disable-related-posts":"","theme-transparent-header-meta":"default","adv-header-id-meta":"","stick-header-meta":"","header-above-stick-meta":"","header-main-stick-meta":"","header-below-stick-meta":"","astra-migrate-meta-layouts":"set","ast-page-background-enabled":"default","ast-page-background-meta":{"desktop":{"background-color":"var(--ast-global-color-5)","background-image":"","background-repeat":"repeat","background-position":"center center","background-size":"auto","background-attachment":"scroll","background-type":"","background-media":"","overlay-type":"","overlay-color":"","overlay-opacity":"","overlay-gradient":""},"tablet":{"background-color":"","background-image":"","background-repeat":"repeat","background-position":"center center","background-size":"auto","background-attachment":"scroll","background-type":"","background-media":"","overlay-type":"","overlay-color":"","overlay-opacity":"","overlay-gradient":""},"mobile":{"background-color":"","background-image":"","background-repeat":"repeat","background-position":"center center","background-size":"auto","background-attachment":"scroll","background-type":"","background-media":"","overlay-type":"","overlay-color":"","overlay-opacity":"","overlay-gradient":""}},"ast-content-background-meta":{"desktop":{"background-color":"var(--ast-global-color-4)","background-image":"","background-repeat":"repeat","background-position":"center center","background-size":"auto","background-attachment":"scroll","background-type":"","background-media":"","overlay-type":"","overlay-color":"","overlay-opacity":"","overlay-gradient":""},"tablet":{"background-color":"var(--ast-global-color-4)","background-image":"","background-repeat":"repeat","background-position":"center center","background-size":"auto","background-attachment":"scroll","background-type":"","background-media":"","overlay-type":"","overlay-color":"","overlay-opacity":"","overlay-gradient":""},"mobile":{"background-color":"var(--ast-global-color-4)","background-image":"","background-repeat":"repeat","background-position":"center center","background-size":"auto","background-attachment":"scroll","background-type":"","background-media":"","overlay-type":"","overlay-color":"","overlay-opacity":"","overlay-gradient":""}}},"product_brand":[],"product_cat":[91,72,41],"product_tag":[],"class_list":{"0":"post-2795","1":"product","2":"type-product","3":"status-publish","4":"has-post-thumbnail","6":"product_cat-custom-perfume-bottles","7":"product_cat-cosmetic-packaging","8":"product_cat-perfume-bottles","9":"desktop-align-left","10":"tablet-align-left","11":"mobile-align-left","13":"first","14":"instock","15":"shipping-taxable","16":"product-type-simple"},"acf":[],"jetpack_sharing_enabled":true,"_links":{"self":[{"href":"https:\/\/theperfumebottles.com\/es\/wp-json\/wp\/v2\/product\/2795","targetHints":{"allow":["GET"]}}],"collection":[{"href":"https:\/\/theperfumebottles.com\/es\/wp-json\/wp\/v2\/product"}],"about":[{"href":"https:\/\/theperfumebottles.com\/es\/wp-json\/wp\/v2\/types\/product"}],"replies":[{"embeddable":true,"href":"https:\/\/theperfumebottles.com\/es\/wp-json\/wp\/v2\/comments?post=2795"}],"wp:featuredmedia":[{"embeddable":true,"href":"https:\/\/theperfumebottles.com\/es\/wp-json\/wp\/v2\/media\/2798"}],"wp:attachment":[{"href":"https:\/\/theperfumebottles.com\/es\/wp-json\/wp\/v2\/media?parent=2795"}],"wp:term":[{"taxonomy":"product_brand","embeddable":true,"href":"https:\/\/theperfumebottles.com\/es\/wp-json\/wp\/v2\/product_brand?post=2795"},{"taxonomy":"product_cat","embeddable":true,"href":"https:\/\/theperfumebottles.com\/es\/wp-json\/wp\/v2\/product_cat?post=2795"},{"taxonomy":"product_tag","embeddable":true,"href":"https:\/\/theperfumebottles.com\/es\/wp-json\/wp\/v2\/product_tag?post=2795"}],"curies":[{"name":"wp","href":"https:\/\/api.w.org\/{rel}","templated":true}]}}