{"id":2801,"date":"2025-03-21T02:08:59","date_gmt":"2025-03-21T02:08:59","guid":{"rendered":"https:\/\/theperfumebottles.com\/?post_type=product&#038;p=2801"},"modified":"2026-04-08T15:16:34","modified_gmt":"2026-04-08T07:16:34","slug":"perfume-square-bottles-for-wholesale-custom-packaging","status":"publish","type":"product","link":"https:\/\/theperfumebottles.com\/es\/product\/perfume-square-bottles-for-wholesale-custom-packaging\/","title":{"rendered":"Botellas cuadradas de perfume de 100 ml para venta al por mayor y embalaje personalizado"},"content":{"rendered":"<p>Realza tu l\u00ednea de fragancias con nuestro frasco cuadrado PB-FZ02. Este frasco est\u00e1 fabricado en cristal ultratransparente de paredes gruesas. El tap\u00f3n cuadrado negro pulido realza la cl\u00e1sica forma de prisma rectangular, aportando un toque de elegancia sutil.<\/p>\n<h2>Especificaciones t\u00e9cnicas<\/h2>\n<div>\n<table class=\"aligncenter\" style=\"border-collapse: collapse; width: 318.77pt;\" border=\"0\" width=\"425\" cellspacing=\"0\" cellpadding=\"0\">\n<tbody>\n<tr style=\"height: 13.50pt;\">\n<td style=\"height: 13.50pt; width: 124.50pt;\" width=\"166\" height=\"18\">Caracter\u00edstica<\/td>\n<td style=\"width: 194.25pt;\" width=\"259\">Detalle<\/td>\n<\/tr>\n<tr style=\"height: 13.50pt;\">\n<td style=\"height: 13.50pt;\" height=\"18\">Modelo<\/td>\n<td>PB-FZ02<\/td>\n<\/tr>\n<tr style=\"height: 13.50pt;\">\n<td style=\"height: 13.50pt;\" height=\"18\">Material<\/td>\n<td>Cristal<\/td>\n<\/tr>\n<tr style=\"height: 13.50pt;\">\n<td style=\"height: 13.50pt;\" height=\"18\">Capacidad<\/td>\n<td>100 ml (3,4 oz)<\/td>\n<\/tr>\n<tr style=\"height: 13.50pt;\">\n<td style=\"height: 13.50pt;\" height=\"18\">Dimensiones<\/td>\n<td>52 \u00d7 52 \u00d7 103 mm<\/td>\n<\/tr>\n<tr style=\"height: 13.50pt;\">\n<td style=\"height: 13.50pt;\" height=\"18\">Tapa<\/td>\n<td>Tapa cuadrada negra mate<\/td>\n<\/tr>\n<tr style=\"height: 13.50pt;\">\n<td style=\"height: 13.50pt;\" height=\"18\">Opciones de color<\/td>\n<td>Transparente (colores personalizables)<\/td>\n<\/tr>\n<tr style=\"height: 13.50pt;\">\n<td style=\"height: 13.50pt;\" height=\"18\">Personalizaci\u00f3n<\/td>\n<td>Opciones de logotipo, grabado y acabado<\/td>\n<\/tr>\n<tr style=\"height: 13.50pt;\">\n<td style=\"height: 13.50pt;\" height=\"18\">Disponibilidad de muestras<\/td>\n<td>Proporcion\u00f3<\/td>\n<\/tr>\n<tr style=\"height: 13.50pt;\">\n<td style=\"height: 13.50pt;\" height=\"18\">Pedido m\u00ednimo<\/td>\n<td>Ideal para compras al por mayor.<\/td>\n<\/tr>\n<\/tbody>\n<\/table>\n<\/div>\n<h2>Historia de \u00e9xito: La ic\u00f3nica l\u00ednea de productos de una marca minimalista neoyorquina<\/h2>\n<p>La marca de fragancias minimalistas de Nueva York seleccion\u00f3 nuestro empaque cuadrado personalizado, que incluye una botella mate esmerilada y un logotipo blanco serigrafiado. El dise\u00f1o logr\u00f3 una apariencia minimalista y limpia, lo que result\u00f3 en un aumento del 50 % en el reconocimiento de la marca durante las pruebas de visibilidad en estanter\u00edas. La marca consolid\u00f3 su estilo distintivo a trav\u00e9s del dise\u00f1o minimalista, lo que le permiti\u00f3 lograr un aumento del 300 % en las interacciones en redes sociales. El \u00e9xito de la marca fue tal que posteriormente realiz\u00f3 un pedido adicional de 550 000 frascos de perfume para lanzar una nueva l\u00ednea de fragancias para el hogar y velas arom\u00e1ticas.<\/p>\n<h2>Sugerencias de personalizaci\u00f3n para la venta al por mayor de botellas pulverizadoras de 100 ml<\/h2>\n<ul>\n<li>El mecanismo de pulverizaci\u00f3n premium presenta m\u00faltiples bombas de pulverizaci\u00f3n de alta calidad que cuentan con diferentes dise\u00f1os de boquillas, incluyendo opciones planas y convexas, a la vez que producen diferentes niveles de caudal de pulverizaci\u00f3n.<\/li>\n<li>El dise\u00f1o rectangular de la botella permite a los usuarios crear diversas opciones de tama\u00f1o, que incluyen botellas de 30 ml, 50 ml y 200 ml.<\/li>\n<li>Los tratamientos especiales de la superficie ofrecen a los usuarios la opci\u00f3n de elegir entre la decoraci\u00f3n con pan de oro aplicada a mano y un recubrimiento especial.<\/li>\n<\/ul>","protected":false},"excerpt":{"rendered":"<p>Frascos de perfume cuadrados de vidrio de 100 ml de primera calidad para venta al por mayor y empaques personalizados. Duraderos, personalizables e ideales para marcas de fragancias de lujo.<\/p>","protected":false},"featured_media":2803,"comment_status":"open","ping_status":"closed","template":"","meta":{"_acf_changed":false,"site-sidebar-layout":"default","site-content-layout":"","ast-site-content-layout":"default","site-content-style":"default","site-sidebar-style":"default","ast-global-header-display":"","ast-banner-title-visibility":"","ast-main-header-display":"","ast-hfb-above-header-display":"","ast-hfb-below-header-display":"","ast-hfb-mobile-header-display":"","site-post-title":"","ast-breadcrumbs-content":"","ast-featured-img":"","footer-sml-layout":"","ast-disable-related-posts":"","theme-transparent-header-meta":"default","adv-header-id-meta":"","stick-header-meta":"","header-above-stick-meta":"","header-main-stick-meta":"","header-below-stick-meta":"","astra-migrate-meta-layouts":"set","ast-page-background-enabled":"default","ast-page-background-meta":{"desktop":{"background-color":"var(--ast-global-color-5)","background-image":"","background-repeat":"repeat","background-position":"center center","background-size":"auto","background-attachment":"scroll","background-type":"","background-media":"","overlay-type":"","overlay-color":"","overlay-opacity":"","overlay-gradient":""},"tablet":{"background-color":"","background-image":"","background-repeat":"repeat","background-position":"center center","background-size":"auto","background-attachment":"scroll","background-type":"","background-media":"","overlay-type":"","overlay-color":"","overlay-opacity":"","overlay-gradient":""},"mobile":{"background-color":"","background-image":"","background-repeat":"repeat","background-position":"center center","background-size":"auto","background-attachment":"scroll","background-type":"","background-media":"","overlay-type":"","overlay-color":"","overlay-opacity":"","overlay-gradient":""}},"ast-content-background-meta":{"desktop":{"background-color":"var(--ast-global-color-4)","background-image":"","background-repeat":"repeat","background-position":"center center","background-size":"auto","background-attachment":"scroll","background-type":"","background-media":"","overlay-type":"","overlay-color":"","overlay-opacity":"","overlay-gradient":""},"tablet":{"background-color":"var(--ast-global-color-4)","background-image":"","background-repeat":"repeat","background-position":"center center","background-size":"auto","background-attachment":"scroll","background-type":"","background-media":"","overlay-type":"","overlay-color":"","overlay-opacity":"","overlay-gradient":""},"mobile":{"background-color":"var(--ast-global-color-4)","background-image":"","background-repeat":"repeat","background-position":"center center","background-size":"auto","background-attachment":"scroll","background-type":"","background-media":"","overlay-type":"","overlay-color":"","overlay-opacity":"","overlay-gradient":""}}},"product_brand":[],"product_cat":[91,72,41],"product_tag":[],"class_list":{"0":"post-2801","1":"product","2":"type-product","3":"status-publish","4":"has-post-thumbnail","6":"product_cat-custom-perfume-bottles","7":"product_cat-cosmetic-packaging","8":"product_cat-perfume-bottles","9":"desktop-align-left","10":"tablet-align-left","11":"mobile-align-left","13":"first","14":"instock","15":"shipping-taxable","16":"product-type-simple"},"acf":[],"jetpack_sharing_enabled":true,"_links":{"self":[{"href":"https:\/\/theperfumebottles.com\/es\/wp-json\/wp\/v2\/product\/2801","targetHints":{"allow":["GET"]}}],"collection":[{"href":"https:\/\/theperfumebottles.com\/es\/wp-json\/wp\/v2\/product"}],"about":[{"href":"https:\/\/theperfumebottles.com\/es\/wp-json\/wp\/v2\/types\/product"}],"replies":[{"embeddable":true,"href":"https:\/\/theperfumebottles.com\/es\/wp-json\/wp\/v2\/comments?post=2801"}],"wp:featuredmedia":[{"embeddable":true,"href":"https:\/\/theperfumebottles.com\/es\/wp-json\/wp\/v2\/media\/2803"}],"wp:attachment":[{"href":"https:\/\/theperfumebottles.com\/es\/wp-json\/wp\/v2\/media?parent=2801"}],"wp:term":[{"taxonomy":"product_brand","embeddable":true,"href":"https:\/\/theperfumebottles.com\/es\/wp-json\/wp\/v2\/product_brand?post=2801"},{"taxonomy":"product_cat","embeddable":true,"href":"https:\/\/theperfumebottles.com\/es\/wp-json\/wp\/v2\/product_cat?post=2801"},{"taxonomy":"product_tag","embeddable":true,"href":"https:\/\/theperfumebottles.com\/es\/wp-json\/wp\/v2\/product_tag?post=2801"}],"curies":[{"name":"wp","href":"https:\/\/api.w.org\/{rel}","templated":true}]}}