{"id":2806,"date":"2025-03-21T03:55:26","date_gmt":"2025-03-21T03:55:26","guid":{"rendered":"https:\/\/theperfumebottles.com\/?post_type=product&#038;p=2806"},"modified":"2025-05-29T10:24:39","modified_gmt":"2025-05-29T02:24:39","slug":"small-perfume-spray-bottle-30ml-50ml-perfume-oil-bottles","status":"publish","type":"product","link":"https:\/\/theperfumebottles.com\/es\/product\/small-perfume-spray-bottle-30ml-50ml-perfume-oil-bottles\/","title":{"rendered":"Botellas peque\u00f1as de perfume en spray de 30 ml y 50 ml con tapa de madera"},"content":{"rendered":"<p>Presentamos nuestra serie de botellas de perfume spray peque\u00f1as, disponibles en tama\u00f1os de 30ml de botella de perfume y 50ml de botella de aceite de perfume. Esta botella de cristal est\u00e1 dise\u00f1ada para marcas de alta gama y ecologistas. Combina una tapa de madera hecha a mano con un dise\u00f1o de botella cuadrado moderno, que es natural, ecol\u00f3gico y exquisito. La tapa de madera natural admite logos de marca personalizados, y las capacidades de 30ml\/50ml son flexibles para adaptarse a tama\u00f1os de viaje, fragancias nicho o necesidades de compra en lote.<\/p>\n<h2>Especificaciones clave<\/h2>\n<div class=\"hyc-common-markdown__table-wrapper\">\n<table>\n<thead>\n<tr>\n<th>Caracter\u00edstica<\/th>\n<th>PB-FZ0401<\/th>\n<th>PB-FZ0402<\/th>\n<\/tr>\n<\/thead>\n<tbody>\n<tr>\n<td>Material<\/td>\n<td>Cristal<\/td>\n<td>Cristal<\/td>\n<\/tr>\n<tr>\n<td>Capacidad<\/td>\n<td>30 ml<\/td>\n<td>50ml<\/td>\n<\/tr>\n<tr>\n<td>Dimensiones<\/td>\n<td>36 x 36 x 66 mm<\/td>\n<td>42 x 42 x 77 mm<\/td>\n<\/tr>\n<tr>\n<td>Tapa<\/td>\n<td>Tapa de madera natural<\/td>\n<td>Tapa de madera natural<\/td>\n<\/tr>\n<tr>\n<td>Opciones de color<\/td>\n<td>Transparente (Personalizable)<\/td>\n<td>Transparente (Personalizable)<\/td>\n<\/tr>\n<tr>\n<td>Personalizaci\u00f3n<\/td>\n<td>Logo, Grabado, Acabado<\/td>\n<td>Logo, Grabado, Acabado<\/td>\n<\/tr>\n<tr>\n<td>Disponibilidad de muestras<\/td>\n<td>Proporcion\u00f3<\/td>\n<td>Proporcion\u00f3<\/td>\n<\/tr>\n<\/tbody>\n<\/table>\n<\/div>\n<h2>\u00bfPor qu\u00e9 elegir estas botellas de perfume de cristal?<\/h2>\n<p>Confeccionadas para versatilidad, estas<strong>peque\u00f1os frascos de perfume<\/strong>\u00a0son ideales para marcas nicho, etiquetas privadas o socios de compra en lote. La construcci\u00f3n de vidrio grueso garantiza la durabilidad, mientras que la forma cuadrada y las tapas de madera crean una presencia llamativa en el estante. Disponibles en tama\u00f1os de<strong>30 ml<\/strong>\u00a0and \u200b<strong>50ml<\/strong>\u00a0, est\u00e1n optimizadas para aceites, colonias o fragancias concentradas.<\/p>\n<h2>Perfectas para Necesidades de Marca Personalizada y Compra en Lote<\/h2>\n<p>Ya sea que necesites botellas de perfume vac\u00edas de 30ml para ediciones limitadas o botellas de aceite de perfume de 50ml para pedidos en lote, esta serie ofrece soluciones flexibles. Env\u00edo r\u00e1pido, soporte ODM\/OEM y cantidades m\u00ednimas de pedido bajas hacen que sea f\u00e1cil escalar tu marca.Eleva tu embalaje de perfume con nuestros dise\u00f1os de botellas de perfume spray sostenibles y port\u00e1tiles. Solicita muestras de la botella de perfume de 30ml o la botella de aceite de perfume de 50ml hoy y experimenta lujo en cada detalle!<\/p>","protected":false},"excerpt":{"rendered":"<p>Botellas de perfume spray peque\u00f1as con tapas de madera \u2014 perfectas para aceites de perfume, marca personalizada y pedidos en lote. Ecol\u00f3gica, port\u00e1til y lista para la marca.<\/p>","protected":false},"featured_media":2808,"comment_status":"open","ping_status":"closed","template":"","meta":{"_acf_changed":false,"site-sidebar-layout":"default","site-content-layout":"","ast-site-content-layout":"default","site-content-style":"default","site-sidebar-style":"default","ast-global-header-display":"","ast-banner-title-visibility":"","ast-main-header-display":"","ast-hfb-above-header-display":"","ast-hfb-below-header-display":"","ast-hfb-mobile-header-display":"","site-post-title":"","ast-breadcrumbs-content":"","ast-featured-img":"","footer-sml-layout":"","ast-disable-related-posts":"","theme-transparent-header-meta":"default","adv-header-id-meta":"","stick-header-meta":"","header-above-stick-meta":"","header-main-stick-meta":"","header-below-stick-meta":"","astra-migrate-meta-layouts":"set","ast-page-background-enabled":"default","ast-page-background-meta":{"desktop":{"background-color":"var(--ast-global-color-5)","background-image":"","background-repeat":"repeat","background-position":"center center","background-size":"auto","background-attachment":"scroll","background-type":"","background-media":"","overlay-type":"","overlay-color":"","overlay-opacity":"","overlay-gradient":""},"tablet":{"background-color":"","background-image":"","background-repeat":"repeat","background-position":"center center","background-size":"auto","background-attachment":"scroll","background-type":"","background-media":"","overlay-type":"","overlay-color":"","overlay-opacity":"","overlay-gradient":""},"mobile":{"background-color":"","background-image":"","background-repeat":"repeat","background-position":"center center","background-size":"auto","background-attachment":"scroll","background-type":"","background-media":"","overlay-type":"","overlay-color":"","overlay-opacity":"","overlay-gradient":""}},"ast-content-background-meta":{"desktop":{"background-color":"var(--ast-global-color-4)","background-image":"","background-repeat":"repeat","background-position":"center center","background-size":"auto","background-attachment":"scroll","background-type":"","background-media":"","overlay-type":"","overlay-color":"","overlay-opacity":"","overlay-gradient":""},"tablet":{"background-color":"var(--ast-global-color-4)","background-image":"","background-repeat":"repeat","background-position":"center center","background-size":"auto","background-attachment":"scroll","background-type":"","background-media":"","overlay-type":"","overlay-color":"","overlay-opacity":"","overlay-gradient":""},"mobile":{"background-color":"var(--ast-global-color-4)","background-image":"","background-repeat":"repeat","background-position":"center center","background-size":"auto","background-attachment":"scroll","background-type":"","background-media":"","overlay-type":"","overlay-color":"","overlay-opacity":"","overlay-gradient":""}}},"product_brand":[],"product_cat":[72,41],"product_tag":[],"class_list":{"0":"post-2806","1":"product","2":"type-product","3":"status-publish","4":"has-post-thumbnail","6":"product_cat-cosmetic-packaging","7":"product_cat-perfume-bottles","8":"desktop-align-left","9":"tablet-align-left","10":"mobile-align-left","12":"first","13":"instock","14":"shipping-taxable","15":"product-type-simple"},"acf":[],"jetpack_sharing_enabled":true,"_links":{"self":[{"href":"https:\/\/theperfumebottles.com\/es\/wp-json\/wp\/v2\/product\/2806","targetHints":{"allow":["GET"]}}],"collection":[{"href":"https:\/\/theperfumebottles.com\/es\/wp-json\/wp\/v2\/product"}],"about":[{"href":"https:\/\/theperfumebottles.com\/es\/wp-json\/wp\/v2\/types\/product"}],"replies":[{"embeddable":true,"href":"https:\/\/theperfumebottles.com\/es\/wp-json\/wp\/v2\/comments?post=2806"}],"wp:featuredmedia":[{"embeddable":true,"href":"https:\/\/theperfumebottles.com\/es\/wp-json\/wp\/v2\/media\/2808"}],"wp:attachment":[{"href":"https:\/\/theperfumebottles.com\/es\/wp-json\/wp\/v2\/media?parent=2806"}],"wp:term":[{"taxonomy":"product_brand","embeddable":true,"href":"https:\/\/theperfumebottles.com\/es\/wp-json\/wp\/v2\/product_brand?post=2806"},{"taxonomy":"product_cat","embeddable":true,"href":"https:\/\/theperfumebottles.com\/es\/wp-json\/wp\/v2\/product_cat?post=2806"},{"taxonomy":"product_tag","embeddable":true,"href":"https:\/\/theperfumebottles.com\/es\/wp-json\/wp\/v2\/product_tag?post=2806"}],"curies":[{"name":"wp","href":"https:\/\/api.w.org\/{rel}","templated":true}]}}