{"id":2886,"date":"2025-03-25T09:57:46","date_gmt":"2025-03-25T09:57:46","guid":{"rendered":"https:\/\/theperfumebottles.com\/?post_type=product&#038;p=2886"},"modified":"2025-04-18T03:37:48","modified_gmt":"2025-04-18T03:37:48","slug":"small-fragrance-bottles-cologne-spray-bottles","status":"publish","type":"product","link":"https:\/\/theperfumebottles.com\/es\/product\/small-fragrance-bottles-cologne-spray-bottles\/","title":{"rendered":"Frascos peque\u00f1os de fragancia con tapas de madera de 30 ml, 45 ml, 50 ml y 100 ml"},"content":{"rendered":"<p>Eleve su fragancia, loci\u00f3n para despu\u00e9s del afeitado o l\u00ednea de bienestar con la \u200bSerie Natural Essence, una colecci\u00f3n de productos minimalistas\u00a0<em>peque\u00f1as botellas de spray de colonia<\/em>\u00a0y\u00a0<em>botellas de perfume de vidrio vac\u00edas<\/em>\u00a0Dise\u00f1ados para marcas artesanales. Fabricados en vidrio transparente con tapas de madera ecol\u00f3gica o negro mate, estos recipientes combinan elegancia moderna con versatilidad pr\u00e1ctica.<\/p>\n<h2>Especificaciones clave para frascos de fragancia peque\u00f1os<\/h2>\n<table style=\"border-collapse: collapse; margin-left: auto; margin-right: auto; width: 100%;\" border=\"0\" width=\"100%\" cellspacing=\"0\" cellpadding=\"0\">\n<tbody>\n<tr style=\"height: 10pt;\">\n<td style=\"height: 10pt; width: 87.75pt;\" width=\"117\" height=\"18\">Modelo<\/td>\n<td style=\"width: 54.00pt;\" width=\"72\">Capacidad<\/td>\n<td style=\"width: 184.50pt;\" width=\"246\">Especificaci\u00f3n<\/td>\n<td style=\"width: 81.00pt;\" width=\"108\">Tipo de sello<\/td>\n<td class=\"et2\" style=\"width: 262.50pt;\" width=\"350\">Color<\/td>\n<\/tr>\n<tr style=\"height: 40.50pt;\">\n<td style=\"height: 40.50pt;\" height=\"54\">PB-FZ0801<\/td>\n<td>30 ml<\/td>\n<td>35\u00d735\u00d766 mm, calibre 15 mm<\/td>\n<td>Parte superior esterilizada<\/td>\n<td class=\"et2\" style=\"width: 262.50pt;\" width=\"350\">Vidrio transparente, marr\u00f3n nogal, roble claro, tapa negra mate (personalizable)<\/td>\n<\/tr>\n<tr style=\"height: 40.50pt;\">\n<td style=\"height: 40.50pt;\" height=\"54\">PB-FZ0802<\/td>\n<td>30 ml<\/td>\n<td>37\u00d737\u00d765 mm, calibre 15 mm<\/td>\n<td>Parte superior esterilizada<\/td>\n<td class=\"et2\" style=\"width: 262.50pt;\" width=\"350\">Vidrio transparente, marr\u00f3n nogal, roble claro, tapa negra mate (personalizable)<\/td>\n<\/tr>\n<tr style=\"height: 40.50pt;\">\n<td style=\"height: 40.50pt;\" height=\"54\">PB-FZ0803<\/td>\n<td>50ml<\/td>\n<td>32\u00d732\u00d785 mm, calibre 15 mm<\/td>\n<td>Parte superior esterilizada<\/td>\n<td class=\"et2\" style=\"width: 262.50pt;\" width=\"350\">Vidrio transparente, marr\u00f3n nogal, roble claro, tapa negra mate (personalizable)<\/td>\n<\/tr>\n<tr style=\"height: 40.50pt;\">\n<td style=\"height: 40.50pt;\" height=\"54\">PB-FZ0804<\/td>\n<td>45 ml<\/td>\n<td>37\u00d737\u00d786 mm, calibre 15 mm<\/td>\n<td>Parte superior esterilizada<\/td>\n<td class=\"et2\" style=\"width: 262.50pt;\" width=\"350\">Vidrio transparente, marr\u00f3n nogal, roble claro, tapa negra mate (personalizable)<\/td>\n<\/tr>\n<tr style=\"height: 40.50pt;\">\n<td style=\"height: 40.50pt;\" height=\"54\">PB-FZ0805<\/td>\n<td>100 ml<\/td>\n<td>47\u00d747\u00d7103 mm, calibre 15 mm<\/td>\n<td>Parte superior esterilizada<\/td>\n<td class=\"et2\" style=\"width: 262.50pt;\" width=\"350\">Vidrio transparente, marr\u00f3n nogal, roble claro, tapa negra mate (personalizable)<\/td>\n<\/tr>\n<\/tbody>\n<\/table>\n<h2>Inconfundiblemente suyo:<\/h2>\n<ul>\n<li>Tapones que rompen moldes: acabados met\u00e1licos impresos en 3D o corcho reciclado<\/li>\n<li>Bono: Kits de muestras gratis, porque usted merece sentir la calidad antes de comprometerse.<\/li>\n<\/ul>\n<h2>Para:<\/h2>\n<ul>\n<li>Los alquimistas del perfume est\u00e1n cansados \u200b\u200bde los frascos gen\u00e9ricos<\/li>\n<li>Las marcas de cuidado personal que difuminan el g\u00e9nero est\u00e1n reescribiendo las reglas<\/li>\n<li>Los ecologistas convierten las recargas en rituales<\/li>\n<li>Hoteles que quieren que los hu\u00e9spedes roben las comodidades (en serio, sucede)<\/li>\n<\/ul>","protected":false},"excerpt":{"rendered":"<p>Eleve su fragancia, loci\u00f3n para despu\u00e9s del afeitado o l\u00ednea de bienestar con la \u200bSerie Natural Essence, una colecci\u00f3n de productos minimalistas\u00a0<em>peque\u00f1as botellas de spray de colonia<\/em>\u00a0y\u00a0<em>botellas de perfume de vidrio vac\u00edas<\/em>\u00a0Dise\u00f1ado para marcas artesanales.<\/p>","protected":false},"featured_media":2887,"comment_status":"open","ping_status":"closed","template":"","meta":{"_acf_changed":false,"site-sidebar-layout":"default","site-content-layout":"","ast-site-content-layout":"default","site-content-style":"default","site-sidebar-style":"default","ast-global-header-display":"","ast-banner-title-visibility":"","ast-main-header-display":"","ast-hfb-above-header-display":"","ast-hfb-below-header-display":"","ast-hfb-mobile-header-display":"","site-post-title":"","ast-breadcrumbs-content":"","ast-featured-img":"","footer-sml-layout":"","ast-disable-related-posts":"","theme-transparent-header-meta":"default","adv-header-id-meta":"","stick-header-meta":"","header-above-stick-meta":"","header-main-stick-meta":"","header-below-stick-meta":"","astra-migrate-meta-layouts":"set","ast-page-background-enabled":"default","ast-page-background-meta":{"desktop":{"background-color":"var(--ast-global-color-5)","background-image":"","background-repeat":"repeat","background-position":"center center","background-size":"auto","background-attachment":"scroll","background-type":"","background-media":"","overlay-type":"","overlay-color":"","overlay-opacity":"","overlay-gradient":""},"tablet":{"background-color":"","background-image":"","background-repeat":"repeat","background-position":"center center","background-size":"auto","background-attachment":"scroll","background-type":"","background-media":"","overlay-type":"","overlay-color":"","overlay-opacity":"","overlay-gradient":""},"mobile":{"background-color":"","background-image":"","background-repeat":"repeat","background-position":"center center","background-size":"auto","background-attachment":"scroll","background-type":"","background-media":"","overlay-type":"","overlay-color":"","overlay-opacity":"","overlay-gradient":""}},"ast-content-background-meta":{"desktop":{"background-color":"var(--ast-global-color-4)","background-image":"","background-repeat":"repeat","background-position":"center center","background-size":"auto","background-attachment":"scroll","background-type":"","background-media":"","overlay-type":"","overlay-color":"","overlay-opacity":"","overlay-gradient":""},"tablet":{"background-color":"var(--ast-global-color-4)","background-image":"","background-repeat":"repeat","background-position":"center center","background-size":"auto","background-attachment":"scroll","background-type":"","background-media":"","overlay-type":"","overlay-color":"","overlay-opacity":"","overlay-gradient":""},"mobile":{"background-color":"var(--ast-global-color-4)","background-image":"","background-repeat":"repeat","background-position":"center center","background-size":"auto","background-attachment":"scroll","background-type":"","background-media":"","overlay-type":"","overlay-color":"","overlay-opacity":"","overlay-gradient":""}}},"product_brand":[],"product_cat":[72,91,41],"product_tag":[],"class_list":{"0":"post-2886","1":"product","2":"type-product","3":"status-publish","4":"has-post-thumbnail","6":"product_cat-cosmetic-packaging","7":"product_cat-custom-perfume-bottles","8":"product_cat-perfume-bottles","9":"desktop-align-left","10":"tablet-align-left","11":"mobile-align-left","13":"first","14":"instock","15":"shipping-taxable","16":"product-type-simple"},"acf":[],"jetpack_sharing_enabled":true,"_links":{"self":[{"href":"https:\/\/theperfumebottles.com\/es\/wp-json\/wp\/v2\/product\/2886","targetHints":{"allow":["GET"]}}],"collection":[{"href":"https:\/\/theperfumebottles.com\/es\/wp-json\/wp\/v2\/product"}],"about":[{"href":"https:\/\/theperfumebottles.com\/es\/wp-json\/wp\/v2\/types\/product"}],"replies":[{"embeddable":true,"href":"https:\/\/theperfumebottles.com\/es\/wp-json\/wp\/v2\/comments?post=2886"}],"wp:featuredmedia":[{"embeddable":true,"href":"https:\/\/theperfumebottles.com\/es\/wp-json\/wp\/v2\/media\/2887"}],"wp:attachment":[{"href":"https:\/\/theperfumebottles.com\/es\/wp-json\/wp\/v2\/media?parent=2886"}],"wp:term":[{"taxonomy":"product_brand","embeddable":true,"href":"https:\/\/theperfumebottles.com\/es\/wp-json\/wp\/v2\/product_brand?post=2886"},{"taxonomy":"product_cat","embeddable":true,"href":"https:\/\/theperfumebottles.com\/es\/wp-json\/wp\/v2\/product_cat?post=2886"},{"taxonomy":"product_tag","embeddable":true,"href":"https:\/\/theperfumebottles.com\/es\/wp-json\/wp\/v2\/product_tag?post=2886"}],"curies":[{"name":"wp","href":"https:\/\/api.w.org\/{rel}","templated":true}]}}