{"id":2915,"date":"2025-03-26T09:33:10","date_gmt":"2025-03-26T09:33:10","guid":{"rendered":"https:\/\/theperfumebottles.com\/?post_type=product&#038;p=2915"},"modified":"2025-05-27T15:12:42","modified_gmt":"2025-05-27T07:12:42","slug":"30ml-50ml-most-beautiful-perfume-bottles-with-ball-tops","status":"publish","type":"product","link":"https:\/\/theperfumebottles.com\/es\/product\/30ml-50ml-most-beautiful-perfume-bottles-with-ball-tops\/","title":{"rendered":"Los frascos de perfume m\u00e1s hermosos de 30 ml y 50 ml con tapas esf\u00e9ricas"},"content":{"rendered":"<p>Para marcas y comerciantes que buscan cautivar a sus clientes con hermosos frascos de perfume, nuestra serie de frascos de perfume m\u00e1s hermosos (modelos PB-GK0301 y PB-GK0302) combina elegancia, durabilidad y personalizaci\u00f3n para realzar su l\u00ednea de fragancias, colonias o lociones para despu\u00e9s del afeitado. Elaborados para una imagen de marca premium, estos envases de vidrio est\u00e1n dise\u00f1ados para exhibir su fragancia con una sofisticaci\u00f3n inigualable.<\/p>\n<h2>Especificaciones clave de un vistazo<\/h2>\n<div class=\"hyc-common-markdown__table-wrapper\">\n<table>\n<thead>\n<tr>\n<th>\u200b<strong>Modelo<\/strong><\/th>\n<th>PB-GK0301<\/th>\n<th>PB-GK0302<\/th>\n<\/tr>\n<\/thead>\n<tbody>\n<tr>\n<td>\u200b<strong>Capacidad<\/strong><\/td>\n<td>50ml<\/td>\n<td>100 ml<\/td>\n<\/tr>\n<tr>\n<td>\u200b<strong>Dimensiones<\/strong><\/td>\n<td>39\u00d749\u00d7119 mm<\/td>\n<td>45\u00d755\u00d7130 mm<\/td>\n<\/tr>\n<tr>\n<td>\u200b<strong>Material<\/strong><\/td>\n<td>Cristal<\/td>\n<td>Cristal<\/td>\n<\/tr>\n<tr>\n<td>\u200b<strong>Colores de gorra<\/strong><\/td>\n<td>Azul\/Blanco\/Personalizado<\/td>\n<td>Azul\/Blanco\/Personalizado<\/td>\n<\/tr>\n<tr>\n<td>\u200b<strong>Tipo de sello<\/strong><\/td>\n<td>Parte superior en aerosol<\/td>\n<td>Parte superior en aerosol<\/td>\n<\/tr>\n<\/tbody>\n<\/table>\n<\/div>\n<h2>Por qu\u00e9 nuestros frascos de perfume se alinean con los objetivos de su marca<\/h2>\n<ul>\n<li>\u200b<strong>Marca personalizada<\/strong>:Transforme frascos de perfume en blanco en piezas exclusivas con grabado de logotipo, colores de tapa personalizados o etiquetado personalizado.<\/li>\n<li>\u200b<strong>Embalaje premium<\/strong>:El cuerpo de vidrio y el dise\u00f1o del atomizador se alinean con la est\u00e9tica de lujo, ideal para fragancias de alta gama, lociones para despu\u00e9s del afeitado o colonias.<\/li>\n<li>\u200b<strong>Eficiencia a granel<\/strong>Como fabricante de confianza, ofrecemos precios al por mayor competitivos y env\u00edo seguro para apoyar a mayoristas y empresas emergentes.<\/li>\n<\/ul>\n<h2>Ideal para:<\/h2>\n<p>\u200b<strong>Marcas de lujo<\/strong>:Eleva tu \u200b<strong>fragancia<\/strong>\u00a0l\u00ednea con \u200b<strong>embalaje elegante<\/strong>\u00a0que refleja calidad superior.<br \/>\n<strong>Apto para viajes:<\/strong> La exquisita y compacta botella de 50 ml se puede guardar f\u00e1cilmente en un bolso, elegante para llevar de viaje.<br \/>\n\u200b<strong>Marcas privadas<\/strong>:Crear \u200b<strong>\u00fanico<\/strong>\u00a0Marca con personalizaci\u00f3n<strong>contenedores<\/strong>\u00a0para nichos de mercado.<\/p>\n<p><strong>Asociese con nosotros hoy<\/strong><br \/>\nDestaca en la competitiva industria de las fragancias con \u200b<strong>hermosos frascos de perfume<\/strong>\u00a0Dise\u00f1ado para impresionar. \u00a1Solicite muestras o converse sobre pedidos al por mayor ahora y desbloquee el potencial de su marca!<\/p>","protected":false},"excerpt":{"rendered":"<p>Descubre los frascos de perfume m\u00e1s hermosos para marcas de lujo. Dise\u00f1os premium de cristal de 50 ml y 100 ml, tapones personalizables y opciones de gran volumen.<\/p>","protected":false},"featured_media":2918,"comment_status":"open","ping_status":"closed","template":"","meta":{"_acf_changed":false,"site-sidebar-layout":"default","site-content-layout":"","ast-site-content-layout":"default","site-content-style":"default","site-sidebar-style":"default","ast-global-header-display":"","ast-banner-title-visibility":"","ast-main-header-display":"","ast-hfb-above-header-display":"","ast-hfb-below-header-display":"","ast-hfb-mobile-header-display":"","site-post-title":"","ast-breadcrumbs-content":"","ast-featured-img":"","footer-sml-layout":"","ast-disable-related-posts":"","theme-transparent-header-meta":"default","adv-header-id-meta":"","stick-header-meta":"","header-above-stick-meta":"","header-main-stick-meta":"","header-below-stick-meta":"","astra-migrate-meta-layouts":"set","ast-page-background-enabled":"default","ast-page-background-meta":{"desktop":{"background-color":"var(--ast-global-color-5)","background-image":"","background-repeat":"repeat","background-position":"center center","background-size":"auto","background-attachment":"scroll","background-type":"","background-media":"","overlay-type":"","overlay-color":"","overlay-opacity":"","overlay-gradient":""},"tablet":{"background-color":"","background-image":"","background-repeat":"repeat","background-position":"center center","background-size":"auto","background-attachment":"scroll","background-type":"","background-media":"","overlay-type":"","overlay-color":"","overlay-opacity":"","overlay-gradient":""},"mobile":{"background-color":"","background-image":"","background-repeat":"repeat","background-position":"center center","background-size":"auto","background-attachment":"scroll","background-type":"","background-media":"","overlay-type":"","overlay-color":"","overlay-opacity":"","overlay-gradient":""}},"ast-content-background-meta":{"desktop":{"background-color":"var(--ast-global-color-4)","background-image":"","background-repeat":"repeat","background-position":"center center","background-size":"auto","background-attachment":"scroll","background-type":"","background-media":"","overlay-type":"","overlay-color":"","overlay-opacity":"","overlay-gradient":""},"tablet":{"background-color":"var(--ast-global-color-4)","background-image":"","background-repeat":"repeat","background-position":"center center","background-size":"auto","background-attachment":"scroll","background-type":"","background-media":"","overlay-type":"","overlay-color":"","overlay-opacity":"","overlay-gradient":""},"mobile":{"background-color":"var(--ast-global-color-4)","background-image":"","background-repeat":"repeat","background-position":"center center","background-size":"auto","background-attachment":"scroll","background-type":"","background-media":"","overlay-type":"","overlay-color":"","overlay-opacity":"","overlay-gradient":""}}},"product_brand":[],"product_cat":[72,41],"product_tag":[],"class_list":{"0":"post-2915","1":"product","2":"type-product","3":"status-publish","4":"has-post-thumbnail","6":"product_cat-cosmetic-packaging","7":"product_cat-perfume-bottles","8":"desktop-align-left","9":"tablet-align-left","10":"mobile-align-left","12":"first","13":"instock","14":"shipping-taxable","15":"product-type-simple"},"acf":[],"jetpack_sharing_enabled":true,"_links":{"self":[{"href":"https:\/\/theperfumebottles.com\/es\/wp-json\/wp\/v2\/product\/2915","targetHints":{"allow":["GET"]}}],"collection":[{"href":"https:\/\/theperfumebottles.com\/es\/wp-json\/wp\/v2\/product"}],"about":[{"href":"https:\/\/theperfumebottles.com\/es\/wp-json\/wp\/v2\/types\/product"}],"replies":[{"embeddable":true,"href":"https:\/\/theperfumebottles.com\/es\/wp-json\/wp\/v2\/comments?post=2915"}],"wp:featuredmedia":[{"embeddable":true,"href":"https:\/\/theperfumebottles.com\/es\/wp-json\/wp\/v2\/media\/2918"}],"wp:attachment":[{"href":"https:\/\/theperfumebottles.com\/es\/wp-json\/wp\/v2\/media?parent=2915"}],"wp:term":[{"taxonomy":"product_brand","embeddable":true,"href":"https:\/\/theperfumebottles.com\/es\/wp-json\/wp\/v2\/product_brand?post=2915"},{"taxonomy":"product_cat","embeddable":true,"href":"https:\/\/theperfumebottles.com\/es\/wp-json\/wp\/v2\/product_cat?post=2915"},{"taxonomy":"product_tag","embeddable":true,"href":"https:\/\/theperfumebottles.com\/es\/wp-json\/wp\/v2\/product_tag?post=2915"}],"curies":[{"name":"wp","href":"https:\/\/api.w.org\/{rel}","templated":true}]}}