{"id":2928,"date":"2025-03-27T06:17:19","date_gmt":"2025-03-27T06:17:19","guid":{"rendered":"https:\/\/theperfumebottles.com\/?post_type=product&#038;p=2928"},"modified":"2026-01-06T14:12:06","modified_gmt":"2026-01-06T06:12:06","slug":"luxury-crystal-perfume-bottles-with-marble-caps-30ml-50ml-100ml","status":"publish","type":"product","link":"https:\/\/theperfumebottles.com\/es\/product\/luxury-crystal-perfume-bottles-with-marble-caps-30ml-50ml-100ml\/","title":{"rendered":"Frascos de perfume de cristal de lujo con tapas de m\u00e1rmol | 30 ml\/50 ml\/100 ml"},"content":{"rendered":"<h2>Serie Esfera de M\u00e1rmol: Frascos de perfume de cristal de lujo para una marca de fragancias premium<\/h2>\n<p>Realce su l\u00ednea de fragancias con la Serie Esfera de M\u00e1rmol, una colecci\u00f3n de los mejores frascos de perfume que combinan precisi\u00f3n geom\u00e9trica y elegancia art\u00edstica. Dise\u00f1ados para marcas exigentes que buscan soluciones de envasado \u00fanicas, estos frascos de perfume de cristal combinan sofisticaci\u00f3n minimalista con elementos de dise\u00f1o audaces para cautivar a los consumidores.<\/p>\n<table style=\"border-collapse: collapse;margin-left: auto;margin-right: auto;width: 162.03pt\" border=\"0\" width=\"216\" cellspacing=\"0\" cellpadding=\"0\">\n<tbody>\n<tr style=\"height: 13.50pt\">\n<td style=\"height: 13.50pt;width: 54.00pt\" width=\"72\" height=\"18\">\n<p><figure id=\"attachment_2932\" aria-describedby=\"caption-attachment-2932\" style=\"width: 300px\" class=\"wp-caption aligncenter\"><img fetchpriority=\"high\" decoding=\"async\" class=\"size-medium wp-image-2932\" src=\"https:\/\/theperfumebottles.com\/wp-content\/uploads\/2025\/03\/perfume-bottles-GK0501-300x300.webp\" alt=\"Frascos de perfume de cristal de lujo con tapas de m\u00e1rmol\" width=\"300\" height=\"300\" srcset=\"https:\/\/theperfumebottles.com\/wp-content\/uploads\/2025\/03\/perfume-bottles-GK0501-300x300.webp 300w, https:\/\/theperfumebottles.com\/wp-content\/uploads\/2025\/03\/perfume-bottles-GK0501-150x150.webp 150w, https:\/\/theperfumebottles.com\/wp-content\/uploads\/2025\/03\/perfume-bottles-GK0501-768x768.webp 768w, https:\/\/theperfumebottles.com\/wp-content\/uploads\/2025\/03\/perfume-bottles-GK0501-12x12.webp 12w, https:\/\/theperfumebottles.com\/wp-content\/uploads\/2025\/03\/perfume-bottles-GK0501-600x600.webp 600w, https:\/\/theperfumebottles.com\/wp-content\/uploads\/2025\/03\/perfume-bottles-GK0501-100x100.webp 100w, https:\/\/theperfumebottles.com\/wp-content\/uploads\/2025\/03\/perfume-bottles-GK0501.webp 1000w\" sizes=\"(max-width: 300px) 100vw, 300px\" \/><figcaption id=\"caption-attachment-2932\" class=\"wp-caption-text\">30 ml\/PbGK0501<\/figcaption><\/figure><\/td>\n<td style=\"width: 54.00pt\" width=\"72\">\n<p><figure id=\"attachment_2933\" aria-describedby=\"caption-attachment-2933\" style=\"width: 300px\" class=\"wp-caption aligncenter\"><img decoding=\"async\" class=\"size-medium wp-image-2933\" src=\"https:\/\/theperfumebottles.com\/wp-content\/uploads\/2025\/03\/perfume-bottles-GK0502-300x300.webp\" alt=\"Frascos de perfume de cristal de lujo con tapas de m\u00e1rmol\" width=\"300\" height=\"300\" srcset=\"https:\/\/theperfumebottles.com\/wp-content\/uploads\/2025\/03\/perfume-bottles-GK0502-300x300.webp 300w, https:\/\/theperfumebottles.com\/wp-content\/uploads\/2025\/03\/perfume-bottles-GK0502-150x150.webp 150w, https:\/\/theperfumebottles.com\/wp-content\/uploads\/2025\/03\/perfume-bottles-GK0502-768x768.webp 768w, https:\/\/theperfumebottles.com\/wp-content\/uploads\/2025\/03\/perfume-bottles-GK0502-12x12.webp 12w, https:\/\/theperfumebottles.com\/wp-content\/uploads\/2025\/03\/perfume-bottles-GK0502-600x600.webp 600w, https:\/\/theperfumebottles.com\/wp-content\/uploads\/2025\/03\/perfume-bottles-GK0502-100x100.webp 100w, https:\/\/theperfumebottles.com\/wp-content\/uploads\/2025\/03\/perfume-bottles-GK0502.webp 1000w\" sizes=\"(max-width: 300px) 100vw, 300px\" \/><figcaption id=\"caption-attachment-2933\" class=\"wp-caption-text\">50 ml\/PbGK0502<\/figcaption><\/figure><\/td>\n<td style=\"width: 54.00pt\" width=\"72\">\n<p><figure id=\"attachment_2934\" aria-describedby=\"caption-attachment-2934\" style=\"width: 300px\" class=\"wp-caption aligncenter\"><img decoding=\"async\" class=\"size-medium wp-image-2934\" src=\"https:\/\/theperfumebottles.com\/wp-content\/uploads\/2025\/03\/perfume-bottles-GK0503-300x300.webp\" alt=\"Frascos de perfume de cristal de lujo con tapas de m\u00e1rmol\" width=\"300\" height=\"300\" srcset=\"https:\/\/theperfumebottles.com\/wp-content\/uploads\/2025\/03\/perfume-bottles-GK0503-300x300.webp 300w, https:\/\/theperfumebottles.com\/wp-content\/uploads\/2025\/03\/perfume-bottles-GK0503-150x150.webp 150w, https:\/\/theperfumebottles.com\/wp-content\/uploads\/2025\/03\/perfume-bottles-GK0503-768x768.webp 768w, https:\/\/theperfumebottles.com\/wp-content\/uploads\/2025\/03\/perfume-bottles-GK0503-12x12.webp 12w, https:\/\/theperfumebottles.com\/wp-content\/uploads\/2025\/03\/perfume-bottles-GK0503-600x600.webp 600w, https:\/\/theperfumebottles.com\/wp-content\/uploads\/2025\/03\/perfume-bottles-GK0503-100x100.webp 100w, https:\/\/theperfumebottles.com\/wp-content\/uploads\/2025\/03\/perfume-bottles-GK0503.webp 1000w\" sizes=\"(max-width: 300px) 100vw, 300px\" \/><figcaption id=\"caption-attachment-2934\" class=\"wp-caption-text\">100 ml\/PbGK0503<\/figcaption><\/figure><\/td>\n<\/tr>\n<\/tbody>\n<\/table>\n<h2>Especificaciones clave<\/h2>\n<div class=\"hyc-common-markdown__table-wrapper\">\n<table>\n<thead>\n<tr>\n<th>Modelo<\/th>\n<th>Capacidad<\/th>\n<th>Dimensiones<\/th>\n<th>Material<\/th>\n<th>Tipo de sello<\/th>\n<\/tr>\n<\/thead>\n<tbody>\n<tr>\n<td>PB-GK0501<\/td>\n<td>30 ml<\/td>\n<td>37\u00d737\u00d776 mm, calibre 15 mm<\/td>\n<td>Cristal<\/td>\n<td>Parte superior en aerosol<\/td>\n<\/tr>\n<tr>\n<td>PB-GK0502<\/td>\n<td>50ml<\/td>\n<td>41\u00d741\u00d785 mm, calibre 15 mm<\/td>\n<td>Cristal<\/td>\n<td>Parte superior en aerosol<\/td>\n<\/tr>\n<tr>\n<td>PB-GK0503<\/td>\n<td>100 ml<\/td>\n<td>52\u00d752\u00d7130 mm, calibre 15 mm<\/td>\n<td>Cristal<\/td>\n<td>Parte superior en aerosol<\/td>\n<\/tr>\n<\/tbody>\n<\/table>\n<\/div>\n<h2>\u00bfPor qu\u00e9 elegir la serie Marble Sphere?<\/h2>\n<h3>Para propietarios de marcas y comerciantes<\/h3>\n<p>Estos frascos de perfume vac\u00edos est\u00e1n dise\u00f1ados para satisfacer las demandas de fabricantes mayoristas y marcas nicho. El atomizador de 15 mm de ancho garantiza una dispersi\u00f3n uniforme de la fragancia, mientras que su dise\u00f1o modular permite modificaciones personalizadas.<\/p>\n<ul>\n<li>\u200b<strong>Forma de botella<\/strong>:Ajuste el estilo del hombro, el acabado del cuello o el grosor de la base.<\/li>\n<li>\u200b<strong>Tratamientos de superficies<\/strong>:Opte por texturas esmeriladas, colores degradados o serigraf\u00eda.<\/li>\n<li>\u200b<strong>Personalizaci\u00f3n de gorras<\/strong>:Acabados mate\/brillantes, remolinos personalizados o grabados de marca.<\/li>\n<\/ul>\n<h3>Aplicaciones vers\u00e1tiles<\/h3>\n<p>Perfecto para envasar perfumes de lujo, colonias de edici\u00f3n limitada o muestras de fragancias artesanales. La elegancia del cristal, combinada con tapones de inspiraci\u00f3n m\u00e1rmol, garantiza que su producto destaque en los estantes y en sus colecciones personales.<\/p>\n<h2>Eleve su marca con una artesan\u00eda inigualable<\/h2>\n<p>La Serie Esfera de M\u00e1rmol no se trata solo de envases, sino de contar historias. Cada botella refleja la armon\u00eda de una geometr\u00eda moderna con un arte atemporal, lo que la convierte en un producto imprescindible para las marcas que priorizan la excelencia en su imagen.<\/p>\n<p><strong>Pedidos al por mayor y cotizaciones personalizadas disponibles<\/strong><br \/>\n\u00a1Cont\u00e1ctanos hoy para transformar tus botellas de vidrio vac\u00edas en activos de lujo de marca!<\/p>","protected":false},"excerpt":{"rendered":"<p>Descubra los frascos de perfume de cristal con tapones de m\u00e1rmol art\u00edstico. Perfectos para marcas de fragancias de lujo. Personalizaci\u00f3n al por mayor, 3 tama\u00f1os y elegantes soluciones de marca.<\/p>","protected":false},"featured_media":2934,"comment_status":"open","ping_status":"closed","template":"","meta":{"_acf_changed":false,"site-sidebar-layout":"default","site-content-layout":"","ast-site-content-layout":"default","site-content-style":"default","site-sidebar-style":"default","ast-global-header-display":"","ast-banner-title-visibility":"","ast-main-header-display":"","ast-hfb-above-header-display":"","ast-hfb-below-header-display":"","ast-hfb-mobile-header-display":"","site-post-title":"","ast-breadcrumbs-content":"","ast-featured-img":"","footer-sml-layout":"","ast-disable-related-posts":"","theme-transparent-header-meta":"default","adv-header-id-meta":"","stick-header-meta":"","header-above-stick-meta":"","header-main-stick-meta":"","header-below-stick-meta":"","astra-migrate-meta-layouts":"set","ast-page-background-enabled":"default","ast-page-background-meta":{"desktop":{"background-color":"var(--ast-global-color-5)","background-image":"","background-repeat":"repeat","background-position":"center center","background-size":"auto","background-attachment":"scroll","background-type":"","background-media":"","overlay-type":"","overlay-color":"","overlay-opacity":"","overlay-gradient":""},"tablet":{"background-color":"","background-image":"","background-repeat":"repeat","background-position":"center center","background-size":"auto","background-attachment":"scroll","background-type":"","background-media":"","overlay-type":"","overlay-color":"","overlay-opacity":"","overlay-gradient":""},"mobile":{"background-color":"","background-image":"","background-repeat":"repeat","background-position":"center center","background-size":"auto","background-attachment":"scroll","background-type":"","background-media":"","overlay-type":"","overlay-color":"","overlay-opacity":"","overlay-gradient":""}},"ast-content-background-meta":{"desktop":{"background-color":"var(--ast-global-color-4)","background-image":"","background-repeat":"repeat","background-position":"center center","background-size":"auto","background-attachment":"scroll","background-type":"","background-media":"","overlay-type":"","overlay-color":"","overlay-opacity":"","overlay-gradient":""},"tablet":{"background-color":"var(--ast-global-color-4)","background-image":"","background-repeat":"repeat","background-position":"center center","background-size":"auto","background-attachment":"scroll","background-type":"","background-media":"","overlay-type":"","overlay-color":"","overlay-opacity":"","overlay-gradient":""},"mobile":{"background-color":"var(--ast-global-color-4)","background-image":"","background-repeat":"repeat","background-position":"center center","background-size":"auto","background-attachment":"scroll","background-type":"","background-media":"","overlay-type":"","overlay-color":"","overlay-opacity":"","overlay-gradient":""}}},"product_brand":[],"product_cat":[72,91,41],"product_tag":[],"class_list":{"0":"post-2928","1":"product","2":"type-product","3":"status-publish","4":"has-post-thumbnail","6":"product_cat-cosmetic-packaging","7":"product_cat-custom-perfume-bottles","8":"product_cat-perfume-bottles","9":"desktop-align-left","10":"tablet-align-left","11":"mobile-align-left","13":"first","14":"instock","15":"shipping-taxable","16":"product-type-simple"},"acf":[],"jetpack_sharing_enabled":true,"_links":{"self":[{"href":"https:\/\/theperfumebottles.com\/es\/wp-json\/wp\/v2\/product\/2928","targetHints":{"allow":["GET"]}}],"collection":[{"href":"https:\/\/theperfumebottles.com\/es\/wp-json\/wp\/v2\/product"}],"about":[{"href":"https:\/\/theperfumebottles.com\/es\/wp-json\/wp\/v2\/types\/product"}],"replies":[{"embeddable":true,"href":"https:\/\/theperfumebottles.com\/es\/wp-json\/wp\/v2\/comments?post=2928"}],"wp:featuredmedia":[{"embeddable":true,"href":"https:\/\/theperfumebottles.com\/es\/wp-json\/wp\/v2\/media\/2934"}],"wp:attachment":[{"href":"https:\/\/theperfumebottles.com\/es\/wp-json\/wp\/v2\/media?parent=2928"}],"wp:term":[{"taxonomy":"product_brand","embeddable":true,"href":"https:\/\/theperfumebottles.com\/es\/wp-json\/wp\/v2\/product_brand?post=2928"},{"taxonomy":"product_cat","embeddable":true,"href":"https:\/\/theperfumebottles.com\/es\/wp-json\/wp\/v2\/product_cat?post=2928"},{"taxonomy":"product_tag","embeddable":true,"href":"https:\/\/theperfumebottles.com\/es\/wp-json\/wp\/v2\/product_tag?post=2928"}],"curies":[{"name":"wp","href":"https:\/\/api.w.org\/{rel}","templated":true}]}}