{"id":2943,"date":"2025-04-01T07:30:00","date_gmt":"2025-04-01T07:30:00","guid":{"rendered":"https:\/\/theperfumebottles.com\/?post_type=product&#038;p=2943"},"modified":"2025-04-18T01:46:50","modified_gmt":"2025-04-18T01:46:50","slug":"30ml-50ml-100ml-perfume-empty-spray-bottles-with-spherical-caps","status":"publish","type":"product","link":"https:\/\/theperfumebottles.com\/es\/product\/30ml-50ml-100ml-perfume-empty-spray-bottles-with-spherical-caps\/","title":{"rendered":"Frascos de perfume vac\u00edos con pulverizador de 30 ml, 50 ml y 100 ml con tapones esf\u00e9ricos"},"content":{"rendered":"<p>Nuestra serie de frascos de perfume GK07 es art\u00edstica y pr\u00e1ctica, adecuada para varias marcas y las opciones de personalizaci\u00f3n realzan el encanto de la marca.<\/p>\n<h2>Especificaciones clave<\/h2>\n<div class=\"hyc-common-markdown__table-wrapper\">\n<table>\n<thead>\n<tr>\n<th>Modelo<\/th>\n<th>Capacidad<\/th>\n<th>Dimensiones (alto*ancho)<\/th>\n<th>Opciones de color de la tapa<\/th>\n<th>Funciones personalizables<\/th>\n<\/tr>\n<\/thead>\n<tbody>\n<tr>\n<td>PB-GK0701<\/td>\n<td>30 ml<\/td>\n<td>38 * 89 mil\u00edmetros<\/td>\n<td>Blanco\/Negro\/Azul<\/td>\n<td>Rojo, morado, verde, etc.<\/td>\n<\/tr>\n<tr>\n<td>PB-GK0702<\/td>\n<td>50ml<\/td>\n<td>42 * 98 mil\u00edmetros<\/td>\n<td>Blanco\/Negro\/Azul<\/td>\n<td>Logotipos grabados, vidrio degradado.<\/td>\n<\/tr>\n<tr>\n<td>PB-GK0703<\/td>\n<td>100 ml<\/td>\n<td>48 * 130 mil\u00edmetros<\/td>\n<td>Blanco\/Negro\/Azul<\/td>\n<td>Textura esmerilada, efectos de m\u00e1rmol.<\/td>\n<\/tr>\n<\/tbody>\n<\/table>\n<\/div>\n<p><em>Todos los modelos cuentan con sellos de tapa de rosca, calibre 15 mm y formas de vidrio redondas.<\/em><\/p>\n<h2>Personalizaci\u00f3n para una marca \u00fanica<\/h2>\n<p>Transforma frascos de perfume vac\u00edos en obras maestras narrativas:<\/p>\n<ul>\n<li>\u200b<strong>Detalles grabados<\/strong>:Agregue permanencia con logotipos o patrones grabados con l\u00e1ser.<\/li>\n<li>\u200b<strong>Flexibilidad de color<\/strong>:Opta por un frasco de perfume de mujer atrevido o con acabados esmerilados sutiles.<\/li>\n<li>\u200b<strong>Soluciones de embalaje a granel<\/strong>:Ideal para marcas que necesitan contenedores cohesivos y de gran volumen.<\/li>\n<\/ul>\n<h2>\u00bfPor qu\u00e9 elegir estos frascos de perfume?<\/h2>\n<p>Dise\u00f1ados para marcas de lujo y fabricantes de marcas blancas, estos atomizadores combinan elegancia y practicidad. Su cristal transparente y su dise\u00f1o orbicular realzan la experiencia de desempaquetado, mientras que las opciones de personalizaci\u00f3n (grabado, efectos degradados) garantizan que tu fragancia destaque.<\/p>\n<p><strong>Ideal para<\/strong>:<\/p>\n<ul>\n<li>Marcas de perfumes de alta gama<\/li>\n<li>Creadores de colonias de nicho<\/li>\n<li>Sets de regalo personalizados o ediciones limitadas<\/li>\n<\/ul>\n<p><strong>Pedidos al por mayor y soporte OEM<\/strong>Como fabricante confiable de envases de vidrio, ofrecemos precios competitivos al por mayor y soluciones de marca personalizadas. Deje que su fragancia brille en botellas que representan la elegancia: cont\u00e1ctenos hoy mismo para crear sus botellas de perfume con atomizador vac\u00edas.<\/p>","protected":false},"excerpt":{"rendered":"<p>Realza la imagen de tu fragancia con frascos de perfume personalizados para mujer y atomizadores vac\u00edos premium. Pedidos al por mayor, cristal y dise\u00f1os grabados disponibles.<\/p>","protected":false},"featured_media":2945,"comment_status":"open","ping_status":"closed","template":"","meta":{"_acf_changed":false,"site-sidebar-layout":"default","site-content-layout":"","ast-site-content-layout":"default","site-content-style":"default","site-sidebar-style":"default","ast-global-header-display":"","ast-banner-title-visibility":"","ast-main-header-display":"","ast-hfb-above-header-display":"","ast-hfb-below-header-display":"","ast-hfb-mobile-header-display":"","site-post-title":"","ast-breadcrumbs-content":"","ast-featured-img":"","footer-sml-layout":"","ast-disable-related-posts":"","theme-transparent-header-meta":"default","adv-header-id-meta":"","stick-header-meta":"","header-above-stick-meta":"","header-main-stick-meta":"","header-below-stick-meta":"","astra-migrate-meta-layouts":"set","ast-page-background-enabled":"default","ast-page-background-meta":{"desktop":{"background-color":"var(--ast-global-color-5)","background-image":"","background-repeat":"repeat","background-position":"center center","background-size":"auto","background-attachment":"scroll","background-type":"","background-media":"","overlay-type":"","overlay-color":"","overlay-opacity":"","overlay-gradient":""},"tablet":{"background-color":"","background-image":"","background-repeat":"repeat","background-position":"center center","background-size":"auto","background-attachment":"scroll","background-type":"","background-media":"","overlay-type":"","overlay-color":"","overlay-opacity":"","overlay-gradient":""},"mobile":{"background-color":"","background-image":"","background-repeat":"repeat","background-position":"center center","background-size":"auto","background-attachment":"scroll","background-type":"","background-media":"","overlay-type":"","overlay-color":"","overlay-opacity":"","overlay-gradient":""}},"ast-content-background-meta":{"desktop":{"background-color":"var(--ast-global-color-4)","background-image":"","background-repeat":"repeat","background-position":"center center","background-size":"auto","background-attachment":"scroll","background-type":"","background-media":"","overlay-type":"","overlay-color":"","overlay-opacity":"","overlay-gradient":""},"tablet":{"background-color":"var(--ast-global-color-4)","background-image":"","background-repeat":"repeat","background-position":"center center","background-size":"auto","background-attachment":"scroll","background-type":"","background-media":"","overlay-type":"","overlay-color":"","overlay-opacity":"","overlay-gradient":""},"mobile":{"background-color":"var(--ast-global-color-4)","background-image":"","background-repeat":"repeat","background-position":"center center","background-size":"auto","background-attachment":"scroll","background-type":"","background-media":"","overlay-type":"","overlay-color":"","overlay-opacity":"","overlay-gradient":""}}},"product_brand":[],"product_cat":[72,91,41],"product_tag":[],"class_list":{"0":"post-2943","1":"product","2":"type-product","3":"status-publish","4":"has-post-thumbnail","6":"product_cat-cosmetic-packaging","7":"product_cat-custom-perfume-bottles","8":"product_cat-perfume-bottles","9":"desktop-align-left","10":"tablet-align-left","11":"mobile-align-left","13":"first","14":"instock","15":"shipping-taxable","16":"product-type-simple"},"acf":[],"jetpack_sharing_enabled":true,"_links":{"self":[{"href":"https:\/\/theperfumebottles.com\/es\/wp-json\/wp\/v2\/product\/2943","targetHints":{"allow":["GET"]}}],"collection":[{"href":"https:\/\/theperfumebottles.com\/es\/wp-json\/wp\/v2\/product"}],"about":[{"href":"https:\/\/theperfumebottles.com\/es\/wp-json\/wp\/v2\/types\/product"}],"replies":[{"embeddable":true,"href":"https:\/\/theperfumebottles.com\/es\/wp-json\/wp\/v2\/comments?post=2943"}],"wp:featuredmedia":[{"embeddable":true,"href":"https:\/\/theperfumebottles.com\/es\/wp-json\/wp\/v2\/media\/2945"}],"wp:attachment":[{"href":"https:\/\/theperfumebottles.com\/es\/wp-json\/wp\/v2\/media?parent=2943"}],"wp:term":[{"taxonomy":"product_brand","embeddable":true,"href":"https:\/\/theperfumebottles.com\/es\/wp-json\/wp\/v2\/product_brand?post=2943"},{"taxonomy":"product_cat","embeddable":true,"href":"https:\/\/theperfumebottles.com\/es\/wp-json\/wp\/v2\/product_cat?post=2943"},{"taxonomy":"product_tag","embeddable":true,"href":"https:\/\/theperfumebottles.com\/es\/wp-json\/wp\/v2\/product_tag?post=2943"}],"curies":[{"name":"wp","href":"https:\/\/api.w.org\/{rel}","templated":true}]}}