{"id":2963,"date":"2025-04-03T06:36:47","date_gmt":"2025-04-03T06:36:47","guid":{"rendered":"https:\/\/theperfumebottles.com\/?post_type=product&#038;p=2963"},"modified":"2025-05-30T10:52:58","modified_gmt":"2025-05-30T02:52:58","slug":"empty-refillable-perfume-bottles-leakproof-glass-perfume-refillable-bottles","status":"publish","type":"product","link":"https:\/\/theperfumebottles.com\/es\/product\/empty-refillable-perfume-bottles-leakproof-glass-perfume-refillable-bottles\/","title":{"rendered":"Botellas de perfume de vidrio vac\u00edas y rellenables de 2 ml, 3 ml, 5 ml y 10 ml"},"content":{"rendered":"<p>Creamos botellas rellenables elegantes, pr\u00e1cticas y ecol\u00f3gicas para marcas comprometidas con la sostenibilidad. Ya sea en formato de viaje, de muestra o de marca compartida, esta botella de perfume de vidrio har\u00e1 brillar tu fragancia a la vez que protege el planeta.<\/p>\n<h2>Especificaciones t\u00e9cnicas<\/h2>\n<div class=\"hyc-common-markdown__table-wrapper\">\n<table>\n<thead>\n<tr>\n<th>Capacidad<\/th>\n<th>Altura de la botella<\/th>\n<th>Di\u00e1metro interior<\/th>\n<th>Cantidad de embalaje<\/th>\n<th>Tama\u00f1o de la caja (cm)<\/th>\n<\/tr>\n<\/thead>\n<tbody>\n<tr>\n<td>2 ml<\/td>\n<td>30 mm<\/td>\n<td>6,5 mm<\/td>\n<td>4,830<\/td>\n<td>45,5 x 29 x 29<\/td>\n<\/tr>\n<tr>\n<td>3 ml<\/td>\n<td>40 mm<\/td>\n<td>6,5 mm<\/td>\n<td>3,450<\/td>\n<td>45,5 x 29 x 29<\/td>\n<\/tr>\n<tr>\n<td>5 ml<\/td>\n<td>55 mm<\/td>\n<td>6,5 mm<\/td>\n<td>2,760<\/td>\n<td>45,5 x 29 x 29<\/td>\n<\/tr>\n<tr>\n<td>10 ml<\/td>\n<td>100 mm<\/td>\n<td>6,5 mm<\/td>\n<td>2,277<\/td>\n<td>49x30x33.5<\/td>\n<\/tr>\n<\/tbody>\n<\/table>\n<\/div>\n<h2>\u00bfPor qu\u00e9 elegir nuestras botellas de perfume de vidrio rellenables?<\/h2>\n<ul>\n<li><strong>Una botella para m\u00faltiples usos:<\/strong> Puede contener perfume\/colonia\/aceite esencial.<\/li>\n<li><strong>Ecol\u00f3gico y rentable:<\/strong> Libro de contabilidad ecol\u00f3gico: la reutilizaci\u00f3n reduce en un 300% los residuos de envases.<\/li>\n<li><strong>Ventaja comercial:<\/strong> Precio al por mayor + entrega segura a nivel mundial, cuidamos cada pedido como una obra de arte.<\/li>\n<\/ul>\n<h2>Beneficios de personalizaci\u00f3n y pedidos al por mayor<\/h2>\n<ul>\n<li><strong>Opciones de personalizaci\u00f3n:<\/strong> La delicada textura de la serigraf\u00eda, la exquisita artesan\u00eda del grabado l\u00e1ser o la creatividad creativa de las etiquetas adhesivas.<\/li>\n<li><strong>Pedidos al por mayor para obtener m\u00e1s valor:<\/strong> Cooperaci\u00f3n a gran escala, mejores precios: que cada inversi\u00f3n se convierta en un salto en el valor de la marca<\/li>\n<li><strong>Env\u00edos globales:<\/strong> Embalaje seguro y a prueba de fugas para un transporte seguro.<\/li>\n<\/ul>\n<p>\u00bfBuscas un fabricante confiable? \u00a1Cont\u00e1ctanos para encargar frascos de perfume vac\u00edos y rellenables, adaptados a la visi\u00f3n de tu marca!<\/p>","protected":false},"excerpt":{"rendered":"<p>Descubra frascos de perfume vac\u00edos rellenables premium para viajes y pedidos al por mayor. Frascos de perfume de vidrio personalizados rellenables con dise\u00f1o herm\u00e9tico.<\/p>","protected":false},"featured_media":2966,"comment_status":"open","ping_status":"closed","template":"","meta":{"_acf_changed":false,"site-sidebar-layout":"default","site-content-layout":"","ast-site-content-layout":"default","site-content-style":"default","site-sidebar-style":"default","ast-global-header-display":"","ast-banner-title-visibility":"","ast-main-header-display":"","ast-hfb-above-header-display":"","ast-hfb-below-header-display":"","ast-hfb-mobile-header-display":"","site-post-title":"","ast-breadcrumbs-content":"","ast-featured-img":"","footer-sml-layout":"","ast-disable-related-posts":"","theme-transparent-header-meta":"default","adv-header-id-meta":"","stick-header-meta":"","header-above-stick-meta":"","header-main-stick-meta":"","header-below-stick-meta":"","astra-migrate-meta-layouts":"set","ast-page-background-enabled":"default","ast-page-background-meta":{"desktop":{"background-color":"var(--ast-global-color-5)","background-image":"","background-repeat":"repeat","background-position":"center center","background-size":"auto","background-attachment":"scroll","background-type":"","background-media":"","overlay-type":"","overlay-color":"","overlay-opacity":"","overlay-gradient":""},"tablet":{"background-color":"","background-image":"","background-repeat":"repeat","background-position":"center center","background-size":"auto","background-attachment":"scroll","background-type":"","background-media":"","overlay-type":"","overlay-color":"","overlay-opacity":"","overlay-gradient":""},"mobile":{"background-color":"","background-image":"","background-repeat":"repeat","background-position":"center center","background-size":"auto","background-attachment":"scroll","background-type":"","background-media":"","overlay-type":"","overlay-color":"","overlay-opacity":"","overlay-gradient":""}},"ast-content-background-meta":{"desktop":{"background-color":"var(--ast-global-color-4)","background-image":"","background-repeat":"repeat","background-position":"center center","background-size":"auto","background-attachment":"scroll","background-type":"","background-media":"","overlay-type":"","overlay-color":"","overlay-opacity":"","overlay-gradient":""},"tablet":{"background-color":"var(--ast-global-color-4)","background-image":"","background-repeat":"repeat","background-position":"center center","background-size":"auto","background-attachment":"scroll","background-type":"","background-media":"","overlay-type":"","overlay-color":"","overlay-opacity":"","overlay-gradient":""},"mobile":{"background-color":"var(--ast-global-color-4)","background-image":"","background-repeat":"repeat","background-position":"center center","background-size":"auto","background-attachment":"scroll","background-type":"","background-media":"","overlay-type":"","overlay-color":"","overlay-opacity":"","overlay-gradient":""}}},"product_brand":[],"product_cat":[72,91,74,41,90],"product_tag":[],"class_list":{"0":"post-2963","1":"product","2":"type-product","3":"status-publish","4":"has-post-thumbnail","6":"product_cat-cosmetic-packaging","7":"product_cat-custom-perfume-bottles","8":"product_cat-mini-perfume-bottles","9":"product_cat-perfume-bottles","10":"product_cat-refillable-perfume-bottles","11":"desktop-align-left","12":"tablet-align-left","13":"mobile-align-left","15":"first","16":"instock","17":"shipping-taxable","18":"product-type-simple"},"acf":[],"jetpack_sharing_enabled":true,"_links":{"self":[{"href":"https:\/\/theperfumebottles.com\/es\/wp-json\/wp\/v2\/product\/2963","targetHints":{"allow":["GET"]}}],"collection":[{"href":"https:\/\/theperfumebottles.com\/es\/wp-json\/wp\/v2\/product"}],"about":[{"href":"https:\/\/theperfumebottles.com\/es\/wp-json\/wp\/v2\/types\/product"}],"replies":[{"embeddable":true,"href":"https:\/\/theperfumebottles.com\/es\/wp-json\/wp\/v2\/comments?post=2963"}],"wp:featuredmedia":[{"embeddable":true,"href":"https:\/\/theperfumebottles.com\/es\/wp-json\/wp\/v2\/media\/2966"}],"wp:attachment":[{"href":"https:\/\/theperfumebottles.com\/es\/wp-json\/wp\/v2\/media?parent=2963"}],"wp:term":[{"taxonomy":"product_brand","embeddable":true,"href":"https:\/\/theperfumebottles.com\/es\/wp-json\/wp\/v2\/product_brand?post=2963"},{"taxonomy":"product_cat","embeddable":true,"href":"https:\/\/theperfumebottles.com\/es\/wp-json\/wp\/v2\/product_cat?post=2963"},{"taxonomy":"product_tag","embeddable":true,"href":"https:\/\/theperfumebottles.com\/es\/wp-json\/wp\/v2\/product_tag?post=2963"}],"curies":[{"name":"wp","href":"https:\/\/api.w.org\/{rel}","templated":true}]}}