{"id":2990,"date":"2025-04-08T04:01:41","date_gmt":"2025-04-08T04:01:41","guid":{"rendered":"https:\/\/theperfumebottles.com\/?post_type=product&#038;p=2990"},"modified":"2026-04-01T11:39:35","modified_gmt":"2026-04-01T03:39:35","slug":"small-refillable-perfume-bottles-gold-accent-glass-perfume-bottle","status":"publish","type":"product","link":"https:\/\/theperfumebottles.com\/es\/product\/small-refillable-perfume-bottles-gold-accent-glass-perfume-bottle\/","title":{"rendered":"Small Refillable Perfume Bottles with Gold Accents"},"content":{"rendered":"<h2>Refillable Perfume Bottles: Luxury Meets Sustainability<\/h2>\n<p>Realce la imagen de su fragancia con nuestros peque\u00f1os frascos rellenables: la fusi\u00f3n perfecta de opulencia y dise\u00f1o ecol\u00f3gico. Como fabricante de confianza de frascos de perfume de vidrio premium, ofrecemos colecciones de frascos dorados que redefinen el packaging de lujo para marcas exigentes.<\/p>\n<h2>\u00bfPor qu\u00e9 elegir nuestras botellas de perfume recargables?<\/h2>\n<p>1. \u200b<strong>Realeza de marca personalizada<\/strong><br \/>\nCorona tu fragancia con nuestro dise\u00f1o vintage de botella de perfume con corona, con ba\u00f1o de oro de 24 quilates y tapas con cristales tallados. Ideal para personalizar tu logotipo y ajustar el color.<\/p>\n<p>2. \u200b<strong>Rendimiento listo para viajar<\/strong><br \/>\nPase los controles de seguridad de los aviones sin esfuerzo gracias a su tecnolog\u00eda de atomizador a prueba de fugas. Resiste temperaturas de -20 \u00b0C a 40 \u00b0C, ideal para colonias de viaje.<\/p>\n<p>3. \u200b<strong>Versatilidad multifuncional<\/strong><br \/>\nAdem\u00e1s de perfume, \u00faselo para protector solar en aerosol, t\u00f3nicos o agua desmaquillante. Cuatro formas \u00fanicas de botellas de vidrio (capacidad de 50 ml) se adaptan a cualquier l\u00ednea de productos.<\/p>\n<h2>Especificaciones clave<\/h2>\n<table style=\"border-collapse: collapse; width: 80%; margin-left: auto; margin-right: auto;\" border=\"0\" width=\"80%\" cellspacing=\"0\" cellpadding=\"0\">\n<tbody>\n<tr style=\"height: 13.50pt;\">\n<td class=\"et3\" style=\"height: 13.50pt; width: 95.25pt;\" width=\"127\" height=\"18\">Estilo<\/td>\n<td class=\"et3\" style=\"width: 65.25pt;\" width=\"87\">Capacidad<\/td>\n<td class=\"et3\" style=\"width: 89.25pt;\" width=\"119\">Altura total<\/td>\n<td class=\"et3\" style=\"width: 84.00pt;\" width=\"112\">Altura del cuerpo<\/td>\n<td class=\"et3\" style=\"width: 54.00pt;\" width=\"72\">Ancho<\/td>\n<td class=\"et3\" style=\"width: 171.75pt;\" width=\"229\">Caracter\u00edstica especial<\/td>\n<\/tr>\n<tr style=\"height: 13.50pt;\">\n<td class=\"et4\" style=\"height: 13.50pt; width: 95.25pt;\" width=\"127\" height=\"18\">Cuadrado<\/td>\n<td class=\"et4\" style=\"width: 65.25pt;\" width=\"87\">30 ml<\/td>\n<td class=\"et4\" style=\"width: 89.25pt;\" width=\"119\">87 mm<\/td>\n<td class=\"et4\" style=\"width: 84.00pt;\" width=\"112\">58 mm<\/td>\n<td class=\"et4\" style=\"width: 54.00pt;\" width=\"72\">38 mm<\/td>\n<td class=\"et4\" style=\"width: 171.75pt;\" width=\"229\">Perfil geom\u00e9trico moderno<\/td>\n<\/tr>\n<tr style=\"height: 13.50pt;\">\n<td class=\"et4\" style=\"height: 13.50pt; width: 95.25pt;\" width=\"127\" height=\"18\">Oval<\/td>\n<td class=\"et4\" style=\"width: 65.25pt;\" width=\"87\">50 ml<\/td>\n<td class=\"et4\" style=\"width: 89.25pt;\" width=\"119\">130 mm<\/td>\n<td class=\"et4\" style=\"width: 84.00pt;\" width=\"112\">98 mm<\/td>\n<td class=\"et4\" style=\"width: 54.00pt;\" width=\"72\">67 mm<\/td>\n<td class=\"et4\" style=\"width: 171.75pt;\" width=\"229\">Dise\u00f1o de agarre ergon\u00f3mico<\/td>\n<\/tr>\n<tr style=\"height: 13.50pt;\">\n<td class=\"et4\" style=\"height: 13.50pt; width: 95.25pt;\" width=\"127\" height=\"18\">Ronda cl\u00e1sica<\/td>\n<td class=\"et2\">50 ml<\/td>\n<td class=\"et4\" style=\"width: 89.25pt;\" width=\"119\">106 mm<\/td>\n<td class=\"et4\" style=\"width: 84.00pt;\" width=\"112\">75 mm<\/td>\n<td class=\"et4\" style=\"width: 54.00pt;\" width=\"72\">48 mm<\/td>\n<td class=\"et4\" style=\"width: 171.75pt;\" width=\"229\">Est\u00e9tica de lujo atemporal<\/td>\n<\/tr>\n<tr style=\"height: 13.50pt;\">\n<td class=\"et4\" style=\"height: 13.50pt; width: 95.25pt;\" width=\"127\" height=\"18\">Corona vintage<\/td>\n<td class=\"et4\" style=\"width: 65.25pt;\" width=\"87\">60 ml<\/td>\n<td class=\"et4\" style=\"width: 89.25pt;\" width=\"119\">96 mm<\/td>\n<td class=\"et4\" style=\"width: 84.00pt;\" width=\"112\">64 mm<\/td>\n<td class=\"et4\" style=\"width: 54.00pt;\" width=\"72\">60 mm<\/td>\n<td class=\"et4\" style=\"width: 171.75pt;\" width=\"229\">Gorra majestuosa con cubierta de cristal<\/td>\n<\/tr>\n<\/tbody>\n<\/table>\n<h2>Ideal para:<\/h2>\n<ul>\n<li>Redise\u00f1o de envases de perfumes de lujo<\/li>\n<li>Colecciones de colonia en frascos de oro<\/li>\n<li>Sets de regalo de edici\u00f3n limitada<\/li>\n<li>L\u00edneas de cuidado de la piel de marca privada<\/li>\n<\/ul>\n<p>Cree su experiencia de aroma exclusivo hoy mismo: cont\u00e1ctenos para satisfacer sus necesidades personalizadas de botellas de perfume recargables.<\/p>","protected":false},"excerpt":{"rendered":"<p>Frascos de perfume peque\u00f1os rellenables premium con detalles dorados y tapones de cristal. Envases de lujo personalizables para marcas de fragancias. Ecol\u00f3gicos y seguros para viajar.<\/p>","protected":false},"featured_media":2992,"comment_status":"open","ping_status":"closed","template":"","meta":{"_acf_changed":false,"site-sidebar-layout":"default","site-content-layout":"","ast-site-content-layout":"default","site-content-style":"default","site-sidebar-style":"default","ast-global-header-display":"","ast-banner-title-visibility":"","ast-main-header-display":"","ast-hfb-above-header-display":"","ast-hfb-below-header-display":"","ast-hfb-mobile-header-display":"","site-post-title":"","ast-breadcrumbs-content":"","ast-featured-img":"","footer-sml-layout":"","ast-disable-related-posts":"","theme-transparent-header-meta":"default","adv-header-id-meta":"","stick-header-meta":"","header-above-stick-meta":"","header-main-stick-meta":"","header-below-stick-meta":"","astra-migrate-meta-layouts":"set","ast-page-background-enabled":"default","ast-page-background-meta":{"desktop":{"background-color":"var(--ast-global-color-5)","background-image":"","background-repeat":"repeat","background-position":"center center","background-size":"auto","background-attachment":"scroll","background-type":"","background-media":"","overlay-type":"","overlay-color":"","overlay-opacity":"","overlay-gradient":""},"tablet":{"background-color":"","background-image":"","background-repeat":"repeat","background-position":"center center","background-size":"auto","background-attachment":"scroll","background-type":"","background-media":"","overlay-type":"","overlay-color":"","overlay-opacity":"","overlay-gradient":""},"mobile":{"background-color":"","background-image":"","background-repeat":"repeat","background-position":"center center","background-size":"auto","background-attachment":"scroll","background-type":"","background-media":"","overlay-type":"","overlay-color":"","overlay-opacity":"","overlay-gradient":""}},"ast-content-background-meta":{"desktop":{"background-color":"var(--ast-global-color-4)","background-image":"","background-repeat":"repeat","background-position":"center center","background-size":"auto","background-attachment":"scroll","background-type":"","background-media":"","overlay-type":"","overlay-color":"","overlay-opacity":"","overlay-gradient":""},"tablet":{"background-color":"var(--ast-global-color-4)","background-image":"","background-repeat":"repeat","background-position":"center center","background-size":"auto","background-attachment":"scroll","background-type":"","background-media":"","overlay-type":"","overlay-color":"","overlay-opacity":"","overlay-gradient":""},"mobile":{"background-color":"var(--ast-global-color-4)","background-image":"","background-repeat":"repeat","background-position":"center center","background-size":"auto","background-attachment":"scroll","background-type":"","background-media":"","overlay-type":"","overlay-color":"","overlay-opacity":"","overlay-gradient":""}}},"product_brand":[],"product_cat":[90,72,41],"product_tag":[],"class_list":{"0":"post-2990","1":"product","2":"type-product","3":"status-publish","4":"has-post-thumbnail","6":"product_cat-refillable-perfume-bottles","7":"product_cat-cosmetic-packaging","8":"product_cat-perfume-bottles","9":"desktop-align-left","10":"tablet-align-left","11":"mobile-align-left","13":"first","14":"instock","15":"shipping-taxable","16":"product-type-simple"},"acf":[],"jetpack_sharing_enabled":true,"_links":{"self":[{"href":"https:\/\/theperfumebottles.com\/es\/wp-json\/wp\/v2\/product\/2990","targetHints":{"allow":["GET"]}}],"collection":[{"href":"https:\/\/theperfumebottles.com\/es\/wp-json\/wp\/v2\/product"}],"about":[{"href":"https:\/\/theperfumebottles.com\/es\/wp-json\/wp\/v2\/types\/product"}],"replies":[{"embeddable":true,"href":"https:\/\/theperfumebottles.com\/es\/wp-json\/wp\/v2\/comments?post=2990"}],"wp:featuredmedia":[{"embeddable":true,"href":"https:\/\/theperfumebottles.com\/es\/wp-json\/wp\/v2\/media\/2992"}],"wp:attachment":[{"href":"https:\/\/theperfumebottles.com\/es\/wp-json\/wp\/v2\/media?parent=2990"}],"wp:term":[{"taxonomy":"product_brand","embeddable":true,"href":"https:\/\/theperfumebottles.com\/es\/wp-json\/wp\/v2\/product_brand?post=2990"},{"taxonomy":"product_cat","embeddable":true,"href":"https:\/\/theperfumebottles.com\/es\/wp-json\/wp\/v2\/product_cat?post=2990"},{"taxonomy":"product_tag","embeddable":true,"href":"https:\/\/theperfumebottles.com\/es\/wp-json\/wp\/v2\/product_tag?post=2990"}],"curies":[{"name":"wp","href":"https:\/\/api.w.org\/{rel}","templated":true}]}}