{"id":3112,"date":"2025-04-21T07:10:15","date_gmt":"2025-04-21T07:10:15","guid":{"rendered":"https:\/\/theperfumebottles.com\/?post_type=product&#038;p=3112"},"modified":"2025-05-26T15:53:47","modified_gmt":"2025-05-26T07:53:47","slug":"customizable-50ml-100ml-big-flat-perfume-bottles","status":"publish","type":"product","link":"https:\/\/theperfumebottles.com\/es\/product\/customizable-50ml-100ml-big-flat-perfume-bottles\/","title":{"rendered":"Botellas de perfume grandes y planas personalizables de 50 ml y 100 ml"},"content":{"rendered":"<p>Nuestro frasco de perfume PB-YX11 es elegante y sencillo, con una forma rectangular regular, esquinas redondeadas, contornos definidos y l\u00edneas suaves. El vidrio transparente tiene una superficie lisa y una textura transparente. El tap\u00f3n est\u00e1 chapado en oro y plata con tratamiento UV, y la parte superior est\u00e1 decorada con una decoraci\u00f3n redonda, lo que le confiere un estilo simple, elegante y moderno.<\/p>\n<table style=\"border-collapse: collapse;margin-left: auto;margin-right: auto;width: 108.03pt\" border=\"0\" width=\"144\" cellspacing=\"0\" cellpadding=\"0\">\n<tbody>\n<tr style=\"height: 13.50pt\">\n<td style=\"height: 13.50pt;width: 54.00pt\" width=\"72\" height=\"18\">\n<p><figure id=\"attachment_3117\" aria-describedby=\"caption-attachment-3117\" style=\"width: 300px\" class=\"wp-caption aligncenter\"><img fetchpriority=\"high\" decoding=\"async\" class=\"wp-image-3117 size-medium\" src=\"https:\/\/theperfumebottles.com\/wp-content\/uploads\/2025\/04\/flat-perfume-bottle-YX1101-300x300.webp\" alt=\"frasco de perfume plano\" width=\"300\" height=\"300\" srcset=\"https:\/\/theperfumebottles.com\/wp-content\/uploads\/2025\/04\/flat-perfume-bottle-YX1101-300x300.webp 300w, https:\/\/theperfumebottles.com\/wp-content\/uploads\/2025\/04\/flat-perfume-bottle-YX1101-150x150.webp 150w, https:\/\/theperfumebottles.com\/wp-content\/uploads\/2025\/04\/flat-perfume-bottle-YX1101-768x768.webp 768w, https:\/\/theperfumebottles.com\/wp-content\/uploads\/2025\/04\/flat-perfume-bottle-YX1101-12x12.webp 12w, https:\/\/theperfumebottles.com\/wp-content\/uploads\/2025\/04\/flat-perfume-bottle-YX1101-600x600.webp 600w, https:\/\/theperfumebottles.com\/wp-content\/uploads\/2025\/04\/flat-perfume-bottle-YX1101-100x100.webp 100w, https:\/\/theperfumebottles.com\/wp-content\/uploads\/2025\/04\/flat-perfume-bottle-YX1101.webp 1000w\" sizes=\"(max-width: 300px) 100vw, 300px\" \/><figcaption id=\"caption-attachment-3117\" class=\"wp-caption-text\">Botella de perfume plana de 50 ml<\/figcaption><\/figure><\/td>\n<td style=\"width: 54.00pt\" width=\"72\">\n<p><figure id=\"attachment_3113\" aria-describedby=\"caption-attachment-3113\" style=\"width: 300px\" class=\"wp-caption aligncenter\"><img decoding=\"async\" class=\"size-medium wp-image-3113\" src=\"https:\/\/theperfumebottles.com\/wp-content\/uploads\/2025\/04\/flat-perfume-bottle-YX1102-300x300.webp\" alt=\"frasco de perfume plano\" width=\"300\" height=\"300\" srcset=\"https:\/\/theperfumebottles.com\/wp-content\/uploads\/2025\/04\/flat-perfume-bottle-YX1102-300x300.webp 300w, https:\/\/theperfumebottles.com\/wp-content\/uploads\/2025\/04\/flat-perfume-bottle-YX1102-150x150.webp 150w, https:\/\/theperfumebottles.com\/wp-content\/uploads\/2025\/04\/flat-perfume-bottle-YX1102-768x768.webp 768w, https:\/\/theperfumebottles.com\/wp-content\/uploads\/2025\/04\/flat-perfume-bottle-YX1102-12x12.webp 12w, https:\/\/theperfumebottles.com\/wp-content\/uploads\/2025\/04\/flat-perfume-bottle-YX1102-600x600.webp 600w, https:\/\/theperfumebottles.com\/wp-content\/uploads\/2025\/04\/flat-perfume-bottle-YX1102-100x100.webp 100w, https:\/\/theperfumebottles.com\/wp-content\/uploads\/2025\/04\/flat-perfume-bottle-YX1102.webp 1000w\" sizes=\"(max-width: 300px) 100vw, 300px\" \/><figcaption id=\"caption-attachment-3113\" class=\"wp-caption-text\">Botella de perfume plana de 100 ml<\/figcaption><\/figure><\/td>\n<\/tr>\n<\/tbody>\n<\/table>\n<h2>Especificaci\u00f3n<\/h2>\n<table width=\"80%\">\n<tbody>\n<tr>\n<td width=\"131\">Especificaci\u00f3n<\/td>\n<td width=\"249\">PB-YX1101<\/td>\n<td width=\"293\">PB-YX1102<\/td>\n<\/tr>\n<tr>\n<td>Capacidad<\/td>\n<td>50ml<\/td>\n<td>100 ml<\/td>\n<\/tr>\n<tr>\n<td>Dimensiones<\/td>\n<td>62 mm * 22 mm * 88 mm, 15 mm<\/td>\n<td>74 mm * 26 mm * 110 mm, calibre 15 mm<\/td>\n<\/tr>\n<tr>\n<td>Calibre<\/td>\n<td>15 mil\u00edmetros<\/td>\n<td>15 mil\u00edmetros<\/td>\n<\/tr>\n<tr>\n<td>Color del vidrio<\/td>\n<td>Transparente, personalizable<\/td>\n<td>Transparente, personalizable<\/td>\n<\/tr>\n<tr>\n<td>Colores de gorra<\/td>\n<td>Oro, Plata, personalizable<\/td>\n<td>Oro, Plata, personalizable<\/td>\n<\/tr>\n<\/tbody>\n<\/table>\n<h2>Estudio de caso<\/h2>\n<p>Una reconocida marca de colonia eligi\u00f3 nuestro modelo PB-YX1102 como envase para su nuevo perfume. Personalizaron el color de la tapa y el cristal con un elegante acabado esmerilado, lo que hizo que su perfume destacara en el anaquel y aumentara sus ventas.<\/p>\n<h2>Consejos de embalaje<\/h2>\n<p>Para obtener los mejores resultados, considere usar nuestro vidrio tintado y cajas de papel de alta calidad con el logotipo de su empresa impreso. Esto no solo proteger\u00e1 el perfume, sino que tambi\u00e9n mejorar\u00e1 la experiencia del cliente al abrirlo.<\/p>","protected":false},"excerpt":{"rendered":"<p>Descubre nuestras opciones de frascos de perfume planos y grandes. Perfectos para la fragancia \u00fanica de tu marca, en elegante cristal con diversas opciones de personalizaci\u00f3n.<\/p>","protected":false},"featured_media":3113,"comment_status":"open","ping_status":"closed","template":"","meta":{"_acf_changed":false,"site-sidebar-layout":"default","site-content-layout":"","ast-site-content-layout":"default","site-content-style":"default","site-sidebar-style":"default","ast-global-header-display":"","ast-banner-title-visibility":"","ast-main-header-display":"","ast-hfb-above-header-display":"","ast-hfb-below-header-display":"","ast-hfb-mobile-header-display":"","site-post-title":"","ast-breadcrumbs-content":"","ast-featured-img":"","footer-sml-layout":"","ast-disable-related-posts":"","theme-transparent-header-meta":"default","adv-header-id-meta":"","stick-header-meta":"","header-above-stick-meta":"","header-main-stick-meta":"","header-below-stick-meta":"","astra-migrate-meta-layouts":"set","ast-page-background-enabled":"default","ast-page-background-meta":{"desktop":{"background-color":"var(--ast-global-color-5)","background-image":"","background-repeat":"repeat","background-position":"center center","background-size":"auto","background-attachment":"scroll","background-type":"","background-media":"","overlay-type":"","overlay-color":"","overlay-opacity":"","overlay-gradient":""},"tablet":{"background-color":"","background-image":"","background-repeat":"repeat","background-position":"center center","background-size":"auto","background-attachment":"scroll","background-type":"","background-media":"","overlay-type":"","overlay-color":"","overlay-opacity":"","overlay-gradient":""},"mobile":{"background-color":"","background-image":"","background-repeat":"repeat","background-position":"center center","background-size":"auto","background-attachment":"scroll","background-type":"","background-media":"","overlay-type":"","overlay-color":"","overlay-opacity":"","overlay-gradient":""}},"ast-content-background-meta":{"desktop":{"background-color":"var(--ast-global-color-4)","background-image":"","background-repeat":"repeat","background-position":"center center","background-size":"auto","background-attachment":"scroll","background-type":"","background-media":"","overlay-type":"","overlay-color":"","overlay-opacity":"","overlay-gradient":""},"tablet":{"background-color":"var(--ast-global-color-4)","background-image":"","background-repeat":"repeat","background-position":"center center","background-size":"auto","background-attachment":"scroll","background-type":"","background-media":"","overlay-type":"","overlay-color":"","overlay-opacity":"","overlay-gradient":""},"mobile":{"background-color":"var(--ast-global-color-4)","background-image":"","background-repeat":"repeat","background-position":"center center","background-size":"auto","background-attachment":"scroll","background-type":"","background-media":"","overlay-type":"","overlay-color":"","overlay-opacity":"","overlay-gradient":""}}},"product_brand":[],"product_cat":[91,41],"product_tag":[],"class_list":{"0":"post-3112","1":"product","2":"type-product","3":"status-publish","4":"has-post-thumbnail","6":"product_cat-custom-perfume-bottles","7":"product_cat-perfume-bottles","8":"desktop-align-left","9":"tablet-align-left","10":"mobile-align-left","12":"first","13":"instock","14":"shipping-taxable","15":"product-type-simple"},"acf":[],"jetpack_sharing_enabled":true,"_links":{"self":[{"href":"https:\/\/theperfumebottles.com\/es\/wp-json\/wp\/v2\/product\/3112","targetHints":{"allow":["GET"]}}],"collection":[{"href":"https:\/\/theperfumebottles.com\/es\/wp-json\/wp\/v2\/product"}],"about":[{"href":"https:\/\/theperfumebottles.com\/es\/wp-json\/wp\/v2\/types\/product"}],"replies":[{"embeddable":true,"href":"https:\/\/theperfumebottles.com\/es\/wp-json\/wp\/v2\/comments?post=3112"}],"wp:featuredmedia":[{"embeddable":true,"href":"https:\/\/theperfumebottles.com\/es\/wp-json\/wp\/v2\/media\/3113"}],"wp:attachment":[{"href":"https:\/\/theperfumebottles.com\/es\/wp-json\/wp\/v2\/media?parent=3112"}],"wp:term":[{"taxonomy":"product_brand","embeddable":true,"href":"https:\/\/theperfumebottles.com\/es\/wp-json\/wp\/v2\/product_brand?post=3112"},{"taxonomy":"product_cat","embeddable":true,"href":"https:\/\/theperfumebottles.com\/es\/wp-json\/wp\/v2\/product_cat?post=3112"},{"taxonomy":"product_tag","embeddable":true,"href":"https:\/\/theperfumebottles.com\/es\/wp-json\/wp\/v2\/product_tag?post=3112"}],"curies":[{"name":"wp","href":"https:\/\/api.w.org\/{rel}","templated":true}]}}