{"id":3118,"date":"2025-04-21T08:56:26","date_gmt":"2025-04-21T08:56:26","guid":{"rendered":"https:\/\/theperfumebottles.com\/?post_type=product&#038;p=3118"},"modified":"2025-05-23T18:09:44","modified_gmt":"2025-05-23T10:09:44","slug":"30ml-50ml-small-perfume-spray-bottles-small-cologne-bottles","status":"publish","type":"product","link":"https:\/\/theperfumebottles.com\/es\/product\/30ml-50ml-small-perfume-spray-bottles-small-cologne-bottles\/","title":{"rendered":"Frascos peque\u00f1os de perfume en spray de 30 ml y 50 ml y frascos peque\u00f1os de colonia"},"content":{"rendered":"<p>En la industria del perfume, el dise\u00f1o de la botella de perfume puede determinar directamente si los clientes la comprar\u00e1n. En el mercado competitivo, la serie PB-YX12 de botellas de perfume en spray peque\u00f1as es la arma secreta que te ayuda a destacarte. Est\u00e1 disponible en dos capacidades de 30ml y 50ml \u2013 peque\u00f1as enough para caber f\u00e1cilmente en un bolsillo, pero grandes enough para contener la ritualidad de una fiesta de perfume.<\/p>\n<table style=\"border-collapse: collapse;margin-left: auto;margin-right: auto;width: 108.03pt\" border=\"0\" width=\"144\" cellspacing=\"0\" cellpadding=\"0\">\n<tbody>\n<tr style=\"height: 13.50pt\">\n<td style=\"height: 13.50pt;width: 54.00pt\" width=\"72\" height=\"18\">\n<p><figure id=\"attachment_3121\" aria-describedby=\"caption-attachment-3121\" style=\"width: 300px\" class=\"wp-caption aligncenter\"><img fetchpriority=\"high\" decoding=\"async\" class=\"size-medium wp-image-3121\" src=\"https:\/\/theperfumebottles.com\/wp-content\/uploads\/2025\/04\/small-perfume-spray-bottles-yx1201-300x300.webp\" alt=\"frascos peque\u00f1os de perfume en spray\" width=\"300\" height=\"300\" srcset=\"https:\/\/theperfumebottles.com\/wp-content\/uploads\/2025\/04\/small-perfume-spray-bottles-yx1201-300x300.webp 300w, https:\/\/theperfumebottles.com\/wp-content\/uploads\/2025\/04\/small-perfume-spray-bottles-yx1201-150x150.webp 150w, https:\/\/theperfumebottles.com\/wp-content\/uploads\/2025\/04\/small-perfume-spray-bottles-yx1201-768x768.webp 768w, https:\/\/theperfumebottles.com\/wp-content\/uploads\/2025\/04\/small-perfume-spray-bottles-yx1201-12x12.webp 12w, https:\/\/theperfumebottles.com\/wp-content\/uploads\/2025\/04\/small-perfume-spray-bottles-yx1201-600x600.webp 600w, https:\/\/theperfumebottles.com\/wp-content\/uploads\/2025\/04\/small-perfume-spray-bottles-yx1201-100x100.webp 100w, https:\/\/theperfumebottles.com\/wp-content\/uploads\/2025\/04\/small-perfume-spray-bottles-yx1201.webp 1000w\" sizes=\"(max-width: 300px) 100vw, 300px\" \/><figcaption id=\"caption-attachment-3121\" class=\"wp-caption-text\">Botella de colonia peque\u00f1a de 30ml<\/figcaption><\/figure><\/td>\n<td style=\"width: 54.00pt\" width=\"72\">\n<p><figure id=\"attachment_3123\" aria-describedby=\"caption-attachment-3123\" style=\"width: 300px\" class=\"wp-caption aligncenter\"><img decoding=\"async\" class=\"size-medium wp-image-3123\" src=\"https:\/\/theperfumebottles.com\/wp-content\/uploads\/2025\/04\/small-cologne-bottle-yx1202-300x300.webp\" alt=\"peque\u00f1o frasco de colonia\" width=\"300\" height=\"300\" srcset=\"https:\/\/theperfumebottles.com\/wp-content\/uploads\/2025\/04\/small-cologne-bottle-yx1202-300x300.webp 300w, https:\/\/theperfumebottles.com\/wp-content\/uploads\/2025\/04\/small-cologne-bottle-yx1202-150x150.webp 150w, https:\/\/theperfumebottles.com\/wp-content\/uploads\/2025\/04\/small-cologne-bottle-yx1202-768x768.webp 768w, https:\/\/theperfumebottles.com\/wp-content\/uploads\/2025\/04\/small-cologne-bottle-yx1202-12x12.webp 12w, https:\/\/theperfumebottles.com\/wp-content\/uploads\/2025\/04\/small-cologne-bottle-yx1202-600x600.webp 600w, https:\/\/theperfumebottles.com\/wp-content\/uploads\/2025\/04\/small-cologne-bottle-yx1202-100x100.webp 100w, https:\/\/theperfumebottles.com\/wp-content\/uploads\/2025\/04\/small-cologne-bottle-yx1202.webp 1000w\" sizes=\"(max-width: 300px) 100vw, 300px\" \/><figcaption id=\"caption-attachment-3123\" class=\"wp-caption-text\">Botella de colonia peque\u00f1a de 50ml<\/figcaption><\/figure><\/td>\n<\/tr>\n<\/tbody>\n<\/table>\n<h2>Especificaci\u00f3n<\/h2>\n<table style=\"border-collapse: collapse;margin-left: auto;margin-right: auto;width: 80%\" border=\"0\" width=\"80%\" cellspacing=\"0\" cellpadding=\"0\">\n<tbody>\n<tr style=\"height: 13.50pt\">\n<td class=\"et2\" style=\"height: 13.50pt;width: 142.50pt\" width=\"190\" height=\"18\"><strong>Especificaci\u00f3n<\/strong><\/td>\n<td class=\"et2\" style=\"width: 153.75pt\" width=\"205\"><strong>PB-YX1201<\/strong><\/td>\n<td class=\"et2\" style=\"width: 155.25pt\" width=\"207\"><strong>PB-YX1202<\/strong><\/td>\n<\/tr>\n<tr style=\"height: 13.50pt\">\n<td class=\"et2\" style=\"height: 13.50pt\" height=\"18\"><strong>Capacidad<\/strong><\/td>\n<td>30 ml<\/td>\n<td>50 ml<\/td>\n<\/tr>\n<tr style=\"height: 13.50pt\">\n<td class=\"et2\" style=\"height: 13.50pt\" height=\"18\"><strong>Dimensiones<\/strong><\/td>\n<td>55 mm * 25 mm * 85 mm<\/td>\n<td>66 mm * 30 mm * 100 mm<\/td>\n<\/tr>\n<tr style=\"height: 13.50pt\">\n<td class=\"et2\" style=\"height: 13.50pt\" height=\"18\"><strong>Calibre<\/strong><\/td>\n<td class=\"et3\" colspan=\"2\">15 mil\u00edmetros<\/td>\n<\/tr>\n<tr style=\"height: 13.50pt\">\n<td class=\"et2\" style=\"height: 13.50pt\" height=\"18\"><strong>Color del vidrio<\/strong><\/td>\n<td class=\"et3\" colspan=\"2\">Transparente, personalizable<\/td>\n<\/tr>\n<tr style=\"height: 13.50pt\">\n<td class=\"et2\" style=\"height: 13.50pt\" height=\"18\"><strong>Colores de tapa disponibles<\/strong><\/td>\n<td class=\"et3\" colspan=\"2\">Oro, plata, negro, blanco, madera, personalizable<\/td>\n<\/tr>\n<\/tbody>\n<\/table>\n<h2>Caso real: Las botellas peque\u00f1as aprovechan el gran mercado<\/h2>\n<p>Una marca de perfume boutique que adopta un enfoque minimalista lanz\u00f3 una serie de viaje con el modelo PB-YX1201. Eligen una tapa de botella mate negra + impresi\u00f3n minimalista, y el resultado fue \u2013 Ventas duplicadas, y los j\u00f3venes clientes estaban locos por ella!<br \/>\nLas redes sociales se llenaron de mensajes: \u201cEsta botella es tan texturizada!\u201d \u201cIncluso la botella vac\u00eda quiere ser una exhibici\u00f3n!\u201d<\/p>\n<h2>Sugerencias de embalaje:<\/h2>\n<p><strong>Podemos personalizar el color de la tapa de la botella:<\/strong>\u00a0oro, plata, negro, blanco y hasta color de madera, puedes combinarlo como te guste. \u00bfTe gusta ser discreto? Elige negro mate; \u00bfquieres llamar la atenci\u00f3n? Prueba oro brillante. Impresa tu logo o patr\u00f3n para hacerlo el \"solo\" punto de memoria en la mente del cliente.<br \/>\n<strong>Subida de lujo: <\/strong>Cada botella de perfume est\u00e1 colocada en una caja de papel forrada con terciopelo. Con un ligero toque, el sentido de ceremonial pesado se llena inmediatamente.<br \/>\n<strong>Puntos adicionales de detalles: <\/strong>Se incluye una tarjeta de fragancia manuscrita para decirle a los clientes \"d\u00f3nde occasion esta botella de perfume es adecuada\", instant\u00e1neamente elevando la temperatura de la marca.<br \/>\nPuntos adicionales ambientales: Elige una caja de embalaje hecha de materiales reciclables, que es tanto de lujo como alineada con los valores de los consumidores modernos.<\/p>","protected":false},"excerpt":{"rendered":"<p>Descubre nuestras elegantes botellas de perfume en spray peque\u00f1as y opciones de botellas de colonia peque\u00f1as. Estas botellas de cristal vienen en various personalizaciones para adaptarse a tu marca.<\/p>","protected":false},"featured_media":3123,"comment_status":"open","ping_status":"closed","template":"","meta":{"_acf_changed":false,"site-sidebar-layout":"default","site-content-layout":"","ast-site-content-layout":"default","site-content-style":"default","site-sidebar-style":"default","ast-global-header-display":"","ast-banner-title-visibility":"","ast-main-header-display":"","ast-hfb-above-header-display":"","ast-hfb-below-header-display":"","ast-hfb-mobile-header-display":"","site-post-title":"","ast-breadcrumbs-content":"","ast-featured-img":"","footer-sml-layout":"","ast-disable-related-posts":"","theme-transparent-header-meta":"default","adv-header-id-meta":"","stick-header-meta":"","header-above-stick-meta":"","header-main-stick-meta":"","header-below-stick-meta":"","astra-migrate-meta-layouts":"set","ast-page-background-enabled":"default","ast-page-background-meta":{"desktop":{"background-color":"var(--ast-global-color-5)","background-image":"","background-repeat":"repeat","background-position":"center center","background-size":"auto","background-attachment":"scroll","background-type":"","background-media":"","overlay-type":"","overlay-color":"","overlay-opacity":"","overlay-gradient":""},"tablet":{"background-color":"","background-image":"","background-repeat":"repeat","background-position":"center center","background-size":"auto","background-attachment":"scroll","background-type":"","background-media":"","overlay-type":"","overlay-color":"","overlay-opacity":"","overlay-gradient":""},"mobile":{"background-color":"","background-image":"","background-repeat":"repeat","background-position":"center center","background-size":"auto","background-attachment":"scroll","background-type":"","background-media":"","overlay-type":"","overlay-color":"","overlay-opacity":"","overlay-gradient":""}},"ast-content-background-meta":{"desktop":{"background-color":"var(--ast-global-color-4)","background-image":"","background-repeat":"repeat","background-position":"center center","background-size":"auto","background-attachment":"scroll","background-type":"","background-media":"","overlay-type":"","overlay-color":"","overlay-opacity":"","overlay-gradient":""},"tablet":{"background-color":"var(--ast-global-color-4)","background-image":"","background-repeat":"repeat","background-position":"center center","background-size":"auto","background-attachment":"scroll","background-type":"","background-media":"","overlay-type":"","overlay-color":"","overlay-opacity":"","overlay-gradient":""},"mobile":{"background-color":"var(--ast-global-color-4)","background-image":"","background-repeat":"repeat","background-position":"center center","background-size":"auto","background-attachment":"scroll","background-type":"","background-media":"","overlay-type":"","overlay-color":"","overlay-opacity":"","overlay-gradient":""}}},"product_brand":[],"product_cat":[72,91,41],"product_tag":[],"class_list":{"0":"post-3118","1":"product","2":"type-product","3":"status-publish","4":"has-post-thumbnail","6":"product_cat-cosmetic-packaging","7":"product_cat-custom-perfume-bottles","8":"product_cat-perfume-bottles","9":"desktop-align-left","10":"tablet-align-left","11":"mobile-align-left","13":"first","14":"instock","15":"shipping-taxable","16":"product-type-simple"},"acf":[],"jetpack_sharing_enabled":true,"_links":{"self":[{"href":"https:\/\/theperfumebottles.com\/es\/wp-json\/wp\/v2\/product\/3118","targetHints":{"allow":["GET"]}}],"collection":[{"href":"https:\/\/theperfumebottles.com\/es\/wp-json\/wp\/v2\/product"}],"about":[{"href":"https:\/\/theperfumebottles.com\/es\/wp-json\/wp\/v2\/types\/product"}],"replies":[{"embeddable":true,"href":"https:\/\/theperfumebottles.com\/es\/wp-json\/wp\/v2\/comments?post=3118"}],"wp:featuredmedia":[{"embeddable":true,"href":"https:\/\/theperfumebottles.com\/es\/wp-json\/wp\/v2\/media\/3123"}],"wp:attachment":[{"href":"https:\/\/theperfumebottles.com\/es\/wp-json\/wp\/v2\/media?parent=3118"}],"wp:term":[{"taxonomy":"product_brand","embeddable":true,"href":"https:\/\/theperfumebottles.com\/es\/wp-json\/wp\/v2\/product_brand?post=3118"},{"taxonomy":"product_cat","embeddable":true,"href":"https:\/\/theperfumebottles.com\/es\/wp-json\/wp\/v2\/product_cat?post=3118"},{"taxonomy":"product_tag","embeddable":true,"href":"https:\/\/theperfumebottles.com\/es\/wp-json\/wp\/v2\/product_tag?post=3118"}],"curies":[{"name":"wp","href":"https:\/\/api.w.org\/{rel}","templated":true}]}}