{"id":3235,"date":"2025-04-28T08:04:02","date_gmt":"2025-04-28T08:04:02","guid":{"rendered":"https:\/\/theperfumebottles.com\/?post_type=product&#038;p=3235"},"modified":"2026-04-07T14:19:18","modified_gmt":"2026-04-07T06:19:18","slug":"25ml-stylish-small-empty-perfume-bottles-for-wholesale","status":"publish","type":"product","link":"https:\/\/theperfumebottles.com\/es\/product\/25ml-stylish-small-empty-perfume-bottles-for-wholesale\/","title":{"rendered":"Botellas de perfume vac\u00edas peque\u00f1as y elegantes de 25 ml para venta al por mayor"},"content":{"rendered":"<p>Los peque\u00f1os frascos de perfume rectangulares y vac\u00edos, con bordes suaves, crean una apariencia moderna gracias a su dise\u00f1o sim\u00e9trico. El cuerpo del frasco deja ver el color de la fragancia, ya que su vidrio transparente se combina con una base gruesa que mejora la estabilidad. El producto combina una tapa cil\u00edndrica estilizada con un delicado pulverizador, lo que lo hace ideal para el uso diario y para llevarlo de viaje.<\/p>\n<h2>Especificaciones clave<\/h2>\n<p>&nbsp;<\/p>\n<table style=\"border-collapse: collapse; margin-left: auto; margin-right: auto; width: 80%;\" border=\"0\" width=\"80%\" cellspacing=\"0\" cellpadding=\"0\">\n<tbody>\n<tr style=\"height: 13.50pt;\">\n<td style=\"height: 13.5pt; width: 132pt; text-align: center;\" width=\"176\" height=\"18\"><strong>Modelo<\/strong><\/td>\n<td style=\"width: 195pt; text-align: center;\" width=\"260\">PB-YX2001<\/td>\n<\/tr>\n<tr style=\"height: 13.50pt;\">\n<td style=\"height: 13.5pt; text-align: center;\" height=\"18\"><strong>Dimensi\u00f3n<\/strong><\/td>\n<td style=\"text-align: center;\">25 ml<\/td>\n<\/tr>\n<tr style=\"height: 13.50pt;\">\n<td style=\"height: 13.5pt; text-align: center;\" height=\"18\"><strong>Tama\u00f1o<\/strong><\/td>\n<td style=\"text-align: center;\">32\u00d720\u00d775 mm<\/td>\n<\/tr>\n<tr style=\"height: 13.50pt;\">\n<td style=\"height: 13.5pt; text-align: center;\" height=\"18\"><strong>Calibre<\/strong><\/td>\n<td style=\"text-align: center;\">15 mil\u00edmetros<\/td>\n<\/tr>\n<tr style=\"height: 13.50pt;\">\n<td style=\"height: 13.5pt; text-align: center;\" height=\"18\"><strong>Colores de bomba disponibles<\/strong><\/td>\n<td style=\"text-align: center;\">Plata, Oro, Negro<\/td>\n<\/tr>\n<tr style=\"height: 13.50pt;\">\n<td style=\"height: 13.5pt; text-align: center;\" height=\"18\"><strong>Tipo de sellado<\/strong><\/td>\n<td style=\"text-align: center;\">Cuello engarzado<\/td>\n<\/tr>\n<\/tbody>\n<\/table>\n<h2>Caso de \u00e9xito<\/h2>\n<p>Una marca independiente de perfumes se puso en contacto con nosotros y seleccion\u00f3 nuestro dise\u00f1o de frasco rectangular de 25 ml. El proceso de personalizaci\u00f3n del frasco consisti\u00f3 en aplicar un suave recubrimiento degradado en su interior, creando un efecto especial que realzaba el color natural del perfume. Los tapones se personalizaron con dos estilos distintos: oro cepillado y negro brillante, para diferenciar las distintas categor\u00edas de fragancias. El logotipo de la marca se aplic\u00f3 mediante serigraf\u00eda de alta precisi\u00f3n, lo que garantiz\u00f3 una excelente adherencia a la superficie.<\/p>\n<p>El cliente solicit\u00f3 productos adicionales tras observar un aumento del 35 % en las ventas de los estuches de regalo de tama\u00f1o de prueba durante los dos meses posteriores a su lanzamiento oficial.<\/p>\n<h2>Sugerencias de personalizaci\u00f3n<\/h2>\n<p>Uno de nuestros clientes es una empresa de perfumes especializada que personaliz\u00f3 estos frascos para solicitar muestras. Personalizaron la superficie del proceso de estampaci\u00f3n en caliente y la decoraci\u00f3n del cuello. El elegante empaque realz\u00f3 la imagen de su marca, lo que increment\u00f3 las consultas de los mayoristas.<\/p>\n<p>Desde la selecci\u00f3n de una bomba de pulverizaci\u00f3n, una tapa hasta la elecci\u00f3n de una caja o cart\u00f3n, nuestro equipo puede dise\u00f1ar una soluci\u00f3n de embalaje que se ajuste a las necesidades de su negocio.<\/p>","protected":false},"excerpt":{"rendered":"<p>Frascos de perfume peque\u00f1os y vac\u00edos de alta calidad para mayoristas, suministro directo de f\u00e1brica, dise\u00f1o personalizable y entrega r\u00e1pida. Mini frascos de perfume vac\u00edos al por mayor.<\/p>","protected":false},"featured_media":3238,"comment_status":"open","ping_status":"closed","template":"","meta":{"_acf_changed":false,"site-sidebar-layout":"default","site-content-layout":"","ast-site-content-layout":"default","site-content-style":"default","site-sidebar-style":"default","ast-global-header-display":"","ast-banner-title-visibility":"","ast-main-header-display":"","ast-hfb-above-header-display":"","ast-hfb-below-header-display":"","ast-hfb-mobile-header-display":"","site-post-title":"","ast-breadcrumbs-content":"","ast-featured-img":"","footer-sml-layout":"","ast-disable-related-posts":"","theme-transparent-header-meta":"default","adv-header-id-meta":"","stick-header-meta":"","header-above-stick-meta":"","header-main-stick-meta":"","header-below-stick-meta":"","astra-migrate-meta-layouts":"set","ast-page-background-enabled":"default","ast-page-background-meta":{"desktop":{"background-color":"var(--ast-global-color-5)","background-image":"","background-repeat":"repeat","background-position":"center center","background-size":"auto","background-attachment":"scroll","background-type":"","background-media":"","overlay-type":"","overlay-color":"","overlay-opacity":"","overlay-gradient":""},"tablet":{"background-color":"","background-image":"","background-repeat":"repeat","background-position":"center center","background-size":"auto","background-attachment":"scroll","background-type":"","background-media":"","overlay-type":"","overlay-color":"","overlay-opacity":"","overlay-gradient":""},"mobile":{"background-color":"","background-image":"","background-repeat":"repeat","background-position":"center center","background-size":"auto","background-attachment":"scroll","background-type":"","background-media":"","overlay-type":"","overlay-color":"","overlay-opacity":"","overlay-gradient":""}},"ast-content-background-meta":{"desktop":{"background-color":"var(--ast-global-color-4)","background-image":"","background-repeat":"repeat","background-position":"center center","background-size":"auto","background-attachment":"scroll","background-type":"","background-media":"","overlay-type":"","overlay-color":"","overlay-opacity":"","overlay-gradient":""},"tablet":{"background-color":"var(--ast-global-color-4)","background-image":"","background-repeat":"repeat","background-position":"center center","background-size":"auto","background-attachment":"scroll","background-type":"","background-media":"","overlay-type":"","overlay-color":"","overlay-opacity":"","overlay-gradient":""},"mobile":{"background-color":"var(--ast-global-color-4)","background-image":"","background-repeat":"repeat","background-position":"center center","background-size":"auto","background-attachment":"scroll","background-type":"","background-media":"","overlay-type":"","overlay-color":"","overlay-opacity":"","overlay-gradient":""}}},"product_brand":[],"product_cat":[74,72,41],"product_tag":[],"class_list":{"0":"post-3235","1":"product","2":"type-product","3":"status-publish","4":"has-post-thumbnail","6":"product_cat-mini-perfume-bottles","7":"product_cat-cosmetic-packaging","8":"product_cat-perfume-bottles","9":"desktop-align-left","10":"tablet-align-left","11":"mobile-align-left","13":"first","14":"instock","15":"shipping-taxable","16":"product-type-simple"},"acf":[],"jetpack_sharing_enabled":true,"_links":{"self":[{"href":"https:\/\/theperfumebottles.com\/es\/wp-json\/wp\/v2\/product\/3235","targetHints":{"allow":["GET"]}}],"collection":[{"href":"https:\/\/theperfumebottles.com\/es\/wp-json\/wp\/v2\/product"}],"about":[{"href":"https:\/\/theperfumebottles.com\/es\/wp-json\/wp\/v2\/types\/product"}],"replies":[{"embeddable":true,"href":"https:\/\/theperfumebottles.com\/es\/wp-json\/wp\/v2\/comments?post=3235"}],"wp:featuredmedia":[{"embeddable":true,"href":"https:\/\/theperfumebottles.com\/es\/wp-json\/wp\/v2\/media\/3238"}],"wp:attachment":[{"href":"https:\/\/theperfumebottles.com\/es\/wp-json\/wp\/v2\/media?parent=3235"}],"wp:term":[{"taxonomy":"product_brand","embeddable":true,"href":"https:\/\/theperfumebottles.com\/es\/wp-json\/wp\/v2\/product_brand?post=3235"},{"taxonomy":"product_cat","embeddable":true,"href":"https:\/\/theperfumebottles.com\/es\/wp-json\/wp\/v2\/product_cat?post=3235"},{"taxonomy":"product_tag","embeddable":true,"href":"https:\/\/theperfumebottles.com\/es\/wp-json\/wp\/v2\/product_tag?post=3235"}],"curies":[{"name":"wp","href":"https:\/\/api.w.org\/{rel}","templated":true}]}}