{"id":3325,"date":"2025-05-14T03:26:10","date_gmt":"2025-05-14T03:26:10","guid":{"rendered":"https:\/\/theperfumebottles.com\/?post_type=product&#038;p=3325"},"modified":"2025-05-23T10:54:00","modified_gmt":"2025-05-23T02:54:00","slug":"premium-perfume-bottles-recyclable-modern-fragrance-bottle-set","status":"publish","type":"product","link":"https:\/\/theperfumebottles.com\/es\/product\/premium-perfume-bottles-recyclable-modern-fragrance-bottle-set\/","title":{"rendered":"Juego de frascos de perfume reciclables de 50 ml y 100 ml para marcas de fragancias."},"content":{"rendered":"<p>Nuestro juego de botellas de perfume PB-YZ06 es una combinaci\u00f3n perfecta de sostenibilidad, estilo y practicidad. Nuestro juego de botellas de perfume PB-YZ06 combina sostenibilidad, moda y practicidad. Adecuado para envasar perfume, colonia, agua de flores o aceites esenciales, etc. Adem\u00e1s, nuestras opciones de personalizaci\u00f3n completa pueden expresar plenamente tu creatividad.<\/p>\n<figure id=\"attachment_3330\" aria-describedby=\"caption-attachment-3330\" style=\"width: 500px\" class=\"wp-caption aligncenter\"><img fetchpriority=\"high\" decoding=\"async\" class=\"wp-image-3330\" src=\"https:\/\/theperfumebottles.com\/wp-content\/uploads\/2025\/05\/perfume-bottles-recyclable-pbyz06.webp\" alt=\"Botellas de Perfume Premium Reciclables | Set de Botellas de Fragancia Modernas\" width=\"500\" height=\"500\" srcset=\"https:\/\/theperfumebottles.com\/wp-content\/uploads\/2025\/05\/perfume-bottles-recyclable-pbyz06.webp 1000w, https:\/\/theperfumebottles.com\/wp-content\/uploads\/2025\/05\/perfume-bottles-recyclable-pbyz06-300x300.webp 300w, https:\/\/theperfumebottles.com\/wp-content\/uploads\/2025\/05\/perfume-bottles-recyclable-pbyz06-150x150.webp 150w, https:\/\/theperfumebottles.com\/wp-content\/uploads\/2025\/05\/perfume-bottles-recyclable-pbyz06-768x768.webp 768w, https:\/\/theperfumebottles.com\/wp-content\/uploads\/2025\/05\/perfume-bottles-recyclable-pbyz06-12x12.webp 12w, https:\/\/theperfumebottles.com\/wp-content\/uploads\/2025\/05\/perfume-bottles-recyclable-pbyz06-600x600.webp 600w, https:\/\/theperfumebottles.com\/wp-content\/uploads\/2025\/05\/perfume-bottles-recyclable-pbyz06-100x100.webp 100w\" sizes=\"(max-width: 500px) 100vw, 500px\" \/><figcaption id=\"caption-attachment-3330\" class=\"wp-caption-text\">Juego de Botellas de Perfume Premium<\/figcaption><\/figure>\n<h2>Especificaciones clave<\/h2>\n<table border=\"0\" width=\"80%\" cellspacing=\"0\" cellpadding=\"0\">\n<tbody>\n<tr>\n<td width=\"96\" height=\"18\">Modelo<\/td>\n<td width=\"93\">Capacidad<\/td>\n<td width=\"104\">Tama\u00f1o del vaso<\/td>\n<td width=\"128\">Material<\/td>\n<td width=\"211\">Tipo de sello<\/td>\n<td width=\"225\">Opciones de color<\/td>\n<\/tr>\n<tr>\n<td height=\"18\">PB-YZ0601<\/td>\n<td>50ml<\/td>\n<td>47 * 81mm<\/td>\n<td>Cristal<\/td>\n<td>Cuello enroscado 15mm + Atomizador<\/td>\n<td>Transparente + Plata\/Rosa<\/td>\n<\/tr>\n<tr>\n<td height=\"18\">PB-YZ0602<\/td>\n<td>100 ml<\/td>\n<td>59 * 103mm<\/td>\n<td>Cristal<\/td>\n<td>Cuello enroscado 15mm + Atomizador<\/td>\n<td>Transparente + Plata\/ Negro<\/td>\n<\/tr>\n<\/tbody>\n<\/table>\n<h2>Sugerencias de embalaje<\/h2>\n<p>La marca indie Bloom &amp; Mist lanz\u00f3 su colecci\u00f3n de perfumes unisex con nuestra botella de perfume PB-YZ0601 (50ml). Personalizaron las tapas con acabado en oro rosa y a\u00f1adieron una etiqueta minimalista, lo que ayud\u00f3 a impulsar un aumento de 27% en las ventas en el primer trimestre.<\/p>\n<h2>Consejos de personalizaci\u00f3n:<\/h2>\n<p>Complementa los colores de tu marca: Cuando pides en volumen, los colores de las tapas deben coincidir con la identidad de tu marca.<\/p>\n<p>Tapas: Estas botellas de perfume se pueden combinar con tapas de atomizador met\u00e1licas para un aspecto lujoso<\/p>\n<p>Acabados: Elige un acabado mate para un aspecto minimalista.<\/p>\n<h2>\u00bfPor qu\u00e9 elegir nuestras botellas de perfume?<\/h2>\n<p>Ya sea que necesites botellas de perfume en blanco para un peque\u00f1o lote o embalaje cosm\u00e9tico personalizado en volumen, nuestros vers\u00e1tiles juegos de botellas de perfume te cubren con un r\u00e1pido tiempo de respuesta, durabilidad y m\u00e1s.<\/p>\n<p>Necesitas ayuda? Te guiaremos desde el dise\u00f1o hasta la entrega! Ordena tu juego de botellas de perfume reutilizables hoy \u2013 \u00a1recibe descuentos por volumen en pedidos comerciales!<\/p>","protected":false},"excerpt":{"rendered":"<p>Eleva tu marca de perfumes con nuestro juego de botellas de perfume. Botellas de perfume elegante, personalizables y reciclables para perfumes femeninos, colonia masculina y aceites arom\u00e1ticos.<\/p>","protected":false},"featured_media":3333,"comment_status":"open","ping_status":"closed","template":"","meta":{"_acf_changed":false,"site-sidebar-layout":"default","site-content-layout":"","ast-site-content-layout":"default","site-content-style":"default","site-sidebar-style":"default","ast-global-header-display":"","ast-banner-title-visibility":"","ast-main-header-display":"","ast-hfb-above-header-display":"","ast-hfb-below-header-display":"","ast-hfb-mobile-header-display":"","site-post-title":"","ast-breadcrumbs-content":"","ast-featured-img":"","footer-sml-layout":"","ast-disable-related-posts":"","theme-transparent-header-meta":"default","adv-header-id-meta":"","stick-header-meta":"","header-above-stick-meta":"","header-main-stick-meta":"","header-below-stick-meta":"","astra-migrate-meta-layouts":"set","ast-page-background-enabled":"default","ast-page-background-meta":{"desktop":{"background-color":"var(--ast-global-color-5)","background-image":"","background-repeat":"repeat","background-position":"center center","background-size":"auto","background-attachment":"scroll","background-type":"","background-media":"","overlay-type":"","overlay-color":"","overlay-opacity":"","overlay-gradient":""},"tablet":{"background-color":"","background-image":"","background-repeat":"repeat","background-position":"center center","background-size":"auto","background-attachment":"scroll","background-type":"","background-media":"","overlay-type":"","overlay-color":"","overlay-opacity":"","overlay-gradient":""},"mobile":{"background-color":"","background-image":"","background-repeat":"repeat","background-position":"center center","background-size":"auto","background-attachment":"scroll","background-type":"","background-media":"","overlay-type":"","overlay-color":"","overlay-opacity":"","overlay-gradient":""}},"ast-content-background-meta":{"desktop":{"background-color":"var(--ast-global-color-4)","background-image":"","background-repeat":"repeat","background-position":"center center","background-size":"auto","background-attachment":"scroll","background-type":"","background-media":"","overlay-type":"","overlay-color":"","overlay-opacity":"","overlay-gradient":""},"tablet":{"background-color":"var(--ast-global-color-4)","background-image":"","background-repeat":"repeat","background-position":"center center","background-size":"auto","background-attachment":"scroll","background-type":"","background-media":"","overlay-type":"","overlay-color":"","overlay-opacity":"","overlay-gradient":""},"mobile":{"background-color":"var(--ast-global-color-4)","background-image":"","background-repeat":"repeat","background-position":"center center","background-size":"auto","background-attachment":"scroll","background-type":"","background-media":"","overlay-type":"","overlay-color":"","overlay-opacity":"","overlay-gradient":""}}},"product_brand":[],"product_cat":[72,91,37,41],"product_tag":[],"class_list":{"0":"post-3325","1":"product","2":"type-product","3":"status-publish","4":"has-post-thumbnail","6":"product_cat-cosmetic-packaging","7":"product_cat-custom-perfume-bottles","8":"product_cat-uncategorized","9":"product_cat-perfume-bottles","10":"desktop-align-left","11":"tablet-align-left","12":"mobile-align-left","14":"first","15":"instock","16":"shipping-taxable","17":"product-type-simple"},"acf":[],"jetpack_sharing_enabled":true,"_links":{"self":[{"href":"https:\/\/theperfumebottles.com\/es\/wp-json\/wp\/v2\/product\/3325","targetHints":{"allow":["GET"]}}],"collection":[{"href":"https:\/\/theperfumebottles.com\/es\/wp-json\/wp\/v2\/product"}],"about":[{"href":"https:\/\/theperfumebottles.com\/es\/wp-json\/wp\/v2\/types\/product"}],"replies":[{"embeddable":true,"href":"https:\/\/theperfumebottles.com\/es\/wp-json\/wp\/v2\/comments?post=3325"}],"wp:featuredmedia":[{"embeddable":true,"href":"https:\/\/theperfumebottles.com\/es\/wp-json\/wp\/v2\/media\/3333"}],"wp:attachment":[{"href":"https:\/\/theperfumebottles.com\/es\/wp-json\/wp\/v2\/media?parent=3325"}],"wp:term":[{"taxonomy":"product_brand","embeddable":true,"href":"https:\/\/theperfumebottles.com\/es\/wp-json\/wp\/v2\/product_brand?post=3325"},{"taxonomy":"product_cat","embeddable":true,"href":"https:\/\/theperfumebottles.com\/es\/wp-json\/wp\/v2\/product_cat?post=3325"},{"taxonomy":"product_tag","embeddable":true,"href":"https:\/\/theperfumebottles.com\/es\/wp-json\/wp\/v2\/product_tag?post=3325"}],"curies":[{"name":"wp","href":"https:\/\/api.w.org\/{rel}","templated":true}]}}