{"id":3409,"date":"2025-05-23T18:00:18","date_gmt":"2025-05-23T10:00:18","guid":{"rendered":"https:\/\/theperfumebottles.com\/?post_type=product&#038;p=3409"},"modified":"2025-05-26T13:33:07","modified_gmt":"2025-05-26T05:33:07","slug":"10ml-20ml-30ml-refillable-fragrance-bottle-travel-cologne-bottle","status":"publish","type":"product","link":"https:\/\/theperfumebottles.com\/es\/product\/10ml-20ml-30ml-refillable-fragrance-bottle-travel-cologne-bottle\/","title":{"rendered":"Botella de fragancia recargable de 10 ml, 20 ml y 30 ml y botella de colonia de viaje"},"content":{"rendered":"<p>\u00bfBuscas un envase que contenga fragancia y transmita el alma de tu marca? Imagina: cuando el cliente abre con cuidado tu frasco de fragancia rellenable, la delicada textura del vidrio se desliza entre los dedos, el l\u00edquido \u00e1mbar se vierte como la seda y cada gota cuenta la historia de tu marca.<\/p>\n<h2>\nEspecificaciones clave<\/h2>\n<table style=\"border-collapse: collapse;margin-left: auto;margin-right: auto;width: 80%\" border=\"0\" width=\"80%\" cellspacing=\"0\" cellpadding=\"0\">\n<tbody>\n<tr style=\"height: 13.50pt\">\n<td style=\"height: 13.50pt;width: 109.50pt\" width=\"146\" height=\"18\"><strong>Capacidad<\/strong><\/td>\n<td style=\"width: 194.25pt\" width=\"259\">10 ml, 20 ml, 30 ml<\/td>\n<\/tr>\n<tr style=\"height: 13.50pt\">\n<td style=\"height: 13.50pt\" height=\"18\"><strong>Material<\/strong><\/td>\n<td>Cristal, tapa de metal.<\/td>\n<\/tr>\n<tr style=\"height: 13.50pt\">\n<td style=\"height: 13.50pt\" height=\"18\"><strong>Caza de focas<\/strong><\/td>\n<td>cuello de rosca + boquilla de pulverizaci\u00f3n<\/td>\n<\/tr>\n<tr style=\"height: 13.50pt\">\n<td style=\"height: 13.50pt\" height=\"18\"><strong>Color<\/strong><\/td>\n<td>Totalmente personalizable<\/td>\n<\/tr>\n<tr style=\"height: 13.50pt\">\n<td style=\"height: 13.50pt\" height=\"18\"><strong>Forma<\/strong><\/td>\n<td>Cil\u00edndrico<\/td>\n<\/tr>\n<tr style=\"height: 13.50pt\">\n<td style=\"height: 13.50pt\" height=\"18\"><strong>Tipo de embalaje<\/strong><\/td>\n<td>Envases cosm\u00e9ticos reciclables<\/td>\n<\/tr>\n<\/tbody>\n<\/table>\n<p><img fetchpriority=\"high\" decoding=\"async\" class=\"wp-image-3402\" src=\"https:\/\/theperfumebottles.com\/wp-content\/uploads\/2025\/05\/travel-cologne-bottle-rb3020.webp\" alt=\"botella de colonia de viaje\" width=\"451\" height=\"451\" srcset=\"https:\/\/theperfumebottles.com\/wp-content\/uploads\/2025\/05\/travel-cologne-bottle-rb3020.webp 1000w, https:\/\/theperfumebottles.com\/wp-content\/uploads\/2025\/05\/travel-cologne-bottle-rb3020-300x300.webp 300w, https:\/\/theperfumebottles.com\/wp-content\/uploads\/2025\/05\/travel-cologne-bottle-rb3020-150x150.webp 150w, https:\/\/theperfumebottles.com\/wp-content\/uploads\/2025\/05\/travel-cologne-bottle-rb3020-768x768.webp 768w, https:\/\/theperfumebottles.com\/wp-content\/uploads\/2025\/05\/travel-cologne-bottle-rb3020-12x12.webp 12w, https:\/\/theperfumebottles.com\/wp-content\/uploads\/2025\/05\/travel-cologne-bottle-rb3020-600x600.webp 600w, https:\/\/theperfumebottles.com\/wp-content\/uploads\/2025\/05\/travel-cologne-bottle-rb3020-100x100.webp 100w\" sizes=\"(max-width: 451px) 100vw, 451px\" \/><\/p>\n<p>&nbsp;<\/p>\n<h2>Historia de \u00e9xito y consejos de personalizaci\u00f3n<\/h2>\n<p>Una marca de cuidado de la piel con la que trabajamos aument\u00f3 su retenci\u00f3n de clientes en un 40 % utilizando estos frascos de perfume de vidrio como muestras de viaje. Al ofrecer frascos de fragancia rellenables, redujeron el desperdicio y fomentaron las compras recurrentes.<\/p>\n<h2>Consejos de personalizaci\u00f3n<\/h2>\n<ul>\n<li><strong>Flexibilidad de dise\u00f1o<\/strong>:Agregue su logotipo mediante grabado o bloqueo de color para crear una apariencia espec\u00edfica de la marca.<\/li>\n<li><strong>Pedidos al por mayor<\/strong>:Realice pedidos al por mayor para abastecerse de botellas de muestra para eventos o venta minorista.<\/li>\n<li><strong>Eco-Friendly Edge<\/strong>:Destaque el vidrio reciclable y el dise\u00f1o port\u00e1til en su marketing para atraer a consumidores conscientes.<\/li>\n<\/ul>\n<h2>Deja que la belleza de la fragancia se vea verdaderamente<\/h2>\n<p>\u00bfBuscas un envase que contenga fragancia y transmita el alma de tu marca? Imagina: cuando el cliente abre con cuidado tu frasco de perfume, la delicada textura del vidrio se desliza entre sus dedos, el l\u00edquido \u00e1mbar se vierte como la seda, y cada gota cuenta la historia de tu marca.<\/p>\n<p>Somos conscientes de que los consumidores modernos no solo compran perfumes, sino tambi\u00e9n experiencias inmersivas.<\/p>\n<blockquote><p>El dise\u00f1o a prueba de fugas hace que los viajes de negocios sean elegantes y tranquilos.<\/p>\n<p>El tap\u00f3n magn\u00e9tico interpreta la exquisitez de la est\u00e9tica oriental.<\/p>\n<p>La textura mate resalta una sensaci\u00f3n discreta de alta gama.<\/p><\/blockquote>\n<p>Estos detalles son muy reveladores: no se trata de un contenedor mediocre, sino de una obra de arte andante.<\/p>\n<h2>Empieza con tu idea<\/h2>\n<p>\u00bfNecesita un dise\u00f1ador dedicado que le ayude a crear un punto de vista memorable? Desde la curvatura de la botella hasta los efectos de luz y sombra, nuestro equipo tallar\u00e1 cada detalle como una obra de arte. \u00bfRecuerda a la clienta que quer\u00eda crear el concepto &#034;Bosque de Luna&#034;? Usamos vidrio degradado y un logotipo luminoso para que su marca destaque en la exposici\u00f3n.<\/p>\n<h3>En este momento solo necesitas decirme:<\/h3>\n<p>\u00bfQu\u00e9 tipo de temperamento de marca espera transmitir?<\/p>\n<p>\u00bfQu\u00e9 tipo de experiencia t\u00e1ctil prefiere el grupo de clientes objetivo?<\/p>\n<p>PD: No te f\u00edes solo de nuestras palabras. Prueba primero una muestra, porque un buen dise\u00f1o empieza por una buena primera impresi\u00f3n.<\/p>","protected":false},"excerpt":{"rendered":"<p>Renueva tu marca con nuestros frascos de perfume recargables y frascos de colonia de viaje. Frascos de perfume de vidrio personalizados en dise\u00f1os peque\u00f1os y port\u00e1tiles para pedidos al por mayor o al por mayor.<\/p>","protected":false},"featured_media":3399,"comment_status":"open","ping_status":"closed","template":"","meta":{"_acf_changed":false,"site-sidebar-layout":"default","site-content-layout":"","ast-site-content-layout":"default","site-content-style":"default","site-sidebar-style":"default","ast-global-header-display":"","ast-banner-title-visibility":"","ast-main-header-display":"","ast-hfb-above-header-display":"","ast-hfb-below-header-display":"","ast-hfb-mobile-header-display":"","site-post-title":"","ast-breadcrumbs-content":"","ast-featured-img":"","footer-sml-layout":"","ast-disable-related-posts":"","theme-transparent-header-meta":"default","adv-header-id-meta":"","stick-header-meta":"","header-above-stick-meta":"","header-main-stick-meta":"","header-below-stick-meta":"","astra-migrate-meta-layouts":"set","ast-page-background-enabled":"default","ast-page-background-meta":{"desktop":{"background-color":"var(--ast-global-color-5)","background-image":"","background-repeat":"repeat","background-position":"center center","background-size":"auto","background-attachment":"scroll","background-type":"","background-media":"","overlay-type":"","overlay-color":"","overlay-opacity":"","overlay-gradient":""},"tablet":{"background-color":"","background-image":"","background-repeat":"repeat","background-position":"center center","background-size":"auto","background-attachment":"scroll","background-type":"","background-media":"","overlay-type":"","overlay-color":"","overlay-opacity":"","overlay-gradient":""},"mobile":{"background-color":"","background-image":"","background-repeat":"repeat","background-position":"center center","background-size":"auto","background-attachment":"scroll","background-type":"","background-media":"","overlay-type":"","overlay-color":"","overlay-opacity":"","overlay-gradient":""}},"ast-content-background-meta":{"desktop":{"background-color":"var(--ast-global-color-4)","background-image":"","background-repeat":"repeat","background-position":"center center","background-size":"auto","background-attachment":"scroll","background-type":"","background-media":"","overlay-type":"","overlay-color":"","overlay-opacity":"","overlay-gradient":""},"tablet":{"background-color":"var(--ast-global-color-4)","background-image":"","background-repeat":"repeat","background-position":"center center","background-size":"auto","background-attachment":"scroll","background-type":"","background-media":"","overlay-type":"","overlay-color":"","overlay-opacity":"","overlay-gradient":""},"mobile":{"background-color":"var(--ast-global-color-4)","background-image":"","background-repeat":"repeat","background-position":"center center","background-size":"auto","background-attachment":"scroll","background-type":"","background-media":"","overlay-type":"","overlay-color":"","overlay-opacity":"","overlay-gradient":""}}},"product_brand":[],"product_cat":[72,74,41,90],"product_tag":[],"class_list":{"0":"post-3409","1":"product","2":"type-product","3":"status-publish","4":"has-post-thumbnail","6":"product_cat-cosmetic-packaging","7":"product_cat-mini-perfume-bottles","8":"product_cat-perfume-bottles","9":"product_cat-refillable-perfume-bottles","10":"desktop-align-left","11":"tablet-align-left","12":"mobile-align-left","14":"first","15":"instock","16":"shipping-taxable","17":"product-type-simple"},"acf":[],"jetpack_sharing_enabled":true,"_links":{"self":[{"href":"https:\/\/theperfumebottles.com\/es\/wp-json\/wp\/v2\/product\/3409","targetHints":{"allow":["GET"]}}],"collection":[{"href":"https:\/\/theperfumebottles.com\/es\/wp-json\/wp\/v2\/product"}],"about":[{"href":"https:\/\/theperfumebottles.com\/es\/wp-json\/wp\/v2\/types\/product"}],"replies":[{"embeddable":true,"href":"https:\/\/theperfumebottles.com\/es\/wp-json\/wp\/v2\/comments?post=3409"}],"wp:featuredmedia":[{"embeddable":true,"href":"https:\/\/theperfumebottles.com\/es\/wp-json\/wp\/v2\/media\/3399"}],"wp:attachment":[{"href":"https:\/\/theperfumebottles.com\/es\/wp-json\/wp\/v2\/media?parent=3409"}],"wp:term":[{"taxonomy":"product_brand","embeddable":true,"href":"https:\/\/theperfumebottles.com\/es\/wp-json\/wp\/v2\/product_brand?post=3409"},{"taxonomy":"product_cat","embeddable":true,"href":"https:\/\/theperfumebottles.com\/es\/wp-json\/wp\/v2\/product_cat?post=3409"},{"taxonomy":"product_tag","embeddable":true,"href":"https:\/\/theperfumebottles.com\/es\/wp-json\/wp\/v2\/product_tag?post=3409"}],"curies":[{"name":"wp","href":"https:\/\/api.w.org\/{rel}","templated":true}]}}