{"id":3581,"date":"2025-06-02T12:00:15","date_gmt":"2025-06-02T04:00:15","guid":{"rendered":"https:\/\/theperfumebottles.com\/?post_type=product&#038;p=3581"},"modified":"2025-06-11T18:36:26","modified_gmt":"2025-06-11T10:36:26","slug":"50ml-100ml-luxury-glass-perfume-decanters-with-gold-lids","status":"publish","type":"product","link":"https:\/\/theperfumebottles.com\/es\/product\/50ml-100ml-luxury-glass-perfume-decanters-with-gold-lids\/","title":{"rendered":"Decantadores de perfume de lujo de vidrio de 50 ml y 100 ml con tapas doradas"},"content":{"rendered":"<p>Si est\u00e1s buscando un decantador de perfume que haga que el olor de tu marca persista en la mente de tus clientes durante mucho tiempo, echa un vistazo a nuestro PB-YZ0901 y PB-YZ0902. Clevermente combinan belleza cl\u00e1sica con practicidad moderna y est\u00e1n especialmente dise\u00f1ados para marcas que quieren dejar una impresi\u00f3n profunda.<\/p>\n<h2>Especificaciones clave<\/h2>\n<table style=\"border-collapse: collapse;margin-left: auto;margin-right: auto;width: 90%\" border=\"0\" width=\"90%\" cellspacing=\"0\" cellpadding=\"0\">\n<tbody>\n<tr style=\"height: 13.50pt\">\n<td style=\"height: 13.50pt;width: 96.00pt\" width=\"128\" height=\"18\"><strong>Modelo<\/strong><\/td>\n<td style=\"width: 75.75pt\" width=\"101\"><strong>Capacidad<\/strong><\/td>\n<td style=\"width: 99.00pt\" width=\"132\">Dimensiones (mm)<\/td>\n<td style=\"width: 95.25pt\" width=\"127\">Di\u00e1metro del cuello<\/td>\n<td style=\"width: 160.50pt\" width=\"214\">M\u00e9todo de sellado<\/td>\n<td style=\"width: 90.75pt\" width=\"121\">Material<\/td>\n<td style=\"width: 90.75pt\" width=\"121\">Opciones de color<\/td>\n<\/tr>\n<tr style=\"height: 13.50pt\">\n<td style=\"height: 13.50pt\" height=\"18\">PB-YZ0901<\/td>\n<td>50 ml<\/td>\n<td>43 x 77<\/td>\n<td>15 mil\u00edmetros<\/td>\n<td>Cuello de presi\u00f3n + atomizador<\/td>\n<td>vaso de cristal<\/td>\n<td>Personalizable<\/td>\n<\/tr>\n<tr style=\"height: 13.50pt\">\n<td style=\"height: 13.50pt\" height=\"18\">PB-YZ0902<\/td>\n<td>100 ml<\/td>\n<td>52 x 93<\/td>\n<td>15 mil\u00edmetros<\/td>\n<td>Cuello de presi\u00f3n + atomizador<\/td>\n<td>vaso de cristal<\/td>\n<td>Personalizable<\/td>\n<\/tr>\n<\/tbody>\n<\/table>\n<h2>Historia de \u00c9xito: Un Salto de Marca hacia el Lujo<\/h2>\n<p>Una marca de fragancia europea eligi\u00f3 nuestro PB-YZ0901 para su colecci\u00f3n de edici\u00f3n limitada. Al reemplazar sus viejas botellas de pl\u00e1stico por decantadores de perfume de vidrio con tapas grabadas, vieron un aumento de 40% en las ventas de cajas de regalo. \u00bfPor qu\u00e9? El embalaje no solo conten\u00eda perfume \u2013 contaba una historia de artesan\u00eda.<\/p>\n<h2>Consejo profesional para la personalizaci\u00f3n:<\/h2>\n<ul>\n<li><strong>Para fragancias masculinas<\/strong>: Elige tapas navy profundas y grabado de logo minimalista.<\/li>\n<li><strong>Para l\u00edneas femeninas<\/strong>: Combina tapas rosas suaves con acentos de hoja de oro.<\/li>\n<li><strong>Para regalos<\/strong>: A\u00f1ade una bolsa de seda a tu embalaje de botella de perfume \u2013 convierte un producto en un regalo.<\/li>\n<\/ul>\n<h2>\u00bfPor qu\u00e9 Esto Funciona para Ti<\/h2>\n<p>Vendes m\u00e1s que solo perfume, vendes una experiencia inolvidable. Estas botellas de vidrio no son solo contenedores para almacenar fragancias, sino medios para amplificar su encanto, haciendo que cada gota de perfume emane m\u00e1s brillo encantador. Imagina a un cliente abriendo una caja de color mate negro para encontrar un decantador de cristal claro que capta la luz. Eso no es solo embalaje; es un momento.<\/p>\n<p>Necesitas ayuda para decidir? Hablemos de algo inolvidable juntos.<\/p>\n<p>P.D. No dejes que los competidores roben la luz. Tu perfume necesita una botella de primer nivel que griten, \"Este es lujo\". H\u00e1galo tuyo.<\/p>","protected":false},"excerpt":{"rendered":"<p>Eleva tu marca con elegantes decantadores de perfume de vidrio y embalaje de botella de alta calidad. Elige al fabricante para soluciones de fragancia de primera categor\u00eda.<\/p>","protected":false},"featured_media":3585,"comment_status":"open","ping_status":"closed","template":"","meta":{"_acf_changed":false,"site-sidebar-layout":"default","site-content-layout":"","ast-site-content-layout":"default","site-content-style":"default","site-sidebar-style":"default","ast-global-header-display":"","ast-banner-title-visibility":"","ast-main-header-display":"","ast-hfb-above-header-display":"","ast-hfb-below-header-display":"","ast-hfb-mobile-header-display":"","site-post-title":"","ast-breadcrumbs-content":"","ast-featured-img":"","footer-sml-layout":"","ast-disable-related-posts":"","theme-transparent-header-meta":"default","adv-header-id-meta":"","stick-header-meta":"","header-above-stick-meta":"","header-main-stick-meta":"","header-below-stick-meta":"","astra-migrate-meta-layouts":"set","ast-page-background-enabled":"default","ast-page-background-meta":{"desktop":{"background-color":"var(--ast-global-color-5)","background-image":"","background-repeat":"repeat","background-position":"center center","background-size":"auto","background-attachment":"scroll","background-type":"","background-media":"","overlay-type":"","overlay-color":"","overlay-opacity":"","overlay-gradient":""},"tablet":{"background-color":"","background-image":"","background-repeat":"repeat","background-position":"center center","background-size":"auto","background-attachment":"scroll","background-type":"","background-media":"","overlay-type":"","overlay-color":"","overlay-opacity":"","overlay-gradient":""},"mobile":{"background-color":"","background-image":"","background-repeat":"repeat","background-position":"center center","background-size":"auto","background-attachment":"scroll","background-type":"","background-media":"","overlay-type":"","overlay-color":"","overlay-opacity":"","overlay-gradient":""}},"ast-content-background-meta":{"desktop":{"background-color":"var(--ast-global-color-4)","background-image":"","background-repeat":"repeat","background-position":"center center","background-size":"auto","background-attachment":"scroll","background-type":"","background-media":"","overlay-type":"","overlay-color":"","overlay-opacity":"","overlay-gradient":""},"tablet":{"background-color":"var(--ast-global-color-4)","background-image":"","background-repeat":"repeat","background-position":"center center","background-size":"auto","background-attachment":"scroll","background-type":"","background-media":"","overlay-type":"","overlay-color":"","overlay-opacity":"","overlay-gradient":""},"mobile":{"background-color":"var(--ast-global-color-4)","background-image":"","background-repeat":"repeat","background-position":"center center","background-size":"auto","background-attachment":"scroll","background-type":"","background-media":"","overlay-type":"","overlay-color":"","overlay-opacity":"","overlay-gradient":""}}},"product_brand":[],"product_cat":[72,91,41,37],"product_tag":[89],"class_list":{"0":"post-3581","1":"product","2":"type-product","3":"status-publish","4":"has-post-thumbnail","6":"product_cat-cosmetic-packaging","7":"product_cat-custom-perfume-bottles","8":"product_cat-perfume-bottles","9":"product_cat-uncategorized","10":"product_tag-perfume-bottle","11":"desktop-align-left","12":"tablet-align-left","13":"mobile-align-left","15":"first","16":"instock","17":"shipping-taxable","18":"product-type-simple"},"acf":[],"jetpack_sharing_enabled":true,"_links":{"self":[{"href":"https:\/\/theperfumebottles.com\/es\/wp-json\/wp\/v2\/product\/3581","targetHints":{"allow":["GET"]}}],"collection":[{"href":"https:\/\/theperfumebottles.com\/es\/wp-json\/wp\/v2\/product"}],"about":[{"href":"https:\/\/theperfumebottles.com\/es\/wp-json\/wp\/v2\/types\/product"}],"replies":[{"embeddable":true,"href":"https:\/\/theperfumebottles.com\/es\/wp-json\/wp\/v2\/comments?post=3581"}],"wp:featuredmedia":[{"embeddable":true,"href":"https:\/\/theperfumebottles.com\/es\/wp-json\/wp\/v2\/media\/3585"}],"wp:attachment":[{"href":"https:\/\/theperfumebottles.com\/es\/wp-json\/wp\/v2\/media?parent=3581"}],"wp:term":[{"taxonomy":"product_brand","embeddable":true,"href":"https:\/\/theperfumebottles.com\/es\/wp-json\/wp\/v2\/product_brand?post=3581"},{"taxonomy":"product_cat","embeddable":true,"href":"https:\/\/theperfumebottles.com\/es\/wp-json\/wp\/v2\/product_cat?post=3581"},{"taxonomy":"product_tag","embeddable":true,"href":"https:\/\/theperfumebottles.com\/es\/wp-json\/wp\/v2\/product_tag?post=3581"}],"curies":[{"name":"wp","href":"https:\/\/api.w.org\/{rel}","templated":true}]}}