{"id":3596,"date":"2025-06-04T10:01:33","date_gmt":"2025-06-04T02:01:33","guid":{"rendered":"https:\/\/theperfumebottles.com\/?post_type=product&#038;p=3596"},"modified":"2026-05-05T13:37:17","modified_gmt":"2026-05-05T05:37:17","slug":"fancy-perfume-bottles-for-vials-wholesale","status":"publish","type":"product","link":"https:\/\/theperfumebottles.com\/es\/product\/fancy-perfume-bottles-for-vials-wholesale\/","title":{"rendered":"30ml 55ml 100ml Fancy Perfume Bottles for Vials Wholesale"},"content":{"rendered":"<p>Estos elegantes frascos de perfume exhiben un dise\u00f1o en su cuerpo cil\u00edndrico, que culmina en una base transparente con un singular patr\u00f3n de textura radiante. Fabricados en vidrio ultratransparente, est\u00e1n disponibles en varios tama\u00f1os y con tapones opcionales en dorado, negro o negro.<\/p>\n<h2>Especificaci\u00f3n clave<\/h2>\n<table style=\"border-collapse: collapse; width: 80%; margin-left: auto; margin-right: auto;\" border=\"0\" width=\"432\" cellspacing=\"0\" cellpadding=\"0\">\n<tbody>\n<tr style=\"height: 13.50pt;\">\n<td class=\"et2\" style=\"height: 13.5pt; width: 54pt; text-align: center;\" width=\"72\" height=\"18\">Modelo<\/td>\n<td class=\"et2\" style=\"width: 54pt; text-align: center;\" width=\"72\">Capacidad (ml)<\/td>\n<td class=\"et2\" style=\"width: 54pt; text-align: center;\" width=\"72\">Dimensiones (mm)<\/td>\n<td class=\"et2\" style=\"width: 54pt; text-align: center;\" width=\"72\">Di\u00e1metro de la tapa<\/td>\n<td class=\"et2\" style=\"width: 54pt; text-align: center;\" width=\"72\">Tipo de cierre<\/td>\n<td class=\"et2\" style=\"width: 54pt; text-align: center;\" width=\"72\">Material<\/td>\n<\/tr>\n<tr style=\"height: 13.50pt;\">\n<td class=\"et2\" style=\"height: 13.5pt; text-align: center;\" height=\"18\">PB-YZ1101<\/td>\n<td class=\"et2\" style=\"text-align: center;\">30<\/td>\n<td class=\"et2\" style=\"text-align: center;\">45 x 76<\/td>\n<td class=\"et2\" style=\"text-align: center;\" rowspan=\"3\">15 mil\u00edmetros<\/td>\n<td class=\"et2\" style=\"text-align: center;\" rowspan=\"3\">Cuello de engarce + pulverizador<\/td>\n<td class=\"et2\" style=\"text-align: center;\" rowspan=\"3\">Cristal<\/td>\n<\/tr>\n<tr style=\"height: 13.50pt;\">\n<td class=\"et2\" style=\"height: 13.5pt; text-align: center;\" height=\"18\">PB-YZ1102<\/td>\n<td class=\"et2\" style=\"text-align: center;\">55<\/td>\n<td class=\"et2\" style=\"text-align: center;\">46 x 91,4<\/td>\n<\/tr>\n<tr style=\"height: 13.50pt;\">\n<td class=\"et2\" style=\"height: 13.5pt; text-align: center;\" height=\"18\">PB-YZ1103<\/td>\n<td class=\"et2\" style=\"text-align: center;\">100<\/td>\n<td class=\"et2\" style=\"text-align: center;\">45 x 126<\/td>\n<\/tr>\n<\/tbody>\n<\/table>\n<h2>Historia de \u00e9xito<\/h2>\n<p>Una exclusiva marca de perfumes de Oriente Medio seleccion\u00f3 nuestros elegantes frascos, que incluyen un tap\u00f3n dorado y un lazo dorado estampado mediante serigraf\u00eda. El dise\u00f1o base del producto se convirti\u00f3 en el principal distintivo de la marca. La marca registr\u00f3 un aumento del 30 % en el reconocimiento de marca gracias al empaque y la alta calidad de los materiales, ya que incrementaron el precio de su nuevo perfume de oud en un 60 % mediante el uso de materiales de primera calidad. Este logro impuls\u00f3 a la marca a solicitar un suministro adicional de 200 000 frascos para respaldar su futura producci\u00f3n de aceites esenciales y perfumes s\u00f3lidos.<\/p>\n<h2>Frascos de perfume al por mayor con opciones de personalizaci\u00f3n.<\/h2>\n<ul>\n<li>Dise\u00f1o cuadrado o poli\u00e9drico: El dise\u00f1o (base texturizada + botella transparente) permite a los usuarios crear una superficie cuadrada o poli\u00e9drica gracias a su dise\u00f1o de dos partes.<\/li>\n<li>Tapa magn\u00e9tica: El producto incluye un cierre magn\u00e9tico que proporciona a los usuarios una experiencia fluida y agradable al utilizarlo.<\/li>\n<li>Textura y color de la base personalizables: Ofrece una variedad de texturas internas para la base (geom\u00e9trica, m\u00e1rmol, cristal) y permite seleccionar bases de vidrio de diferentes colores.<\/li>\n<\/ul>","protected":false},"excerpt":{"rendered":"<p>Shop fancy perfume bottles and high-quality perfume vials wholesale\u2014ideal for luxury fragrance brands seeking elegant, eye-catching packaging. Free samples.<\/p>","protected":false},"featured_media":3601,"comment_status":"open","ping_status":"closed","template":"","meta":{"_acf_changed":false,"site-sidebar-layout":"default","site-content-layout":"","ast-site-content-layout":"default","site-content-style":"default","site-sidebar-style":"default","ast-global-header-display":"","ast-banner-title-visibility":"","ast-main-header-display":"","ast-hfb-above-header-display":"","ast-hfb-below-header-display":"","ast-hfb-mobile-header-display":"","site-post-title":"","ast-breadcrumbs-content":"","ast-featured-img":"","footer-sml-layout":"","ast-disable-related-posts":"","theme-transparent-header-meta":"default","adv-header-id-meta":"","stick-header-meta":"","header-above-stick-meta":"","header-main-stick-meta":"","header-below-stick-meta":"","astra-migrate-meta-layouts":"set","ast-page-background-enabled":"default","ast-page-background-meta":{"desktop":{"background-color":"var(--ast-global-color-5)","background-image":"","background-repeat":"repeat","background-position":"center center","background-size":"auto","background-attachment":"scroll","background-type":"","background-media":"","overlay-type":"","overlay-color":"","overlay-opacity":"","overlay-gradient":""},"tablet":{"background-color":"","background-image":"","background-repeat":"repeat","background-position":"center center","background-size":"auto","background-attachment":"scroll","background-type":"","background-media":"","overlay-type":"","overlay-color":"","overlay-opacity":"","overlay-gradient":""},"mobile":{"background-color":"","background-image":"","background-repeat":"repeat","background-position":"center center","background-size":"auto","background-attachment":"scroll","background-type":"","background-media":"","overlay-type":"","overlay-color":"","overlay-opacity":"","overlay-gradient":""}},"ast-content-background-meta":{"desktop":{"background-color":"var(--ast-global-color-4)","background-image":"","background-repeat":"repeat","background-position":"center center","background-size":"auto","background-attachment":"scroll","background-type":"","background-media":"","overlay-type":"","overlay-color":"","overlay-opacity":"","overlay-gradient":""},"tablet":{"background-color":"var(--ast-global-color-4)","background-image":"","background-repeat":"repeat","background-position":"center center","background-size":"auto","background-attachment":"scroll","background-type":"","background-media":"","overlay-type":"","overlay-color":"","overlay-opacity":"","overlay-gradient":""},"mobile":{"background-color":"var(--ast-global-color-4)","background-image":"","background-repeat":"repeat","background-position":"center center","background-size":"auto","background-attachment":"scroll","background-type":"","background-media":"","overlay-type":"","overlay-color":"","overlay-opacity":"","overlay-gradient":""}}},"product_brand":[],"product_cat":[91,72,41],"product_tag":[49],"class_list":{"0":"post-3596","1":"product","2":"type-product","3":"status-publish","4":"has-post-thumbnail","6":"product_cat-custom-perfume-bottles","7":"product_cat-cosmetic-packaging","8":"product_cat-perfume-bottles","9":"product_tag-perfume-bottles","10":"desktop-align-left","11":"tablet-align-left","12":"mobile-align-left","14":"first","15":"instock","16":"shipping-taxable","17":"product-type-simple"},"acf":[],"jetpack_sharing_enabled":true,"_links":{"self":[{"href":"https:\/\/theperfumebottles.com\/es\/wp-json\/wp\/v2\/product\/3596","targetHints":{"allow":["GET"]}}],"collection":[{"href":"https:\/\/theperfumebottles.com\/es\/wp-json\/wp\/v2\/product"}],"about":[{"href":"https:\/\/theperfumebottles.com\/es\/wp-json\/wp\/v2\/types\/product"}],"replies":[{"embeddable":true,"href":"https:\/\/theperfumebottles.com\/es\/wp-json\/wp\/v2\/comments?post=3596"}],"wp:featuredmedia":[{"embeddable":true,"href":"https:\/\/theperfumebottles.com\/es\/wp-json\/wp\/v2\/media\/3601"}],"wp:attachment":[{"href":"https:\/\/theperfumebottles.com\/es\/wp-json\/wp\/v2\/media?parent=3596"}],"wp:term":[{"taxonomy":"product_brand","embeddable":true,"href":"https:\/\/theperfumebottles.com\/es\/wp-json\/wp\/v2\/product_brand?post=3596"},{"taxonomy":"product_cat","embeddable":true,"href":"https:\/\/theperfumebottles.com\/es\/wp-json\/wp\/v2\/product_cat?post=3596"},{"taxonomy":"product_tag","embeddable":true,"href":"https:\/\/theperfumebottles.com\/es\/wp-json\/wp\/v2\/product_tag?post=3596"}],"curies":[{"name":"wp","href":"https:\/\/api.w.org\/{rel}","templated":true}]}}