{"id":3850,"date":"2025-06-11T18:38:00","date_gmt":"2025-06-11T10:38:00","guid":{"rendered":"https:\/\/theperfumebottles.com\/?post_type=product&#038;p=3850"},"modified":"2025-06-17T09:24:16","modified_gmt":"2025-06-17T01:24:16","slug":"elegant-bottle-perfume-glass-for-wholesale","status":"publish","type":"product","link":"https:\/\/theperfumebottles.com\/es\/product\/elegant-bottle-perfume-glass-for-wholesale\/","title":{"rendered":"Botella elegante de perfume de cristal de 30 ml, 50 ml y 100 ml para venta al por mayor"},"content":{"rendered":"<p>\u00bfBuscas botellas de perfume al por mayor? Explora nuestra colecci\u00f3n premium de botellas de perfume de vidrio: elegantes, personalizables y perfectas para marcas. Disponibles en tama\u00f1os de 30 ml, 50 ml y 100 ml con dosificadores de seguridad. Duraderas, elegantes e ideales para perfumes, colonias o aceites esenciales. Ideales para lotes peque\u00f1os o pedidos a gran escala.<\/p>\n<h2>Especificaciones clave<\/h2>\n<table style=\"border-collapse: collapse;margin-left: auto;margin-right: auto;width: 80%\" border=\"0\" width=\"80%\" cellspacing=\"0\" cellpadding=\"0\">\n<tbody>\n<tr style=\"height: 13.50pt\">\n<td style=\"height: 13.50pt;width: 101.25pt\" width=\"135\" height=\"18\">Modelo<\/td>\n<td style=\"width: 77.25pt\" width=\"103\">Capacidad<\/td>\n<td style=\"width: 114.75pt\" width=\"153\">Dimensiones (mm)<\/td>\n<td style=\"width: 161.25pt\" width=\"215\">Tipo de cierre<\/td>\n<td style=\"width: 98.25pt\" width=\"131\">Material<\/td>\n<td style=\"width: 99.00pt\" width=\"132\">Opciones de color<\/td>\n<\/tr>\n<tr style=\"height: 13.50pt\">\n<td style=\"height: 13.50pt\" height=\"18\">PB-YZ1501<\/td>\n<td>30 ml<\/td>\n<td>36 x 72<\/td>\n<td>Cuello de engarce + pulverizador<\/td>\n<td>vaso de cristal<\/td>\n<td>Personalizable<\/td>\n<\/tr>\n<tr style=\"height: 13.50pt\">\n<td style=\"height: 13.50pt\" height=\"18\">PB-YZ1502<\/td>\n<td>50 ml<\/td>\n<td>43,5 x 85<\/td>\n<td>Cuello de engarce + pulverizador<\/td>\n<td>vaso de cristal<\/td>\n<td>Personalizable<\/td>\n<\/tr>\n<tr style=\"height: 13.50pt\">\n<td style=\"height: 13.50pt\" height=\"18\">PB-YZ1503<\/td>\n<td>100 ml<\/td>\n<td>51,4 x 100<\/td>\n<td>Cuello de engarce + pulverizador<\/td>\n<td>vaso de cristal<\/td>\n<td>Personalizable<\/td>\n<\/tr>\n<\/tbody>\n<\/table>\n<h2>Una historia de \u00e9xito real<\/h2>\n<p>Una marca de perfumes boutique francesa se preparaba para lanzar su primera fragancia unisex. Buscaban un dise\u00f1o minimalista pero lujoso que destacara en los estantes. Eligieron nuestro frasco de perfume de vidrio de 50 ml con un acabado azul marino intenso y atomizador dorado. \u00bfEl resultado? El producto apareci\u00f3 en varias listas de los &#034;10 mejores&#034; en cuesti\u00f3n de semanas, y los clientes elogiaron su elegante dise\u00f1o y facilidad de uso. &#034;Buscamos por todas partes el envase de perfume perfecto&#034;, dijo su fundador. &#034;Este frasco de perfume de vidrio nos brind\u00f3 justo lo que busc\u00e1bamos: estilo, calidad y precio&#034;.<\/p>\n<h2>Consejos de personalizaci\u00f3n para su marca<\/h2>\n<p>\u00bfQuieres que tu perfume llame la atenci\u00f3n y sea exclusivo? Aqu\u00ed te explicamos c\u00f3mo sacarle el m\u00e1ximo partido a nuestros frascos:<\/p>\n<ul>\n<li><strong>Coincidencia de marca:<\/strong> Personalice el color para reflejar el tono de su marca: piense en pasteles suaves para l\u00edneas naturales o tonos atrevidos para aromas atrevidos.<\/li>\n<li><strong>Forma amigable con la etiqueta:<\/strong> El dise\u00f1o cil\u00edndrico funciona muy bien con etiquetas envolventes o ubicaciones verticales: mant\u00e9ngalo limpio y elegante.<\/li>\n<li><strong>Elige el tama\u00f1o correcto:<\/strong> Utilice la opci\u00f3n de 50 ml para colecciones aptas para viajes y la versi\u00f3n de 100 ml para sets de regalo premium.<\/li>\n<li><strong>Maridaje de embalaje:<\/strong> Comb\u00ednalo con cajas magn\u00e9ticas o inserciones personalizadas para mejorar la experiencia de desempaquetado.<\/li>\n<\/ul>\n<h2>Su socio ideal para el envasado de perfumes<\/h2>\n<p>Ya sea que est\u00e9 lanzando una serie de fragancias artesanales de nicho o est\u00e9 planeando un lanzamiento a gran escala, tenemos suficiente experiencia, tecnolog\u00eda profesional y mucho entusiasmo para ayudarlo a convertir sus ideas en realidad.<\/p>\n<p>Creemos juntos una experiencia perfum\u00edstica impresionante. Al fin y al cabo, cada frasco de perfume cuenta una historia, y un buen empaque es su portada m\u00e1s conmovedora.<\/p>","protected":false},"excerpt":{"rendered":"<p>Botellas de perfume de vidrio de alta calidad disponibles al por mayor. Ideales para marcas, minoristas y envases de fragancias personalizados.<\/p>","protected":false},"featured_media":3981,"comment_status":"open","ping_status":"closed","template":"","meta":{"_acf_changed":false,"site-sidebar-layout":"default","site-content-layout":"","ast-site-content-layout":"default","site-content-style":"default","site-sidebar-style":"default","ast-global-header-display":"","ast-banner-title-visibility":"","ast-main-header-display":"","ast-hfb-above-header-display":"","ast-hfb-below-header-display":"","ast-hfb-mobile-header-display":"","site-post-title":"","ast-breadcrumbs-content":"","ast-featured-img":"","footer-sml-layout":"","ast-disable-related-posts":"","theme-transparent-header-meta":"default","adv-header-id-meta":"","stick-header-meta":"","header-above-stick-meta":"","header-main-stick-meta":"","header-below-stick-meta":"","astra-migrate-meta-layouts":"set","ast-page-background-enabled":"default","ast-page-background-meta":{"desktop":{"background-color":"var(--ast-global-color-5)","background-image":"","background-repeat":"repeat","background-position":"center center","background-size":"auto","background-attachment":"scroll","background-type":"","background-media":"","overlay-type":"","overlay-color":"","overlay-opacity":"","overlay-gradient":""},"tablet":{"background-color":"","background-image":"","background-repeat":"repeat","background-position":"center center","background-size":"auto","background-attachment":"scroll","background-type":"","background-media":"","overlay-type":"","overlay-color":"","overlay-opacity":"","overlay-gradient":""},"mobile":{"background-color":"","background-image":"","background-repeat":"repeat","background-position":"center center","background-size":"auto","background-attachment":"scroll","background-type":"","background-media":"","overlay-type":"","overlay-color":"","overlay-opacity":"","overlay-gradient":""}},"ast-content-background-meta":{"desktop":{"background-color":"var(--ast-global-color-4)","background-image":"","background-repeat":"repeat","background-position":"center center","background-size":"auto","background-attachment":"scroll","background-type":"","background-media":"","overlay-type":"","overlay-color":"","overlay-opacity":"","overlay-gradient":""},"tablet":{"background-color":"var(--ast-global-color-4)","background-image":"","background-repeat":"repeat","background-position":"center center","background-size":"auto","background-attachment":"scroll","background-type":"","background-media":"","overlay-type":"","overlay-color":"","overlay-opacity":"","overlay-gradient":""},"mobile":{"background-color":"var(--ast-global-color-4)","background-image":"","background-repeat":"repeat","background-position":"center center","background-size":"auto","background-attachment":"scroll","background-type":"","background-media":"","overlay-type":"","overlay-color":"","overlay-opacity":"","overlay-gradient":""}}},"product_brand":[],"product_cat":[72,91,41],"product_tag":[89],"class_list":{"0":"post-3850","1":"product","2":"type-product","3":"status-publish","4":"has-post-thumbnail","6":"product_cat-cosmetic-packaging","7":"product_cat-custom-perfume-bottles","8":"product_cat-perfume-bottles","9":"product_tag-perfume-bottle","10":"desktop-align-left","11":"tablet-align-left","12":"mobile-align-left","14":"first","15":"instock","16":"shipping-taxable","17":"product-type-simple"},"acf":[],"jetpack_sharing_enabled":true,"_links":{"self":[{"href":"https:\/\/theperfumebottles.com\/es\/wp-json\/wp\/v2\/product\/3850","targetHints":{"allow":["GET"]}}],"collection":[{"href":"https:\/\/theperfumebottles.com\/es\/wp-json\/wp\/v2\/product"}],"about":[{"href":"https:\/\/theperfumebottles.com\/es\/wp-json\/wp\/v2\/types\/product"}],"replies":[{"embeddable":true,"href":"https:\/\/theperfumebottles.com\/es\/wp-json\/wp\/v2\/comments?post=3850"}],"wp:featuredmedia":[{"embeddable":true,"href":"https:\/\/theperfumebottles.com\/es\/wp-json\/wp\/v2\/media\/3981"}],"wp:attachment":[{"href":"https:\/\/theperfumebottles.com\/es\/wp-json\/wp\/v2\/media?parent=3850"}],"wp:term":[{"taxonomy":"product_brand","embeddable":true,"href":"https:\/\/theperfumebottles.com\/es\/wp-json\/wp\/v2\/product_brand?post=3850"},{"taxonomy":"product_cat","embeddable":true,"href":"https:\/\/theperfumebottles.com\/es\/wp-json\/wp\/v2\/product_cat?post=3850"},{"taxonomy":"product_tag","embeddable":true,"href":"https:\/\/theperfumebottles.com\/es\/wp-json\/wp\/v2\/product_tag?post=3850"}],"curies":[{"name":"wp","href":"https:\/\/api.w.org\/{rel}","templated":true}]}}