{"id":3897,"date":"2025-06-13T17:04:32","date_gmt":"2025-06-13T09:04:32","guid":{"rendered":"https:\/\/theperfumebottles.com\/?post_type=product&#038;p=3897"},"modified":"2025-06-17T09:38:58","modified_gmt":"2025-06-17T01:38:58","slug":"elegant-perfume-beautiful-bottle-with-glass-design","status":"publish","type":"product","link":"https:\/\/theperfumebottles.com\/es\/product\/elegant-perfume-beautiful-bottle-with-glass-design\/","title":{"rendered":"Perfume elegante de 50 ml y 100 ml, hermoso frasco con dise\u00f1o de cristal."},"content":{"rendered":"<p>Si buscas un perfume con un frasco hermoso que combine elegancia atemporal con practicidad moderna, estos frascos de perfume de vidrio son justo lo que necesitas. Ya sea que est\u00e9s lanzando una nueva l\u00ednea de fragancias o renovando tu empaque actual, estos frascos pueden realzar la imagen de tu marca.<\/p>\n<h2>Especificaciones clave<\/h2>\n<table style=\"border-collapse: collapse;margin-left: auto;margin-right: auto;width: 80%\" border=\"0\" width=\"80%\" cellspacing=\"0\" cellpadding=\"0\">\n<tbody>\n<tr style=\"height: 13.50pt\">\n<td style=\"height: 13.50pt;width: 81.00pt\" width=\"108\" height=\"18\">Modelo<\/td>\n<td style=\"width: 70.50pt\" width=\"94\">Capacidad<\/td>\n<td style=\"width: 93.00pt\" width=\"124\">Forma<\/td>\n<td style=\"width: 102.00pt\" width=\"136\">Dimensiones (mm)<\/td>\n<td style=\"width: 102.75pt\" width=\"137\">Di\u00e1metro del cuello<\/td>\n<td style=\"width: 193.50pt\" width=\"258\">M\u00e9todo de sellado<\/td>\n<td style=\"width: 105.75pt\" width=\"141\">Material<\/td>\n<td style=\"width: 104.25pt\" width=\"139\">Color<\/td>\n<\/tr>\n<tr style=\"height: 13.50pt\">\n<td style=\"height: 13.50pt\" height=\"18\">PB-YZ1604<\/td>\n<td>50 ml<\/td>\n<td>Cil\u00edndrico<\/td>\n<td>37 \u00d7 98<\/td>\n<td>15 mil\u00edmetros<\/td>\n<td>Cuello de engarce + pulverizador<\/td>\n<td>vaso de cristal<\/td>\n<td>Personalizable<\/td>\n<\/tr>\n<tr style=\"height: 13.50pt\">\n<td style=\"height: 13.50pt\" height=\"18\">PB-YZ1605<\/td>\n<td>50 ml<\/td>\n<td>Cil\u00edndrico<\/td>\n<td>32 \u00d7 137<\/td>\n<td>15 mil\u00edmetros<\/td>\n<td>Cuello de engarce + pulverizador<\/td>\n<td>vaso de cristal<\/td>\n<td>Personalizable<\/td>\n<\/tr>\n<tr style=\"height: 13.50pt\">\n<td style=\"height: 13.50pt\" height=\"18\">PB-YZ1606<\/td>\n<td>100 ml<\/td>\n<td>Cil\u00edndrico<\/td>\n<td>39 \u00d7 159<\/td>\n<td>15 mil\u00edmetros<\/td>\n<td>Cuello de engarce + pulverizador<\/td>\n<td>vaso de cristal<\/td>\n<td>Personalizable<\/td>\n<\/tr>\n<\/tbody>\n<\/table>\n<h2>Estudio de caso real<\/h2>\n<p>Una marca de perfumes boutique de Par\u00eds lanz\u00f3 su emblem\u00e1tica fragancia unisex con este hermoso frasco. Eligieron un suave tono lavanda, combinado con un tap\u00f3n de spray plateado cepillado y un logotipo minimalista. \u00bfEl resultado? Su producto destac\u00f3 en los estantes, gener\u00f3 inter\u00e9s en l\u00ednea y registr\u00f3 un aumento del 40 % en los pedidos al por mayor en tan solo unos meses.<\/p>\n<h2>Consejos para crear tu propio frasco de perfume<\/h2>\n<ul>\n<li><strong>Personalizaci\u00f3n del color:<\/strong> Elija el color de la botella de acuerdo con la fragancia (como rosa suave para fragancia floral y marr\u00f3n oscuro para fragancia amaderada) para que la apariencia y la fragancia coincidan m\u00e1s.<\/li>\n<li><strong>Logotipo de la marca:<\/strong> Puede serigrafiar el LOGOTIPO o grabarlo con l\u00e1ser en la botella para mejorar el reconocimiento de la marca.<\/li>\n<li><strong>Detalles del material:<\/strong> Elija tapas de botellas mate\/galvanizadas y etiquetas con textura met\u00e1lica para realzar la sensaci\u00f3n de lujo.<\/li>\n<li><strong>Embalaje respetuoso con el medio ambiente:<\/strong> Combina cajas de papel reciclables + forro personalizado para crear una imagen de marca ecol\u00f3gica.<\/li>\n<li><strong>Soporte de personalizaci\u00f3n masiva:<\/strong> Admite pedidos grandes y servicios OEM, mejores precios y suministro estable.<\/li>\n<\/ul>\n<h2>\u00bfPor qu\u00e9 elegir a Minghang como su fabricante de perfumes?<\/h2>\n<p>Elegir Minghang significa elegir un fabricante integral de perfumes que combina solidez profesional, garant\u00eda de calidad y flexibilidad de personalizaci\u00f3n. Entendemos las necesidades de las marcas y el ritmo del mercado. No solo ofrecemos servicios integrales, desde el dise\u00f1o hasta la producci\u00f3n, sino que tambi\u00e9n utilizamos materiales ecol\u00f3gicos, un estricto control de calidad y precios mayoristas competitivos para ayudarle a crear fragancias \u00fanicas de forma eficiente y hacer que su marca destaque en el mercado.<\/p>","protected":false},"excerpt":{"rendered":"<p>Preciosa botella de perfume de cristal premium. Dise\u00f1o elegante de 100 ml, ideal para regalar o para venta al por mayor.<\/p>","protected":false},"featured_media":3903,"comment_status":"open","ping_status":"closed","template":"","meta":{"_acf_changed":false,"site-sidebar-layout":"default","site-content-layout":"","ast-site-content-layout":"default","site-content-style":"default","site-sidebar-style":"default","ast-global-header-display":"","ast-banner-title-visibility":"","ast-main-header-display":"","ast-hfb-above-header-display":"","ast-hfb-below-header-display":"","ast-hfb-mobile-header-display":"","site-post-title":"","ast-breadcrumbs-content":"","ast-featured-img":"","footer-sml-layout":"","ast-disable-related-posts":"","theme-transparent-header-meta":"default","adv-header-id-meta":"","stick-header-meta":"","header-above-stick-meta":"","header-main-stick-meta":"","header-below-stick-meta":"","astra-migrate-meta-layouts":"set","ast-page-background-enabled":"default","ast-page-background-meta":{"desktop":{"background-color":"var(--ast-global-color-5)","background-image":"","background-repeat":"repeat","background-position":"center center","background-size":"auto","background-attachment":"scroll","background-type":"","background-media":"","overlay-type":"","overlay-color":"","overlay-opacity":"","overlay-gradient":""},"tablet":{"background-color":"","background-image":"","background-repeat":"repeat","background-position":"center center","background-size":"auto","background-attachment":"scroll","background-type":"","background-media":"","overlay-type":"","overlay-color":"","overlay-opacity":"","overlay-gradient":""},"mobile":{"background-color":"","background-image":"","background-repeat":"repeat","background-position":"center center","background-size":"auto","background-attachment":"scroll","background-type":"","background-media":"","overlay-type":"","overlay-color":"","overlay-opacity":"","overlay-gradient":""}},"ast-content-background-meta":{"desktop":{"background-color":"var(--ast-global-color-4)","background-image":"","background-repeat":"repeat","background-position":"center center","background-size":"auto","background-attachment":"scroll","background-type":"","background-media":"","overlay-type":"","overlay-color":"","overlay-opacity":"","overlay-gradient":""},"tablet":{"background-color":"var(--ast-global-color-4)","background-image":"","background-repeat":"repeat","background-position":"center center","background-size":"auto","background-attachment":"scroll","background-type":"","background-media":"","overlay-type":"","overlay-color":"","overlay-opacity":"","overlay-gradient":""},"mobile":{"background-color":"var(--ast-global-color-4)","background-image":"","background-repeat":"repeat","background-position":"center center","background-size":"auto","background-attachment":"scroll","background-type":"","background-media":"","overlay-type":"","overlay-color":"","overlay-opacity":"","overlay-gradient":""}}},"product_brand":[],"product_cat":[72,91,41],"product_tag":[49],"class_list":{"0":"post-3897","1":"product","2":"type-product","3":"status-publish","4":"has-post-thumbnail","6":"product_cat-cosmetic-packaging","7":"product_cat-custom-perfume-bottles","8":"product_cat-perfume-bottles","9":"product_tag-perfume-bottles","10":"desktop-align-left","11":"tablet-align-left","12":"mobile-align-left","14":"first","15":"instock","16":"shipping-taxable","17":"product-type-simple"},"acf":[],"jetpack_sharing_enabled":true,"_links":{"self":[{"href":"https:\/\/theperfumebottles.com\/es\/wp-json\/wp\/v2\/product\/3897","targetHints":{"allow":["GET"]}}],"collection":[{"href":"https:\/\/theperfumebottles.com\/es\/wp-json\/wp\/v2\/product"}],"about":[{"href":"https:\/\/theperfumebottles.com\/es\/wp-json\/wp\/v2\/types\/product"}],"replies":[{"embeddable":true,"href":"https:\/\/theperfumebottles.com\/es\/wp-json\/wp\/v2\/comments?post=3897"}],"wp:featuredmedia":[{"embeddable":true,"href":"https:\/\/theperfumebottles.com\/es\/wp-json\/wp\/v2\/media\/3903"}],"wp:attachment":[{"href":"https:\/\/theperfumebottles.com\/es\/wp-json\/wp\/v2\/media?parent=3897"}],"wp:term":[{"taxonomy":"product_brand","embeddable":true,"href":"https:\/\/theperfumebottles.com\/es\/wp-json\/wp\/v2\/product_brand?post=3897"},{"taxonomy":"product_cat","embeddable":true,"href":"https:\/\/theperfumebottles.com\/es\/wp-json\/wp\/v2\/product_cat?post=3897"},{"taxonomy":"product_tag","embeddable":true,"href":"https:\/\/theperfumebottles.com\/es\/wp-json\/wp\/v2\/product_tag?post=3897"}],"curies":[{"name":"wp","href":"https:\/\/api.w.org\/{rel}","templated":true}]}}