{"id":3939,"date":"2025-06-16T18:01:47","date_gmt":"2025-06-16T10:01:47","guid":{"rendered":"https:\/\/theperfumebottles.com\/?post_type=product&#038;p=3939"},"modified":"2025-06-16T18:01:48","modified_gmt":"2025-06-16T10:01:48","slug":"wholesale-miniature-perfume-bottles-custom-perfume-bottle-mini","status":"publish","type":"product","link":"https:\/\/theperfumebottles.com\/es\/product\/wholesale-miniature-perfume-bottles-custom-perfume-bottle-mini\/","title":{"rendered":"Frascos de perfume en miniatura de 15 ml, 20 ml y 30 ml | Frascos de perfume personalizados en miniatura"},"content":{"rendered":"<p>\u00bfQuieres ofrecer a tus clientes una experiencia de fragancia lujosa y port\u00e1til? \u00a1Nuestros frascos de perfume miniatura son perfectos! Elegantes y pr\u00e1cticos, estos frascos de perfume mini a\u00f1aden un toque moderno al packaging de la marca.<\/p>\n<h2>Especificaciones clave<\/h2>\n<table style=\"border-collapse: collapse; margin-left: auto; margin-right: auto; width: 80%;\" border=\"0\" width=\"80%\" cellspacing=\"0\" cellpadding=\"0\">\n<tbody>\n<tr style=\"height: 13.50pt;\">\n<td style=\"height: 13.50pt; width: 99.75pt;\" width=\"133\" height=\"18\">Caracter\u00edstica<\/td>\n<td style=\"width: 262.50pt;\" width=\"350\">Descripci\u00f3n<\/td>\n<\/tr>\n<tr style=\"height: 13.50pt;\">\n<td style=\"height: 13.50pt;\" height=\"18\">Modelos<\/td>\n<td>PB-YZ1601 \/ PB-YZ1602 \/ PB-YZ1603<\/td>\n<\/tr>\n<tr style=\"height: 13.50pt;\">\n<td style=\"height: 13.50pt;\" height=\"18\">Capacidad<\/td>\n<td>15 ml \/ 20 ml \/ 30 ml<\/td>\n<\/tr>\n<tr style=\"height: 13.50pt;\">\n<td style=\"height: 13.50pt;\" height=\"18\">Forma<\/td>\n<td>Cil\u00edndrico<\/td>\n<\/tr>\n<tr style=\"height: 13.50pt;\">\n<td style=\"height: 13.50pt;\" height=\"18\">Dimensiones<\/td>\n<td>25 x 84 mm \/ 29 x 67 mm \/ 33 x 98 mm<\/td>\n<\/tr>\n<tr style=\"height: 13.50pt;\">\n<td style=\"height: 13.50pt;\" height=\"18\">Di\u00e1metro del cuello<\/td>\n<td>15mm<\/td>\n<\/tr>\n<tr style=\"height: 13.50pt;\">\n<td style=\"height: 13.50pt;\" height=\"18\">Tipo de cierre<\/td>\n<td>Bomba de pulverizaci\u00f3n con cuello engarzado<\/td>\n<\/tr>\n<tr style=\"height: 13.50pt;\">\n<td style=\"height: 13.50pt;\" height=\"18\">Material<\/td>\n<td>vaso de cristal<\/td>\n<\/tr>\n<tr style=\"height: 13.50pt;\">\n<td style=\"height: 13.50pt;\" height=\"18\">Color de la tapa<\/td>\n<td>Negro mate, plata, oro, acr\u00edlico transparente.<\/td>\n<\/tr>\n<tr style=\"height: 13.50pt;\">\n<td style=\"height: 13.50pt;\" height=\"18\">Ideal para<\/td>\n<td>Muestras de fragancias, perfumes en formato de viaje<\/td>\n<\/tr>\n<\/tbody>\n<\/table>\n<h2><strong>El caso real es s\u00faper convincente:<\/strong><\/h2>\n<p>Una marca de perfumes boutique us\u00f3 nuestro PB-YZ1603 azul cobalto intenso de 30 ml, con tap\u00f3n dorado y letras de la marca, para crear sets de regalo para influencers y personalidades VIP, \u00a1y el marketing de influencers fue todo un \u00e9xito! Todos lo elogian por su atractivo y f\u00e1cil de llevar.<\/p>\n<h2>Consejos de personalizaci\u00f3n para su marca<\/h2>\n<p>Si desea que su fragancia se destaque, su empaque debe hacer m\u00e1s que simplemente retener el aroma: debe contar una historia, captar la atenci\u00f3n y generar curiosidad en la gente.<\/p>\n<ul>\n<li><strong>Coloque su marca al frente y en el centro:<\/strong> A\u00f1ade tu logotipo o nombre mediante grabado l\u00e1ser o serigraf\u00eda. No es solo decoraci\u00f3n: es tu marca. Piensa en ello como si firmaras una obra maestra.<\/li>\n<li><strong>Dale vida a las cosas con colores de tapa:<\/strong> \u00bfQui\u00e9n dice que las tapas tienen que ser aburridas? Opta por el negro mate si te gusta ese look elegante y minimalista, o apuesta por el oro rosa para ese toque de lujo. Un toque de color puede cambiar por completo la est\u00e9tica de tu botella.<\/li>\n<li><strong>Piensa m\u00e1s all\u00e1 de una talla \u00fanica:<\/strong> Mezcla 15 ml, 20 ml y 30 ml en una colecci\u00f3n lista para regalar. Es perfecta para muestras, viajes, regalos navide\u00f1os o paquetes para influencers. \u00bfY en serio? A la gente le encanta tener opciones.<\/li>\n<\/ul>\n<h2>Conclusi\u00f3n<\/h2>\n<p>Elegir un frasco de perfume no es tan sencillo como elegir el envase. Se trata claramente de embellecer la marca. Ya sea una versi\u00f3n de prueba de 15 ml o una de 30 ml, cada detalle esconde las peque\u00f1as ideas de la marca. Nuestro mini frasco de perfume est\u00e1 hecho de vidrio resistente y tiene un dise\u00f1o atractivo, ideal para que tu perfume destaque entre la multitud. Con tantas opciones de personalizaci\u00f3n, no solo puedes elegir el frasco perfecto, sino tambi\u00e9n hacer que tu perfume se adapte a la imagen que la marca desea. Hablemos de c\u00f3mo hacer realidad tus ideas: empieza con un frasco de perfume de vidrio a medida y perfecciona poco a poco el encanto de tu marca.<\/p>","protected":false},"excerpt":{"rendered":"<p>Descubra frascos de perfume en miniatura de alta calidad y opciones de frascos de perfume en miniatura personalizados, perfectos para viajes, muestras o empaques de fragancias de lujo.<\/p>","protected":false},"featured_media":3901,"comment_status":"open","ping_status":"closed","template":"","meta":{"_acf_changed":false,"site-sidebar-layout":"default","site-content-layout":"","ast-site-content-layout":"default","site-content-style":"default","site-sidebar-style":"default","ast-global-header-display":"","ast-banner-title-visibility":"","ast-main-header-display":"","ast-hfb-above-header-display":"","ast-hfb-below-header-display":"","ast-hfb-mobile-header-display":"","site-post-title":"","ast-breadcrumbs-content":"","ast-featured-img":"","footer-sml-layout":"","ast-disable-related-posts":"","theme-transparent-header-meta":"default","adv-header-id-meta":"","stick-header-meta":"","header-above-stick-meta":"","header-main-stick-meta":"","header-below-stick-meta":"","astra-migrate-meta-layouts":"set","ast-page-background-enabled":"default","ast-page-background-meta":{"desktop":{"background-color":"var(--ast-global-color-5)","background-image":"","background-repeat":"repeat","background-position":"center center","background-size":"auto","background-attachment":"scroll","background-type":"","background-media":"","overlay-type":"","overlay-color":"","overlay-opacity":"","overlay-gradient":""},"tablet":{"background-color":"","background-image":"","background-repeat":"repeat","background-position":"center center","background-size":"auto","background-attachment":"scroll","background-type":"","background-media":"","overlay-type":"","overlay-color":"","overlay-opacity":"","overlay-gradient":""},"mobile":{"background-color":"","background-image":"","background-repeat":"repeat","background-position":"center center","background-size":"auto","background-attachment":"scroll","background-type":"","background-media":"","overlay-type":"","overlay-color":"","overlay-opacity":"","overlay-gradient":""}},"ast-content-background-meta":{"desktop":{"background-color":"var(--ast-global-color-4)","background-image":"","background-repeat":"repeat","background-position":"center center","background-size":"auto","background-attachment":"scroll","background-type":"","background-media":"","overlay-type":"","overlay-color":"","overlay-opacity":"","overlay-gradient":""},"tablet":{"background-color":"var(--ast-global-color-4)","background-image":"","background-repeat":"repeat","background-position":"center center","background-size":"auto","background-attachment":"scroll","background-type":"","background-media":"","overlay-type":"","overlay-color":"","overlay-opacity":"","overlay-gradient":""},"mobile":{"background-color":"var(--ast-global-color-4)","background-image":"","background-repeat":"repeat","background-position":"center center","background-size":"auto","background-attachment":"scroll","background-type":"","background-media":"","overlay-type":"","overlay-color":"","overlay-opacity":"","overlay-gradient":""}}},"product_brand":[],"product_cat":[72,91,74,41],"product_tag":[49],"class_list":{"0":"post-3939","1":"product","2":"type-product","3":"status-publish","4":"has-post-thumbnail","6":"product_cat-cosmetic-packaging","7":"product_cat-custom-perfume-bottles","8":"product_cat-mini-perfume-bottles","9":"product_cat-perfume-bottles","10":"product_tag-perfume-bottles","11":"desktop-align-left","12":"tablet-align-left","13":"mobile-align-left","15":"first","16":"instock","17":"shipping-taxable","18":"product-type-simple"},"acf":[],"jetpack_sharing_enabled":true,"_links":{"self":[{"href":"https:\/\/theperfumebottles.com\/es\/wp-json\/wp\/v2\/product\/3939","targetHints":{"allow":["GET"]}}],"collection":[{"href":"https:\/\/theperfumebottles.com\/es\/wp-json\/wp\/v2\/product"}],"about":[{"href":"https:\/\/theperfumebottles.com\/es\/wp-json\/wp\/v2\/types\/product"}],"replies":[{"embeddable":true,"href":"https:\/\/theperfumebottles.com\/es\/wp-json\/wp\/v2\/comments?post=3939"}],"wp:featuredmedia":[{"embeddable":true,"href":"https:\/\/theperfumebottles.com\/es\/wp-json\/wp\/v2\/media\/3901"}],"wp:attachment":[{"href":"https:\/\/theperfumebottles.com\/es\/wp-json\/wp\/v2\/media?parent=3939"}],"wp:term":[{"taxonomy":"product_brand","embeddable":true,"href":"https:\/\/theperfumebottles.com\/es\/wp-json\/wp\/v2\/product_brand?post=3939"},{"taxonomy":"product_cat","embeddable":true,"href":"https:\/\/theperfumebottles.com\/es\/wp-json\/wp\/v2\/product_cat?post=3939"},{"taxonomy":"product_tag","embeddable":true,"href":"https:\/\/theperfumebottles.com\/es\/wp-json\/wp\/v2\/product_tag?post=3939"}],"curies":[{"name":"wp","href":"https:\/\/api.w.org\/{rel}","templated":true}]}}