{"id":4002,"date":"2025-06-17T18:06:19","date_gmt":"2025-06-17T10:06:19","guid":{"rendered":"https:\/\/theperfumebottles.com\/?post_type=product&#038;p=4002"},"modified":"2025-06-17T18:06:21","modified_gmt":"2025-06-17T10:06:21","slug":"wholesale-perfume-bottles-bulk-perfume-bottles-supplier","status":"publish","type":"product","link":"https:\/\/theperfumebottles.com\/es\/product\/wholesale-perfume-bottles-bulk-perfume-bottles-supplier\/","title":{"rendered":"Frascos de perfume de 100 ml al por mayor | Frascos de perfume grabados al por mayor"},"content":{"rendered":"<p>\u00bfBuscas excelentes frascos de perfume al por mayor? El cristal es tan transparente que puedes ver tu reflejo, y su superficie est\u00e1 grabada con elegantes patrones en X, que transmiten una sensaci\u00f3n de lujo. Tanto si eres un gerente de marca que acaba de lanzar una nueva fragancia como un distribuidor que busca renovar el &#034;envase de lujo&#034; de un modelo cl\u00e1sico, este frasco no solo conserva la esencia del perfume, sino que tambi\u00e9n te ayuda a reducir costos y mejorar la calidad. \u00bfPor qu\u00e9 no a\u00f1adirlo a tu lista de proveedores de tesoros?<\/p>\n<h2>Especificaciones clave<\/h2>\n<table style=\"border-collapse: collapse; margin-left: auto; margin-right: auto; width: 80%;\" border=\"0\" width=\"80%\" cellspacing=\"0\" cellpadding=\"0\">\n<tbody>\n<tr style=\"height: 13.50pt;\">\n<td style=\"height: 13.50pt; width: 61.50pt;\" width=\"82\" height=\"18\">Caracter\u00edstica<\/td>\n<td style=\"width: 175.50pt;\" width=\"234\">Detalle<\/td>\n<\/tr>\n<tr style=\"height: 13.50pt;\">\n<td style=\"height: 13.50pt;\" height=\"18\">Capacidad<\/td>\n<td>100 ml<\/td>\n<\/tr>\n<tr style=\"height: 13.50pt;\">\n<td style=\"height: 13.50pt;\" height=\"18\">Forma<\/td>\n<td>Rectangular<\/td>\n<\/tr>\n<tr style=\"height: 13.50pt;\">\n<td style=\"height: 13.50pt;\" height=\"18\">Dimensiones<\/td>\n<td>55,5 x 36,5 x 102 mm<\/td>\n<\/tr>\n<tr style=\"height: 13.50pt;\">\n<td style=\"height: 13.50pt;\" height=\"18\">Material<\/td>\n<td>vaso de cristal<\/td>\n<\/tr>\n<tr style=\"height: 13.50pt;\">\n<td style=\"height: 13.50pt;\" height=\"18\">Color<\/td>\n<td>Totalmente personalizable<\/td>\n<\/tr>\n<tr style=\"height: 13.50pt;\">\n<td style=\"height: 13.50pt;\" height=\"18\">Tipo de sello<\/td>\n<td>Cuello de engarce + pulverizador<\/td>\n<\/tr>\n<tr style=\"height: 13.50pt;\">\n<td style=\"height: 13.50pt;\" height=\"18\">Uso ideal<\/td>\n<td>Fragancia, colonia<\/td>\n<\/tr>\n<\/tbody>\n<\/table>\n<h2>Caso real de \u00e9xito<\/h2>\n<p>Uno de nuestros clientes, una marca de perfumes nicho, quer\u00eda destacar en una gran feria de belleza. Eligieron nuestro frasco de perfume de vidrio esmerilado personalizado y grabaron el logotipo de la marca. El producto final luci\u00f3 espectacular en el expositor y les ayud\u00f3 a conseguir m\u00faltiples pedidos. Los clientes elogiaron la textura de alta gama y los materiales ecol\u00f3gicos, lo que demuestra que un envase cosm\u00e9tico de alta calidad puede aportar mejoras significativas.<\/p>\n<h2>Consejos de personalizaci\u00f3n para hacerlo tuyo<\/h2>\n<p>\u00bfQuieres que tu marca destaque en el packaging? Aqu\u00ed te explicamos c\u00f3mo sacarle el m\u00e1ximo partido:<\/p>\n<ul>\n<li>Elija un color s\u00f3lido o degradado que coincida con el color principal de su marca para que la botella sea reconocible al instante y brille como un &#034;portavoz de la marca&#034;.<\/li>\n<li>\u00a1Utilice el grabado l\u00e1ser o la impresi\u00f3n UV para congelar la huella de su marca y llevar su sofisticaci\u00f3n al extremo!<\/li>\n<li>Pruebe acabados mate o variaciones de patrones para crear un aspecto exclusivo para su perfume.<\/li>\n<li>Comb\u00ednalo con un embalaje ecol\u00f3gico para mejorar tu imagen verde.<\/li>\n<\/ul>\n<h2 data-start=\"132\" data-end=\"398\"><strong data-start=\"132\" data-end=\"189\">\u00bfEst\u00e1s listo para llevar tu marca de fragancias al siguiente nivel?<\/strong><\/h2>\n<p data-start=\"132\" data-end=\"398\">El frasco adecuado no solo contiene tu producto: tambi\u00e9n le da vida a tu marca. Nuestros frascos de perfume al por mayor combinan un dise\u00f1o elegante con una calidad confiable, lo que ayuda a que tu aroma destaque en cada estante.<\/p>\n<p data-start=\"400\" data-end=\"573\">Olv\u00eddate de los envases gen\u00e9ricos. Con nuestras opciones de venta al por mayor de frascos de perfume, puedes crear dise\u00f1os personalizados que reflejen tu visi\u00f3n, valores y creatividad. Creamos envases que cuenten tu historia.<\/p>","protected":false},"excerpt":{"rendered":"<p>Frascos de perfume de alta calidad al por mayor, disponibles al por mayor. Ideales para marcas y distribuidores. Opciones personalizadas, env\u00edo r\u00e1pido y precios directos de f\u00e1brica.<\/p>","protected":false},"featured_media":4007,"comment_status":"open","ping_status":"closed","template":"","meta":{"_acf_changed":false,"site-sidebar-layout":"default","site-content-layout":"","ast-site-content-layout":"default","site-content-style":"default","site-sidebar-style":"default","ast-global-header-display":"","ast-banner-title-visibility":"","ast-main-header-display":"","ast-hfb-above-header-display":"","ast-hfb-below-header-display":"","ast-hfb-mobile-header-display":"","site-post-title":"","ast-breadcrumbs-content":"","ast-featured-img":"","footer-sml-layout":"","ast-disable-related-posts":"","theme-transparent-header-meta":"default","adv-header-id-meta":"","stick-header-meta":"","header-above-stick-meta":"","header-main-stick-meta":"","header-below-stick-meta":"","astra-migrate-meta-layouts":"set","ast-page-background-enabled":"default","ast-page-background-meta":{"desktop":{"background-color":"var(--ast-global-color-5)","background-image":"","background-repeat":"repeat","background-position":"center center","background-size":"auto","background-attachment":"scroll","background-type":"","background-media":"","overlay-type":"","overlay-color":"","overlay-opacity":"","overlay-gradient":""},"tablet":{"background-color":"","background-image":"","background-repeat":"repeat","background-position":"center center","background-size":"auto","background-attachment":"scroll","background-type":"","background-media":"","overlay-type":"","overlay-color":"","overlay-opacity":"","overlay-gradient":""},"mobile":{"background-color":"","background-image":"","background-repeat":"repeat","background-position":"center center","background-size":"auto","background-attachment":"scroll","background-type":"","background-media":"","overlay-type":"","overlay-color":"","overlay-opacity":"","overlay-gradient":""}},"ast-content-background-meta":{"desktop":{"background-color":"var(--ast-global-color-4)","background-image":"","background-repeat":"repeat","background-position":"center center","background-size":"auto","background-attachment":"scroll","background-type":"","background-media":"","overlay-type":"","overlay-color":"","overlay-opacity":"","overlay-gradient":""},"tablet":{"background-color":"var(--ast-global-color-4)","background-image":"","background-repeat":"repeat","background-position":"center center","background-size":"auto","background-attachment":"scroll","background-type":"","background-media":"","overlay-type":"","overlay-color":"","overlay-opacity":"","overlay-gradient":""},"mobile":{"background-color":"var(--ast-global-color-4)","background-image":"","background-repeat":"repeat","background-position":"center center","background-size":"auto","background-attachment":"scroll","background-type":"","background-media":"","overlay-type":"","overlay-color":"","overlay-opacity":"","overlay-gradient":""}}},"product_brand":[],"product_cat":[72,91,41],"product_tag":[49],"class_list":{"0":"post-4002","1":"product","2":"type-product","3":"status-publish","4":"has-post-thumbnail","6":"product_cat-cosmetic-packaging","7":"product_cat-custom-perfume-bottles","8":"product_cat-perfume-bottles","9":"product_tag-perfume-bottles","10":"desktop-align-left","11":"tablet-align-left","12":"mobile-align-left","14":"first","15":"instock","16":"shipping-taxable","17":"product-type-simple"},"acf":[],"jetpack_sharing_enabled":true,"_links":{"self":[{"href":"https:\/\/theperfumebottles.com\/es\/wp-json\/wp\/v2\/product\/4002","targetHints":{"allow":["GET"]}}],"collection":[{"href":"https:\/\/theperfumebottles.com\/es\/wp-json\/wp\/v2\/product"}],"about":[{"href":"https:\/\/theperfumebottles.com\/es\/wp-json\/wp\/v2\/types\/product"}],"replies":[{"embeddable":true,"href":"https:\/\/theperfumebottles.com\/es\/wp-json\/wp\/v2\/comments?post=4002"}],"wp:featuredmedia":[{"embeddable":true,"href":"https:\/\/theperfumebottles.com\/es\/wp-json\/wp\/v2\/media\/4007"}],"wp:attachment":[{"href":"https:\/\/theperfumebottles.com\/es\/wp-json\/wp\/v2\/media?parent=4002"}],"wp:term":[{"taxonomy":"product_brand","embeddable":true,"href":"https:\/\/theperfumebottles.com\/es\/wp-json\/wp\/v2\/product_brand?post=4002"},{"taxonomy":"product_cat","embeddable":true,"href":"https:\/\/theperfumebottles.com\/es\/wp-json\/wp\/v2\/product_cat?post=4002"},{"taxonomy":"product_tag","embeddable":true,"href":"https:\/\/theperfumebottles.com\/es\/wp-json\/wp\/v2\/product_tag?post=4002"}],"curies":[{"name":"wp","href":"https:\/\/api.w.org\/{rel}","templated":true}]}}