{"id":4018,"date":"2025-06-19T18:09:53","date_gmt":"2025-06-19T10:09:53","guid":{"rendered":"https:\/\/theperfumebottles.com\/?post_type=product&#038;p=4018"},"modified":"2025-06-19T18:09:55","modified_gmt":"2025-06-19T10:09:55","slug":"empty-amber-essential-oil-bottles-wholesale","status":"publish","type":"product","link":"https:\/\/theperfumebottles.com\/es\/product\/empty-amber-essential-oil-bottles-wholesale\/","title":{"rendered":"50ml 100ml Amber Empty Essential Oil Bottles Wholesale"},"content":{"rendered":"<p>Elige a nosotros para botellas de aceites esenciales en volumen al por mayor! Las botellas vac\u00edas de aceites esenciales est\u00e1n hechas de vidrio \u00e1mbar anti-UV para proteger los aceites esenciales de la descomposici\u00f3n por la luz. La botella elegante es adecuada para el embalaje de marca y admite personalizaci\u00f3n. Se prefieren grandes cantidades para cumplir con tus necesidades de compra en volumen!<\/p>\n<h2>Especificaciones clave<\/h2>\n<table style=\"border-collapse: collapse; margin-left: auto; margin-right: auto; width: 80%;\" border=\"0\" width=\"80%\" cellspacing=\"0\" cellpadding=\"0\">\n<tbody>\n<tr style=\"height: 13.50pt;\">\n<td style=\"height: 13.50pt; width: 122.25pt;\" width=\"163\" height=\"18\">Especificaci\u00f3n<\/td>\n<td style=\"width: 259.50pt;\" width=\"346\">Detalles<\/td>\n<\/tr>\n<tr style=\"height: 13.50pt;\">\n<td style=\"height: 13.50pt;\" height=\"18\">Material<\/td>\n<td>Vidrio (\u00c1mbar)<\/td>\n<\/tr>\n<tr style=\"height: 13.50pt;\">\n<td style=\"height: 13.50pt;\" height=\"18\">Opciones de capacidad<\/td>\n<td>50ml \/ 100ml<\/td>\n<\/tr>\n<tr style=\"height: 13.50pt;\">\n<td style=\"height: 13.50pt;\" height=\"18\">Tipo de tapa<\/td>\n<td>Tapa de rosca \/ Gotero \/ Spray<\/td>\n<\/tr>\n<tr style=\"height: 13.50pt;\">\n<td style=\"height: 13.50pt;\" height=\"18\">Forma de la botella<\/td>\n<td>Cil\u00edndrica \/ Redonda \/ Cuadrada (opcional)<\/td>\n<\/tr>\n<tr style=\"height: 13.50pt;\">\n<td style=\"height: 13.50pt;\" height=\"18\">Uso<\/td>\n<td>Aceites esenciales, aceites de perfumes, mezclas<\/td>\n<\/tr>\n<tr style=\"height: 13.50pt;\">\n<td style=\"height: 13.50pt;\" height=\"18\">Acabado de la superficie<\/td>\n<td>Suave, amigable para etiquetas<\/td>\n<\/tr>\n<tr style=\"height: 13.50pt;\">\n<td style=\"height: 13.50pt;\" height=\"18\">Personalizaci\u00f3n<\/td>\n<td>Impresi\u00f3n de logotipo, color, estilo de tapa<\/td>\n<\/tr>\n<\/tbody>\n<\/table>\n<h2>Estudio de caso real<\/h2>\n<p>Uno de nuestros clientes recurrentes es una peque\u00f1a marca de salud natural en Australia que quer\u00eda lanzar una nueva gama de sprays de aromaterapia. Eligen nuestras botellas de aceites esenciales en volumen de 50ml con tapas azules cobalto personalizadas y logotipos grabados.<\/p>\n<p>En seis semanas, sus ventas aumentaron en 20%. Nos dijeron: \u201cLas botellas hacen que nuestros productos se sientan premium sin romper nuestro presupuesto.\u201d<\/p>\n<p>Esa es la belleza del embalaje inteligente \u2013 y todo comienza con la botella correcta.<\/p>\n<h2>Sugerencias de embalaje<\/h2>\n<p>\u00bfQuieres hacer de esta botella realmente tuya? Entendemos tu inversi\u00f3n en tu marca, por lo que te proporcionamos servicios completos de personalizaci\u00f3n para ayudarte a crear el mejor aspecto de embalaje y mostrar el encanto de tu marca!<\/p>\n<ul>\n<li><strong>Elige tu color:<\/strong> \u00e1mbar cl\u00e1sico, que muestra textura de alta gama. Si quieres un estilo diferente, puedes elegir acabados verdes, azules, rosas y transparentes. Cada uno puede complementar el temperamento de tu marca!<\/li>\n<li><strong>Tapa de botella con patr\u00f3n:<\/strong> Si te gusta el texto completo, puedes elegir tapa de botella met\u00e1lica lisa; si buscas simplicidad y bajo perfil, tapa de botella de pl\u00e1stico mate es una buena opci\u00f3n; si quieres ir por la ruta natural y ecol\u00f3gica, tapa de madera ecol\u00f3gica es perfecta!<\/li>\n<li><strong>Logotipo de la marca:<\/strong> \u00bfQuieres hacer que tu logotipo de marca sea particularmente llamativo? La impresi\u00f3n, la grabaci\u00f3n, las etiquetas de papel son todas posibles. Independientemente del proceso, tu logotipo puede firmemente \"crecer\" en la botella, haciendo que la gente lo recuerde a la primera!<\/li>\n<\/ul>\n<h2>Resumen<\/h2>\n<p>Ya sea que quieras comprar un lote de botellas de aceites esenciales econ\u00f3micas para lanzar r\u00e1pidamente tu l\u00ednea de productos, o quieras personalizar un conjunto de \"inolvidables\" de botellas vac\u00edas de embalaje para una serie existente de aceites esenciales, estamos dispuestos a ser tu \"c\u00f3mplice detr\u00e1s de escena\". Desde elegir el tama\u00f1o hasta elegir el dise\u00f1o, desde sugerencias de material hasta ajustes de procesos, si tienes cualquier duda o idea, \u00a1s\u00fabalos a nosotros \u2013 nuestro equipo est\u00e1 siempre listo para ayudarte a convertir la \"forma ideal\" de tu mente en una \"sorpresa\" que los clientes puedan tocar.<\/p>","protected":false},"excerpt":{"rendered":"<p>Botellas vac\u00edas de aceites esenciales de alta calidad disponibles en volumen al por mayor. Ideales para aromaterapia, aceites esenciales y embalaje bajo marca privada.<\/p>","protected":false},"featured_media":4038,"comment_status":"open","ping_status":"closed","template":"","meta":{"_acf_changed":false,"site-sidebar-layout":"default","site-content-layout":"","ast-site-content-layout":"default","site-content-style":"default","site-sidebar-style":"default","ast-global-header-display":"","ast-banner-title-visibility":"","ast-main-header-display":"","ast-hfb-above-header-display":"","ast-hfb-below-header-display":"","ast-hfb-mobile-header-display":"","site-post-title":"","ast-breadcrumbs-content":"","ast-featured-img":"","footer-sml-layout":"","ast-disable-related-posts":"","theme-transparent-header-meta":"default","adv-header-id-meta":"","stick-header-meta":"","header-above-stick-meta":"","header-main-stick-meta":"","header-below-stick-meta":"","astra-migrate-meta-layouts":"set","ast-page-background-enabled":"default","ast-page-background-meta":{"desktop":{"background-color":"var(--ast-global-color-5)","background-image":"","background-repeat":"repeat","background-position":"center center","background-size":"auto","background-attachment":"scroll","background-type":"","background-media":"","overlay-type":"","overlay-color":"","overlay-opacity":"","overlay-gradient":""},"tablet":{"background-color":"","background-image":"","background-repeat":"repeat","background-position":"center center","background-size":"auto","background-attachment":"scroll","background-type":"","background-media":"","overlay-type":"","overlay-color":"","overlay-opacity":"","overlay-gradient":""},"mobile":{"background-color":"","background-image":"","background-repeat":"repeat","background-position":"center center","background-size":"auto","background-attachment":"scroll","background-type":"","background-media":"","overlay-type":"","overlay-color":"","overlay-opacity":"","overlay-gradient":""}},"ast-content-background-meta":{"desktop":{"background-color":"var(--ast-global-color-4)","background-image":"","background-repeat":"repeat","background-position":"center center","background-size":"auto","background-attachment":"scroll","background-type":"","background-media":"","overlay-type":"","overlay-color":"","overlay-opacity":"","overlay-gradient":""},"tablet":{"background-color":"var(--ast-global-color-4)","background-image":"","background-repeat":"repeat","background-position":"center center","background-size":"auto","background-attachment":"scroll","background-type":"","background-media":"","overlay-type":"","overlay-color":"","overlay-opacity":"","overlay-gradient":""},"mobile":{"background-color":"var(--ast-global-color-4)","background-image":"","background-repeat":"repeat","background-position":"center center","background-size":"auto","background-attachment":"scroll","background-type":"","background-media":"","overlay-type":"","overlay-color":"","overlay-opacity":"","overlay-gradient":""}}},"product_brand":[],"product_cat":[57,72,62],"product_tag":[],"class_list":{"0":"post-4018","1":"product","2":"type-product","3":"status-publish","4":"has-post-thumbnail","6":"product_cat-essential-oil-bottles","7":"product_cat-cosmetic-packaging","8":"product_cat-cosmetic-containers","9":"desktop-align-left","10":"tablet-align-left","11":"mobile-align-left","13":"first","14":"instock","15":"shipping-taxable","16":"product-type-simple"},"acf":[],"jetpack_sharing_enabled":true,"_links":{"self":[{"href":"https:\/\/theperfumebottles.com\/es\/wp-json\/wp\/v2\/product\/4018","targetHints":{"allow":["GET"]}}],"collection":[{"href":"https:\/\/theperfumebottles.com\/es\/wp-json\/wp\/v2\/product"}],"about":[{"href":"https:\/\/theperfumebottles.com\/es\/wp-json\/wp\/v2\/types\/product"}],"replies":[{"embeddable":true,"href":"https:\/\/theperfumebottles.com\/es\/wp-json\/wp\/v2\/comments?post=4018"}],"wp:featuredmedia":[{"embeddable":true,"href":"https:\/\/theperfumebottles.com\/es\/wp-json\/wp\/v2\/media\/4038"}],"wp:attachment":[{"href":"https:\/\/theperfumebottles.com\/es\/wp-json\/wp\/v2\/media?parent=4018"}],"wp:term":[{"taxonomy":"product_brand","embeddable":true,"href":"https:\/\/theperfumebottles.com\/es\/wp-json\/wp\/v2\/product_brand?post=4018"},{"taxonomy":"product_cat","embeddable":true,"href":"https:\/\/theperfumebottles.com\/es\/wp-json\/wp\/v2\/product_cat?post=4018"},{"taxonomy":"product_tag","embeddable":true,"href":"https:\/\/theperfumebottles.com\/es\/wp-json\/wp\/v2\/product_tag?post=4018"}],"curies":[{"name":"wp","href":"https:\/\/api.w.org\/{rel}","templated":true}]}}