{"id":4274,"date":"2025-06-27T09:35:18","date_gmt":"2025-06-27T01:35:18","guid":{"rendered":"https:\/\/theperfumebottles.com\/?post_type=product&#038;p=4274"},"modified":"2025-06-27T09:35:20","modified_gmt":"2025-06-27T01:35:20","slug":"custom-bulk-perfume-bottles-glass-packaging-deals","status":"publish","type":"product","link":"https:\/\/theperfumebottles.com\/es\/product\/custom-bulk-perfume-bottles-glass-packaging-deals\/","title":{"rendered":"Frascos de perfume personalizados a granel de 30 ml, 50 ml y 100 ml: ofertas en envases de vidrio"},"content":{"rendered":"<p>\u00bfQuieres pedir frascos de perfume al por mayor? \u00a1Con nuestros frascos de perfume en blanco no te equivocar\u00e1s! Excelente calidad, dise\u00f1o sencillo y elegante; solo una etiqueta y un poco de decoraci\u00f3n le dar\u00e1n un toque especial. \u00a1Lanzamientos de nuevos productos o reabastecimiento, todo f\u00e1cil!<\/p>\n<h2>Especificaciones clave<\/h2>\n<table style=\"border-collapse: collapse;margin-left: auto;margin-right: auto;width: 80%\" border=\"0\" width=\"80%\" cellspacing=\"0\" cellpadding=\"0\">\n<tbody>\n<tr style=\"height: 13.50pt\">\n<td style=\"height: 13.50pt;width: 103.50pt\" width=\"138\" height=\"18\">Caracter\u00edstica<\/td>\n<td style=\"width: 186.75pt\" width=\"249\">Detalles<\/td>\n<\/tr>\n<tr style=\"height: 13.50pt\">\n<td style=\"height: 13.50pt\" height=\"18\">Material<\/td>\n<td>vaso de cristal<\/td>\n<\/tr>\n<tr style=\"height: 13.50pt\">\n<td style=\"height: 13.50pt\" height=\"18\">Forma<\/td>\n<td>Rectangular<\/td>\n<\/tr>\n<tr style=\"height: 13.50pt\">\n<td style=\"height: 13.50pt\" height=\"18\">Capacidad<\/td>\n<td>30 ml\/50 ml\/100 ml<\/td>\n<\/tr>\n<tr style=\"height: 13.50pt\">\n<td style=\"height: 13.50pt\" height=\"18\">Tipo de cierre<\/td>\n<td>\n<article class=\"4ever-article\" data-clipboard-cangjie=\"[&quot;root&quot;,{&quot;copyFrom&quot;:&quot;im-native&quot;},[&quot;p&quot;,{},[&quot;span&quot;,{&quot;data-type&quot;:&quot;text&quot;},[&quot;span&quot;,{&quot;data-type&quot;:&quot;leaf&quot;},&quot;Screw neck&quot;]]]]\">Cuello de rosca + pulverizador<\/article>\n<\/td>\n<\/tr>\n<tr style=\"height: 13.50pt\">\n<td style=\"height: 13.50pt\" height=\"18\">Personalizaci\u00f3n<\/td>\n<td>Opciones de color completo disponibles<\/td>\n<\/tr>\n<\/tbody>\n<\/table>\n<h2>Una verdadera historia de \u00e9xito<\/h2>\n<p>Hay una marca de perfumes boutique que apuesta por la exquisitez y busca crear una fragancia minimalista y elegante. Eligieron nuestros frascos de perfume en blanco como &#034;lienzo&#034; y encargaron un lote de frascos de perfume a granel de 50 ml, decorados con detalles en oro rosa y suaves tonos lavanda, \u00a1lo que les daba un aspecto de alta gama! \u00bfEl resultado? Este perfume de edici\u00f3n limitada se agot\u00f3 a las pocas semanas de su lanzamiento, y las redes sociales lo llenaron de elogios.<\/p>\n<h2>Consejos profesionales<\/h2>\n<p>Si a sus clientes objetivo les encanta la simple belleza de &#034;menos es m\u00e1s&#034;, puede elegir una botella con una textura mate y tonos de baja saturaci\u00f3n; si su objetivo es el mercado de lujo, puede agregar una tapa de metal a la botella y agregar un color gema profundo para que el impacto visual sea completo, \u00a1y los clientes nunca lo olvidar\u00e1n a primera vista!<\/p>\n<h2>\u00bfQuieres crear tu propio frasco de perfume?<\/h2>\n<p>Ya sea que est\u00e9 lanzando una nueva serie de perfumes o renovando una l\u00ednea de productos existente, nuestros frascos de perfume de vidrio no solo mantienen el estilo, sino que tambi\u00e9n se expanden con flexibilidad seg\u00fan sus ventas. Desde el color del frasco hasta el estilo de la tapa, \u00a1puede personalizarlos a su gusto! Cuando su negocio crezca y desee ampliar su escala de producci\u00f3n, tambi\u00e9n podemos ayudarle a encontrar f\u00e1cilmente los frascos de perfume a granel m\u00e1s adecuados para la visi\u00f3n de su marca.<\/p>\n<p>\u00a1Ven y \u00fanete a nosotros para hacer un \u201cproyecto de botella de perfume\u201d inolvidable para que tu perfume sea memorable desde la botella!<\/p>\n<p>&nbsp;<\/p>","protected":false},"excerpt":{"rendered":"<p>Frascos de perfume a granel de alta calidad con elegantes tapas doradas. Ideales para marcas de fragancias, proyectos DIY o soluciones de embalaje para mayoristas.<\/p>","protected":false},"featured_media":4277,"comment_status":"open","ping_status":"closed","template":"","meta":{"_acf_changed":false,"site-sidebar-layout":"default","site-content-layout":"","ast-site-content-layout":"default","site-content-style":"default","site-sidebar-style":"default","ast-global-header-display":"","ast-banner-title-visibility":"","ast-main-header-display":"","ast-hfb-above-header-display":"","ast-hfb-below-header-display":"","ast-hfb-mobile-header-display":"","site-post-title":"","ast-breadcrumbs-content":"","ast-featured-img":"","footer-sml-layout":"","ast-disable-related-posts":"","theme-transparent-header-meta":"default","adv-header-id-meta":"","stick-header-meta":"","header-above-stick-meta":"","header-main-stick-meta":"","header-below-stick-meta":"","astra-migrate-meta-layouts":"set","ast-page-background-enabled":"default","ast-page-background-meta":{"desktop":{"background-color":"var(--ast-global-color-5)","background-image":"","background-repeat":"repeat","background-position":"center center","background-size":"auto","background-attachment":"scroll","background-type":"","background-media":"","overlay-type":"","overlay-color":"","overlay-opacity":"","overlay-gradient":""},"tablet":{"background-color":"","background-image":"","background-repeat":"repeat","background-position":"center center","background-size":"auto","background-attachment":"scroll","background-type":"","background-media":"","overlay-type":"","overlay-color":"","overlay-opacity":"","overlay-gradient":""},"mobile":{"background-color":"","background-image":"","background-repeat":"repeat","background-position":"center center","background-size":"auto","background-attachment":"scroll","background-type":"","background-media":"","overlay-type":"","overlay-color":"","overlay-opacity":"","overlay-gradient":""}},"ast-content-background-meta":{"desktop":{"background-color":"var(--ast-global-color-4)","background-image":"","background-repeat":"repeat","background-position":"center center","background-size":"auto","background-attachment":"scroll","background-type":"","background-media":"","overlay-type":"","overlay-color":"","overlay-opacity":"","overlay-gradient":""},"tablet":{"background-color":"var(--ast-global-color-4)","background-image":"","background-repeat":"repeat","background-position":"center center","background-size":"auto","background-attachment":"scroll","background-type":"","background-media":"","overlay-type":"","overlay-color":"","overlay-opacity":"","overlay-gradient":""},"mobile":{"background-color":"var(--ast-global-color-4)","background-image":"","background-repeat":"repeat","background-position":"center center","background-size":"auto","background-attachment":"scroll","background-type":"","background-media":"","overlay-type":"","overlay-color":"","overlay-opacity":"","overlay-gradient":""}}},"product_brand":[],"product_cat":[72,91,41],"product_tag":[],"class_list":{"0":"post-4274","1":"product","2":"type-product","3":"status-publish","4":"has-post-thumbnail","6":"product_cat-cosmetic-packaging","7":"product_cat-custom-perfume-bottles","8":"product_cat-perfume-bottles","9":"desktop-align-left","10":"tablet-align-left","11":"mobile-align-left","13":"first","14":"instock","15":"shipping-taxable","16":"product-type-simple"},"acf":[],"jetpack_sharing_enabled":true,"_links":{"self":[{"href":"https:\/\/theperfumebottles.com\/es\/wp-json\/wp\/v2\/product\/4274","targetHints":{"allow":["GET"]}}],"collection":[{"href":"https:\/\/theperfumebottles.com\/es\/wp-json\/wp\/v2\/product"}],"about":[{"href":"https:\/\/theperfumebottles.com\/es\/wp-json\/wp\/v2\/types\/product"}],"replies":[{"embeddable":true,"href":"https:\/\/theperfumebottles.com\/es\/wp-json\/wp\/v2\/comments?post=4274"}],"wp:featuredmedia":[{"embeddable":true,"href":"https:\/\/theperfumebottles.com\/es\/wp-json\/wp\/v2\/media\/4277"}],"wp:attachment":[{"href":"https:\/\/theperfumebottles.com\/es\/wp-json\/wp\/v2\/media?parent=4274"}],"wp:term":[{"taxonomy":"product_brand","embeddable":true,"href":"https:\/\/theperfumebottles.com\/es\/wp-json\/wp\/v2\/product_brand?post=4274"},{"taxonomy":"product_cat","embeddable":true,"href":"https:\/\/theperfumebottles.com\/es\/wp-json\/wp\/v2\/product_cat?post=4274"},{"taxonomy":"product_tag","embeddable":true,"href":"https:\/\/theperfumebottles.com\/es\/wp-json\/wp\/v2\/product_tag?post=4274"}],"curies":[{"name":"wp","href":"https:\/\/api.w.org\/{rel}","templated":true}]}}