{"id":4565,"date":"2025-07-16T17:26:21","date_gmt":"2025-07-16T09:26:21","guid":{"rendered":"https:\/\/theperfumebottles.com\/?post_type=product&#038;p=4565"},"modified":"2025-07-31T11:22:01","modified_gmt":"2025-07-31T03:22:01","slug":"5g-10g-20g-30g-cosmetic-jars-with-lids-custom-empty-cosmetic-containers-wholesale","status":"publish","type":"product","link":"https:\/\/theperfumebottles.com\/es\/product\/5g-10g-20g-30g-cosmetic-jars-with-lids-custom-empty-cosmetic-containers-wholesale\/","title":{"rendered":"Frascos cosm\u00e9ticos con tapa de 5 g, 10 g, 20 g y 30 g: venta al por mayor de envases cosm\u00e9ticos vac\u00edos personalizados"},"content":{"rendered":"<p><span class=\"highlights\" data-v-df95d256=\"\">\u00bfNecesitas frascos para cosm\u00e9ticos con tapa que combinen durabilidad y elegancia? Estos frascos de vidrio con tapa son la soluci\u00f3n. Dise\u00f1ados para productos de cuidado de la piel como cremas faciales y contorno de ojos, combinan funcionalidad con un acabado elegante y actual. Ideales para pedidos al por mayor, estos contenedores para cosm\u00e9ticos son ideales para marcas que buscan realzar su atractivo empaquetado y ofrecerlo al por mayor a precios competitivos.<\/span><\/p>\n<h2><span class=\"highlights\" data-v-df95d256=\"\">Especificaciones clave<\/span><\/h2>\n<table style=\"border-collapse: collapse;width: 80%;height: 120px;margin-left: auto;margin-right: auto\" border=\"0\" width=\"432\" cellspacing=\"0\" cellpadding=\"0\">\n<tbody>\n<tr>\n<td width=\"72\">Capacidad<\/td>\n<td width=\"72\">Material<\/td>\n<td width=\"72\">Manejo de superficie<\/td>\n<td width=\"72\">Opciones de color<\/td>\n<td width=\"72\">Uso<\/td>\n<\/tr>\n<tr>\n<td>5 gramos<\/td>\n<td rowspan=\"6\">vaso de cristal<\/td>\n<td rowspan=\"6\">Recubierto, Esmerilado, Etiqueta, Serigraf\u00eda, Estampado en Caliente<\/td>\n<td rowspan=\"6\">\u00c1mbar<\/td>\n<td rowspan=\"6\">Crema facial, crema corporal, crema para ojos, crema para labios<\/td>\n<\/tr>\n<tr>\n<td>10 gramos<\/td>\n<\/tr>\n<tr>\n<td>15 g (0,5 oz)<\/td>\n<\/tr>\n<tr>\n<td>30 g (1 onza)<\/td>\n<\/tr>\n<tr>\n<td>50 gramos<\/td>\n<\/tr>\n<tr>\n<td>60 g (2 oz)<\/td>\n<\/tr>\n<\/tbody>\n<\/table>\n<h2><span class=\"highlights\" data-v-df95d256=\"\">Caso de \u00e9xito: Renovaci\u00f3n del packaging de una marca de cuidado de la piel de lujo <\/span><\/h2>\n<p><span class=\"highlights\" data-v-df95d256=\"\">Una marca emergente de cuidado de la piel necesitaba frascos de cosm\u00e9ticos con tapas que reflejaran su estilo de &#034;lujo limpio&#034;. Personalizamos frascos de vidrio \u00e1mbar de 30 g con tapas de madera negra mate y logotipos grabados a l\u00e1ser. \u00bfResultado? Un aumento del 200 % en las rese\u00f1as de los clientes y un 50 % en los pedidos repetidos. Consejo profesional: Cuando tus envases vac\u00edos de cosm\u00e9ticos lucen tan bien como funcionan, los clientes no pueden evitar notarlo.<\/span><\/p>\n<h2><span class=\"highlights\" data-v-df95d256=\"\">Consejos de personalizaci\u00f3n para su marca <\/span><\/h2>\n<ul>\n<li><strong>Opciones de tapa:<\/strong> Elija una tapa de bamb\u00fa para una apariencia herbal, r\u00fastica o minimalista; o comb\u00ednela con acabados lacados, pintados o met\u00e1licos para un impacto visual refinado y moderno.<\/li>\n<li><strong>Opciones de etiqueta:<\/strong> Mejore el embalaje con sellos a prueba de manipulaciones y c\u00f3digos QR para garantizar la protecci\u00f3n del producto y permitir una trazabilidad limpia.<\/li>\n<li><strong>Pedidos al por mayor:<\/strong> La compra de envases en grandes cantidades reduce los costes y acorta los plazos de entrega, proporcionando una soluci\u00f3n ecol\u00f3gica a sus necesidades de envasado de cosm\u00e9ticos.<\/li>\n<\/ul>","protected":false},"excerpt":{"rendered":"<p>Frascos cosm\u00e9ticos duraderos con tapa para el cuidado de la piel. Personalizables, herm\u00e9ticos y listos para enviar. Ideales para la venta al por mayor de productos de belleza.<\/p>","protected":false},"featured_media":4566,"comment_status":"open","ping_status":"closed","template":"","meta":{"_acf_changed":false,"site-sidebar-layout":"default","site-content-layout":"","ast-site-content-layout":"default","site-content-style":"default","site-sidebar-style":"default","ast-global-header-display":"","ast-banner-title-visibility":"","ast-main-header-display":"","ast-hfb-above-header-display":"","ast-hfb-below-header-display":"","ast-hfb-mobile-header-display":"","site-post-title":"","ast-breadcrumbs-content":"","ast-featured-img":"","footer-sml-layout":"","ast-disable-related-posts":"","theme-transparent-header-meta":"default","adv-header-id-meta":"","stick-header-meta":"","header-above-stick-meta":"","header-main-stick-meta":"","header-below-stick-meta":"","astra-migrate-meta-layouts":"set","ast-page-background-enabled":"default","ast-page-background-meta":{"desktop":{"background-color":"var(--ast-global-color-5)","background-image":"","background-repeat":"repeat","background-position":"center center","background-size":"auto","background-attachment":"scroll","background-type":"","background-media":"","overlay-type":"","overlay-color":"","overlay-opacity":"","overlay-gradient":""},"tablet":{"background-color":"","background-image":"","background-repeat":"repeat","background-position":"center center","background-size":"auto","background-attachment":"scroll","background-type":"","background-media":"","overlay-type":"","overlay-color":"","overlay-opacity":"","overlay-gradient":""},"mobile":{"background-color":"","background-image":"","background-repeat":"repeat","background-position":"center center","background-size":"auto","background-attachment":"scroll","background-type":"","background-media":"","overlay-type":"","overlay-color":"","overlay-opacity":"","overlay-gradient":""}},"ast-content-background-meta":{"desktop":{"background-color":"var(--ast-global-color-4)","background-image":"","background-repeat":"repeat","background-position":"center center","background-size":"auto","background-attachment":"scroll","background-type":"","background-media":"","overlay-type":"","overlay-color":"","overlay-opacity":"","overlay-gradient":""},"tablet":{"background-color":"var(--ast-global-color-4)","background-image":"","background-repeat":"repeat","background-position":"center center","background-size":"auto","background-attachment":"scroll","background-type":"","background-media":"","overlay-type":"","overlay-color":"","overlay-opacity":"","overlay-gradient":""},"mobile":{"background-color":"var(--ast-global-color-4)","background-image":"","background-repeat":"repeat","background-position":"center center","background-size":"auto","background-attachment":"scroll","background-type":"","background-media":"","overlay-type":"","overlay-color":"","overlay-opacity":"","overlay-gradient":""}}},"product_brand":[],"product_cat":[72,62,56],"product_tag":[117,118],"class_list":{"0":"post-4565","1":"product","2":"type-product","3":"status-publish","4":"has-post-thumbnail","6":"product_cat-cosmetic-packaging","7":"product_cat-cosmetic-containers","8":"product_cat-cosmetic-jars","9":"product_tag-cosmetic-jars-with-lids","10":"product_tag-empty-cosmetic-containers","11":"desktop-align-left","12":"tablet-align-left","13":"mobile-align-left","15":"first","16":"instock","17":"shipping-taxable","18":"product-type-simple"},"acf":[],"jetpack_sharing_enabled":true,"_links":{"self":[{"href":"https:\/\/theperfumebottles.com\/es\/wp-json\/wp\/v2\/product\/4565","targetHints":{"allow":["GET"]}}],"collection":[{"href":"https:\/\/theperfumebottles.com\/es\/wp-json\/wp\/v2\/product"}],"about":[{"href":"https:\/\/theperfumebottles.com\/es\/wp-json\/wp\/v2\/types\/product"}],"replies":[{"embeddable":true,"href":"https:\/\/theperfumebottles.com\/es\/wp-json\/wp\/v2\/comments?post=4565"}],"wp:featuredmedia":[{"embeddable":true,"href":"https:\/\/theperfumebottles.com\/es\/wp-json\/wp\/v2\/media\/4566"}],"wp:attachment":[{"href":"https:\/\/theperfumebottles.com\/es\/wp-json\/wp\/v2\/media?parent=4565"}],"wp:term":[{"taxonomy":"product_brand","embeddable":true,"href":"https:\/\/theperfumebottles.com\/es\/wp-json\/wp\/v2\/product_brand?post=4565"},{"taxonomy":"product_cat","embeddable":true,"href":"https:\/\/theperfumebottles.com\/es\/wp-json\/wp\/v2\/product_cat?post=4565"},{"taxonomy":"product_tag","embeddable":true,"href":"https:\/\/theperfumebottles.com\/es\/wp-json\/wp\/v2\/product_tag?post=4565"}],"curies":[{"name":"wp","href":"https:\/\/api.w.org\/{rel}","templated":true}]}}