{"id":4570,"date":"2025-07-16T17:34:20","date_gmt":"2025-07-16T09:34:20","guid":{"rendered":"https:\/\/theperfumebottles.com\/?post_type=product&#038;p=4570"},"modified":"2025-07-16T17:34:21","modified_gmt":"2025-07-16T09:34:21","slug":"cosmetic-packaging-wholesale-lotion-glass-jars-for-skincare","status":"publish","type":"product","link":"https:\/\/theperfumebottles.com\/es\/product\/cosmetic-packaging-wholesale-lotion-glass-jars-for-skincare\/","title":{"rendered":"Envases cosm\u00e9ticos al por mayor de 1 oz, 2 oz, 4 oz y 8 oz: Frascos de vidrio para lociones y cuidado de la piel"},"content":{"rendered":"<p>\u00bfBuscas envases cosm\u00e9ticos que combinen robustez y elegancia? Estos frascos de vidrio para lociones est\u00e1n dise\u00f1ados para productos de cuidado de la piel como b\u00e1lsamos labiales, lociones y cremas faciales. Con un acabado \u00e1mbar que protege las f\u00f3rmulas sensibles a la luz y un dise\u00f1o elegante y minimalista, son ideales para envases de belleza que destaquen en tu p\u00e1gina de inicio o en el estante de tu tienda.<\/p>\n<h2 data-spm-anchor-id=\"5176.28103460.0.i19.29ab1db8rVh0h0\"><strong>Especificaciones clave<\/strong><\/h2>\n<table style=\"border-collapse: collapse;width: 932px;height: 28px;margin-left: 200px\" border=\"0\" width=\"432\" cellspacing=\"0\" cellpadding=\"0\">\n<tbody>\n<tr style=\"height: 13.50pt\">\n<td style=\"height: 13.50pt;width: 54.00pt\" width=\"72\" height=\"18\">Capacidad<\/td>\n<td style=\"width: 54.00pt\" width=\"72\">Forma<\/td>\n<td style=\"width: 54.00pt\" width=\"72\">M\u00e9todo de sellado<\/td>\n<td style=\"width: 54.00pt\" width=\"72\">Material<\/td>\n<td style=\"width: 54.00pt\" width=\"72\">Color<\/td>\n<td style=\"width: 54.00pt\" width=\"72\">Caso de uso<\/td>\n<\/tr>\n<tr style=\"height: 13.50pt\">\n<td style=\"height: 13.50pt\" height=\"18\">1 oz \/ 2 oz \/ 4 oz \/ 8 oz<\/td>\n<td>Borde recto<\/td>\n<td>Rosca de tornillo (tapa de pl\u00e1stico\/metal)<\/td>\n<td>Vaso<\/td>\n<td>\u00c1mbar (personalizable)<\/td>\n<td>B\u00e1lsamo labial, loci\u00f3n, crema facial<\/td>\n<\/tr>\n<\/tbody>\n<\/table>\n<h2>Caso de \u00e9xito: Impulso al lanzamiento de una nueva marca de cuidado de la piel<\/h2>\n<p>Una startup de cuidado de la piel necesitaba frascos de vidrio para su crema hidratante facial. Personalizamos frascos \u00e1mbar de 113 g con etiquetas blancas esmeriladas y tapas met\u00e1licas para un aspecto premium. \u00bfResultado? Un aumento del 150 % en los pedidos anticipados y excelentes rese\u00f1as que elogian el envase de belleza. Consejo profesional: Cuando los envases de tus cosm\u00e9ticos se ven tan lujosos como se ven, los clientes conf\u00edan plenamente en tu marca.<\/p>\n<h2>Consejos de personalizaci\u00f3n para su marca<\/h2>\n<ul>\n<li><strong>Opciones de color:<\/strong> \u00c1mbar para seguridad, transparente para exhibir mercader\u00eda colorida o tonos personalizados para combinar con su paleta de colores.<\/li>\n<li><strong>Dise\u00f1o de etiquetas:<\/strong> Agregue sellos a prueba de manipulaciones, c\u00f3digos QR o texto minimalista para un acabado moderno.<\/li>\n<li><strong>Materiales de la tapa:<\/strong> Metal para mayor robustez o pl\u00e1stico para envases cosm\u00e9ticos ligeros.<\/li>\n<\/ul>","protected":false},"excerpt":{"rendered":"<p>Envases cosm\u00e9ticos al por mayor para lociones en frascos de vidrio: frascos \u00e1mbar herm\u00e9ticos con env\u00edo a granel y marca personalizada. Ideales para marcas de cuidado de la piel y belleza.<\/p>","protected":false},"featured_media":4571,"comment_status":"open","ping_status":"closed","template":"","meta":{"_acf_changed":false,"site-sidebar-layout":"default","site-content-layout":"","ast-site-content-layout":"default","site-content-style":"default","site-sidebar-style":"default","ast-global-header-display":"","ast-banner-title-visibility":"","ast-main-header-display":"","ast-hfb-above-header-display":"","ast-hfb-below-header-display":"","ast-hfb-mobile-header-display":"","site-post-title":"","ast-breadcrumbs-content":"","ast-featured-img":"","footer-sml-layout":"","ast-disable-related-posts":"","theme-transparent-header-meta":"default","adv-header-id-meta":"","stick-header-meta":"","header-above-stick-meta":"","header-main-stick-meta":"","header-below-stick-meta":"","astra-migrate-meta-layouts":"set","ast-page-background-enabled":"default","ast-page-background-meta":{"desktop":{"background-color":"var(--ast-global-color-5)","background-image":"","background-repeat":"repeat","background-position":"center center","background-size":"auto","background-attachment":"scroll","background-type":"","background-media":"","overlay-type":"","overlay-color":"","overlay-opacity":"","overlay-gradient":""},"tablet":{"background-color":"","background-image":"","background-repeat":"repeat","background-position":"center center","background-size":"auto","background-attachment":"scroll","background-type":"","background-media":"","overlay-type":"","overlay-color":"","overlay-opacity":"","overlay-gradient":""},"mobile":{"background-color":"","background-image":"","background-repeat":"repeat","background-position":"center center","background-size":"auto","background-attachment":"scroll","background-type":"","background-media":"","overlay-type":"","overlay-color":"","overlay-opacity":"","overlay-gradient":""}},"ast-content-background-meta":{"desktop":{"background-color":"var(--ast-global-color-4)","background-image":"","background-repeat":"repeat","background-position":"center center","background-size":"auto","background-attachment":"scroll","background-type":"","background-media":"","overlay-type":"","overlay-color":"","overlay-opacity":"","overlay-gradient":""},"tablet":{"background-color":"var(--ast-global-color-4)","background-image":"","background-repeat":"repeat","background-position":"center center","background-size":"auto","background-attachment":"scroll","background-type":"","background-media":"","overlay-type":"","overlay-color":"","overlay-opacity":"","overlay-gradient":""},"mobile":{"background-color":"var(--ast-global-color-4)","background-image":"","background-repeat":"repeat","background-position":"center center","background-size":"auto","background-attachment":"scroll","background-type":"","background-media":"","overlay-type":"","overlay-color":"","overlay-opacity":"","overlay-gradient":""}}},"product_brand":[],"product_cat":[72,62,56],"product_tag":[119,120],"class_list":{"0":"post-4570","1":"product","2":"type-product","3":"status-publish","4":"has-post-thumbnail","6":"product_cat-cosmetic-packaging","7":"product_cat-cosmetic-containers","8":"product_cat-cosmetic-jars","9":"product_tag-cosmetic-packaging-wholesale","10":"product_tag-lotion-glass-jar","11":"desktop-align-left","12":"tablet-align-left","13":"mobile-align-left","15":"first","16":"instock","17":"shipping-taxable","18":"product-type-simple"},"acf":[],"jetpack_sharing_enabled":true,"_links":{"self":[{"href":"https:\/\/theperfumebottles.com\/es\/wp-json\/wp\/v2\/product\/4570","targetHints":{"allow":["GET"]}}],"collection":[{"href":"https:\/\/theperfumebottles.com\/es\/wp-json\/wp\/v2\/product"}],"about":[{"href":"https:\/\/theperfumebottles.com\/es\/wp-json\/wp\/v2\/types\/product"}],"replies":[{"embeddable":true,"href":"https:\/\/theperfumebottles.com\/es\/wp-json\/wp\/v2\/comments?post=4570"}],"wp:featuredmedia":[{"embeddable":true,"href":"https:\/\/theperfumebottles.com\/es\/wp-json\/wp\/v2\/media\/4571"}],"wp:attachment":[{"href":"https:\/\/theperfumebottles.com\/es\/wp-json\/wp\/v2\/media?parent=4570"}],"wp:term":[{"taxonomy":"product_brand","embeddable":true,"href":"https:\/\/theperfumebottles.com\/es\/wp-json\/wp\/v2\/product_brand?post=4570"},{"taxonomy":"product_cat","embeddable":true,"href":"https:\/\/theperfumebottles.com\/es\/wp-json\/wp\/v2\/product_cat?post=4570"},{"taxonomy":"product_tag","embeddable":true,"href":"https:\/\/theperfumebottles.com\/es\/wp-json\/wp\/v2\/product_tag?post=4570"}],"curies":[{"name":"wp","href":"https:\/\/api.w.org\/{rel}","templated":true}]}}