{"id":4615,"date":"2025-07-17T18:00:44","date_gmt":"2025-07-17T10:00:44","guid":{"rendered":"https:\/\/theperfumebottles.com\/?post_type=product&#038;p=4615"},"modified":"2026-04-02T17:11:30","modified_gmt":"2026-04-02T09:11:30","slug":"lotion-glass-jar-set-cosmetic-bottle-with-pump-wholesale","status":"publish","type":"product","link":"https:\/\/theperfumebottles.com\/es\/product\/lotion-glass-jar-set-cosmetic-bottle-with-pump-wholesale\/","title":{"rendered":"Juego de frascos de vidrio para loci\u00f3n de 40 ml y 120 ml: botella cosm\u00e9tica con dosificador al por mayor"},"content":{"rendered":"<p><span class=\"highlights\" data-v-df95d256=\"\">\u00bfNecesitas un envase cosm\u00e9tico que llame la atenci\u00f3n? Nuestro set de frasco de belleza con dosificador y frasco de vidrio para loci\u00f3n es una innovaci\u00f3n para las marcas de cuidado de la piel. El dise\u00f1o degradado del vidrio (\u00e1mbar en la base, turquesa en la parte superior) crea una apariencia colorida y sofisticada, mientras que el tap\u00f3n negro mate proporciona un acabado elegante y moderno. Perfecto para s\u00e9rums, aceites o cremas, este envase de belleza combina protecci\u00f3n UV, equilibrio y un toque personalizado.<\/span><\/p>\n<h2>Especificaciones clave<\/h2>\n<table style=\"border-collapse: collapse; width: 784px; height: 114px; margin-left: 280px;\" border=\"0\" width=\"144\" cellspacing=\"0\" cellpadding=\"0\">\n<tbody>\n<tr style=\"height: 13.50pt;\">\n<td style=\"height: 13.50pt; width: 54.00pt;\" width=\"72\" height=\"18\">Caracter\u00edstica<\/td>\n<td style=\"width: 54.00pt;\" width=\"72\">Detalles<\/td>\n<\/tr>\n<tr style=\"height: 13.50pt;\">\n<td style=\"height: 13.50pt;\" height=\"18\">Capacidad<\/td>\n<td>40 ml, 120 ml<\/td>\n<\/tr>\n<tr style=\"height: 13.50pt;\">\n<td style=\"height: 13.50pt;\" height=\"18\">Forma<\/td>\n<td>Lados rectos<\/td>\n<\/tr>\n<tr style=\"height: 13.50pt;\">\n<td style=\"height: 13.50pt;\" height=\"18\">Caza de focas<\/td>\n<td>Tap\u00f3n de bomba o de rosca (personalizable)<\/td>\n<\/tr>\n<tr style=\"height: 13.50pt;\">\n<td style=\"height: 13.50pt;\" height=\"18\">Material<\/td>\n<td>Cristal glsaa<\/td>\n<\/tr>\n<tr style=\"height: 13.50pt;\">\n<td style=\"height: 13.50pt;\" height=\"18\">Color<\/td>\n<td>Degradado verde (colores personalizados disponibles)<\/td>\n<\/tr>\n<tr style=\"height: 13.50pt;\">\n<td style=\"height: 13.50pt;\" height=\"18\">Caso de uso<\/td>\n<td>Suero, aceite facial, loci\u00f3n corporal\u2026<\/td>\n<\/tr>\n<\/tbody>\n<\/table>\n<h2><span class=\"highlights\" data-v-df95d256=\"\">Historia de \u00e9xito<\/span><\/h2>\n<p><span class=\"highlights\" data-v-df95d256=\"\">Una marca de cuidado de la piel de lujo aument\u00f3 sus pedidos al por mayor en un 50% tras mostrar este conjunto de degradado en su p\u00e1gina de inicio. El intenso contraste de colores y la disponibilidad de env\u00edo inmediato les ayudaron a conseguir pedidos al por mayor de m\u00e1s de 15 minoristas en 3 meses.<\/span><\/p>\n<h2><span class=\"highlights\" data-v-df95d256=\"\">Personaliza tu pedido<\/span><\/h2>\n<ul>\n<li>\n<div class=\"lRu31\" dir=\"ltr\"><span class=\"HwtZe\" lang=\"en\"><span class=\"jCAhz ChMk0b\"><span class=\"ryNqvb\"><strong>Dise\u00f1o de color degradado personalizable:<\/strong> Hay una variedad de opciones de degradado de color disponibles para combinar con el estilo visual de su marca.<\/span><\/span><\/span><\/div>\n<\/li>\n<li>\n<div class=\"lRu31\" dir=\"ltr\"><span class=\"HwtZe\" lang=\"en\"><span class=\"jCAhz\"><span class=\"ryNqvb\"><strong>Diversas opciones de bombas:<\/strong> Las bombas intercambiables con un rociador de niebla fina o tapa abatible mejoran la comodidad de los frascos de loci\u00f3n.<\/span><\/span> <\/span><\/div>\n<\/li>\n<li>\n<div class=\"lRu31\" dir=\"ltr\">\n<p><span class=\"HwtZe\" lang=\"en\"><span class=\"jCAhz ChMk0b\"><span class=\"ryNqvb\"><strong>Interacci\u00f3n de embalaje inteligente:<\/strong> Los c\u00f3digos QR personalizables permiten experiencias interactivas que conectan el empaque con la historia de su marca.<\/span><\/span><\/span><\/p>\n<div class=\"OvtS8d\"><\/div>\n<div id=\"ow35\"><\/div>\n<\/div>\n<div class=\"UdTY9 WdefRb\" aria-hidden=\"true\" data-location=\"2\">\n<div class=\"kO6q6e\"><\/div>\n<\/div>\n<\/li>\n<\/ul>","protected":false},"excerpt":{"rendered":"<p>Compra sets de botellas cosm\u00e9ticas con dosificador y frascos de vidrio para loci\u00f3n para tu marca de cuidado de la piel. Vidrio degradado con protecci\u00f3n UV y opciones de empaque personalizadas.<\/p>","protected":false},"featured_media":4616,"comment_status":"open","ping_status":"closed","template":"","meta":{"_acf_changed":false,"site-sidebar-layout":"default","site-content-layout":"","ast-site-content-layout":"default","site-content-style":"default","site-sidebar-style":"default","ast-global-header-display":"","ast-banner-title-visibility":"","ast-main-header-display":"","ast-hfb-above-header-display":"","ast-hfb-below-header-display":"","ast-hfb-mobile-header-display":"","site-post-title":"","ast-breadcrumbs-content":"","ast-featured-img":"","footer-sml-layout":"","ast-disable-related-posts":"","theme-transparent-header-meta":"default","adv-header-id-meta":"","stick-header-meta":"","header-above-stick-meta":"","header-main-stick-meta":"","header-below-stick-meta":"","astra-migrate-meta-layouts":"set","ast-page-background-enabled":"default","ast-page-background-meta":{"desktop":{"background-color":"var(--ast-global-color-5)","background-image":"","background-repeat":"repeat","background-position":"center center","background-size":"auto","background-attachment":"scroll","background-type":"","background-media":"","overlay-type":"","overlay-color":"","overlay-opacity":"","overlay-gradient":""},"tablet":{"background-color":"","background-image":"","background-repeat":"repeat","background-position":"center center","background-size":"auto","background-attachment":"scroll","background-type":"","background-media":"","overlay-type":"","overlay-color":"","overlay-opacity":"","overlay-gradient":""},"mobile":{"background-color":"","background-image":"","background-repeat":"repeat","background-position":"center center","background-size":"auto","background-attachment":"scroll","background-type":"","background-media":"","overlay-type":"","overlay-color":"","overlay-opacity":"","overlay-gradient":""}},"ast-content-background-meta":{"desktop":{"background-color":"var(--ast-global-color-4)","background-image":"","background-repeat":"repeat","background-position":"center center","background-size":"auto","background-attachment":"scroll","background-type":"","background-media":"","overlay-type":"","overlay-color":"","overlay-opacity":"","overlay-gradient":""},"tablet":{"background-color":"var(--ast-global-color-4)","background-image":"","background-repeat":"repeat","background-position":"center center","background-size":"auto","background-attachment":"scroll","background-type":"","background-media":"","overlay-type":"","overlay-color":"","overlay-opacity":"","overlay-gradient":""},"mobile":{"background-color":"var(--ast-global-color-4)","background-image":"","background-repeat":"repeat","background-position":"center center","background-size":"auto","background-attachment":"scroll","background-type":"","background-media":"","overlay-type":"","overlay-color":"","overlay-opacity":"","overlay-gradient":""}}},"product_brand":[],"product_cat":[236,72,62],"product_tag":[129,120],"class_list":{"0":"post-4615","1":"product","2":"type-product","3":"status-publish","4":"has-post-thumbnail","6":"product_cat-cosmetic-container-set","7":"product_cat-cosmetic-packaging","8":"product_cat-cosmetic-containers","9":"product_tag-cosmetic-bottle-with-pump","10":"product_tag-lotion-glass-jar","11":"desktop-align-left","12":"tablet-align-left","13":"mobile-align-left","15":"first","16":"instock","17":"shipping-taxable","18":"product-type-simple"},"acf":[],"jetpack_sharing_enabled":true,"_links":{"self":[{"href":"https:\/\/theperfumebottles.com\/es\/wp-json\/wp\/v2\/product\/4615","targetHints":{"allow":["GET"]}}],"collection":[{"href":"https:\/\/theperfumebottles.com\/es\/wp-json\/wp\/v2\/product"}],"about":[{"href":"https:\/\/theperfumebottles.com\/es\/wp-json\/wp\/v2\/types\/product"}],"replies":[{"embeddable":true,"href":"https:\/\/theperfumebottles.com\/es\/wp-json\/wp\/v2\/comments?post=4615"}],"wp:featuredmedia":[{"embeddable":true,"href":"https:\/\/theperfumebottles.com\/es\/wp-json\/wp\/v2\/media\/4616"}],"wp:attachment":[{"href":"https:\/\/theperfumebottles.com\/es\/wp-json\/wp\/v2\/media?parent=4615"}],"wp:term":[{"taxonomy":"product_brand","embeddable":true,"href":"https:\/\/theperfumebottles.com\/es\/wp-json\/wp\/v2\/product_brand?post=4615"},{"taxonomy":"product_cat","embeddable":true,"href":"https:\/\/theperfumebottles.com\/es\/wp-json\/wp\/v2\/product_cat?post=4615"},{"taxonomy":"product_tag","embeddable":true,"href":"https:\/\/theperfumebottles.com\/es\/wp-json\/wp\/v2\/product_tag?post=4615"}],"curies":[{"name":"wp","href":"https:\/\/api.w.org\/{rel}","templated":true}]}}