{"id":4644,"date":"2025-07-18T17:49:18","date_gmt":"2025-07-18T09:49:18","guid":{"rendered":"https:\/\/theperfumebottles.com\/?post_type=product&#038;p=4644"},"modified":"2026-03-27T14:30:08","modified_gmt":"2026-03-27T06:30:08","slug":"empty-glass-cosmetic-containers-with-lids-wholesale","status":"publish","type":"product","link":"https:\/\/theperfumebottles.com\/es\/product\/empty-glass-cosmetic-containers-with-lids-wholesale\/","title":{"rendered":"Envases de vidrio vac\u00edos para cosm\u00e9ticos de 30 g y 50 g con tapa (venta al por mayor)"},"content":{"rendered":"<p>Esta avanzada gama de tarros cosm\u00e9ticos con tapa refleja un perfil cil\u00edndrico moderno que incluye una base de vidrio transparente, una banda dorada con un fino ribete dorado y una selecci\u00f3n de tapas blancas esmeriladas o transparentes.<\/p>\n<h2><span class=\"highlights\" data-v-df95d256=\"\">Especificaciones clave<\/span><\/h2>\n<table style=\"border-collapse: collapse; width: 80%; height: 123px; margin-left: auto; margin-right: auto;\" border=\"0\" width=\"144\" cellspacing=\"0\" cellpadding=\"0\">\n<tbody>\n<tr>\n<td width=\"72\">Capacidad<\/td>\n<td width=\"72\">Forma<\/td>\n<td width=\"72\">M\u00e9todo de sellado<\/td>\n<td width=\"72\">Material<\/td>\n<td width=\"72\">Color<\/td>\n<td width=\"72\">Uso<\/td>\n<\/tr>\n<tr>\n<td>30 gramos<\/td>\n<td rowspan=\"2\">Lados rectos<\/td>\n<td rowspan=\"2\">Con cabeza (pl\u00e1stico\/metal)<\/td>\n<td rowspan=\"2\">vaso de cristal<\/td>\n<td rowspan=\"2\">Esmerilado (personalizado)<\/td>\n<td rowspan=\"2\">Crema para ojos, loci\u00f3n\u2026<\/td>\n<\/tr>\n<tr>\n<td>50 gramos<\/td>\n<\/tr>\n<\/tbody>\n<\/table>\n<h2><span class=\"highlights\" data-v-df95d256=\"\">Caso de \u00e9xito<\/span><\/h2>\n<p>Una de las marcas de lujo parisinas eligi\u00f3 nuestros envases cosm\u00e9ticos de 50 ml con tapa y personaliz\u00f3 su tap\u00f3n blanco esmerilado y su anillo decorativo chapado en oro rosa. Los tarros de loci\u00f3n personalizados fueron un \u00e9xito rotundo: su dise\u00f1o estratificado especial se convirti\u00f3 en un sello distintivo de la marca, y un estudio de mercado revel\u00f3 que el reconocimiento de la marca aument\u00f3 un 25 %. La calidad de su textura y materiales tambi\u00e9n fue superior, lo que gener\u00f3 un incremento del 50 % en el precio de su crema reparadora. Gracias a este \u00e9xito, la marca ha encargado otros 250.000 tarros de loci\u00f3n para su nueva l\u00ednea de aceite facial y crema de noche con CBD.<\/p>\n<h2><span class=\"highlights\" data-v-df95d256=\"\">Consejos de personalizaci\u00f3n para envases de maquillaje al por mayor<\/span><\/h2>\n<ul>\n<li><strong>Diversas alternativas de look:<\/strong> Elija entre vidrio transparente o esmerilado, con tonos degradados disponibles para un efecto visual mejorado.<\/li>\n<li><strong>Tejido de gorra flexible:<\/strong> Disponible en pl\u00e1stico o metal, equilibrando la gesti\u00f3n de costos con una sensaci\u00f3n de calidad superior.<\/li>\n<li><strong>Personalizaci\u00f3n de marca:<\/strong> Se admiten emblemas en relieve o c\u00f3digos QR para ayudar a contar la historia de su logotipo.<\/li>\n<\/ul>","protected":false},"excerpt":{"rendered":"<p>Envases de maquillaje de alta gama al por mayor con base de vidrio transparente y elegante anillo dorado. Envases cosm\u00e9ticos con tapa que garantizan la frescura. Env\u00edo r\u00e1pido.<\/p>","protected":false},"featured_media":4645,"comment_status":"open","ping_status":"closed","template":"","meta":{"_acf_changed":false,"site-sidebar-layout":"default","site-content-layout":"","ast-site-content-layout":"default","site-content-style":"default","site-sidebar-style":"default","ast-global-header-display":"","ast-banner-title-visibility":"","ast-main-header-display":"","ast-hfb-above-header-display":"","ast-hfb-below-header-display":"","ast-hfb-mobile-header-display":"","site-post-title":"","ast-breadcrumbs-content":"","ast-featured-img":"","footer-sml-layout":"","ast-disable-related-posts":"","theme-transparent-header-meta":"default","adv-header-id-meta":"","stick-header-meta":"","header-above-stick-meta":"","header-main-stick-meta":"","header-below-stick-meta":"","astra-migrate-meta-layouts":"set","ast-page-background-enabled":"default","ast-page-background-meta":{"desktop":{"background-color":"var(--ast-global-color-5)","background-image":"","background-repeat":"repeat","background-position":"center center","background-size":"auto","background-attachment":"scroll","background-type":"","background-media":"","overlay-type":"","overlay-color":"","overlay-opacity":"","overlay-gradient":""},"tablet":{"background-color":"","background-image":"","background-repeat":"repeat","background-position":"center center","background-size":"auto","background-attachment":"scroll","background-type":"","background-media":"","overlay-type":"","overlay-color":"","overlay-opacity":"","overlay-gradient":""},"mobile":{"background-color":"","background-image":"","background-repeat":"repeat","background-position":"center center","background-size":"auto","background-attachment":"scroll","background-type":"","background-media":"","overlay-type":"","overlay-color":"","overlay-opacity":"","overlay-gradient":""}},"ast-content-background-meta":{"desktop":{"background-color":"var(--ast-global-color-4)","background-image":"","background-repeat":"repeat","background-position":"center center","background-size":"auto","background-attachment":"scroll","background-type":"","background-media":"","overlay-type":"","overlay-color":"","overlay-opacity":"","overlay-gradient":""},"tablet":{"background-color":"var(--ast-global-color-4)","background-image":"","background-repeat":"repeat","background-position":"center center","background-size":"auto","background-attachment":"scroll","background-type":"","background-media":"","overlay-type":"","overlay-color":"","overlay-opacity":"","overlay-gradient":""},"mobile":{"background-color":"var(--ast-global-color-4)","background-image":"","background-repeat":"repeat","background-position":"center center","background-size":"auto","background-attachment":"scroll","background-type":"","background-media":"","overlay-type":"","overlay-color":"","overlay-opacity":"","overlay-gradient":""}}},"product_brand":[],"product_cat":[56,62,72],"product_tag":[144,134],"class_list":{"0":"post-4644","1":"product","2":"type-product","3":"status-publish","4":"has-post-thumbnail","6":"product_cat-cosmetic-jars","7":"product_cat-cosmetic-containers","8":"product_cat-cosmetic-packaging","9":"product_tag-lotion-jars-with-lids","10":"product_tag-makeup-containers-wholesale","11":"desktop-align-left","12":"tablet-align-left","13":"mobile-align-left","15":"first","16":"instock","17":"shipping-taxable","18":"product-type-simple"},"acf":[],"jetpack_sharing_enabled":true,"_links":{"self":[{"href":"https:\/\/theperfumebottles.com\/es\/wp-json\/wp\/v2\/product\/4644","targetHints":{"allow":["GET"]}}],"collection":[{"href":"https:\/\/theperfumebottles.com\/es\/wp-json\/wp\/v2\/product"}],"about":[{"href":"https:\/\/theperfumebottles.com\/es\/wp-json\/wp\/v2\/types\/product"}],"replies":[{"embeddable":true,"href":"https:\/\/theperfumebottles.com\/es\/wp-json\/wp\/v2\/comments?post=4644"}],"wp:featuredmedia":[{"embeddable":true,"href":"https:\/\/theperfumebottles.com\/es\/wp-json\/wp\/v2\/media\/4645"}],"wp:attachment":[{"href":"https:\/\/theperfumebottles.com\/es\/wp-json\/wp\/v2\/media?parent=4644"}],"wp:term":[{"taxonomy":"product_brand","embeddable":true,"href":"https:\/\/theperfumebottles.com\/es\/wp-json\/wp\/v2\/product_brand?post=4644"},{"taxonomy":"product_cat","embeddable":true,"href":"https:\/\/theperfumebottles.com\/es\/wp-json\/wp\/v2\/product_cat?post=4644"},{"taxonomy":"product_tag","embeddable":true,"href":"https:\/\/theperfumebottles.com\/es\/wp-json\/wp\/v2\/product_tag?post=4644"}],"curies":[{"name":"wp","href":"https:\/\/api.w.org\/{rel}","templated":true}]}}