{"id":4670,"date":"2025-07-18T17:54:50","date_gmt":"2025-07-18T09:54:50","guid":{"rendered":"https:\/\/theperfumebottles.com\/?post_type=product&#038;p=4670"},"modified":"2025-07-18T17:54:51","modified_gmt":"2025-07-18T09:54:51","slug":"wholesale-beauty-containers-cosmetic-glass-jar-lotion","status":"publish","type":"product","link":"https:\/\/theperfumebottles.com\/es\/product\/wholesale-beauty-containers-cosmetic-glass-jar-lotion\/","title":{"rendered":"Envases de belleza al por mayor de 5 g, 10 g, 15 g, 30 g, 50 g y 60 g: loci\u00f3n en frasco de vidrio para cosm\u00e9ticos"},"content":{"rendered":"<p><span class=\"highlights\" data-v-df95d256=\"\">\u00bfBuscas envases de belleza al por mayor que combinen elegancia y practicidad en tus envases cosm\u00e9ticos? Estos frascos para loci\u00f3n est\u00e1n dise\u00f1ados para marcas de cuidado de la piel que necesitan envases cosm\u00e9ticos que protejan los ingredientes sensibles y eleven su gama de productos. Con opciones de capacidad de 5 a 60 g, vidrio \u00e1mbar con protecci\u00f3n UV y tapas roscadas de pl\u00e1stico o metal, son tu mejor aliado para fidelizar a tus clientes.<\/span><\/p>\n<h2><span class=\"highlights\" data-v-df95d256=\"\">Especificaciones clave<\/span><\/h2>\n<table style=\"border-collapse: collapse;width: 1086px;height: 218px;margin-left: 120px\" border=\"0\" width=\"432\" cellspacing=\"0\" cellpadding=\"0\">\n<tbody>\n<tr style=\"height: 13.50pt\">\n<td style=\"height: 13.50pt;width: 54.00pt\" width=\"72\" height=\"18\">Capacidad<\/td>\n<td style=\"width: 54.00pt\" width=\"72\">Forma<\/td>\n<td style=\"width: 54.00pt\" width=\"72\">M\u00e9todo de sellado<\/td>\n<td style=\"width: 54.00pt\" width=\"72\">Material<\/td>\n<td style=\"width: 54.00pt\" width=\"72\">Color<\/td>\n<td style=\"width: 54.00pt\" width=\"72\">Caso de uso<\/td>\n<\/tr>\n<tr style=\"height: 13.50pt\">\n<td style=\"height: 13.50pt\" height=\"18\">5 gramos<\/td>\n<td>Borde recto<\/td>\n<td>Roscado (pl\u00e1stico\/metal)<\/td>\n<td>Vaso<\/td>\n<td>\u00c1mbar<\/td>\n<td>Crema facial de muestra<\/td>\n<\/tr>\n<tr style=\"height: 13.50pt\">\n<td style=\"height: 13.50pt\" height=\"18\">10 gramos<\/td>\n<td>Borde recto<\/td>\n<td>Roscado (pl\u00e1stico\/metal)<\/td>\n<td>Vaso<\/td>\n<td>\u00c1mbar<\/td>\n<td>Mini loci\u00f3n corporal<\/td>\n<\/tr>\n<tr style=\"height: 13.50pt\">\n<td style=\"height: 13.50pt\" height=\"18\">15 g (0,5 oz)<\/td>\n<td>Borde recto<\/td>\n<td>Roscado (pl\u00e1stico\/metal)<\/td>\n<td>Vaso<\/td>\n<td>\u00c1mbar<\/td>\n<td>Suero para ojos en formato de viaje<\/td>\n<\/tr>\n<tr style=\"height: 13.50pt\">\n<td style=\"height: 13.50pt\" height=\"18\">30 g (1 onza)<\/td>\n<td>Borde recto<\/td>\n<td>Roscado (pl\u00e1stico\/metal)<\/td>\n<td>Vaso<\/td>\n<td>\u00c1mbar<\/td>\n<td>Crema facial est\u00e1ndar<\/td>\n<\/tr>\n<tr style=\"height: 13.50pt\">\n<td style=\"height: 13.50pt\" height=\"18\">50 gramos<\/td>\n<td>Borde recto<\/td>\n<td>Roscado (pl\u00e1stico\/metal)<\/td>\n<td>Vaso<\/td>\n<td>\u00c1mbar<\/td>\n<td>Loci\u00f3n corporal de tama\u00f1o completo<\/td>\n<\/tr>\n<tr style=\"height: 13.50pt\">\n<td style=\"height: 13.50pt\" height=\"18\">60 g (2 oz)<\/td>\n<td>Borde recto<\/td>\n<td>Roscado (pl\u00e1stico\/metal)<\/td>\n<td>Vaso<\/td>\n<td>\u00c1mbar (personalizado)<\/td>\n<td>Suero de lujo o crema medicada<\/td>\n<\/tr>\n<\/tbody>\n<\/table>\n<p>&nbsp;<\/p>\n<h2><span class=\"highlights\" data-v-df95d256=\"\">Caso de \u00e9xito: La transformaci\u00f3n del packaging de lujo de una marca de cuidado de la piel <\/span><\/h2>\n<p><span class=\"highlights\" data-v-df95d256=\"\">Una startup de cuidado de la piel necesitaba frascos de loci\u00f3n para su nueva l\u00ednea de s\u00e9rums cosm\u00e9ticos con textura de bruma fina. Personalizamos frascos \u00e1mbar de 30 g con tapas met\u00e1licas y etiquetas con acabado mate. \u00bfResultado? Un aumento del 400 % en las ventas de envases de belleza al por mayor y excelentes cr\u00edticas sobre su lujo. Consejo: Cuando tu envase parece un recuerdo de spa, los clientes no quieren irse.<\/span><\/p>\n<h2><span class=\"highlights\" data-v-df95d256=\"\">Consejos de personalizaci\u00f3n para su marca <\/span><\/h2>\n<ul>\n<li><span class=\"highlights\" data-v-df95d256=\"\"><strong>Color y acabado:<\/strong> Utilice color \u00e1mbar para obtener protecci\u00f3n UV o agregue vidrio esmerilado para lograr una textura fina similar a una niebla. <\/span><\/li>\n<li><span class=\"highlights\" data-v-df95d256=\"\"><strong>Opciones de tapa:<\/strong> Opte por el metal para un empaque de belleza premium o por el pl\u00e1stico para un empaque rentable a granel.<\/span><\/li>\n<li><span class=\"highlights\" data-v-df95d256=\"\"><strong>Dise\u00f1o de etiquetas:<\/strong> Utilice fuentes minimalistas para envases de cosm\u00e9ticos que transmitan elegancia o fuentes atrevidas para frascos llamativos.<\/span><\/li>\n<\/ul>","protected":false},"excerpt":{"rendered":"<p>Frascos de vidrio \u00e1mbar resistentes para loci\u00f3n en frascos al por mayor. Ideales para marcas de cuidado de la piel que buscan envases de belleza ecol\u00f3gicos y personalizables al por mayor.<\/p>","protected":false},"featured_media":4671,"comment_status":"open","ping_status":"closed","template":"","meta":{"_acf_changed":false,"site-sidebar-layout":"default","site-content-layout":"","ast-site-content-layout":"default","site-content-style":"default","site-sidebar-style":"default","ast-global-header-display":"","ast-banner-title-visibility":"","ast-main-header-display":"","ast-hfb-above-header-display":"","ast-hfb-below-header-display":"","ast-hfb-mobile-header-display":"","site-post-title":"","ast-breadcrumbs-content":"","ast-featured-img":"","footer-sml-layout":"","ast-disable-related-posts":"","theme-transparent-header-meta":"default","adv-header-id-meta":"","stick-header-meta":"","header-above-stick-meta":"","header-main-stick-meta":"","header-below-stick-meta":"","astra-migrate-meta-layouts":"set","ast-page-background-enabled":"default","ast-page-background-meta":{"desktop":{"background-color":"var(--ast-global-color-5)","background-image":"","background-repeat":"repeat","background-position":"center center","background-size":"auto","background-attachment":"scroll","background-type":"","background-media":"","overlay-type":"","overlay-color":"","overlay-opacity":"","overlay-gradient":""},"tablet":{"background-color":"","background-image":"","background-repeat":"repeat","background-position":"center center","background-size":"auto","background-attachment":"scroll","background-type":"","background-media":"","overlay-type":"","overlay-color":"","overlay-opacity":"","overlay-gradient":""},"mobile":{"background-color":"","background-image":"","background-repeat":"repeat","background-position":"center center","background-size":"auto","background-attachment":"scroll","background-type":"","background-media":"","overlay-type":"","overlay-color":"","overlay-opacity":"","overlay-gradient":""}},"ast-content-background-meta":{"desktop":{"background-color":"var(--ast-global-color-4)","background-image":"","background-repeat":"repeat","background-position":"center center","background-size":"auto","background-attachment":"scroll","background-type":"","background-media":"","overlay-type":"","overlay-color":"","overlay-opacity":"","overlay-gradient":""},"tablet":{"background-color":"var(--ast-global-color-4)","background-image":"","background-repeat":"repeat","background-position":"center center","background-size":"auto","background-attachment":"scroll","background-type":"","background-media":"","overlay-type":"","overlay-color":"","overlay-opacity":"","overlay-gradient":""},"mobile":{"background-color":"var(--ast-global-color-4)","background-image":"","background-repeat":"repeat","background-position":"center center","background-size":"auto","background-attachment":"scroll","background-type":"","background-media":"","overlay-type":"","overlay-color":"","overlay-opacity":"","overlay-gradient":""}}},"product_brand":[],"product_cat":[56,72,62],"product_tag":[145,142],"class_list":{"0":"post-4670","1":"product","2":"type-product","3":"status-publish","4":"has-post-thumbnail","6":"product_cat-cosmetic-jars","7":"product_cat-cosmetic-packaging","8":"product_cat-cosmetic-containers","9":"product_tag-cosmetic-cream-containers","10":"product_tag-wholesale-beauty-containers","11":"desktop-align-left","12":"tablet-align-left","13":"mobile-align-left","15":"first","16":"instock","17":"shipping-taxable","18":"product-type-simple"},"acf":[],"jetpack_sharing_enabled":true,"_links":{"self":[{"href":"https:\/\/theperfumebottles.com\/es\/wp-json\/wp\/v2\/product\/4670","targetHints":{"allow":["GET"]}}],"collection":[{"href":"https:\/\/theperfumebottles.com\/es\/wp-json\/wp\/v2\/product"}],"about":[{"href":"https:\/\/theperfumebottles.com\/es\/wp-json\/wp\/v2\/types\/product"}],"replies":[{"embeddable":true,"href":"https:\/\/theperfumebottles.com\/es\/wp-json\/wp\/v2\/comments?post=4670"}],"wp:featuredmedia":[{"embeddable":true,"href":"https:\/\/theperfumebottles.com\/es\/wp-json\/wp\/v2\/media\/4671"}],"wp:attachment":[{"href":"https:\/\/theperfumebottles.com\/es\/wp-json\/wp\/v2\/media?parent=4670"}],"wp:term":[{"taxonomy":"product_brand","embeddable":true,"href":"https:\/\/theperfumebottles.com\/es\/wp-json\/wp\/v2\/product_brand?post=4670"},{"taxonomy":"product_cat","embeddable":true,"href":"https:\/\/theperfumebottles.com\/es\/wp-json\/wp\/v2\/product_cat?post=4670"},{"taxonomy":"product_tag","embeddable":true,"href":"https:\/\/theperfumebottles.com\/es\/wp-json\/wp\/v2\/product_tag?post=4670"}],"curies":[{"name":"wp","href":"https:\/\/api.w.org\/{rel}","templated":true}]}}