{"id":4702,"date":"2025-07-21T17:51:13","date_gmt":"2025-07-21T09:51:13","guid":{"rendered":"https:\/\/theperfumebottles.com\/?post_type=product&#038;p=4702"},"modified":"2025-08-01T10:23:11","modified_gmt":"2025-08-01T02:23:11","slug":"empty-makeup-containers-wholesale-skincare-jars","status":"publish","type":"product","link":"https:\/\/theperfumebottles.com\/es\/product\/empty-makeup-containers-wholesale-skincare-jars\/","title":{"rendered":"Envases vac\u00edos de maquillaje de 1 oz, 2 oz y 4 oz y 8 oz \u2013 Tarros para productos de cuidado de la piel al por mayor"},"content":{"rendered":"<p><span class=\"highlights\" data-v-df95d256=\"\">\u00bfBuscas envases de maquillaje vac\u00edos que combinen elegancia y funcionalidad? Estos envases para el cuidado de la piel al por mayor est\u00e1n dise\u00f1ados para inspirar tus envases de belleza. Como proveedor de suministros para envases cosm\u00e9ticos, fabricamos frascos de vidrio con tapas de rosca plateadas para marcas de cuidado de la piel que necesitan envases cosm\u00e9ticos que brillen. Perfectos para cremas faciales, lociones corporales o s\u00e9rums para ojos; y s\u00ed, est\u00e1n listos para env\u00edo a granel.<\/span><\/p>\n<h2><span class=\"highlights\" data-v-df95d256=\"\">Especificaciones clave<\/span><\/h2>\n<table style=\"border-collapse: collapse;width: 80%;margin-left: auto;margin-right: auto\" border=\"0\" width=\"432\" cellspacing=\"0\" cellpadding=\"0\">\n<tbody>\n<tr style=\"height: 13.50pt\">\n<td style=\"height: 13.50pt;width: 54.00pt\" width=\"72\" height=\"18\">Capacidad<\/td>\n<td style=\"width: 54.00pt\" width=\"72\">Forma<\/td>\n<td style=\"width: 54.00pt\" width=\"72\">M\u00e9todos de sellado<\/td>\n<td style=\"width: 54.00pt\" width=\"72\">Material<\/td>\n<td style=\"width: 54.00pt\" width=\"72\">Opciones de color<\/td>\n<td style=\"width: 54.00pt\" width=\"72\">Uso<\/td>\n<\/tr>\n<tr style=\"height: 13.50pt\">\n<td style=\"height: 13.50pt\" height=\"18\">5 gramos<\/td>\n<td class=\"et2\" rowspan=\"8\">Cil\u00edndrico<\/td>\n<td class=\"et2\" rowspan=\"8\">Tap\u00f3n de rosca (pl\u00e1stico\/metal)<\/td>\n<td class=\"et2\" rowspan=\"8\">vaso de cristal<\/td>\n<td class=\"et2\" rowspan=\"8\">Cliente transparente, \u00e1mbar, negro, verde, azul y mate<\/td>\n<td class=\"et2\" rowspan=\"8\">Crema facial, crema corporal, crema para ojos, crema para labios\u2026<\/td>\n<\/tr>\n<tr style=\"height: 13.50pt\">\n<td style=\"height: 13.50pt\" height=\"18\">15 g (0,5 oz)<\/td>\n<\/tr>\n<tr style=\"height: 13.50pt\">\n<td style=\"height: 13.50pt\" height=\"18\">30 g (1 onza)<\/td>\n<\/tr>\n<tr style=\"height: 13.50pt\">\n<td style=\"height: 13.50pt\" height=\"18\">50 gramos<\/td>\n<\/tr>\n<tr style=\"height: 13.50pt\">\n<td style=\"height: 13.50pt\" height=\"18\">60 g (2 oz)<\/td>\n<\/tr>\n<tr style=\"height: 13.50pt\">\n<td style=\"height: 13.50pt\" height=\"18\">100 gramos<\/td>\n<\/tr>\n<tr style=\"height: 13.50pt\">\n<td style=\"height: 13.50pt\" height=\"18\">120 gramos<\/td>\n<\/tr>\n<tr style=\"height: 13.50pt\">\n<td style=\"height: 13.50pt\" height=\"18\">250 gramos<\/td>\n<\/tr>\n<\/tbody>\n<\/table>\n<h2><span class=\"highlights\" data-v-df95d256=\"\">Caso de \u00e9xito: Renovaci\u00f3n del packaging de una marca de cuidado de la piel de lujo <\/span><\/h2>\n<p><span class=\"highlights\" data-v-df95d256=\"\">Una l\u00ednea de cuidado de la piel de lujo necesitaba envases de maquillaje vac\u00edos que combinaran con su est\u00e9tica de &#034;lujo limpio&#034;. Suministramos frascos \u00e1mbar de 100 g con etiquetas negras mate y tapas plateadas. \u00bfResultado? Un aumento del 250 % en las ventas al por mayor de envases de cuidado de la piel y excelentes rese\u00f1as sobre el dise\u00f1o minimalista del envase.<\/span><\/p>\n<h2>Consejos de personalizaci\u00f3n para su marca<\/h2>\n<ul>\n<li><strong>Psicolog\u00eda del color:<\/strong> El azul transmite un efecto relajante, lo que lo hace apropiado para sueros calmantes; el \u00e1mbar es ideal para lociones antienvejecimiento, transmitiendo una experiencia de calor y recuperaci\u00f3n.<\/li>\n<li><strong>Dise\u00f1o de la etiqueta:<\/strong> Elija fuentes minimalistas o papel dorado para lograr un impacto visible y elegante.<\/li>\n<li><strong>Extremo de la superficie:<\/strong> Un extremo mate o un emblema grabado mejora la experiencia general de calidad del embalaje.<\/li>\n<\/ul>","protected":false},"excerpt":{"rendered":"<p>Envases de maquillaje vac\u00edos duraderos para envases de productos para el cuidado de la piel al por mayor: envases de cosm\u00e9ticos personalizables a granel.<\/p>","protected":false},"featured_media":4703,"comment_status":"open","ping_status":"closed","template":"","meta":{"_acf_changed":false,"site-sidebar-layout":"default","site-content-layout":"","ast-site-content-layout":"default","site-content-style":"default","site-sidebar-style":"default","ast-global-header-display":"","ast-banner-title-visibility":"","ast-main-header-display":"","ast-hfb-above-header-display":"","ast-hfb-below-header-display":"","ast-hfb-mobile-header-display":"","site-post-title":"","ast-breadcrumbs-content":"","ast-featured-img":"","footer-sml-layout":"","ast-disable-related-posts":"","theme-transparent-header-meta":"default","adv-header-id-meta":"","stick-header-meta":"","header-above-stick-meta":"","header-main-stick-meta":"","header-below-stick-meta":"","astra-migrate-meta-layouts":"set","ast-page-background-enabled":"default","ast-page-background-meta":{"desktop":{"background-color":"var(--ast-global-color-5)","background-image":"","background-repeat":"repeat","background-position":"center center","background-size":"auto","background-attachment":"scroll","background-type":"","background-media":"","overlay-type":"","overlay-color":"","overlay-opacity":"","overlay-gradient":""},"tablet":{"background-color":"","background-image":"","background-repeat":"repeat","background-position":"center center","background-size":"auto","background-attachment":"scroll","background-type":"","background-media":"","overlay-type":"","overlay-color":"","overlay-opacity":"","overlay-gradient":""},"mobile":{"background-color":"","background-image":"","background-repeat":"repeat","background-position":"center center","background-size":"auto","background-attachment":"scroll","background-type":"","background-media":"","overlay-type":"","overlay-color":"","overlay-opacity":"","overlay-gradient":""}},"ast-content-background-meta":{"desktop":{"background-color":"var(--ast-global-color-4)","background-image":"","background-repeat":"repeat","background-position":"center center","background-size":"auto","background-attachment":"scroll","background-type":"","background-media":"","overlay-type":"","overlay-color":"","overlay-opacity":"","overlay-gradient":""},"tablet":{"background-color":"var(--ast-global-color-4)","background-image":"","background-repeat":"repeat","background-position":"center center","background-size":"auto","background-attachment":"scroll","background-type":"","background-media":"","overlay-type":"","overlay-color":"","overlay-opacity":"","overlay-gradient":""},"mobile":{"background-color":"var(--ast-global-color-4)","background-image":"","background-repeat":"repeat","background-position":"center center","background-size":"auto","background-attachment":"scroll","background-type":"","background-media":"","overlay-type":"","overlay-color":"","overlay-opacity":"","overlay-gradient":""}}},"product_brand":[],"product_cat":[72,62,56],"product_tag":[146,147],"class_list":{"0":"post-4702","1":"product","2":"type-product","3":"status-publish","4":"has-post-thumbnail","6":"product_cat-cosmetic-packaging","7":"product_cat-cosmetic-containers","8":"product_cat-cosmetic-jars","9":"product_tag-empty-makeup-containers","10":"product_tag-wholesale-skincare-containers","11":"desktop-align-left","12":"tablet-align-left","13":"mobile-align-left","15":"first","16":"instock","17":"shipping-taxable","18":"product-type-simple"},"acf":[],"jetpack_sharing_enabled":true,"_links":{"self":[{"href":"https:\/\/theperfumebottles.com\/es\/wp-json\/wp\/v2\/product\/4702","targetHints":{"allow":["GET"]}}],"collection":[{"href":"https:\/\/theperfumebottles.com\/es\/wp-json\/wp\/v2\/product"}],"about":[{"href":"https:\/\/theperfumebottles.com\/es\/wp-json\/wp\/v2\/types\/product"}],"replies":[{"embeddable":true,"href":"https:\/\/theperfumebottles.com\/es\/wp-json\/wp\/v2\/comments?post=4702"}],"wp:featuredmedia":[{"embeddable":true,"href":"https:\/\/theperfumebottles.com\/es\/wp-json\/wp\/v2\/media\/4703"}],"wp:attachment":[{"href":"https:\/\/theperfumebottles.com\/es\/wp-json\/wp\/v2\/media?parent=4702"}],"wp:term":[{"taxonomy":"product_brand","embeddable":true,"href":"https:\/\/theperfumebottles.com\/es\/wp-json\/wp\/v2\/product_brand?post=4702"},{"taxonomy":"product_cat","embeddable":true,"href":"https:\/\/theperfumebottles.com\/es\/wp-json\/wp\/v2\/product_cat?post=4702"},{"taxonomy":"product_tag","embeddable":true,"href":"https:\/\/theperfumebottles.com\/es\/wp-json\/wp\/v2\/product_tag?post=4702"}],"curies":[{"name":"wp","href":"https:\/\/api.w.org\/{rel}","templated":true}]}}