{"id":4779,"date":"2025-07-22T17:54:09","date_gmt":"2025-07-22T09:54:09","guid":{"rendered":"https:\/\/theperfumebottles.com\/?post_type=product&#038;p=4779"},"modified":"2026-03-27T16:41:05","modified_gmt":"2026-03-27T08:41:05","slug":"amber-tincture-bottles-with-dropper-glass-bottles-supplier","status":"publish","type":"product","link":"https:\/\/theperfumebottles.com\/es\/product\/amber-tincture-bottles-with-dropper-glass-bottles-supplier\/","title":{"rendered":"Frascos de tintura \u00e1mbar con gotero | Frascos de vidrio de 15 ml a 120 ml"},"content":{"rendered":"<p>La serie de frascos de tintura \u00e1mbar presenta la cl\u00e1sica forma redonda con un cuerpo recto y hombros inclinados que crean un contorno suave entre el cuerpo y el cuello, lo que le confiere un aspecto limpio y profesional. Estos frascos de vidrio \u00e1mbar est\u00e1n elaborados con vidrio \u00e1mbar de calidad superior, que proporciona una buena protecci\u00f3n UV para productos fotosensibles. El cuello roscado es est\u00e1ndar y compatible con diversos cierres, como goteros de aluminio, pl\u00e1stico o bamb\u00fa, cabezales pulverizadores y dispensadores de bomba. Esta serie tambi\u00e9n est\u00e1 disponible en capacidades de 15 ml, 30 ml, 60 ml, 100 ml y 120 ml, lo que facilita la creaci\u00f3n de l\u00edneas de productos y marcas flexibles.<\/p>\n<h2><span class=\"highlights\" data-v-df95d256=\"\">Especificaciones clave<\/span><\/h2>\n<table style=\"border-collapse: collapse; width: 879px; height: 272px; margin-left: 200px;\" border=\"0\" width=\"144\" cellspacing=\"0\" cellpadding=\"0\">\n<tbody>\n<tr style=\"height: 13.50pt;\">\n<td style=\"height: 13.50pt; width: 30%;\" width=\"72\" height=\"18\">Producto<\/td>\n<td style=\"width: 54.00pt;\" width=\"72\">Frasco de vidrio \u00e1mbar con gotero<\/td>\n<\/tr>\n<tr style=\"height: 13.50pt;\">\n<td style=\"height: 13.50pt;\" height=\"18\">Capacidad<\/td>\n<td>15 ml, 30 ml, 60 ml, 100 ml, 120 ml<\/td>\n<\/tr>\n<tr style=\"height: 13.50pt;\">\n<td style=\"height: 13.50pt;\" height=\"18\">Forma<\/td>\n<td>Dise\u00f1o de bordes rectos para una est\u00e9tica moderna.<\/td>\n<\/tr>\n<tr style=\"height: 13.50pt;\">\n<td style=\"height: 13.50pt;\" height=\"18\">Opciones de accesorios<\/td>\n<td>Dosificador de loci\u00f3n, pulverizador de niebla, gotero, tapa de rosca<\/td>\n<\/tr>\n<tr style=\"height: 13.50pt;\">\n<td style=\"height: 13.50pt;\" height=\"18\">Material<\/td>\n<td>vidrio s\u00f3dico-c\u00e1lcico<\/td>\n<\/tr>\n<tr style=\"height: 13.50pt;\">\n<td style=\"height: 13.50pt;\" height=\"18\">Color<\/td>\n<td>\u00c1mbar (tono con protecci\u00f3n UV)<\/td>\n<\/tr>\n<tr style=\"height: 13.50pt;\">\n<td style=\"height: 13.50pt;\" height=\"18\">Uso principal<\/td>\n<td>Brumas faciales, t\u00f3nicos, aceites corporales y suministros para envases de cosm\u00e9ticos<\/td>\n<\/tr>\n<\/tbody>\n<\/table>\n<h2>Solicitud<\/h2>\n<p>Estos frascos de tintura de color \u00e1mbar tienen una amplia aplicaci\u00f3n en los sectores farmac\u00e9utico, cosm\u00e9tico y de bienestar. Son ideales para envasar aceites esenciales, tinturas, s\u00e9rums, extractos de hierbas y l\u00edquidos para el cuidado de la piel. Se pueden utilizar en la venta al por menor, con marca propia y para el suministro a granel, con diversos m\u00e9todos de dosificaci\u00f3n: dosificaci\u00f3n precisa, nebulizaci\u00f3n o bombeo, para garantizar la protecci\u00f3n del producto y facilitar su acceso al usuario final.<\/p>\n<h2><span class=\"highlights\" data-v-df95d256=\"\">Caso de \u00e9xito: Una marca con dispensadores personalizados <\/span><\/h2>\n<p><span class=\"highlights\" data-v-df95d256=\"\">Una prometedora empresa emergente de cuidado de la piel se asoci\u00f3 con nosotros para dise\u00f1ar dispensadores de bomba para su nuevo s\u00e9rum de \u00e1cido hialur\u00f3nico. Eligieron frascos de vidrio \u00e1mbar de 100 ml con pulverizadores de niebla fina para una f\u00e1cil aplicaci\u00f3n. Al comprar frascos de pulverizaci\u00f3n cosm\u00e9tica al por mayor, redujeron los costos en un 25 % y lanzaron una campa\u00f1a de env\u00edo inmediato que impuls\u00f3 la visibilidad de su p\u00e1gina de inicio en Amazon. \u00a1Las ventas se dispararon un 40 % en solo dos meses!<\/span><\/p>\n<h2><span class=\"highlights\" data-v-df95d256=\"\">Consejos de personalizaci\u00f3n para ti <\/span><\/h2>\n<ul>\n<li><span class=\"highlights\" data-v-df95d256=\"\"><strong>Consistencia del color:<\/strong> El vidrio \u00e1mbar no solo es elegante, sino que tambi\u00e9n protege contra la degradaci\u00f3n por la luz. Es ideal para f\u00f3rmulas delicadas. <\/span><\/li>\n<li><span class=\"highlights\" data-v-df95d256=\"\"><strong>Label Love:<\/strong> A\u00f1ade logotipos en relieve o c\u00f3digos QR a tu paquete para darle un toque de distinci\u00f3n. <\/span><\/li>\n<li><span class=\"highlights\" data-v-df95d256=\"\"><strong>Refinamiento final:<\/strong> \u00bfAcabado mate o brillante? Adapta el acabado a la est\u00e9tica de tu marca: mate para l\u00edneas minimalistas, brillante para un toque de lujo.<\/span><\/li>\n<\/ul>","protected":false},"excerpt":{"rendered":"<p>Frascos de tintura \u00e1mbar a granel con opciones de gotero, pulverizador o bomba. Ideales para marcas blancas, venta al por mayor y envasado OEM de aceites, sueros y extractos.<\/p>","protected":false},"featured_media":7490,"comment_status":"open","ping_status":"closed","template":"","meta":{"_acf_changed":false,"site-sidebar-layout":"default","site-content-layout":"","ast-site-content-layout":"default","site-content-style":"default","site-sidebar-style":"default","ast-global-header-display":"","ast-banner-title-visibility":"","ast-main-header-display":"","ast-hfb-above-header-display":"","ast-hfb-below-header-display":"","ast-hfb-mobile-header-display":"","site-post-title":"","ast-breadcrumbs-content":"","ast-featured-img":"","footer-sml-layout":"","ast-disable-related-posts":"","theme-transparent-header-meta":"default","adv-header-id-meta":"","stick-header-meta":"","header-above-stick-meta":"","header-main-stick-meta":"","header-below-stick-meta":"","astra-migrate-meta-layouts":"set","ast-page-background-enabled":"default","ast-page-background-meta":{"desktop":{"background-color":"var(--ast-global-color-5)","background-image":"","background-repeat":"repeat","background-position":"center center","background-size":"auto","background-attachment":"scroll","background-type":"","background-media":"","overlay-type":"","overlay-color":"","overlay-opacity":"","overlay-gradient":""},"tablet":{"background-color":"","background-image":"","background-repeat":"repeat","background-position":"center center","background-size":"auto","background-attachment":"scroll","background-type":"","background-media":"","overlay-type":"","overlay-color":"","overlay-opacity":"","overlay-gradient":""},"mobile":{"background-color":"","background-image":"","background-repeat":"repeat","background-position":"center center","background-size":"auto","background-attachment":"scroll","background-type":"","background-media":"","overlay-type":"","overlay-color":"","overlay-opacity":"","overlay-gradient":""}},"ast-content-background-meta":{"desktop":{"background-color":"var(--ast-global-color-4)","background-image":"","background-repeat":"repeat","background-position":"center center","background-size":"auto","background-attachment":"scroll","background-type":"","background-media":"","overlay-type":"","overlay-color":"","overlay-opacity":"","overlay-gradient":""},"tablet":{"background-color":"var(--ast-global-color-4)","background-image":"","background-repeat":"repeat","background-position":"center center","background-size":"auto","background-attachment":"scroll","background-type":"","background-media":"","overlay-type":"","overlay-color":"","overlay-opacity":"","overlay-gradient":""},"mobile":{"background-color":"var(--ast-global-color-4)","background-image":"","background-repeat":"repeat","background-position":"center center","background-size":"auto","background-attachment":"scroll","background-type":"","background-media":"","overlay-type":"","overlay-color":"","overlay-opacity":"","overlay-gradient":""}}},"product_brand":[],"product_cat":[59,62,72,57],"product_tag":[165,166],"class_list":{"0":"post-4779","1":"product","2":"type-product","3":"status-publish","4":"has-post-thumbnail","6":"product_cat-glass-dropper-bottles","7":"product_cat-cosmetic-containers","8":"product_cat-cosmetic-packaging","9":"product_cat-essential-oil-bottles","10":"product_tag-cosmetic-pump-dispenser","11":"product_tag-cosmetic-spray-bottles-wholesale","12":"desktop-align-left","13":"tablet-align-left","14":"mobile-align-left","16":"first","17":"instock","18":"shipping-taxable","19":"product-type-simple"},"acf":[],"jetpack_sharing_enabled":true,"_links":{"self":[{"href":"https:\/\/theperfumebottles.com\/es\/wp-json\/wp\/v2\/product\/4779","targetHints":{"allow":["GET"]}}],"collection":[{"href":"https:\/\/theperfumebottles.com\/es\/wp-json\/wp\/v2\/product"}],"about":[{"href":"https:\/\/theperfumebottles.com\/es\/wp-json\/wp\/v2\/types\/product"}],"replies":[{"embeddable":true,"href":"https:\/\/theperfumebottles.com\/es\/wp-json\/wp\/v2\/comments?post=4779"}],"wp:featuredmedia":[{"embeddable":true,"href":"https:\/\/theperfumebottles.com\/es\/wp-json\/wp\/v2\/media\/7490"}],"wp:attachment":[{"href":"https:\/\/theperfumebottles.com\/es\/wp-json\/wp\/v2\/media?parent=4779"}],"wp:term":[{"taxonomy":"product_brand","embeddable":true,"href":"https:\/\/theperfumebottles.com\/es\/wp-json\/wp\/v2\/product_brand?post=4779"},{"taxonomy":"product_cat","embeddable":true,"href":"https:\/\/theperfumebottles.com\/es\/wp-json\/wp\/v2\/product_cat?post=4779"},{"taxonomy":"product_tag","embeddable":true,"href":"https:\/\/theperfumebottles.com\/es\/wp-json\/wp\/v2\/product_tag?post=4779"}],"curies":[{"name":"wp","href":"https:\/\/api.w.org\/{rel}","templated":true}]}}