{"id":4861,"date":"2025-07-24T17:38:18","date_gmt":"2025-07-24T09:38:18","guid":{"rendered":"https:\/\/theperfumebottles.com\/?post_type=product&#038;p=4861"},"modified":"2026-04-01T14:02:53","modified_gmt":"2026-04-01T06:02:53","slug":"cream-storage-jars-empty-skincare-containers-wholesale","status":"publish","type":"product","link":"https:\/\/theperfumebottles.com\/es\/product\/cream-storage-jars-empty-skincare-containers-wholesale\/","title":{"rendered":"Frascos de crema de 1 oz: envases vac\u00edos para el cuidado de la piel al por mayor"},"content":{"rendered":"<p>Los tarros para crema tienen un dise\u00f1o cil\u00edndrico compacto y est\u00e1n disponibles en dos opciones de vidrio: vidrio esmerilado suave y vidrio transparente cristalino. El tarro esmerilado viene con una tapa de rosca met\u00e1lica plateada, mientras que el tarro transparente tiene una tapa met\u00e1lica dorada.<\/p>\n<h2><span class=\"highlights\" data-v-df95d256=\"\">Especificaciones clave <\/span><\/h2>\n<table style=\"border-collapse: collapse; width: 600px; height: 81px; margin-left: 320px;\" border=\"0\" width=\"144\" cellspacing=\"0\" cellpadding=\"0\">\n<tbody>\n<tr style=\"height: 13.50pt;\">\n<td style=\"height: 13.50pt; width: 54.00pt;\" width=\"72\" height=\"18\">Caracter\u00edstica<\/td>\n<td style=\"width: 54.00pt;\" width=\"72\">Detalle<\/td>\n<\/tr>\n<tr style=\"height: 13.50pt;\">\n<td style=\"height: 13.50pt;\" height=\"18\">Capacidad<\/td>\n<td>30 ml (1 oz)<\/td>\n<\/tr>\n<tr style=\"height: 13.50pt;\">\n<td style=\"height: 13.50pt;\" height=\"18\">Forma<\/td>\n<td>Lados rectos<\/td>\n<\/tr>\n<tr style=\"height: 13.50pt;\">\n<td style=\"height: 13.50pt;\" height=\"18\">Mecanismo de sellado<\/td>\n<td>Tapa met\u00e1lica roscada (personalizable)<\/td>\n<\/tr>\n<tr style=\"height: 13.50pt;\">\n<td style=\"height: 13.50pt;\" height=\"18\">Material<\/td>\n<td>vaso de cristal<\/td>\n<\/tr>\n<tr style=\"height: 13.50pt;\">\n<td style=\"height: 13.50pt;\" height=\"18\">Color<\/td>\n<td>Escarchado<\/td>\n<\/tr>\n<tr style=\"height: 13.50pt;\">\n<td style=\"height: 13.50pt;\" height=\"18\">Casos de uso<\/td>\n<td>Crema facial, crema corporal, crema para ojos, crema labial<\/td>\n<\/tr>\n<\/tbody>\n<\/table>\n<h2>Caso de \u00e9xito: Pedido personalizado de una marca de cuidado de la piel de alta gama de los Emiratos \u00c1rabes Unidos.<\/h2>\n<p>Una marca de cuidado de la piel con sede en Dub\u00e1i seleccion\u00f3 nuestros envases vac\u00edos de 50 ml y tapones de plata personalizados con ba\u00f1o de oro de 24 quilates y ba\u00f1o de oro rosa. El resultado fue espectacular, ya que la tem\u00e1tica de metales preciosos encajaba a la perfecci\u00f3n con el posicionamiento de alta gama de la marca, lo que contribuy\u00f3 a aumentar las ventas de sus cajas de regalo navide\u00f1as en un 60 %. Los tapones met\u00e1licos herm\u00e9ticos prolongaron la vida \u00fatil de sus cremas de origen vegetal en un 30 %. El enorme \u00e9xito de la marca deriv\u00f3 en un pedido adicional de 300 000 frascos para la producci\u00f3n de una nueva l\u00ednea de aceites y s\u00e9rums faciales.<\/p>\n<h2><span class=\"highlights\" data-v-df95d256=\"\"> Consejo para la personalizaci\u00f3n<\/span><\/h2>\n<ul>\n<li><span class=\"highlights\" data-v-df95d256=\"\"><strong>Opciones de color:<\/strong> Para las colecciones de temporada, sustituya el vidrio esmerilado por vidrio transparente o \u00e1mbar. <\/span><\/li>\n<li><span class=\"highlights\" data-v-df95d256=\"\"><strong>Mejoras de la tapa:<\/strong> A\u00f1ade un cierre magn\u00e9tico para disfrutar de una experiencia de primera clase con tu botella. <\/span><\/li>\n<li><span class=\"highlights\" data-v-df95d256=\"\"><strong>Un toque ecol\u00f3gico:<\/strong> Para alinear los envases vac\u00edos de productos para el cuidado de la piel con etiquetas biodegradables o tintas de origen vegetal, se recomienda utilizar etiquetas biodegradables o tintas de origen vegetal.<\/span><\/li>\n<\/ul>","protected":false},"excerpt":{"rendered":"<p>Tarros de almacenamiento de cremas de alta calidad en vidrio esmerilado y transparente. Envases vac\u00edos para productos de cuidado de la piel con tapas doradas y plateadas, ideales para el empaquetado de cosm\u00e9ticos de alta gama. Muestras gratuitas.<\/p>","protected":false},"featured_media":4862,"comment_status":"open","ping_status":"closed","template":"","meta":{"_acf_changed":false,"site-sidebar-layout":"default","site-content-layout":"","ast-site-content-layout":"default","site-content-style":"default","site-sidebar-style":"default","ast-global-header-display":"","ast-banner-title-visibility":"","ast-main-header-display":"","ast-hfb-above-header-display":"","ast-hfb-below-header-display":"","ast-hfb-mobile-header-display":"","site-post-title":"","ast-breadcrumbs-content":"","ast-featured-img":"","footer-sml-layout":"","ast-disable-related-posts":"","theme-transparent-header-meta":"default","adv-header-id-meta":"","stick-header-meta":"","header-above-stick-meta":"","header-main-stick-meta":"","header-below-stick-meta":"","astra-migrate-meta-layouts":"set","ast-page-background-enabled":"default","ast-page-background-meta":{"desktop":{"background-color":"var(--ast-global-color-5)","background-image":"","background-repeat":"repeat","background-position":"center center","background-size":"auto","background-attachment":"scroll","background-type":"","background-media":"","overlay-type":"","overlay-color":"","overlay-opacity":"","overlay-gradient":""},"tablet":{"background-color":"","background-image":"","background-repeat":"repeat","background-position":"center center","background-size":"auto","background-attachment":"scroll","background-type":"","background-media":"","overlay-type":"","overlay-color":"","overlay-opacity":"","overlay-gradient":""},"mobile":{"background-color":"","background-image":"","background-repeat":"repeat","background-position":"center center","background-size":"auto","background-attachment":"scroll","background-type":"","background-media":"","overlay-type":"","overlay-color":"","overlay-opacity":"","overlay-gradient":""}},"ast-content-background-meta":{"desktop":{"background-color":"var(--ast-global-color-4)","background-image":"","background-repeat":"repeat","background-position":"center center","background-size":"auto","background-attachment":"scroll","background-type":"","background-media":"","overlay-type":"","overlay-color":"","overlay-opacity":"","overlay-gradient":""},"tablet":{"background-color":"var(--ast-global-color-4)","background-image":"","background-repeat":"repeat","background-position":"center center","background-size":"auto","background-attachment":"scroll","background-type":"","background-media":"","overlay-type":"","overlay-color":"","overlay-opacity":"","overlay-gradient":""},"mobile":{"background-color":"var(--ast-global-color-4)","background-image":"","background-repeat":"repeat","background-position":"center center","background-size":"auto","background-attachment":"scroll","background-type":"","background-media":"","overlay-type":"","overlay-color":"","overlay-opacity":"","overlay-gradient":""}}},"product_brand":[],"product_cat":[56,62,72],"product_tag":[181,182],"class_list":{"0":"post-4861","1":"product","2":"type-product","3":"status-publish","4":"has-post-thumbnail","6":"product_cat-cosmetic-jars","7":"product_cat-cosmetic-containers","8":"product_cat-cosmetic-packaging","9":"product_tag-cream-storage-jars","10":"product_tag-empty-skincare-containers","11":"desktop-align-left","12":"tablet-align-left","13":"mobile-align-left","15":"first","16":"instock","17":"shipping-taxable","18":"product-type-simple"},"acf":[],"jetpack_sharing_enabled":true,"_links":{"self":[{"href":"https:\/\/theperfumebottles.com\/es\/wp-json\/wp\/v2\/product\/4861","targetHints":{"allow":["GET"]}}],"collection":[{"href":"https:\/\/theperfumebottles.com\/es\/wp-json\/wp\/v2\/product"}],"about":[{"href":"https:\/\/theperfumebottles.com\/es\/wp-json\/wp\/v2\/types\/product"}],"replies":[{"embeddable":true,"href":"https:\/\/theperfumebottles.com\/es\/wp-json\/wp\/v2\/comments?post=4861"}],"wp:featuredmedia":[{"embeddable":true,"href":"https:\/\/theperfumebottles.com\/es\/wp-json\/wp\/v2\/media\/4862"}],"wp:attachment":[{"href":"https:\/\/theperfumebottles.com\/es\/wp-json\/wp\/v2\/media?parent=4861"}],"wp:term":[{"taxonomy":"product_brand","embeddable":true,"href":"https:\/\/theperfumebottles.com\/es\/wp-json\/wp\/v2\/product_brand?post=4861"},{"taxonomy":"product_cat","embeddable":true,"href":"https:\/\/theperfumebottles.com\/es\/wp-json\/wp\/v2\/product_cat?post=4861"},{"taxonomy":"product_tag","embeddable":true,"href":"https:\/\/theperfumebottles.com\/es\/wp-json\/wp\/v2\/product_tag?post=4861"}],"curies":[{"name":"wp","href":"https:\/\/api.w.org\/{rel}","templated":true}]}}