{"id":4922,"date":"2025-07-25T17:56:06","date_gmt":"2025-07-25T09:56:06","guid":{"rendered":"https:\/\/theperfumebottles.com\/?post_type=product&#038;p=4922"},"modified":"2025-08-01T11:45:48","modified_gmt":"2025-08-01T03:45:48","slug":"empty-cosmetic-pots-custom-jar-packaging-for-skincare","status":"publish","type":"product","link":"https:\/\/theperfumebottles.com\/es\/product\/empty-cosmetic-pots-custom-jar-packaging-for-skincare\/","title":{"rendered":"Envases vac\u00edos para cosm\u00e9ticos de 2 oz, 250 ml y 8 oz: envases personalizados para el cuidado de la piel\u00a0"},"content":{"rendered":"<p>\u00bfNecesitas envases personalizados que combinen durabilidad y elegancia? Estos envases vac\u00edos para cosm\u00e9ticos est\u00e1n dise\u00f1ados para fabricantes de productos para el cuidado de la piel y proveedores de envases cosm\u00e9ticos que buscan crear un impacto duradero.<\/p>\n<h2>Especificaciones clave<\/h2>\n<table style=\"border-collapse: collapse;width: 80%;height: 17px;margin-left: auto;margin-right: auto\" border=\"0\" width=\"144\" cellspacing=\"0\" cellpadding=\"0\">\n<tbody>\n<tr style=\"height: 13.50pt\">\n<td style=\"height: 13.50pt;width: 54.00pt\" width=\"72\" height=\"18\">Atributo<\/td>\n<td style=\"width: 54.00pt\" width=\"72\">Detalles<\/td>\n<\/tr>\n<tr style=\"height: 13.50pt\">\n<td style=\"height: 13.50pt\" height=\"18\">Capacidad<\/td>\n<td>2 oz, 250 ml, 8 oz<\/td>\n<\/tr>\n<tr style=\"height: 13.50pt\">\n<td style=\"height: 13.50pt\" height=\"18\">Mecanismo de sellado<\/td>\n<td>Cuello roscado + tapa de pl\u00e1stico (personalizable)<\/td>\n<\/tr>\n<tr style=\"height: 13.50pt\">\n<td style=\"height: 13.50pt\" height=\"18\">Forma<\/td>\n<td>Redondo<\/td>\n<\/tr>\n<tr style=\"height: 13.50pt\">\n<td style=\"height: 13.50pt\" height=\"18\">Material<\/td>\n<td>vaso de cristal<\/td>\n<\/tr>\n<tr style=\"height: 13.50pt\">\n<td style=\"height: 13.50pt\" height=\"18\">Color<\/td>\n<td>\u00c1mbar<\/td>\n<\/tr>\n<tr style=\"height: 13.50pt\">\n<td style=\"height: 13.50pt\" height=\"18\">Caso de uso<\/td>\n<td>Cremas para el cuidado de la piel<\/td>\n<\/tr>\n<\/tbody>\n<\/table>\n<h2>Historia de \u00e9xito: Renovaci\u00f3n del packaging de una marca de cuidado de la piel<\/h2>\n<p>Una marca de cuidado de la piel quer\u00eda lanzar una l\u00ednea de s\u00e9rums con vitamina C. Eligieron estos envases vac\u00edos de cosm\u00e9ticos de vidrio \u00e1mbar con etiquetas doradas personalizadas. \u00bfEl resultado? Un aumento del 45 % en las ventas, con clientes que elogiaban el &#034;acabado que da la sensaci\u00f3n de una experiencia de spa de lujo en un frasco&#034;.<\/p>\n<h2>Consejos para la personalizaci\u00f3n<\/h2>\n<p>Para una apariencia de primera clase, integre vidrio \u00e1mbar con etiquetas blancas o met\u00e1licas, y considere etiquetas esmeriladas o transparentes para resaltar la informaci\u00f3n del producto. Realzar el frasco con texturas en relieve o relieve le da un atractivo visual y un mejor agarre.<\/p>","protected":false},"excerpt":{"rendered":"<p>Envases vac\u00edos y duraderos para cosm\u00e9ticos de vidrio \u00e1mbar. Envases para el cuidado de la piel, personalizables, listos para enviar e ideales para pedidos al por mayor.<\/p>","protected":false},"featured_media":4947,"comment_status":"open","ping_status":"closed","template":"","meta":{"_acf_changed":false,"site-sidebar-layout":"default","site-content-layout":"","ast-site-content-layout":"default","site-content-style":"default","site-sidebar-style":"default","ast-global-header-display":"","ast-banner-title-visibility":"","ast-main-header-display":"","ast-hfb-above-header-display":"","ast-hfb-below-header-display":"","ast-hfb-mobile-header-display":"","site-post-title":"","ast-breadcrumbs-content":"","ast-featured-img":"","footer-sml-layout":"","ast-disable-related-posts":"","theme-transparent-header-meta":"default","adv-header-id-meta":"","stick-header-meta":"","header-above-stick-meta":"","header-main-stick-meta":"","header-below-stick-meta":"","astra-migrate-meta-layouts":"set","ast-page-background-enabled":"default","ast-page-background-meta":{"desktop":{"background-color":"var(--ast-global-color-5)","background-image":"","background-repeat":"repeat","background-position":"center center","background-size":"auto","background-attachment":"scroll","background-type":"","background-media":"","overlay-type":"","overlay-color":"","overlay-opacity":"","overlay-gradient":""},"tablet":{"background-color":"","background-image":"","background-repeat":"repeat","background-position":"center center","background-size":"auto","background-attachment":"scroll","background-type":"","background-media":"","overlay-type":"","overlay-color":"","overlay-opacity":"","overlay-gradient":""},"mobile":{"background-color":"","background-image":"","background-repeat":"repeat","background-position":"center center","background-size":"auto","background-attachment":"scroll","background-type":"","background-media":"","overlay-type":"","overlay-color":"","overlay-opacity":"","overlay-gradient":""}},"ast-content-background-meta":{"desktop":{"background-color":"var(--ast-global-color-4)","background-image":"","background-repeat":"repeat","background-position":"center center","background-size":"auto","background-attachment":"scroll","background-type":"","background-media":"","overlay-type":"","overlay-color":"","overlay-opacity":"","overlay-gradient":""},"tablet":{"background-color":"var(--ast-global-color-4)","background-image":"","background-repeat":"repeat","background-position":"center center","background-size":"auto","background-attachment":"scroll","background-type":"","background-media":"","overlay-type":"","overlay-color":"","overlay-opacity":"","overlay-gradient":""},"mobile":{"background-color":"var(--ast-global-color-4)","background-image":"","background-repeat":"repeat","background-position":"center center","background-size":"auto","background-attachment":"scroll","background-type":"","background-media":"","overlay-type":"","overlay-color":"","overlay-opacity":"","overlay-gradient":""}}},"product_brand":[],"product_cat":[72,62,56],"product_tag":[194,193],"class_list":{"0":"post-4922","1":"product","2":"type-product","3":"status-publish","4":"has-post-thumbnail","6":"product_cat-cosmetic-packaging","7":"product_cat-cosmetic-containers","8":"product_cat-cosmetic-jars","9":"product_tag-cosmetic-jar-packaging","10":"product_tag-empty-cosmetic-pots","11":"desktop-align-left","12":"tablet-align-left","13":"mobile-align-left","15":"first","16":"instock","17":"shipping-taxable","18":"product-type-simple"},"acf":[],"jetpack_sharing_enabled":true,"_links":{"self":[{"href":"https:\/\/theperfumebottles.com\/es\/wp-json\/wp\/v2\/product\/4922","targetHints":{"allow":["GET"]}}],"collection":[{"href":"https:\/\/theperfumebottles.com\/es\/wp-json\/wp\/v2\/product"}],"about":[{"href":"https:\/\/theperfumebottles.com\/es\/wp-json\/wp\/v2\/types\/product"}],"replies":[{"embeddable":true,"href":"https:\/\/theperfumebottles.com\/es\/wp-json\/wp\/v2\/comments?post=4922"}],"wp:featuredmedia":[{"embeddable":true,"href":"https:\/\/theperfumebottles.com\/es\/wp-json\/wp\/v2\/media\/4947"}],"wp:attachment":[{"href":"https:\/\/theperfumebottles.com\/es\/wp-json\/wp\/v2\/media?parent=4922"}],"wp:term":[{"taxonomy":"product_brand","embeddable":true,"href":"https:\/\/theperfumebottles.com\/es\/wp-json\/wp\/v2\/product_brand?post=4922"},{"taxonomy":"product_cat","embeddable":true,"href":"https:\/\/theperfumebottles.com\/es\/wp-json\/wp\/v2\/product_cat?post=4922"},{"taxonomy":"product_tag","embeddable":true,"href":"https:\/\/theperfumebottles.com\/es\/wp-json\/wp\/v2\/product_tag?post=4922"}],"curies":[{"name":"wp","href":"https:\/\/api.w.org\/{rel}","templated":true}]}}