{"id":4990,"date":"2025-07-29T17:27:28","date_gmt":"2025-07-29T09:27:28","guid":{"rendered":"https:\/\/theperfumebottles.com\/?post_type=product&#038;p=4990"},"modified":"2026-03-30T14:38:28","modified_gmt":"2026-03-30T06:38:28","slug":"custom-1-oz-cosmetic-jars-with-lids-wholesale","status":"publish","type":"product","link":"https:\/\/theperfumebottles.com\/es\/product\/custom-1-oz-cosmetic-jars-with-lids-wholesale\/","title":{"rendered":"Tarros cosm\u00e9ticos personalizados con tapa de 5 g a 80 g al por mayor"},"content":{"rendered":"<p>Se trata de tarros redondos de 28 gramos (1 onza) para cosm\u00e9ticos, fabricados en dos tipos: vidrio esmerilado suave y vidrio transparente, y envasados \u200b\u200ben botellas cil\u00edndricas de vidrio. Los tarros tienen una rosca est\u00e1ndar y pueden tener tapones met\u00e1licos de rosca en color negro, plateado o dorado.<\/p>\n<h2><strong data-spm-anchor-id=\"5176.28103460.0.i23.29ab1db81jJxsg\">Especificaciones clave<\/strong><\/h2>\n<table style=\"border-collapse: collapse; width: 80%; margin-left: auto; margin-right: auto;\" border=\"0\" width=\"360\" cellspacing=\"0\" cellpadding=\"0\">\n<tbody>\n<tr style=\"height: 13.50pt;\">\n<td style=\"height: 13.50pt; width: 54.00pt;\" width=\"72\" height=\"18\">Capacidad<\/td>\n<td style=\"width: 54.00pt;\" width=\"72\">M\u00e9todo de sellado<\/td>\n<td style=\"width: 54.00pt;\" width=\"72\">Material<\/td>\n<td style=\"width: 54.00pt;\" width=\"72\">Opciones de color<\/td>\n<td style=\"width: 54.00pt;\" width=\"72\">Uso<\/td>\n<\/tr>\n<tr style=\"height: 13.50pt;\">\n<td style=\"height: 13.50pt;\" height=\"18\">5 gramos<\/td>\n<td class=\"et2\" rowspan=\"7\">Cuello roscado + tapa de pl\u00e1stico\/metal<\/td>\n<td class=\"et2\" rowspan=\"7\">vaso de cristal<\/td>\n<td class=\"et2\" rowspan=\"7\">Tapa \u00e1mbar, mate y dorada, o seg\u00fan sus necesidades.<\/td>\n<td class=\"et2\" rowspan=\"7\">Crema facial, crema corporal, crema para ojos, crema para labios\u2026<\/td>\n<\/tr>\n<tr style=\"height: 13.50pt;\">\n<td style=\"height: 13.50pt;\" height=\"18\">10 gramos<\/td>\n<\/tr>\n<tr style=\"height: 13.50pt;\">\n<td style=\"height: 13.50pt;\" height=\"18\">15 g (0,5 oz)<\/td>\n<\/tr>\n<tr style=\"height: 13.50pt;\">\n<td style=\"height: 13.50pt;\" height=\"18\">20 gramos<\/td>\n<\/tr>\n<tr style=\"height: 13.50pt;\">\n<td style=\"height: 13.50pt;\" height=\"18\">30 g (1 onza)<\/td>\n<\/tr>\n<tr style=\"height: 13.50pt;\">\n<td style=\"height: 13.50pt;\" height=\"18\">50 gramos<\/td>\n<\/tr>\n<tr style=\"height: 13.50pt;\">\n<td style=\"height: 13.50pt;\" height=\"18\">80 gramos<\/td>\n<\/tr>\n<\/tbody>\n<\/table>\n<h2>Caso de \u00e9xito: Pedido personalizado con una marca estadounidense de cuidado de la piel org\u00e1nico.<\/h2>\n<p>Nuestro sistema de empaque personalizado para cosm\u00e9ticos fue elegido por una marca de cuidado de la piel org\u00e1nica con sede en California, especializada en envases de vidrio transparente con tapas doradas. Esta soluci\u00f3n de empaque personalizada tuvo un impacto significativo: la conversi\u00f3n en l\u00ednea mejor\u00f3 un 20 %, y las tapas met\u00e1licas de alta calidad crearon un sellado perfecto que no solo prolong\u00f3 la vida \u00fatil de sus aceites esenciales naturales en 30 d\u00edas, sino que tambi\u00e9n permiti\u00f3 apreciar la textura del s\u00e9rum almacenado en los frascos transparentes a la perfecci\u00f3n. Gracias a este \u00e9xito, realizaron un pedido de 420.000 frascos adicionales para lanzar una nueva l\u00ednea de cuidado de la piel y firmaron un acuerdo de suscripci\u00f3n.<\/p>\n<h2>Soluciones de embalaje cosm\u00e9tico a medida<\/h2>\n<ul>\n<li>Material y acabado de la tapa: Adem\u00e1s de poder elegir metal est\u00e1ndar, existen numerosas opciones de colores personalizados, como bamb\u00fa, corcho o pl\u00e1stico mate.<\/li>\n<li>Tama\u00f1os personalizados: Crea tama\u00f1os especializados no est\u00e1ndar (por ejemplo, tama\u00f1o de viaje de 1,7 oz).<\/li>\n<li>Sello interior: Para mayor frescura, coloque papel de aluminio o un sello de seguridad debajo de la tapa.<\/li>\n<\/ul>","protected":false},"excerpt":{"rendered":"<p>Frascos de 28 ml para cosm\u00e9ticos, cuidado de la piel y belleza. Envases personalizados con vidrio con protecci\u00f3n UV, precios al por mayor y listos para env\u00edo.<\/p>","protected":false},"featured_media":4994,"comment_status":"open","ping_status":"closed","template":"","meta":{"_acf_changed":false,"site-sidebar-layout":"default","site-content-layout":"","ast-site-content-layout":"default","site-content-style":"default","site-sidebar-style":"default","ast-global-header-display":"","ast-banner-title-visibility":"","ast-main-header-display":"","ast-hfb-above-header-display":"","ast-hfb-below-header-display":"","ast-hfb-mobile-header-display":"","site-post-title":"","ast-breadcrumbs-content":"","ast-featured-img":"","footer-sml-layout":"","ast-disable-related-posts":"","theme-transparent-header-meta":"default","adv-header-id-meta":"","stick-header-meta":"","header-above-stick-meta":"","header-main-stick-meta":"","header-below-stick-meta":"","astra-migrate-meta-layouts":"set","ast-page-background-enabled":"default","ast-page-background-meta":{"desktop":{"background-color":"var(--ast-global-color-5)","background-image":"","background-repeat":"repeat","background-position":"center center","background-size":"auto","background-attachment":"scroll","background-type":"","background-media":"","overlay-type":"","overlay-color":"","overlay-opacity":"","overlay-gradient":""},"tablet":{"background-color":"","background-image":"","background-repeat":"repeat","background-position":"center center","background-size":"auto","background-attachment":"scroll","background-type":"","background-media":"","overlay-type":"","overlay-color":"","overlay-opacity":"","overlay-gradient":""},"mobile":{"background-color":"","background-image":"","background-repeat":"repeat","background-position":"center center","background-size":"auto","background-attachment":"scroll","background-type":"","background-media":"","overlay-type":"","overlay-color":"","overlay-opacity":"","overlay-gradient":""}},"ast-content-background-meta":{"desktop":{"background-color":"var(--ast-global-color-4)","background-image":"","background-repeat":"repeat","background-position":"center center","background-size":"auto","background-attachment":"scroll","background-type":"","background-media":"","overlay-type":"","overlay-color":"","overlay-opacity":"","overlay-gradient":""},"tablet":{"background-color":"var(--ast-global-color-4)","background-image":"","background-repeat":"repeat","background-position":"center center","background-size":"auto","background-attachment":"scroll","background-type":"","background-media":"","overlay-type":"","overlay-color":"","overlay-opacity":"","overlay-gradient":""},"mobile":{"background-color":"var(--ast-global-color-4)","background-image":"","background-repeat":"repeat","background-position":"center center","background-size":"auto","background-attachment":"scroll","background-type":"","background-media":"","overlay-type":"","overlay-color":"","overlay-opacity":"","overlay-gradient":""}}},"product_brand":[],"product_cat":[56,62,72],"product_tag":[203,202],"class_list":{"0":"post-4990","1":"product","2":"type-product","3":"status-publish","4":"has-post-thumbnail","6":"product_cat-cosmetic-jars","7":"product_cat-cosmetic-containers","8":"product_cat-cosmetic-packaging","9":"product_tag-1-oz-cosmetic-jars","10":"product_tag-custom-cosmetic-packaging","11":"desktop-align-left","12":"tablet-align-left","13":"mobile-align-left","15":"first","16":"instock","17":"shipping-taxable","18":"product-type-simple"},"acf":[],"jetpack_sharing_enabled":true,"_links":{"self":[{"href":"https:\/\/theperfumebottles.com\/es\/wp-json\/wp\/v2\/product\/4990","targetHints":{"allow":["GET"]}}],"collection":[{"href":"https:\/\/theperfumebottles.com\/es\/wp-json\/wp\/v2\/product"}],"about":[{"href":"https:\/\/theperfumebottles.com\/es\/wp-json\/wp\/v2\/types\/product"}],"replies":[{"embeddable":true,"href":"https:\/\/theperfumebottles.com\/es\/wp-json\/wp\/v2\/comments?post=4990"}],"wp:featuredmedia":[{"embeddable":true,"href":"https:\/\/theperfumebottles.com\/es\/wp-json\/wp\/v2\/media\/4994"}],"wp:attachment":[{"href":"https:\/\/theperfumebottles.com\/es\/wp-json\/wp\/v2\/media?parent=4990"}],"wp:term":[{"taxonomy":"product_brand","embeddable":true,"href":"https:\/\/theperfumebottles.com\/es\/wp-json\/wp\/v2\/product_brand?post=4990"},{"taxonomy":"product_cat","embeddable":true,"href":"https:\/\/theperfumebottles.com\/es\/wp-json\/wp\/v2\/product_cat?post=4990"},{"taxonomy":"product_tag","embeddable":true,"href":"https:\/\/theperfumebottles.com\/es\/wp-json\/wp\/v2\/product_tag?post=4990"}],"curies":[{"name":"wp","href":"https:\/\/api.w.org\/{rel}","templated":true}]}}