{"id":5173,"date":"2025-08-05T16:32:00","date_gmt":"2025-08-05T08:32:00","guid":{"rendered":"https:\/\/theperfumebottles.com\/?post_type=product&#038;p=5173"},"modified":"2025-08-05T09:28:45","modified_gmt":"2025-08-05T01:28:45","slug":"bulk-glass-pump-bottle-cosmetic-glass-bottle-solutions","status":"publish","type":"product","link":"https:\/\/theperfumebottles.com\/es\/product\/bulk-glass-pump-bottle-cosmetic-glass-bottle-solutions\/","title":{"rendered":"Botellas de vidrio con bomba a granel \u2013 Soluciones de botellas de vidrio para cosm\u00e9ticos"},"content":{"rendered":"<p>\u00a1Descubre esta excelente botella de vidrio con dosificador! Simple, sofisticada y discreta, pero a la vez sofisticada. No es una botella de belleza cualquiera; mejorar\u00e1 tu rutina diaria de cuidado de la piel. Es limpia y no pegajosa, sin la sensaci\u00f3n de vaho y de mala calidad de las botellas de pl\u00e1stico. Su vidrio esmerilado se ajusta con cada presi\u00f3n. \u00bfCreas un logotipo? \u00a1Te entendemos! Las necesidades de los envases de belleza de vidrio son espec\u00edficas. Ofrecemos soluciones flexibles, que se adaptan tanto a la personalizaci\u00f3n de lotes peque\u00f1os como a la producci\u00f3n a gran escala, garantizando que tus productos destaquen por encima del propio envase.<\/p>\n<h2>Especificaciones clave<\/h2>\n<table style=\"border-collapse: collapse;margin-left: auto;margin-right: auto;width: 80%\" border=\"0\" width=\"555\" cellspacing=\"0\" cellpadding=\"0\">\n<tbody>\n<tr style=\"height: 13.50pt\">\n<td style=\"height: 13.50pt;width: 136.50pt\" width=\"182\" height=\"18\">Caracter\u00edstica<\/td>\n<td style=\"width: 279.75pt\" width=\"373\">Detalles<\/td>\n<\/tr>\n<tr style=\"height: 13.50pt\">\n<td style=\"height: 13.50pt\" height=\"18\">Tallas disponibles<\/td>\n<td>20 ml, 30 ml, 50 ml, 100 ml, 120 ml, 200 ml<\/td>\n<\/tr>\n<tr style=\"height: 13.50pt\">\n<td style=\"height: 13.50pt\" height=\"18\">Material<\/td>\n<td>Vidrio esmerilado de primera calidad<\/td>\n<\/tr>\n<tr style=\"height: 13.50pt\">\n<td style=\"height: 13.50pt\" height=\"18\">Tapa<\/td>\n<td>Tapa de rosca dorada + cabezal de bomba de pl\u00e1stico<\/td>\n<\/tr>\n<tr style=\"height: 13.50pt\">\n<td style=\"height: 13.50pt\" height=\"18\">Finalizar<\/td>\n<td>Agarre suave, mate y antideslizante.<\/td>\n<\/tr>\n<tr style=\"height: 13.50pt\">\n<td style=\"height: 13.50pt\" height=\"18\">Personalizaci\u00f3n<\/td>\n<td>Opciones de acabado de tapa, etiqueta y color completo<\/td>\n<\/tr>\n<tr style=\"height: 13.50pt\">\n<td style=\"height: 13.50pt\" height=\"18\">Ideal para<\/td>\n<td style=\"text-align: left\">Sueros, lociones, limpiadores, aceites faciales, regalos.<\/td>\n<\/tr>\n<\/tbody>\n<\/table>\n<h2>Historia de \u00e9xito<\/h2>\n<p>Una marca de aceite facial natural sol\u00eda usar una botella de pl\u00e1stico transparente con un dosificador est\u00e1ndar. El producto en s\u00ed era bastante bueno, pero los clientes se quejaban constantemente de que el envase parec\u00eda barato y estaba &#034;en blanco, olvidado&#034;.<\/p>\n<p>M\u00e1s tarde, cambiaron a nuestra botella de vidrio para cosm\u00e9ticos de 50 ml: una botella blanca esmerilada con tap\u00f3n dorado y una etiqueta negra suave. El cambio fue inmediato. Los clientes comentaron: &#034;Se siente mucho mejor&#034; y &#034;No soporto tirarla despu\u00e9s de usarla&#034;. Uno incluso coment\u00f3: &#034;No solo la uso, sino que incluso la tengo en mi tocador como decoraci\u00f3n&#034;. Este cambio result\u00f3 en un aumento del 45% en la tasa de recompra. El envase de vidrio de sus lociones se ha convertido en un motivo para que la gente elija sus productos en lugar de marcas consolidadas.<\/p>\n<h2>Un buen producto se perfecciona con un buen embalaje.<\/h2>\n<p>El cuidado de la piel no se trata solo del contenido del envase; la sensaci\u00f3n al usarlo es igual de importante. Nuestros frascos de vidrio con dosificador y frascos para cosm\u00e9ticos son m\u00e1s que simples envases; convierten el cuidado diario de la piel en un ritual, una forma de decir: &#034;Mereces que te traten bien&#034;. Desde frascos de vidrio para lociones hasta soluciones completas de envasado con dosificador, te ayudamos a crear un producto verdaderamente memorable.<\/p>","protected":false},"excerpt":{"rendered":"<p>Botella de vidrio con dosificador de alta calidad y botella de vidrio para cosm\u00e9ticos, ideal para envasar productos de cuidado de la piel y belleza. Ideal para pedidos al por mayor y al por mayor.<\/p>","protected":false},"featured_media":5174,"comment_status":"open","ping_status":"closed","template":"","meta":{"_acf_changed":false,"site-sidebar-layout":"default","site-content-layout":"","ast-site-content-layout":"default","site-content-style":"default","site-sidebar-style":"default","ast-global-header-display":"","ast-banner-title-visibility":"","ast-main-header-display":"","ast-hfb-above-header-display":"","ast-hfb-below-header-display":"","ast-hfb-mobile-header-display":"","site-post-title":"","ast-breadcrumbs-content":"","ast-featured-img":"","footer-sml-layout":"","ast-disable-related-posts":"","theme-transparent-header-meta":"default","adv-header-id-meta":"","stick-header-meta":"","header-above-stick-meta":"","header-main-stick-meta":"","header-below-stick-meta":"","astra-migrate-meta-layouts":"set","ast-page-background-enabled":"default","ast-page-background-meta":{"desktop":{"background-color":"var(--ast-global-color-5)","background-image":"","background-repeat":"repeat","background-position":"center center","background-size":"auto","background-attachment":"scroll","background-type":"","background-media":"","overlay-type":"","overlay-color":"","overlay-opacity":"","overlay-gradient":""},"tablet":{"background-color":"","background-image":"","background-repeat":"repeat","background-position":"center center","background-size":"auto","background-attachment":"scroll","background-type":"","background-media":"","overlay-type":"","overlay-color":"","overlay-opacity":"","overlay-gradient":""},"mobile":{"background-color":"","background-image":"","background-repeat":"repeat","background-position":"center center","background-size":"auto","background-attachment":"scroll","background-type":"","background-media":"","overlay-type":"","overlay-color":"","overlay-opacity":"","overlay-gradient":""}},"ast-content-background-meta":{"desktop":{"background-color":"var(--ast-global-color-4)","background-image":"","background-repeat":"repeat","background-position":"center center","background-size":"auto","background-attachment":"scroll","background-type":"","background-media":"","overlay-type":"","overlay-color":"","overlay-opacity":"","overlay-gradient":""},"tablet":{"background-color":"var(--ast-global-color-4)","background-image":"","background-repeat":"repeat","background-position":"center center","background-size":"auto","background-attachment":"scroll","background-type":"","background-media":"","overlay-type":"","overlay-color":"","overlay-opacity":"","overlay-gradient":""},"mobile":{"background-color":"var(--ast-global-color-4)","background-image":"","background-repeat":"repeat","background-position":"center center","background-size":"auto","background-attachment":"scroll","background-type":"","background-media":"","overlay-type":"","overlay-color":"","overlay-opacity":"","overlay-gradient":""}}},"product_brand":[],"product_cat":[62,72,71],"product_tag":[190,204],"class_list":{"0":"post-5173","1":"product","2":"type-product","3":"status-publish","4":"has-post-thumbnail","6":"product_cat-cosmetic-containers","7":"product_cat-cosmetic-packaging","8":"product_cat-glass-lotion-bottles","9":"product_tag-cosmetic-pots-with-lids","10":"product_tag-frosted-cosmetic-jars","11":"desktop-align-left","12":"tablet-align-left","13":"mobile-align-left","15":"first","16":"instock","17":"shipping-taxable","18":"product-type-simple"},"acf":[],"jetpack_sharing_enabled":true,"_links":{"self":[{"href":"https:\/\/theperfumebottles.com\/es\/wp-json\/wp\/v2\/product\/5173","targetHints":{"allow":["GET"]}}],"collection":[{"href":"https:\/\/theperfumebottles.com\/es\/wp-json\/wp\/v2\/product"}],"about":[{"href":"https:\/\/theperfumebottles.com\/es\/wp-json\/wp\/v2\/types\/product"}],"replies":[{"embeddable":true,"href":"https:\/\/theperfumebottles.com\/es\/wp-json\/wp\/v2\/comments?post=5173"}],"wp:featuredmedia":[{"embeddable":true,"href":"https:\/\/theperfumebottles.com\/es\/wp-json\/wp\/v2\/media\/5174"}],"wp:attachment":[{"href":"https:\/\/theperfumebottles.com\/es\/wp-json\/wp\/v2\/media?parent=5173"}],"wp:term":[{"taxonomy":"product_brand","embeddable":true,"href":"https:\/\/theperfumebottles.com\/es\/wp-json\/wp\/v2\/product_brand?post=5173"},{"taxonomy":"product_cat","embeddable":true,"href":"https:\/\/theperfumebottles.com\/es\/wp-json\/wp\/v2\/product_cat?post=5173"},{"taxonomy":"product_tag","embeddable":true,"href":"https:\/\/theperfumebottles.com\/es\/wp-json\/wp\/v2\/product_tag?post=5173"}],"curies":[{"name":"wp","href":"https:\/\/api.w.org\/{rel}","templated":true}]}}