{"id":5185,"date":"2025-08-05T18:48:14","date_gmt":"2025-08-05T10:48:14","guid":{"rendered":"https:\/\/theperfumebottles.com\/?post_type=product&#038;p=5185"},"modified":"2025-08-05T17:03:32","modified_gmt":"2025-08-05T09:03:32","slug":"custom-frosted-glass-bottle-with-pump-wholesale","status":"publish","type":"product","link":"https:\/\/theperfumebottles.com\/es\/product\/custom-frosted-glass-bottle-with-pump-wholesale\/","title":{"rendered":"Botella de vidrio esmerilado personalizada de 100 ml con bomba al por mayor"},"content":{"rendered":"<p>Si buscabas soluciones de envasado en botellas de vidrio vac\u00edas con dosificador, no busques m\u00e1s. Est\u00e1s en el lugar correcto. Tanto si eres un creador independiente como si est\u00e1s lanzando una peque\u00f1a l\u00ednea de cuidado de la piel, estas botellas de vidrio con dosificador sin aire est\u00e1n dise\u00f1adas para ofrecer rendimiento y estilo.<\/p>\n<p>Lo entendemos: sus necesidades de envases de vidrio son \u00fanicas. Por eso, creamos algo a su medida: elegante, funcional y totalmente personalizado.<\/p>\n<h2>Especificaciones clave<\/h2>\n<table style=\"border-collapse: collapse;margin-left: auto;margin-right: auto;width: 80%\" border=\"0\" width=\"489\" cellspacing=\"0\" cellpadding=\"0\">\n<tbody>\n<tr style=\"height: 13.50pt\">\n<td style=\"height: 13.50pt;width: 112.50pt\" width=\"150\" height=\"18\">Caracter\u00edstica<\/td>\n<td style=\"width: 254.25pt\" width=\"339\">Detalles<\/td>\n<\/tr>\n<tr style=\"height: 13.50pt\">\n<td style=\"height: 13.50pt\" height=\"18\">Capacidad<\/td>\n<td>100 ml<\/td>\n<\/tr>\n<tr style=\"height: 13.50pt\">\n<td style=\"height: 13.50pt\" height=\"18\">Material de la botella<\/td>\n<td>Vidrio esmerilado de primera calidad<\/td>\n<\/tr>\n<tr style=\"height: 13.50pt\">\n<td style=\"height: 13.50pt\" height=\"18\">Tipo de bomba<\/td>\n<td>Sin aire<\/td>\n<\/tr>\n<tr style=\"height: 13.50pt\">\n<td style=\"height: 13.50pt\" height=\"18\">Cierre<\/td>\n<td>Portada de prensa<\/td>\n<\/tr>\n<tr style=\"height: 13.50pt\">\n<td style=\"height: 13.50pt\" height=\"18\">Tama\u00f1o del embalaje<\/td>\n<td>100 mm \u00d7 100 mm \u00d7 150 mm (para una sola unidad)<\/td>\n<\/tr>\n<tr style=\"height: 13.50pt\">\n<td style=\"height: 13.50pt\" height=\"18\">Colores disponibles<\/td>\n<td>Personalizable (negro, blanco, rosa, etc.)<\/td>\n<\/tr>\n<tr style=\"height: 13.50pt\">\n<td style=\"height: 13.50pt\" height=\"18\">Ideal para<\/td>\n<td>Esencias, humectantes, t\u00f3nicos, etc.<\/td>\n<\/tr>\n<\/tbody>\n<\/table>\n<h2>Historia de \u00e9xito<\/h2>\n<p>En una acogedora cocinita a las afueras de la metr\u00f3polis, Lily se embarc\u00f3 en su aventura empresarial de aceites faciales naturales y caseros. Se entreg\u00f3 por completo a cada gota, pero el envase original se volvi\u00f3 un rollo: las botellas de vidrio goteaban con facilidad y el aspecto era soso, indigno de los aceites meticulosamente mezclados.<\/p>\n<p>Lily cambi\u00f3 a una botella dosificadora de vidrio color carmes\u00ed claro con un simple dosificador dorado y una marca minimalista de su propio formato. \u00a1El nuevo envase se convirti\u00f3 en un \u00e9xito inmediato en Instagram! Los mensajes inundaron su mente preguntando: &#034;\u00bfD\u00f3nde compraste esta botella? \u00a1Es excepcional!&#034; y &#034;Usarla convierte mi rutina de cuidado de la piel en un ritual a\u00fan m\u00e1s&#034;. En cuesti\u00f3n de meses, sus ingresos se duplicaron, e incluso tiendas f\u00edsicas la contactaron para colaborar.<\/p>\n<p>La clave del \u00e9xito de Lily reside en no solo promocionar aceites esenciales, sino tambi\u00e9n en ofrecer una experiencia de cuidado de la piel de alta calidad y lujo a trav\u00e9s de sus magn\u00edficos frascos de vidrio con dosificador. Esta innovadora transformaci\u00f3n comenz\u00f3 con la elecci\u00f3n del envase perfecto.<\/p>\n<h2>Palabra final<\/h2>\n<p>Un excelente cuidado de la piel merece un empaque excelente. No escondas tu esfuerzo en una botella olvidable. Nuestras botellas de vidrio con dosificador airless protegen tu f\u00f3rmula, realzan tu marca y hacen que tus clientes digan &#034;\u00a1Me encanta!&#034;. As\u00ed que adelante, dale a tu producto el lugar que se merece.<\/p>","protected":false},"excerpt":{"rendered":"<p>Botella de vidrio personalizada y al por mayor con bomba y tapa, perfecta para cosm\u00e9ticos, cuidado de la piel y envases B2B a granel con un dise\u00f1o elegante y duradero.<\/p>","protected":false},"featured_media":5188,"comment_status":"open","ping_status":"closed","template":"","meta":{"_acf_changed":false,"site-sidebar-layout":"default","site-content-layout":"","ast-site-content-layout":"default","site-content-style":"default","site-sidebar-style":"default","ast-global-header-display":"","ast-banner-title-visibility":"","ast-main-header-display":"","ast-hfb-above-header-display":"","ast-hfb-below-header-display":"","ast-hfb-mobile-header-display":"","site-post-title":"","ast-breadcrumbs-content":"","ast-featured-img":"","footer-sml-layout":"","ast-disable-related-posts":"","theme-transparent-header-meta":"default","adv-header-id-meta":"","stick-header-meta":"","header-above-stick-meta":"","header-main-stick-meta":"","header-below-stick-meta":"","astra-migrate-meta-layouts":"set","ast-page-background-enabled":"default","ast-page-background-meta":{"desktop":{"background-color":"var(--ast-global-color-5)","background-image":"","background-repeat":"repeat","background-position":"center center","background-size":"auto","background-attachment":"scroll","background-type":"","background-media":"","overlay-type":"","overlay-color":"","overlay-opacity":"","overlay-gradient":""},"tablet":{"background-color":"","background-image":"","background-repeat":"repeat","background-position":"center center","background-size":"auto","background-attachment":"scroll","background-type":"","background-media":"","overlay-type":"","overlay-color":"","overlay-opacity":"","overlay-gradient":""},"mobile":{"background-color":"","background-image":"","background-repeat":"repeat","background-position":"center center","background-size":"auto","background-attachment":"scroll","background-type":"","background-media":"","overlay-type":"","overlay-color":"","overlay-opacity":"","overlay-gradient":""}},"ast-content-background-meta":{"desktop":{"background-color":"var(--ast-global-color-4)","background-image":"","background-repeat":"repeat","background-position":"center center","background-size":"auto","background-attachment":"scroll","background-type":"","background-media":"","overlay-type":"","overlay-color":"","overlay-opacity":"","overlay-gradient":""},"tablet":{"background-color":"var(--ast-global-color-4)","background-image":"","background-repeat":"repeat","background-position":"center center","background-size":"auto","background-attachment":"scroll","background-type":"","background-media":"","overlay-type":"","overlay-color":"","overlay-opacity":"","overlay-gradient":""},"mobile":{"background-color":"var(--ast-global-color-4)","background-image":"","background-repeat":"repeat","background-position":"center center","background-size":"auto","background-attachment":"scroll","background-type":"","background-media":"","overlay-type":"","overlay-color":"","overlay-opacity":"","overlay-gradient":""}}},"product_brand":[],"product_cat":[62,72,71],"product_tag":[190,204],"class_list":{"0":"post-5185","1":"product","2":"type-product","3":"status-publish","4":"has-post-thumbnail","6":"product_cat-cosmetic-containers","7":"product_cat-cosmetic-packaging","8":"product_cat-glass-lotion-bottles","9":"product_tag-cosmetic-pots-with-lids","10":"product_tag-frosted-cosmetic-jars","11":"desktop-align-left","12":"tablet-align-left","13":"mobile-align-left","15":"first","16":"instock","17":"shipping-taxable","18":"product-type-simple"},"acf":[],"jetpack_sharing_enabled":true,"_links":{"self":[{"href":"https:\/\/theperfumebottles.com\/es\/wp-json\/wp\/v2\/product\/5185","targetHints":{"allow":["GET"]}}],"collection":[{"href":"https:\/\/theperfumebottles.com\/es\/wp-json\/wp\/v2\/product"}],"about":[{"href":"https:\/\/theperfumebottles.com\/es\/wp-json\/wp\/v2\/types\/product"}],"replies":[{"embeddable":true,"href":"https:\/\/theperfumebottles.com\/es\/wp-json\/wp\/v2\/comments?post=5185"}],"wp:featuredmedia":[{"embeddable":true,"href":"https:\/\/theperfumebottles.com\/es\/wp-json\/wp\/v2\/media\/5188"}],"wp:attachment":[{"href":"https:\/\/theperfumebottles.com\/es\/wp-json\/wp\/v2\/media?parent=5185"}],"wp:term":[{"taxonomy":"product_brand","embeddable":true,"href":"https:\/\/theperfumebottles.com\/es\/wp-json\/wp\/v2\/product_brand?post=5185"},{"taxonomy":"product_cat","embeddable":true,"href":"https:\/\/theperfumebottles.com\/es\/wp-json\/wp\/v2\/product_cat?post=5185"},{"taxonomy":"product_tag","embeddable":true,"href":"https:\/\/theperfumebottles.com\/es\/wp-json\/wp\/v2\/product_tag?post=5185"}],"curies":[{"name":"wp","href":"https:\/\/api.w.org\/{rel}","templated":true}]}}