{"id":5251,"date":"2025-08-07T11:49:10","date_gmt":"2025-08-07T03:49:10","guid":{"rendered":"https:\/\/theperfumebottles.com\/?post_type=product&#038;p=5251"},"modified":"2025-08-07T17:42:15","modified_gmt":"2025-08-07T09:42:15","slug":"5ml-perfume-essential-oil-glass-roller-bottles-for-cosmetic-packaging","status":"publish","type":"product","link":"https:\/\/theperfumebottles.com\/es\/product\/5ml-perfume-essential-oil-glass-roller-bottles-for-cosmetic-packaging\/","title":{"rendered":"Botellas de vidrio con rodillo para aceites esenciales de perfume de 5 ml para envases cosm\u00e9ticos"},"content":{"rendered":"<p>Necesitas un recipiente que combine precisi\u00f3n y estilo? Nuestras botellas de rodillo de aceite esencial de vidrio est\u00e1n dise\u00f1adas para marcas que quieren embalaje cosm\u00e9tico que capte la atenci\u00f3n.<\/p>\n<h2><strong>Especificaciones clave<\/strong><\/h2>\n<table style=\"margin-left: auto;margin-right: auto;border-collapse: collapse;width: 80%\" border=\"0\" width=\"144\" cellspacing=\"0\" cellpadding=\"0\">\n<tbody>\n<tr style=\"height: 13.50pt\">\n<td style=\"height: 13.50pt;width: 54.00pt\" width=\"72\" height=\"18\">Caracter\u00edstica<\/td>\n<td style=\"width: 54.00pt\" width=\"72\">Detalles<\/td>\n<\/tr>\n<tr style=\"height: 13.50pt\">\n<td style=\"height: 13.50pt\" height=\"18\">Capacidad<\/td>\n<td>5 ml<\/td>\n<\/tr>\n<tr style=\"height: 13.50pt\">\n<td style=\"height: 13.50pt\" height=\"18\">Material<\/td>\n<td>Vidrio esmerilado\/Transparente<\/td>\n<\/tr>\n<tr style=\"height: 13.50pt\">\n<td style=\"height: 13.50pt\" height=\"18\">Opciones de color<\/td>\n<td>Personalizado (Rojo, Rosado, Azul, Morado, etc.)<\/td>\n<\/tr>\n<tr style=\"height: 13.50pt\">\n<td style=\"height: 13.50pt\" height=\"18\">Forma<\/td>\n<td>Redondo<\/td>\n<\/tr>\n<tr style=\"height: 13.50pt\">\n<td style=\"height: 13.50pt\" height=\"18\">Uso<\/td>\n<td>Perfume<\/td>\n<\/tr>\n<\/tbody>\n<\/table>\n<h2>Historia de \u00c9xito: C\u00f3mo un Fabricante de Perfume Aument\u00f3 Ventas con Botellas de Rodillo Personalizadas<\/h2>\n<p>Un peque\u00f1o fabricante de perfume, lanzando una l\u00ednea de muestras de perfume en botella de rodillo, se asoci\u00f3 con nosotros para crear botellas de rodillo de vidrio de 5ml para aceites esenciales. Al realizar pedidos al por mayor y a\u00f1adir etiquetas esmeriladas personalizadas, redujeron los costos de embalaje en 20% y aumentaron el negocio repetido en 60%.<\/p>\n<h2><span class=\"HwtZe\" lang=\"en\"><span class=\"jCAhz ChMk0b\"><span class=\"ryNqvb\">Sugerencias personalizadas<\/span><\/span><\/span><\/h2>\n<ol>\n<li><span class=\"HwtZe\" lang=\"en\"><span class=\"jCAhz ChMk0b\"><span class=\"ryNqvb\">La botella de m\u00faltiples colores permite la diferenciaci\u00f3n por color de la funci\u00f3n del producto o la fragancia (p. ej., rojo representa aceites esenciales revitalizantes, azul para aceites esenciales calmantes). <\/span><\/span><\/span><\/li>\n<li><span class=\"HwtZe\" lang=\"en\"><span class=\"jCAhz ChMk0b\"><span class=\"ryNqvb\">La botella de 5ml tiene un tama\u00f1o conveniente, f\u00e1cil de colocar en una bolsa de maquillaje o caj\u00f3n de escritorio, perfecta para viajar.<\/span><\/span> <\/span><\/li>\n<li><span class=\"HwtZe\" lang=\"en\"><span class=\"jCAhz ChMk0b\"><span class=\"ryNqvb\">Las suaves curvas de la botella y la suave rotaci\u00f3n del rodillo aseguran una experiencia de usuario agradable.<\/span><\/span><\/span><\/li>\n<\/ol>","protected":false},"excerpt":{"rendered":"<p>Descubre botellas de rodillo de perfume y botellas de rodillo de aceite esencial de vidrio para embalaje cosm\u00e9tico. Durable, personalizables y listas para enviar \u2014 perfectas para pedidos al por mayor y embalaje de belleza.<\/p>","protected":false},"featured_media":5258,"comment_status":"open","ping_status":"closed","template":"","meta":{"_acf_changed":false,"site-sidebar-layout":"default","site-content-layout":"","ast-site-content-layout":"default","site-content-style":"default","site-sidebar-style":"default","ast-global-header-display":"","ast-banner-title-visibility":"","ast-main-header-display":"","ast-hfb-above-header-display":"","ast-hfb-below-header-display":"","ast-hfb-mobile-header-display":"","site-post-title":"","ast-breadcrumbs-content":"","ast-featured-img":"","footer-sml-layout":"","ast-disable-related-posts":"","theme-transparent-header-meta":"default","adv-header-id-meta":"","stick-header-meta":"","header-above-stick-meta":"","header-main-stick-meta":"","header-below-stick-meta":"","astra-migrate-meta-layouts":"set","ast-page-background-enabled":"default","ast-page-background-meta":{"desktop":{"background-color":"var(--ast-global-color-5)","background-image":"","background-repeat":"repeat","background-position":"center center","background-size":"auto","background-attachment":"scroll","background-type":"","background-media":"","overlay-type":"","overlay-color":"","overlay-opacity":"","overlay-gradient":""},"tablet":{"background-color":"","background-image":"","background-repeat":"repeat","background-position":"center center","background-size":"auto","background-attachment":"scroll","background-type":"","background-media":"","overlay-type":"","overlay-color":"","overlay-opacity":"","overlay-gradient":""},"mobile":{"background-color":"","background-image":"","background-repeat":"repeat","background-position":"center center","background-size":"auto","background-attachment":"scroll","background-type":"","background-media":"","overlay-type":"","overlay-color":"","overlay-opacity":"","overlay-gradient":""}},"ast-content-background-meta":{"desktop":{"background-color":"var(--ast-global-color-4)","background-image":"","background-repeat":"repeat","background-position":"center center","background-size":"auto","background-attachment":"scroll","background-type":"","background-media":"","overlay-type":"","overlay-color":"","overlay-opacity":"","overlay-gradient":""},"tablet":{"background-color":"var(--ast-global-color-4)","background-image":"","background-repeat":"repeat","background-position":"center center","background-size":"auto","background-attachment":"scroll","background-type":"","background-media":"","overlay-type":"","overlay-color":"","overlay-opacity":"","overlay-gradient":""},"mobile":{"background-color":"var(--ast-global-color-4)","background-image":"","background-repeat":"repeat","background-position":"center center","background-size":"auto","background-attachment":"scroll","background-type":"","background-media":"","overlay-type":"","overlay-color":"","overlay-opacity":"","overlay-gradient":""}}},"product_brand":[],"product_cat":[72,62,57,60],"product_tag":[208,207],"class_list":{"0":"post-5251","1":"product","2":"type-product","3":"status-publish","4":"has-post-thumbnail","6":"product_cat-cosmetic-packaging","7":"product_cat-cosmetic-containers","8":"product_cat-essential-oil-bottles","9":"product_cat-roller-bottles","10":"product_tag-essential-oil-glass-roller-bottles","11":"product_tag-roller-bottle-perfume","12":"desktop-align-left","13":"tablet-align-left","14":"mobile-align-left","16":"first","17":"instock","18":"shipping-taxable","19":"product-type-simple"},"acf":[],"jetpack_sharing_enabled":true,"_links":{"self":[{"href":"https:\/\/theperfumebottles.com\/es\/wp-json\/wp\/v2\/product\/5251","targetHints":{"allow":["GET"]}}],"collection":[{"href":"https:\/\/theperfumebottles.com\/es\/wp-json\/wp\/v2\/product"}],"about":[{"href":"https:\/\/theperfumebottles.com\/es\/wp-json\/wp\/v2\/types\/product"}],"replies":[{"embeddable":true,"href":"https:\/\/theperfumebottles.com\/es\/wp-json\/wp\/v2\/comments?post=5251"}],"wp:featuredmedia":[{"embeddable":true,"href":"https:\/\/theperfumebottles.com\/es\/wp-json\/wp\/v2\/media\/5258"}],"wp:attachment":[{"href":"https:\/\/theperfumebottles.com\/es\/wp-json\/wp\/v2\/media?parent=5251"}],"wp:term":[{"taxonomy":"product_brand","embeddable":true,"href":"https:\/\/theperfumebottles.com\/es\/wp-json\/wp\/v2\/product_brand?post=5251"},{"taxonomy":"product_cat","embeddable":true,"href":"https:\/\/theperfumebottles.com\/es\/wp-json\/wp\/v2\/product_cat?post=5251"},{"taxonomy":"product_tag","embeddable":true,"href":"https:\/\/theperfumebottles.com\/es\/wp-json\/wp\/v2\/product_tag?post=5251"}],"curies":[{"name":"wp","href":"https:\/\/api.w.org\/{rel}","templated":true}]}}