{"id":5287,"date":"2025-08-07T18:38:59","date_gmt":"2025-08-07T10:38:59","guid":{"rendered":"https:\/\/theperfumebottles.com\/?post_type=product&#038;p=5287"},"modified":"2026-04-02T14:06:27","modified_gmt":"2026-04-02T06:06:27","slug":"wholesale-cosmetic-bottles-glass-with-lotion-pump","status":"publish","type":"product","link":"https:\/\/theperfumebottles.com\/es\/product\/wholesale-cosmetic-bottles-glass-with-lotion-pump\/","title":{"rendered":"Frascos cosm\u00e9ticos vac\u00edos de vidrio de 30 ml al por mayor con bomba dosificadora dorada"},"content":{"rendered":"<p>Este frasco cosm\u00e9tico de vidrio de alta calidad presenta un dise\u00f1o cil\u00edndrico con una base redondeada y est\u00e1 fabricado con vidrio premium ultratransparente. El producto incluye un sofisticado pulverizador dorado con tapa de seguridad de vidrio transparente y est\u00e1 disponible en varios colores.<\/p>\n<h2>Especificaciones clave<\/h2>\n<table style=\"border-collapse: collapse; margin-left: auto; margin-right: auto; width: 80%;\" border=\"0\" width=\"526\" cellspacing=\"0\" cellpadding=\"0\">\n<tbody>\n<tr style=\"height: 13.50pt;\">\n<td style=\"height: 13.50pt; width: 116.25pt;\" width=\"155\" height=\"18\">Caracter\u00edstica<\/td>\n<td style=\"width: 278.25pt;\" width=\"371\">Detalle<\/td>\n<\/tr>\n<tr style=\"height: 13.50pt;\">\n<td style=\"height: 13.50pt;\" height=\"18\">Capacidad<\/td>\n<td>30 ml (tama\u00f1o \u00f3ptimo de los frascos de vidrio para cosm\u00e9ticos)<\/td>\n<\/tr>\n<tr style=\"height: 13.50pt;\">\n<td style=\"height: 13.50pt;\" height=\"18\">Material<\/td>\n<td>vidrio de sodio y calcio<\/td>\n<\/tr>\n<tr style=\"height: 13.50pt;\">\n<td style=\"height: 13.50pt;\" height=\"18\">Bomba<\/td>\n<td>Bomba de disco met\u00e1lico (tono dorado)<\/td>\n<\/tr>\n<tr style=\"height: 13.50pt;\">\n<td style=\"height: 13.50pt;\" height=\"18\">Forma<\/td>\n<td>Perfil cil\u00edndrico y elegante<\/td>\n<\/tr>\n<tr style=\"height: 13.50pt;\">\n<td style=\"height: 13.50pt;\" height=\"18\">Personalizaci\u00f3n<\/td>\n<td>Opciones de color para el vidrio y la bomba<\/td>\n<\/tr>\n<tr style=\"height: 13.50pt;\">\n<td style=\"height: 13.50pt;\" height=\"18\">Caso de uso<\/td>\n<td>Loci\u00f3n, s\u00e9rum, crema hidratante<\/td>\n<\/tr>\n<\/tbody>\n<\/table>\n<h2>Historia de \u00e9xito<\/h2>\n<p>El perfumista franc\u00e9s seleccion\u00f3 nuestro dosificador para frascos de loci\u00f3n vac\u00edos de 30 ml para su dise\u00f1o personalizado, que inclu\u00eda un cabezal de bomba dorado mate y el logotipo de la marca grabado con chorro de arena. La base con peso le da al producto una sensaci\u00f3n de alta calidad, un aspecto mencionado en el 95 % de las rese\u00f1as de los clientes. El pulverizador dorado crea una fina bruma que aumenta el valor del producto y reduce el desperdicio de producto en un 30 %. El perfume en spray tuvo un gran \u00e9xito de ventas, lo que les llev\u00f3 a encargar 300 000 frascos adicionales para su nueva l\u00ednea de ambientadores para habitaciones y tejidos.<\/p>\n<h2>Opciones de personalizaci\u00f3n para frascos de loci\u00f3n<\/h2>\n<ul>\n<li>Los acabados del cabezal y el cuello de la bomba ofrecen cuatro opciones de color: dorado, oro rosa, plateado y negro.<\/li>\n<li>El sistema ofrece dos configuraciones de pulverizaci\u00f3n: niebla fina y niebla media, adem\u00e1s de la funci\u00f3n de pulverizaci\u00f3n continua.<\/li>\n<li>El producto incluye una tapa met\u00e1lica magn\u00e9tica que proporciona una protecci\u00f3n completa contra fugas, a la vez que facilita su transporte.<\/li>\n<\/ul>","protected":false},"excerpt":{"rendered":"<p>Suministro a granel de frascos de vidrio para cosm\u00e9ticos con dosificador de loci\u00f3n vac\u00edo; opciones personalizadas disponibles para marcas de cuidado de la piel y belleza a precios mayoristas.<\/p>","protected":false},"featured_media":5290,"comment_status":"open","ping_status":"closed","template":"","meta":{"_acf_changed":false,"site-sidebar-layout":"default","site-content-layout":"","ast-site-content-layout":"default","site-content-style":"default","site-sidebar-style":"default","ast-global-header-display":"","ast-banner-title-visibility":"","ast-main-header-display":"","ast-hfb-above-header-display":"","ast-hfb-below-header-display":"","ast-hfb-mobile-header-display":"","site-post-title":"","ast-breadcrumbs-content":"","ast-featured-img":"","footer-sml-layout":"","ast-disable-related-posts":"","theme-transparent-header-meta":"default","adv-header-id-meta":"","stick-header-meta":"","header-above-stick-meta":"","header-main-stick-meta":"","header-below-stick-meta":"","astra-migrate-meta-layouts":"set","ast-page-background-enabled":"default","ast-page-background-meta":{"desktop":{"background-color":"var(--ast-global-color-5)","background-image":"","background-repeat":"repeat","background-position":"center center","background-size":"auto","background-attachment":"scroll","background-type":"","background-media":"","overlay-type":"","overlay-color":"","overlay-opacity":"","overlay-gradient":""},"tablet":{"background-color":"","background-image":"","background-repeat":"repeat","background-position":"center center","background-size":"auto","background-attachment":"scroll","background-type":"","background-media":"","overlay-type":"","overlay-color":"","overlay-opacity":"","overlay-gradient":""},"mobile":{"background-color":"","background-image":"","background-repeat":"repeat","background-position":"center center","background-size":"auto","background-attachment":"scroll","background-type":"","background-media":"","overlay-type":"","overlay-color":"","overlay-opacity":"","overlay-gradient":""}},"ast-content-background-meta":{"desktop":{"background-color":"var(--ast-global-color-4)","background-image":"","background-repeat":"repeat","background-position":"center center","background-size":"auto","background-attachment":"scroll","background-type":"","background-media":"","overlay-type":"","overlay-color":"","overlay-opacity":"","overlay-gradient":""},"tablet":{"background-color":"var(--ast-global-color-4)","background-image":"","background-repeat":"repeat","background-position":"center center","background-size":"auto","background-attachment":"scroll","background-type":"","background-media":"","overlay-type":"","overlay-color":"","overlay-opacity":"","overlay-gradient":""},"mobile":{"background-color":"var(--ast-global-color-4)","background-image":"","background-repeat":"repeat","background-position":"center center","background-size":"auto","background-attachment":"scroll","background-type":"","background-media":"","overlay-type":"","overlay-color":"","overlay-opacity":"","overlay-gradient":""}}},"product_brand":[],"product_cat":[71,72,62],"product_tag":[190,204],"class_list":{"0":"post-5287","1":"product","2":"type-product","3":"status-publish","4":"has-post-thumbnail","6":"product_cat-glass-lotion-bottles","7":"product_cat-cosmetic-packaging","8":"product_cat-cosmetic-containers","9":"product_tag-cosmetic-pots-with-lids","10":"product_tag-frosted-cosmetic-jars","11":"desktop-align-left","12":"tablet-align-left","13":"mobile-align-left","15":"first","16":"instock","17":"shipping-taxable","18":"product-type-simple"},"acf":[],"jetpack_sharing_enabled":true,"_links":{"self":[{"href":"https:\/\/theperfumebottles.com\/es\/wp-json\/wp\/v2\/product\/5287","targetHints":{"allow":["GET"]}}],"collection":[{"href":"https:\/\/theperfumebottles.com\/es\/wp-json\/wp\/v2\/product"}],"about":[{"href":"https:\/\/theperfumebottles.com\/es\/wp-json\/wp\/v2\/types\/product"}],"replies":[{"embeddable":true,"href":"https:\/\/theperfumebottles.com\/es\/wp-json\/wp\/v2\/comments?post=5287"}],"wp:featuredmedia":[{"embeddable":true,"href":"https:\/\/theperfumebottles.com\/es\/wp-json\/wp\/v2\/media\/5290"}],"wp:attachment":[{"href":"https:\/\/theperfumebottles.com\/es\/wp-json\/wp\/v2\/media?parent=5287"}],"wp:term":[{"taxonomy":"product_brand","embeddable":true,"href":"https:\/\/theperfumebottles.com\/es\/wp-json\/wp\/v2\/product_brand?post=5287"},{"taxonomy":"product_cat","embeddable":true,"href":"https:\/\/theperfumebottles.com\/es\/wp-json\/wp\/v2\/product_cat?post=5287"},{"taxonomy":"product_tag","embeddable":true,"href":"https:\/\/theperfumebottles.com\/es\/wp-json\/wp\/v2\/product_tag?post=5287"}],"curies":[{"name":"wp","href":"https:\/\/api.w.org\/{rel}","templated":true}]}}