{"id":5354,"date":"2025-08-08T18:07:05","date_gmt":"2025-08-08T10:07:05","guid":{"rendered":"https:\/\/theperfumebottles.com\/?post_type=product&#038;p=5354"},"modified":"2026-04-01T15:42:44","modified_gmt":"2026-04-01T07:42:44","slug":"bulk-amber-glass-pump-bottles-for-skincare","status":"publish","type":"product","link":"https:\/\/theperfumebottles.com\/es\/product\/bulk-amber-glass-pump-bottles-for-skincare\/","title":{"rendered":"Botellas de vidrio \u00e1mbar con bomba para loci\u00f3n (20 ml, 30 ml y 40 ml)"},"content":{"rendered":"<p>Los frascos con dosificador de vidrio \u00e1mbar utilizan vidrio \u00e1mbar transparente para crear su dise\u00f1o, que incluye una forma cil\u00edndrica corta y un dosificador blanco con tapa de vidrio.<\/p>\n<h2>Especificaciones clave<\/h2>\n<table style=\"border-collapse: collapse; margin-left: auto; margin-right: auto; width: 80%;\" border=\"0\" width=\"445\" cellspacing=\"0\" cellpadding=\"0\">\n<tbody>\n<tr style=\"height: 13.50pt;\">\n<td style=\"height: 13.50pt; width: 136.50pt;\" width=\"182\" height=\"18\">Caracter\u00edstica<\/td>\n<td style=\"width: 197.25pt;\" width=\"263\">Detalle<\/td>\n<\/tr>\n<tr style=\"height: 13.50pt;\">\n<td style=\"height: 13.50pt;\" height=\"18\">Opciones de capacidad<\/td>\n<td>20 ml, 30 ml, 40 ml<\/td>\n<\/tr>\n<tr style=\"height: 13.50pt;\">\n<td style=\"height: 13.50pt;\" height=\"18\">Tama\u00f1o de la botella (aprox.)<\/td>\n<td>36 mm de di\u00e1metro, 55\u201382 mm de altura<\/td>\n<\/tr>\n<tr style=\"height: 13.50pt;\">\n<td style=\"height: 13.50pt;\" height=\"18\">Material<\/td>\n<td>Vidrio \u00e1mbar<\/td>\n<\/tr>\n<tr style=\"height: 13.50pt;\">\n<td style=\"height: 13.50pt;\" height=\"18\">Cierre<\/td>\n<td>Tapa transparente + bomba blanca<\/td>\n<\/tr>\n<tr style=\"height: 13.50pt;\">\n<td style=\"height: 13.50pt;\" height=\"18\">Ideal para<\/td>\n<td>Cuidado de la piel, s\u00e9rums, lociones<\/td>\n<\/tr>\n<\/tbody>\n<\/table>\n<h2>Historia de \u00e9xito<\/h2>\n<p>Una marca de belleza californiana seleccion\u00f3 nuestro dosificador para frascos de loci\u00f3n vac\u00edos de 100 ml, personalizando el cabezal blanco y la tapa de vidrio esmerilado. El dise\u00f1o personalizado del frasco aport\u00f3 un valor significativo: el cabezal dosificador de precisi\u00f3n redujo la cantidad promedio utilizada por los clientes en un 25 %, extendiendo la vida \u00fatil del producto, mientras que la exclusiva tapa esmerilada se convirti\u00f3 en un sello distintivo de la marca, lo que result\u00f3 en un aumento del 150 % en las menciones en redes sociales. La empresa expandi\u00f3 sus operaciones tras el \u00e9xito obtenido mediante dos iniciativas: un pedido de 620 000 frascos de su nuevo aceite facial con CBD y una alianza con una empresa de cajas de suscripci\u00f3n de belleza.<\/p>\n<h2>Consejos de personalizaci\u00f3n para que tu marca destaque en el lineal.<\/h2>\n<p>\u00bfQuieres que tu marca llame la atenci\u00f3n y fidelice a tus clientes?<\/p>\n<ul>\n<li><strong>Cambiar la punta de la bomba:<\/strong> Prueba con el negro o el dorado para un toque de lujo.<\/li>\n<li><strong>Color inteligente:<\/strong> El \u00e1mbar es una opci\u00f3n cl\u00e1sica. Pero si buscas un estilo \u00fanico, te ofrecemos combinaciones de colores personalizadas.<\/li>\n<li><strong>Espacio de etiquetas:<\/strong> Su elegante forma cil\u00edndrica te ofrece espacio para contar la historia de tu marca.<\/li>\n<li><strong>Elige el tama\u00f1o adecuado:<\/strong> Elija 20 ml para botellas de tama\u00f1o viaje y 40 ml para productos de gama alta. El tama\u00f1o debe adaptarse a su p\u00fablico objetivo.<\/li>\n<\/ul>","protected":false},"excerpt":{"rendered":"<p>Frascos de vidrio \u00e1mbar con dosificador, dise\u00f1o cl\u00e1sico y cierre herm\u00e9tico. Dosificador vac\u00edo para loci\u00f3n, ideal para pedidos al por mayor. Descuentos por volumen disponibles. Env\u00edo r\u00e1pido.<\/p>","protected":false},"featured_media":5369,"comment_status":"open","ping_status":"closed","template":"","meta":{"_acf_changed":false,"site-sidebar-layout":"default","site-content-layout":"","ast-site-content-layout":"default","site-content-style":"default","site-sidebar-style":"default","ast-global-header-display":"","ast-banner-title-visibility":"","ast-main-header-display":"","ast-hfb-above-header-display":"","ast-hfb-below-header-display":"","ast-hfb-mobile-header-display":"","site-post-title":"","ast-breadcrumbs-content":"","ast-featured-img":"","footer-sml-layout":"","ast-disable-related-posts":"","theme-transparent-header-meta":"default","adv-header-id-meta":"","stick-header-meta":"","header-above-stick-meta":"","header-main-stick-meta":"","header-below-stick-meta":"","astra-migrate-meta-layouts":"set","ast-page-background-enabled":"default","ast-page-background-meta":{"desktop":{"background-color":"var(--ast-global-color-5)","background-image":"","background-repeat":"repeat","background-position":"center center","background-size":"auto","background-attachment":"scroll","background-type":"","background-media":"","overlay-type":"","overlay-color":"","overlay-opacity":"","overlay-gradient":""},"tablet":{"background-color":"","background-image":"","background-repeat":"repeat","background-position":"center center","background-size":"auto","background-attachment":"scroll","background-type":"","background-media":"","overlay-type":"","overlay-color":"","overlay-opacity":"","overlay-gradient":""},"mobile":{"background-color":"","background-image":"","background-repeat":"repeat","background-position":"center center","background-size":"auto","background-attachment":"scroll","background-type":"","background-media":"","overlay-type":"","overlay-color":"","overlay-opacity":"","overlay-gradient":""}},"ast-content-background-meta":{"desktop":{"background-color":"var(--ast-global-color-4)","background-image":"","background-repeat":"repeat","background-position":"center center","background-size":"auto","background-attachment":"scroll","background-type":"","background-media":"","overlay-type":"","overlay-color":"","overlay-opacity":"","overlay-gradient":""},"tablet":{"background-color":"var(--ast-global-color-4)","background-image":"","background-repeat":"repeat","background-position":"center center","background-size":"auto","background-attachment":"scroll","background-type":"","background-media":"","overlay-type":"","overlay-color":"","overlay-opacity":"","overlay-gradient":""},"mobile":{"background-color":"var(--ast-global-color-4)","background-image":"","background-repeat":"repeat","background-position":"center center","background-size":"auto","background-attachment":"scroll","background-type":"","background-media":"","overlay-type":"","overlay-color":"","overlay-opacity":"","overlay-gradient":""}}},"product_brand":[],"product_cat":[71,72,62],"product_tag":[190,204],"class_list":{"0":"post-5354","1":"product","2":"type-product","3":"status-publish","4":"has-post-thumbnail","6":"product_cat-glass-lotion-bottles","7":"product_cat-cosmetic-packaging","8":"product_cat-cosmetic-containers","9":"product_tag-cosmetic-pots-with-lids","10":"product_tag-frosted-cosmetic-jars","11":"desktop-align-left","12":"tablet-align-left","13":"mobile-align-left","15":"first","16":"instock","17":"shipping-taxable","18":"product-type-simple"},"acf":[],"jetpack_sharing_enabled":true,"_links":{"self":[{"href":"https:\/\/theperfumebottles.com\/es\/wp-json\/wp\/v2\/product\/5354","targetHints":{"allow":["GET"]}}],"collection":[{"href":"https:\/\/theperfumebottles.com\/es\/wp-json\/wp\/v2\/product"}],"about":[{"href":"https:\/\/theperfumebottles.com\/es\/wp-json\/wp\/v2\/types\/product"}],"replies":[{"embeddable":true,"href":"https:\/\/theperfumebottles.com\/es\/wp-json\/wp\/v2\/comments?post=5354"}],"wp:featuredmedia":[{"embeddable":true,"href":"https:\/\/theperfumebottles.com\/es\/wp-json\/wp\/v2\/media\/5369"}],"wp:attachment":[{"href":"https:\/\/theperfumebottles.com\/es\/wp-json\/wp\/v2\/media?parent=5354"}],"wp:term":[{"taxonomy":"product_brand","embeddable":true,"href":"https:\/\/theperfumebottles.com\/es\/wp-json\/wp\/v2\/product_brand?post=5354"},{"taxonomy":"product_cat","embeddable":true,"href":"https:\/\/theperfumebottles.com\/es\/wp-json\/wp\/v2\/product_cat?post=5354"},{"taxonomy":"product_tag","embeddable":true,"href":"https:\/\/theperfumebottles.com\/es\/wp-json\/wp\/v2\/product_tag?post=5354"}],"curies":[{"name":"wp","href":"https:\/\/api.w.org\/{rel}","templated":true}]}}