{"id":5424,"date":"2025-08-11T18:00:42","date_gmt":"2025-08-11T10:00:42","guid":{"rendered":"https:\/\/theperfumebottles.com\/?post_type=product&#038;p=5424"},"modified":"2026-03-26T16:36:21","modified_gmt":"2026-03-26T08:36:21","slug":"clear-glass-roller-bottles-for-cosmetic-packaging-wholesale","status":"publish","type":"product","link":"https:\/\/theperfumebottles.com\/es\/product\/clear-glass-roller-bottles-for-cosmetic-packaging-wholesale\/","title":{"rendered":"Frascos roll-on de vidrio transparente de 10 ml para envases cosm\u00e9ticos al por mayor"},"content":{"rendered":"<p>\u00bfNecesitas envases roll-on de vidrio que combinen ecolog\u00eda y lujo? Nuestros envases roll-on de vidrio transparente est\u00e1n dise\u00f1ados para marcas que buscan envases cosm\u00e9ticos que transmitan alegr\u00eda y protejan el planeta.<\/p>\n<h2>Especificaciones clave<\/h2>\n<table style=\"border-collapse: collapse; width: 80%; margin-left: auto; margin-right: auto;\" border=\"0\" width=\"144\" cellspacing=\"0\" cellpadding=\"0\">\n<tbody>\n<tr style=\"height: 13.50pt;\">\n<td style=\"height: 13.50pt; width: 54.00pt;\" width=\"72\" height=\"18\">Caracter\u00edstica<\/td>\n<td style=\"width: 54.00pt;\" width=\"72\">Detalles<\/td>\n<\/tr>\n<tr style=\"height: 13.50pt;\">\n<td style=\"height: 13.50pt;\" height=\"18\">Capacidad<\/td>\n<td>10 ml<\/td>\n<\/tr>\n<tr style=\"height: 13.50pt;\">\n<td style=\"height: 13.50pt;\" height=\"18\">Tapa<\/td>\n<td>De madera o personalizado<\/td>\n<\/tr>\n<tr style=\"height: 13.50pt;\">\n<td style=\"height: 13.50pt;\" height=\"18\">Forma<\/td>\n<td>Cilindro<\/td>\n<\/tr>\n<tr style=\"height: 13.50pt;\">\n<td style=\"height: 13.50pt;\" height=\"18\">Impresi\u00f3n de superficies<\/td>\n<td>Serigraf\u00eda<\/td>\n<\/tr>\n<tr style=\"height: 13.50pt;\">\n<td style=\"height: 13.50pt;\" height=\"18\">Color<\/td>\n<td>Claro<\/td>\n<\/tr>\n<\/tbody>\n<\/table>\n<h2>Caso de \u00e9xito<\/h2>\n<p><span aria-haspopup=\"dialog\" aria-expanded=\"false\" aria-controls=\"radix-_r_16_\" data-state=\"closed\" data-slot=\"popover-trigger\">Una empresa de aceites esenciales ubicada en los Estados Unidos utiliz\u00f3 nuestros frascos roll-on de cristal transparente para presentar su nueva colecci\u00f3n de aceites esenciales cristalinos.<\/span> <span aria-haspopup=\"dialog\" aria-expanded=\"false\" aria-controls=\"radix-_r_17_\" data-state=\"closed\" data-slot=\"popover-trigger\">En primer lugar, hemos elegido gorros de bamb\u00fa natural, en consonancia con la imagen de marca de ser respetuosos con el medio ambiente.<\/span> <span aria-haspopup=\"dialog\" aria-expanded=\"false\" aria-controls=\"radix-_r_18_\" data-state=\"closed\" data-slot=\"popover-trigger\">Tambi\u00e9n personalizamos el formato roll-on, utilizando acero inoxidable liso para aumentar la dispersi\u00f3n de los aceites esenciales.<\/span> <span aria-haspopup=\"dialog\" aria-expanded=\"false\" aria-controls=\"radix-_r_19_\" data-state=\"closed\" data-slot=\"popover-trigger\">Adem\u00e1s, ofrecimos servicios de impresi\u00f3n de logotipos en las botellas de vidrio y ayudamos a optimizar el dise\u00f1o del envase para aumentar la vida \u00fatil del producto.<\/span> <span aria-haspopup=\"dialog\" aria-expanded=\"false\" aria-controls=\"radix-_r_1a_\" data-state=\"closed\" data-slot=\"popover-trigger\">Tras el lanzamiento del producto personalizado, el cliente afirm\u00f3 que las ventas online y offline aumentaron considerablemente, principalmente debido al dise\u00f1o est\u00e9tico poco com\u00fan del producto y a la mejora de la experiencia del usuario.<\/span> <span aria-haspopup=\"dialog\" aria-expanded=\"false\" aria-controls=\"radix-_r_1b_\" data-state=\"closed\" data-slot=\"popover-trigger\">En un plazo de tres meses, realizaron m\u00e1s pedidos, lo que increment\u00f3 la cantidad de productos y a\u00f1adi\u00f3 m\u00e1s fragancias a la l\u00ednea, consolidando as\u00ed a\u00fan m\u00e1s su marca en el mercado.<\/span><\/p>\n<h2>Gu\u00eda para la personalizaci\u00f3n<\/h2>\n<ul>\n<li><span aria-haspopup=\"dialog\" aria-expanded=\"false\" aria-controls=\"radix-_r_1c_\" data-state=\"closed\" data-slot=\"popover-trigger\"><strong>Material y acabado de la tapa:<\/strong> Seleccione una tapa de bamb\u00fa natural, pl\u00e1stico o aluminio, con opciones de acabados mate, brillante o anodizado para que combine con los distintos estilos de marca.<\/span><\/li>\n<li><span aria-haspopup=\"dialog\" aria-expanded=\"false\" aria-controls=\"radix-_r_1d_\" data-state=\"closed\" data-slot=\"popover-trigger\"><strong>Bola rodante:<\/strong> Elige bolas de rodillo de acero inoxidable, vidrio o piedras preciosas (por ejemplo, cuarzo rosa, obsidiana) para personalizar o mejorar la funcionalidad, o para a\u00f1adir un aspecto sofisticado y orientado al bienestar.<\/span><\/li>\n<li><span aria-haspopup=\"dialog\" aria-expanded=\"false\" aria-controls=\"radix-_r_1e_\" data-state=\"closed\" data-slot=\"popover-trigger\"><strong>Color y recubrimiento del vidrio:<\/strong> Elija un color transparente, esmerilado, \u00e1mbar o un color personalizado con recubrimiento en aerosol para preservar los aceites sensibles a la luz o para lograr una apariencia \u00fanica.<\/span><\/li>\n<\/ul>","protected":false},"excerpt":{"rendered":"<p>Realza el empaque de tus productos de belleza con frascos roll-on de vidrio transparente. Ideales para el cuidado de la piel, perfumes en bruma fina y otros art\u00edculos de empaque para cosm\u00e9ticos. Env\u00edo r\u00e1pido.<\/p>","protected":false},"featured_media":5430,"comment_status":"open","ping_status":"closed","template":"","meta":{"_acf_changed":false,"site-sidebar-layout":"default","site-content-layout":"","ast-site-content-layout":"default","site-content-style":"default","site-sidebar-style":"default","ast-global-header-display":"","ast-banner-title-visibility":"","ast-main-header-display":"","ast-hfb-above-header-display":"","ast-hfb-below-header-display":"","ast-hfb-mobile-header-display":"","site-post-title":"","ast-breadcrumbs-content":"","ast-featured-img":"","footer-sml-layout":"","ast-disable-related-posts":"","theme-transparent-header-meta":"default","adv-header-id-meta":"","stick-header-meta":"","header-above-stick-meta":"","header-main-stick-meta":"","header-below-stick-meta":"","astra-migrate-meta-layouts":"set","ast-page-background-enabled":"default","ast-page-background-meta":{"desktop":{"background-color":"var(--ast-global-color-5)","background-image":"","background-repeat":"repeat","background-position":"center center","background-size":"auto","background-attachment":"scroll","background-type":"","background-media":"","overlay-type":"","overlay-color":"","overlay-opacity":"","overlay-gradient":""},"tablet":{"background-color":"","background-image":"","background-repeat":"repeat","background-position":"center center","background-size":"auto","background-attachment":"scroll","background-type":"","background-media":"","overlay-type":"","overlay-color":"","overlay-opacity":"","overlay-gradient":""},"mobile":{"background-color":"","background-image":"","background-repeat":"repeat","background-position":"center center","background-size":"auto","background-attachment":"scroll","background-type":"","background-media":"","overlay-type":"","overlay-color":"","overlay-opacity":"","overlay-gradient":""}},"ast-content-background-meta":{"desktop":{"background-color":"var(--ast-global-color-4)","background-image":"","background-repeat":"repeat","background-position":"center center","background-size":"auto","background-attachment":"scroll","background-type":"","background-media":"","overlay-type":"","overlay-color":"","overlay-opacity":"","overlay-gradient":""},"tablet":{"background-color":"var(--ast-global-color-4)","background-image":"","background-repeat":"repeat","background-position":"center center","background-size":"auto","background-attachment":"scroll","background-type":"","background-media":"","overlay-type":"","overlay-color":"","overlay-opacity":"","overlay-gradient":""},"mobile":{"background-color":"var(--ast-global-color-4)","background-image":"","background-repeat":"repeat","background-position":"center center","background-size":"auto","background-attachment":"scroll","background-type":"","background-media":"","overlay-type":"","overlay-color":"","overlay-opacity":"","overlay-gradient":""}}},"product_brand":[],"product_cat":[60,62,72,57],"product_tag":[226,220],"class_list":{"0":"post-5424","1":"product","2":"type-product","3":"status-publish","4":"has-post-thumbnail","6":"product_cat-roller-bottles","7":"product_cat-cosmetic-containers","8":"product_cat-cosmetic-packaging","9":"product_cat-essential-oil-bottles","10":"product_tag-clear-glass-roller-bottles","11":"product_tag-glass-roll-on-bottles","12":"desktop-align-left","13":"tablet-align-left","14":"mobile-align-left","16":"first","17":"instock","18":"shipping-taxable","19":"product-type-simple"},"acf":[],"jetpack_sharing_enabled":true,"_links":{"self":[{"href":"https:\/\/theperfumebottles.com\/es\/wp-json\/wp\/v2\/product\/5424","targetHints":{"allow":["GET"]}}],"collection":[{"href":"https:\/\/theperfumebottles.com\/es\/wp-json\/wp\/v2\/product"}],"about":[{"href":"https:\/\/theperfumebottles.com\/es\/wp-json\/wp\/v2\/types\/product"}],"replies":[{"embeddable":true,"href":"https:\/\/theperfumebottles.com\/es\/wp-json\/wp\/v2\/comments?post=5424"}],"wp:featuredmedia":[{"embeddable":true,"href":"https:\/\/theperfumebottles.com\/es\/wp-json\/wp\/v2\/media\/5430"}],"wp:attachment":[{"href":"https:\/\/theperfumebottles.com\/es\/wp-json\/wp\/v2\/media?parent=5424"}],"wp:term":[{"taxonomy":"product_brand","embeddable":true,"href":"https:\/\/theperfumebottles.com\/es\/wp-json\/wp\/v2\/product_brand?post=5424"},{"taxonomy":"product_cat","embeddable":true,"href":"https:\/\/theperfumebottles.com\/es\/wp-json\/wp\/v2\/product_cat?post=5424"},{"taxonomy":"product_tag","embeddable":true,"href":"https:\/\/theperfumebottles.com\/es\/wp-json\/wp\/v2\/product_tag?post=5424"}],"curies":[{"name":"wp","href":"https:\/\/api.w.org\/{rel}","templated":true}]}}