{"id":5449,"date":"2025-08-11T18:08:00","date_gmt":"2025-08-11T10:08:00","guid":{"rendered":"https:\/\/theperfumebottles.com\/?post_type=product&#038;p=5449"},"modified":"2026-03-27T17:55:16","modified_gmt":"2026-03-27T09:55:16","slug":"amber-glass-tincture-bottles-frosted-glass-dropper-bottles-manufacturer","status":"publish","type":"product","link":"https:\/\/theperfumebottles.com\/es\/product\/amber-glass-tincture-bottles-frosted-glass-dropper-bottles-manufacturer\/","title":{"rendered":"Frascos de vidrio \u00e1mbar para tinturas \u2013 Frascos cuentagotas de vidrio esmerilado de 30 ml"},"content":{"rendered":"<p>Los frascos cuentagotas de vidrio esmerilado de 30 ml ofrecen una excelente protecci\u00f3n UV, lo que permite conservar f\u00f3rmulas delicadas. El cuentagotas de precisi\u00f3n garantiza una dosificaci\u00f3n uniforme y exacta del l\u00edquido. Esta gama se adapta a las diversas necesidades de marca y empaquetado personalizado de clientes mayoristas internacionales gracias a la variedad de colores disponibles, como negro esmerilado, transparente esmerilado y marr\u00f3n esmerilado.<\/p>\n<h2>Especificaciones clave<\/h2>\n<table style=\"border-collapse: collapse; margin-left: auto; margin-right: auto; width: 80%;\" border=\"0\" width=\"559\" cellspacing=\"0\" cellpadding=\"0\">\n<tbody>\n<tr style=\"height: 13.50pt;\">\n<td style=\"height: 13.50pt; width: 136.50pt;\" width=\"182\" height=\"18\">Especificaci\u00f3n<\/td>\n<td style=\"width: 282.75pt;\" width=\"377\">Detalles<\/td>\n<\/tr>\n<tr style=\"height: 13.50pt;\">\n<td style=\"height: 13.50pt;\" height=\"18\">Tipo de producto<\/td>\n<td>Frasco cuentagotas de vidrio<\/td>\n<\/tr>\n<tr style=\"height: 13.50pt;\">\n<td style=\"height: 13.50pt;\" height=\"18\">Material<\/td>\n<td>Vidrio de cal sodada 100% reciclable<\/td>\n<\/tr>\n<tr style=\"height: 13.50pt;\">\n<td style=\"height: 13.50pt;\" height=\"18\">Capacidad<\/td>\n<td>30 ml \/ 1 oz<\/td>\n<\/tr>\n<tr style=\"height: 13.50pt;\">\n<td style=\"height: 13.50pt;\" height=\"18\">Acabado del m\u00e1stil<\/td>\n<td>14 mm<\/td>\n<\/tr>\n<tr style=\"height: 13.50pt;\">\n<td style=\"height: 13.50pt;\" height=\"18\">Di\u00e1metro de la botella<\/td>\n<td>36 mm<\/td>\n<\/tr>\n<tr style=\"height: 13.50pt;\">\n<td style=\"height: 13.50pt;\" height=\"18\">Altura (desde la base hasta el cuello)<\/td>\n<td>68 mm<\/td>\n<\/tr>\n<tr style=\"height: 13.50pt;\">\n<td style=\"height: 13.50pt;\" height=\"18\">Opciones de color<\/td>\n<td>Escarcha negra, escarcha transparente, escarcha \u00e1mbar<\/td>\n<\/tr>\n<tr style=\"height: 13.50pt;\">\n<td style=\"height: 13.50pt;\" height=\"18\">Opciones de cierre<\/td>\n<td>Bomba de goteo\/pulverizador<\/td>\n<\/tr>\n<tr style=\"height: 13.50pt;\">\n<td style=\"height: 13.50pt;\" height=\"18\">Solicitud<\/td>\n<td>Aceite esencial, tintura, suero, l\u00edquido<\/td>\n<\/tr>\n<tr style=\"height: 13.50pt;\">\n<td style=\"height: 13.50pt;\" height=\"18\">Tipo de embalaje<\/td>\n<td>Venta al por mayor \/ a medida \/ venta al por mayor<\/td>\n<\/tr>\n<\/tbody>\n<\/table>\n<h2>Caso de \u00e9xito<\/h2>\n<p>Una de las marcas alemanas de productos naturales para el cuidado de la piel (que fabrica sus propios productos) adquiri\u00f3 estos frascos cuentagotas de vidrio esmerilado de 30 ml para utilizarlos en su gama de frascos de vidrio para aceites esenciales org\u00e1nicos.<\/p>\n<ul>\n<li><strong>M\u00ednimo 50.000 unidades (tama\u00f1o de 30 ml)<\/strong>: Primer lote.<\/li>\n<li><strong>Hecho a medida<\/strong>\u00c1mbar moteado, colgantes dorados en el collar, logotipo serigrafiado.<\/li>\n<li><strong>Pr\u00e1cticas<\/strong>: Extractos esenciales de hierbas y aceites en tintura.<\/li>\n<li><strong>Recomendaciones<\/strong>Las ventas de la nueva l\u00ednea de envases de vidrio de alta gama aumentaron un 35 por ciento en 6 meses.<\/li>\n<li><strong>Reordenar<\/strong>: Continuamos realizando compras semanales al por mayor de SKU que incluyen frascos de vidrio roll-on de 10 ml.<\/li>\n<\/ul>\n<h2>Sugerencias para la personalizaci\u00f3n B2B<\/h2>\n<ol>\n<li><strong>Imagen de marca y decoraci\u00f3n<\/strong>Utilice serigraf\u00eda, estampado en caliente o etiquetado para crear una excelente identidad para su l\u00ednea de botellas de aceites esenciales o su l\u00ednea de envases cosm\u00e9ticos.<\/li>\n<li><strong>Opciones de cierre y funcionamiento<\/strong>Seleccione goteros, bombas pulverizadoras u otras opciones de dispensaci\u00f3n que se adapten a diversos productos l\u00edquidos, como sueros o desinfectante de manos.<\/li>\n<li><strong>Optimizaci\u00f3n del embalaje y la log\u00edstica<\/strong>Colaborar con un fabricante de renombre para desarrollar un tipo de embalaje protector que minimice las posibilidades de rotura y proporcione un env\u00edo internacional seguro.<\/li>\n<\/ol>\n<p>Esta l\u00ednea de productos premium de frascos cuentagotas de vidrio \u00e1mbar est\u00e1 dise\u00f1ada como un frasco de vidrio confiable, personalizable y visualmente atractivo que se puede vender en mercados mayoristas e internacionales.<\/p>","protected":false},"excerpt":{"rendered":"<p>Frascos de vidrio \u00e1mbar de alta calidad para tinturas, frascos cuentagotas de vidrio esmerilado de 30 ml para el envasado de aceites esenciales; opciones de venta al por mayor y personalizadas disponibles.<\/p>","protected":false},"featured_media":7493,"comment_status":"closed","ping_status":"closed","template":"","meta":{"_acf_changed":false,"site-sidebar-layout":"default","site-content-layout":"","ast-site-content-layout":"default","site-content-style":"default","site-sidebar-style":"default","ast-global-header-display":"","ast-banner-title-visibility":"","ast-main-header-display":"","ast-hfb-above-header-display":"","ast-hfb-below-header-display":"","ast-hfb-mobile-header-display":"","site-post-title":"","ast-breadcrumbs-content":"","ast-featured-img":"","footer-sml-layout":"","ast-disable-related-posts":"","theme-transparent-header-meta":"default","adv-header-id-meta":"","stick-header-meta":"","header-above-stick-meta":"","header-main-stick-meta":"","header-below-stick-meta":"","astra-migrate-meta-layouts":"set","ast-page-background-enabled":"default","ast-page-background-meta":{"desktop":{"background-color":"var(--ast-global-color-5)","background-image":"","background-repeat":"repeat","background-position":"center center","background-size":"auto","background-attachment":"scroll","background-type":"","background-media":"","overlay-type":"","overlay-color":"","overlay-opacity":"","overlay-gradient":""},"tablet":{"background-color":"","background-image":"","background-repeat":"repeat","background-position":"center center","background-size":"auto","background-attachment":"scroll","background-type":"","background-media":"","overlay-type":"","overlay-color":"","overlay-opacity":"","overlay-gradient":""},"mobile":{"background-color":"","background-image":"","background-repeat":"repeat","background-position":"center center","background-size":"auto","background-attachment":"scroll","background-type":"","background-media":"","overlay-type":"","overlay-color":"","overlay-opacity":"","overlay-gradient":""}},"ast-content-background-meta":{"desktop":{"background-color":"var(--ast-global-color-4)","background-image":"","background-repeat":"repeat","background-position":"center center","background-size":"auto","background-attachment":"scroll","background-type":"","background-media":"","overlay-type":"","overlay-color":"","overlay-opacity":"","overlay-gradient":""},"tablet":{"background-color":"var(--ast-global-color-4)","background-image":"","background-repeat":"repeat","background-position":"center center","background-size":"auto","background-attachment":"scroll","background-type":"","background-media":"","overlay-type":"","overlay-color":"","overlay-opacity":"","overlay-gradient":""},"mobile":{"background-color":"var(--ast-global-color-4)","background-image":"","background-repeat":"repeat","background-position":"center center","background-size":"auto","background-attachment":"scroll","background-type":"","background-media":"","overlay-type":"","overlay-color":"","overlay-opacity":"","overlay-gradient":""}}},"product_brand":[],"product_cat":[59,62,72,57],"product_tag":[190,204],"class_list":{"0":"post-5449","1":"product","2":"type-product","3":"status-publish","4":"has-post-thumbnail","6":"product_cat-glass-dropper-bottles","7":"product_cat-cosmetic-containers","8":"product_cat-cosmetic-packaging","9":"product_cat-essential-oil-bottles","10":"product_tag-cosmetic-pots-with-lids","11":"product_tag-frosted-cosmetic-jars","12":"desktop-align-left","13":"tablet-align-left","14":"mobile-align-left","16":"first","17":"instock","18":"shipping-taxable","19":"product-type-simple"},"acf":[],"jetpack_sharing_enabled":true,"_links":{"self":[{"href":"https:\/\/theperfumebottles.com\/es\/wp-json\/wp\/v2\/product\/5449","targetHints":{"allow":["GET"]}}],"collection":[{"href":"https:\/\/theperfumebottles.com\/es\/wp-json\/wp\/v2\/product"}],"about":[{"href":"https:\/\/theperfumebottles.com\/es\/wp-json\/wp\/v2\/types\/product"}],"replies":[{"embeddable":true,"href":"https:\/\/theperfumebottles.com\/es\/wp-json\/wp\/v2\/comments?post=5449"}],"wp:featuredmedia":[{"embeddable":true,"href":"https:\/\/theperfumebottles.com\/es\/wp-json\/wp\/v2\/media\/7493"}],"wp:attachment":[{"href":"https:\/\/theperfumebottles.com\/es\/wp-json\/wp\/v2\/media?parent=5449"}],"wp:term":[{"taxonomy":"product_brand","embeddable":true,"href":"https:\/\/theperfumebottles.com\/es\/wp-json\/wp\/v2\/product_brand?post=5449"},{"taxonomy":"product_cat","embeddable":true,"href":"https:\/\/theperfumebottles.com\/es\/wp-json\/wp\/v2\/product_cat?post=5449"},{"taxonomy":"product_tag","embeddable":true,"href":"https:\/\/theperfumebottles.com\/es\/wp-json\/wp\/v2\/product_tag?post=5449"}],"curies":[{"name":"wp","href":"https:\/\/api.w.org\/{rel}","templated":true}]}}