{"id":5616,"date":"2025-08-13T18:02:54","date_gmt":"2025-08-13T10:02:54","guid":{"rendered":"https:\/\/theperfumebottles.com\/?post_type=product&#038;p=5616"},"modified":"2026-04-01T12:39:23","modified_gmt":"2026-04-01T04:39:23","slug":"wholesale-15ml-dropper-bottles-for-cosmetic-packaging","status":"publish","type":"product","link":"https:\/\/theperfumebottles.com\/es\/product\/wholesale-15ml-dropper-bottles-for-cosmetic-packaging\/","title":{"rendered":"Frascos cuentagotas de 15 ml al por mayor para envases cosm\u00e9ticos"},"content":{"rendered":"<p>Ya sea que est\u00e9 lanzando una nueva l\u00ednea de productos o ampliando su l\u00ednea de venta al por mayor, este frasco gotero de 15 ml presenta un elegante dise\u00f1o cil\u00edndrico que ofrece simplicidad, elegancia y f\u00e1cil etiquetado. Es funcional y a la vez discreto.<\/p>\n<h2>Especificaciones clave<\/h2>\n<table style=\"border-collapse: collapse; margin-left: auto; margin-right: auto; width: 80%;\" border=\"0\" width=\"632\" cellspacing=\"0\" cellpadding=\"0\">\n<tbody>\n<tr style=\"height: 13.50pt;\">\n<td style=\"height: 13.50pt; width: 120.75pt;\" width=\"161\" height=\"18\">Caracter\u00edstica<\/td>\n<td style=\"width: 353.25pt;\" width=\"471\">Detalles<\/td>\n<\/tr>\n<tr style=\"height: 13.50pt;\">\n<td style=\"height: 13.50pt;\" height=\"18\">Capacidad<\/td>\n<td>15 ml<\/td>\n<\/tr>\n<tr style=\"height: 13.50pt;\">\n<td style=\"height: 13.50pt;\" height=\"18\">Forma de la botella<\/td>\n<td>Cil\u00edndrico<\/td>\n<\/tr>\n<tr style=\"height: 13.50pt;\">\n<td style=\"height: 13.50pt;\" height=\"18\">Material<\/td>\n<td>Vidrio de alta calidad<\/td>\n<\/tr>\n<tr style=\"height: 13.50pt;\">\n<td style=\"height: 13.50pt;\" height=\"18\">Opciones de acabado de la carrocer\u00eda<\/td>\n<td>Esmerilado (semitransparente) o blanco s\u00f3lido, personalizable<\/td>\n<\/tr>\n<tr style=\"height: 13.50pt;\">\n<td style=\"height: 13.50pt;\" height=\"18\">Opciones de color<\/td>\n<td>Colores de tapa y etiquetado personalizables<\/td>\n<\/tr>\n<tr style=\"height: 13.50pt;\">\n<td style=\"height: 13.50pt;\" height=\"18\">Tama\u00f1o del embalaje<\/td>\n<td>20 \u00d7 20 \u00d7 20 cm por unidad de env\u00edo<\/td>\n<\/tr>\n<tr style=\"height: 13.50pt;\">\n<td style=\"height: 13.50pt;\" height=\"18\">Resistencia a fugas<\/td>\n<td>El sello gotero seguro reduce el riesgo de fugas durante el transporte<\/td>\n<\/tr>\n<\/tbody>\n<\/table>\n<h2>Caso pr\u00e1ctico real: Un avance en el packaging para una startup de bienestar<\/h2>\n<p>Una peque\u00f1a marca de bienestar utilizaba anteriormente botellas de vidrio transparente para su l\u00ednea de tinturas herbales. Sus productos eran eficaces, pero su apariencia era bastante com\u00fan. Decidieron personalizar nuestro frasco gotero esmerilado de 15 ml con su logotipo y tapones en un verde relajante. A los clientes les encant\u00f3 el aspecto premium, \u00a1y las ventas de sus tinturas se dispararon un 30%! Posteriormente, a\u00f1adieron una versi\u00f3n en blanco puro a otra l\u00ednea de productos. Ahora, toda su l\u00ednea de productos utiliza ambos materiales para crear una jerarqu\u00eda visual.<\/p>\n<h2>Consejos de personalizaci\u00f3n<\/h2>\n<p>\u00bfQuieres destacar sin complicar demasiado tu producto? Prueba estos consejos:<\/p>\n<ul>\n<li>Usa la versi\u00f3n mate para tus f\u00f3rmulas premium y la versi\u00f3n blanca para uso diario. Esto transmitir\u00e1 claramente la historia de tu producto.<\/li>\n<li>Combine su frasco gotero de 15 ml con una tapa de color, como un rosa suave o un negro mate, para que se destaque en un estante abarrotado.<\/li>\n<li>Este frasco gotero est\u00e1 disponible en una variedad de acabados, que incluyen estampado en caliente, serigraf\u00eda, revestimiento, esmerilado y calcoman\u00edas.<\/li>\n<\/ul>\n<p>Empacar varios frascos de vidrio con gotero en una caja de regalo es perfecto para distribuidores mayoristas y minoristas. Este frasco con gotero es m\u00e1s que un simple recipiente; es una herramienta pr\u00e1ctica.<\/p>","protected":false},"excerpt":{"rendered":"<p>Frasco gotero al por mayor para aceites esenciales, sueros y cosm\u00e9ticos. Resistente, personalizable, ideal para pedidos al por mayor.<\/p>","protected":false},"featured_media":5620,"comment_status":"closed","ping_status":"closed","template":"","meta":{"_acf_changed":false,"site-sidebar-layout":"default","site-content-layout":"","ast-site-content-layout":"default","site-content-style":"default","site-sidebar-style":"default","ast-global-header-display":"","ast-banner-title-visibility":"","ast-main-header-display":"","ast-hfb-above-header-display":"","ast-hfb-below-header-display":"","ast-hfb-mobile-header-display":"","site-post-title":"","ast-breadcrumbs-content":"","ast-featured-img":"","footer-sml-layout":"","ast-disable-related-posts":"","theme-transparent-header-meta":"default","adv-header-id-meta":"","stick-header-meta":"","header-above-stick-meta":"","header-main-stick-meta":"","header-below-stick-meta":"","astra-migrate-meta-layouts":"set","ast-page-background-enabled":"default","ast-page-background-meta":{"desktop":{"background-color":"var(--ast-global-color-5)","background-image":"","background-repeat":"repeat","background-position":"center center","background-size":"auto","background-attachment":"scroll","background-type":"","background-media":"","overlay-type":"","overlay-color":"","overlay-opacity":"","overlay-gradient":""},"tablet":{"background-color":"","background-image":"","background-repeat":"repeat","background-position":"center center","background-size":"auto","background-attachment":"scroll","background-type":"","background-media":"","overlay-type":"","overlay-color":"","overlay-opacity":"","overlay-gradient":""},"mobile":{"background-color":"","background-image":"","background-repeat":"repeat","background-position":"center center","background-size":"auto","background-attachment":"scroll","background-type":"","background-media":"","overlay-type":"","overlay-color":"","overlay-opacity":"","overlay-gradient":""}},"ast-content-background-meta":{"desktop":{"background-color":"var(--ast-global-color-4)","background-image":"","background-repeat":"repeat","background-position":"center center","background-size":"auto","background-attachment":"scroll","background-type":"","background-media":"","overlay-type":"","overlay-color":"","overlay-opacity":"","overlay-gradient":""},"tablet":{"background-color":"var(--ast-global-color-4)","background-image":"","background-repeat":"repeat","background-position":"center center","background-size":"auto","background-attachment":"scroll","background-type":"","background-media":"","overlay-type":"","overlay-color":"","overlay-opacity":"","overlay-gradient":""},"mobile":{"background-color":"var(--ast-global-color-4)","background-image":"","background-repeat":"repeat","background-position":"center center","background-size":"auto","background-attachment":"scroll","background-type":"","background-media":"","overlay-type":"","overlay-color":"","overlay-opacity":"","overlay-gradient":""}}},"product_brand":[],"product_cat":[59,72,62,57],"product_tag":[190,204],"class_list":{"0":"post-5616","1":"product","2":"type-product","3":"status-publish","4":"has-post-thumbnail","6":"product_cat-glass-dropper-bottles","7":"product_cat-cosmetic-packaging","8":"product_cat-cosmetic-containers","9":"product_cat-essential-oil-bottles","10":"product_tag-cosmetic-pots-with-lids","11":"product_tag-frosted-cosmetic-jars","12":"desktop-align-left","13":"tablet-align-left","14":"mobile-align-left","16":"first","17":"instock","18":"shipping-taxable","19":"product-type-simple"},"acf":[],"jetpack_sharing_enabled":true,"_links":{"self":[{"href":"https:\/\/theperfumebottles.com\/es\/wp-json\/wp\/v2\/product\/5616","targetHints":{"allow":["GET"]}}],"collection":[{"href":"https:\/\/theperfumebottles.com\/es\/wp-json\/wp\/v2\/product"}],"about":[{"href":"https:\/\/theperfumebottles.com\/es\/wp-json\/wp\/v2\/types\/product"}],"replies":[{"embeddable":true,"href":"https:\/\/theperfumebottles.com\/es\/wp-json\/wp\/v2\/comments?post=5616"}],"wp:featuredmedia":[{"embeddable":true,"href":"https:\/\/theperfumebottles.com\/es\/wp-json\/wp\/v2\/media\/5620"}],"wp:attachment":[{"href":"https:\/\/theperfumebottles.com\/es\/wp-json\/wp\/v2\/media?parent=5616"}],"wp:term":[{"taxonomy":"product_brand","embeddable":true,"href":"https:\/\/theperfumebottles.com\/es\/wp-json\/wp\/v2\/product_brand?post=5616"},{"taxonomy":"product_cat","embeddable":true,"href":"https:\/\/theperfumebottles.com\/es\/wp-json\/wp\/v2\/product_cat?post=5616"},{"taxonomy":"product_tag","embeddable":true,"href":"https:\/\/theperfumebottles.com\/es\/wp-json\/wp\/v2\/product_tag?post=5616"}],"curies":[{"name":"wp","href":"https:\/\/api.w.org\/{rel}","templated":true}]}}