{"id":5624,"date":"2025-08-14T18:02:47","date_gmt":"2025-08-14T10:02:47","guid":{"rendered":"https:\/\/theperfumebottles.com\/?post_type=product&#038;p=5624"},"modified":"2026-04-01T12:43:26","modified_gmt":"2026-04-01T04:43:26","slug":"wholesale-glass-1-oz-dropper-bottles-with-gold-lid","status":"publish","type":"product","link":"https:\/\/theperfumebottles.com\/es\/product\/wholesale-glass-1-oz-dropper-bottles-with-gold-lid\/","title":{"rendered":"Botellas de vidrio con gotero de 1 oz con tapa dorada al por mayor"},"content":{"rendered":"<p>Buscas una botella de vidrio con gotero que luzca de primera calidad, sea confiable y se adapte a tu negocio. Estas botellas con gotero de 28 ml tienen el precio justo. Con una base limpia y redondeada y un cuello corto, la botella es compacta y elegante. Es ideal para deditos, para redecorar armarios abarrotados o incluso para un botiqu\u00edn de salud. La tapa dorada de alto brillo aporta un toque de lujo. \u00bfY ese fino anillo naranja? Un peque\u00f1o detalle que resalta tu logotipo.<\/p>\n<h2>Especificaciones clave<\/h2>\n<table style=\"border-collapse: collapse; margin-left: auto; margin-right: auto; width: 80%;\" border=\"0\" width=\"520\" cellspacing=\"0\" cellpadding=\"0\">\n<tbody>\n<tr style=\"height: 13.50pt;\">\n<td style=\"height: 13.50pt; width: 103.50pt;\" width=\"138\" height=\"18\">Especificaci\u00f3n<\/td>\n<td style=\"width: 286.50pt;\" width=\"382\">Detalles<\/td>\n<\/tr>\n<tr style=\"height: 13.50pt;\">\n<td style=\"height: 13.50pt;\" height=\"18\">Capacidad<\/td>\n<td>30 ml<\/td>\n<\/tr>\n<tr style=\"height: 17.25pt;\">\n<td style=\"height: 17.25pt;\" height=\"23\">Tama\u00f1o<\/td>\n<td>37*65 mm<\/td>\n<\/tr>\n<tr style=\"height: 13.50pt;\">\n<td style=\"height: 13.50pt;\" height=\"18\">Material<\/td>\n<td>Vidrio de alta calidad<\/td>\n<\/tr>\n<tr style=\"height: 13.50pt;\">\n<td style=\"height: 13.50pt;\" height=\"18\">Color de la botella<\/td>\n<td>Oro brillante con brillo met\u00e1lico (personalizable)<\/td>\n<\/tr>\n<tr style=\"height: 13.50pt;\">\n<td style=\"height: 13.50pt;\" height=\"18\">Color de la tapa<\/td>\n<td>Plata (personalizable)<\/td>\n<\/tr>\n<\/tbody>\n<\/table>\n<h2>C\u00f3mo una marca mejor\u00f3 su estrategia de empaquetado<\/h2>\n<p>Una startup de bienestar natural usaba frascos goteros transparentes b\u00e1sicos. Su producto \u2014una tintura potente\u2014 empez\u00f3 a perder potencia despu\u00e9s de unas semanas. Cambiaron a nuestros frascos goteros de 28 ml (1 oz) de vidrio \u00e1mbar con acabado mate esmerilado. La misma elegante tapa dorada. El mismo gotero preciso. Pero ahora, la protecci\u00f3n UV surt\u00eda efecto. El producto se manten\u00eda fresco. El aspecto era premium. En dos meses, los pedidos recurrentes aumentaron un 35 %. A sus clientes les encantaba el aspecto elegante y el rendimiento fiable. Y como ped\u00edan frascos goteros de vidrio al por mayor, su coste unitario se redujo, lo que impuls\u00f3 sus m\u00e1rgenes.<\/p>\n<h2>\u00bfQuieres personalizar el tuyo? Empieza por aqu\u00ed.<\/h2>\n<ul>\n<li>\u00bfBuscas un look \u00fanico? Empieza por los detalles. Cambia la tapa dorada por una negra. A\u00f1ade un cuerpo esmerilado para un toque de spa. O apuesta por lo cl\u00e1sico y simplemente personaliza la caja.<\/li>\n<li>Incluso puedes personalizarlo todo: marca propia, opciones de colores \u00fanicas o configuraciones de empaque especiales para tu colecci\u00f3n. Te ayudamos a probar lotes peque\u00f1os antes de lanzarte por completo.<\/li>\n<\/ul>\n<p>Estas no son solo botellas vac\u00edas de aceites esenciales. Son parte de la historia de tu marca.<\/p>","protected":false},"excerpt":{"rendered":"<p>Frascos cuentagotas de 1 oz de alta calidad al por mayor con dise\u00f1o redondo de cuello corto, tapa dorada y pera de goma blanca. Ideales para envases B2B de cosm\u00e9ticos y cuidado de la piel.<\/p>","protected":false},"featured_media":5645,"comment_status":"closed","ping_status":"closed","template":"","meta":{"_acf_changed":false,"site-sidebar-layout":"default","site-content-layout":"","ast-site-content-layout":"default","site-content-style":"default","site-sidebar-style":"default","ast-global-header-display":"","ast-banner-title-visibility":"","ast-main-header-display":"","ast-hfb-above-header-display":"","ast-hfb-below-header-display":"","ast-hfb-mobile-header-display":"","site-post-title":"","ast-breadcrumbs-content":"","ast-featured-img":"","footer-sml-layout":"","ast-disable-related-posts":"","theme-transparent-header-meta":"default","adv-header-id-meta":"","stick-header-meta":"","header-above-stick-meta":"","header-main-stick-meta":"","header-below-stick-meta":"","astra-migrate-meta-layouts":"set","ast-page-background-enabled":"default","ast-page-background-meta":{"desktop":{"background-color":"var(--ast-global-color-5)","background-image":"","background-repeat":"repeat","background-position":"center center","background-size":"auto","background-attachment":"scroll","background-type":"","background-media":"","overlay-type":"","overlay-color":"","overlay-opacity":"","overlay-gradient":""},"tablet":{"background-color":"","background-image":"","background-repeat":"repeat","background-position":"center center","background-size":"auto","background-attachment":"scroll","background-type":"","background-media":"","overlay-type":"","overlay-color":"","overlay-opacity":"","overlay-gradient":""},"mobile":{"background-color":"","background-image":"","background-repeat":"repeat","background-position":"center center","background-size":"auto","background-attachment":"scroll","background-type":"","background-media":"","overlay-type":"","overlay-color":"","overlay-opacity":"","overlay-gradient":""}},"ast-content-background-meta":{"desktop":{"background-color":"var(--ast-global-color-4)","background-image":"","background-repeat":"repeat","background-position":"center center","background-size":"auto","background-attachment":"scroll","background-type":"","background-media":"","overlay-type":"","overlay-color":"","overlay-opacity":"","overlay-gradient":""},"tablet":{"background-color":"var(--ast-global-color-4)","background-image":"","background-repeat":"repeat","background-position":"center center","background-size":"auto","background-attachment":"scroll","background-type":"","background-media":"","overlay-type":"","overlay-color":"","overlay-opacity":"","overlay-gradient":""},"mobile":{"background-color":"var(--ast-global-color-4)","background-image":"","background-repeat":"repeat","background-position":"center center","background-size":"auto","background-attachment":"scroll","background-type":"","background-media":"","overlay-type":"","overlay-color":"","overlay-opacity":"","overlay-gradient":""}}},"product_brand":[],"product_cat":[59,72,62,57],"product_tag":[190,204],"class_list":{"0":"post-5624","1":"product","2":"type-product","3":"status-publish","4":"has-post-thumbnail","6":"product_cat-glass-dropper-bottles","7":"product_cat-cosmetic-packaging","8":"product_cat-cosmetic-containers","9":"product_cat-essential-oil-bottles","10":"product_tag-cosmetic-pots-with-lids","11":"product_tag-frosted-cosmetic-jars","12":"desktop-align-left","13":"tablet-align-left","14":"mobile-align-left","16":"first","17":"instock","18":"shipping-taxable","19":"product-type-simple"},"acf":[],"jetpack_sharing_enabled":true,"_links":{"self":[{"href":"https:\/\/theperfumebottles.com\/es\/wp-json\/wp\/v2\/product\/5624","targetHints":{"allow":["GET"]}}],"collection":[{"href":"https:\/\/theperfumebottles.com\/es\/wp-json\/wp\/v2\/product"}],"about":[{"href":"https:\/\/theperfumebottles.com\/es\/wp-json\/wp\/v2\/types\/product"}],"replies":[{"embeddable":true,"href":"https:\/\/theperfumebottles.com\/es\/wp-json\/wp\/v2\/comments?post=5624"}],"wp:featuredmedia":[{"embeddable":true,"href":"https:\/\/theperfumebottles.com\/es\/wp-json\/wp\/v2\/media\/5645"}],"wp:attachment":[{"href":"https:\/\/theperfumebottles.com\/es\/wp-json\/wp\/v2\/media?parent=5624"}],"wp:term":[{"taxonomy":"product_brand","embeddable":true,"href":"https:\/\/theperfumebottles.com\/es\/wp-json\/wp\/v2\/product_brand?post=5624"},{"taxonomy":"product_cat","embeddable":true,"href":"https:\/\/theperfumebottles.com\/es\/wp-json\/wp\/v2\/product_cat?post=5624"},{"taxonomy":"product_tag","embeddable":true,"href":"https:\/\/theperfumebottles.com\/es\/wp-json\/wp\/v2\/product_tag?post=5624"}],"curies":[{"name":"wp","href":"https:\/\/api.w.org\/{rel}","templated":true}]}}